{"id":8204,"date":"2023-07-21T07:25:36","date_gmt":"2023-07-21T07:25:36","guid":{"rendered":"https:\/\/demo.ovatheme.com\/tripgo\/?page_id=8204"},"modified":"2025-10-12T22:40:04","modified_gmt":"2025-10-13T03:40:04","slug":"exploraventuraexpedicion","status":"publish","type":"page","link":"https:\/\/travelingtimes.com.co\/en\/exploraventuraexpedicion\/","title":{"rendered":"Special Packages"},"content":{"rendered":"<div data-elementor-type=\"wp-page\" data-elementor-id=\"8204\" class=\"elementor elementor-8204\" data-elementor-post-type=\"page\">\n\t\t\t\t\t\t<section class=\"elementor-section elementor-top-section elementor-element elementor-element-9f64ee2 elementor-section-height-min-height elementor-section-boxed elementor-section-height-default elementor-section-items-middle\" data-id=\"9f64ee2\" data-element_type=\"section\" data-e-type=\"section\" data-settings=\"{&quot;background_background&quot;:&quot;slideshow&quot;,&quot;background_slideshow_gallery&quot;:[{&quot;id&quot;:14050,&quot;url&quot;:&quot;https:\\\/\\\/travelingtimes.com.co\\\/wp-content\\\/uploads\\\/2025\\\/10\\\/tour15-2.png&quot;},{&quot;id&quot;:14223,&quot;url&quot;:&quot;https:\\\/\\\/travelingtimes.com.co\\\/wp-content\\\/uploads\\\/2025\\\/10\\\/Peru2.png&quot;},{&quot;id&quot;:14091,&quot;url&quot;:&quot;https:\\\/\\\/travelingtimes.com.co\\\/wp-content\\\/uploads\\\/2025\\\/10\\\/Minicrucero.png&quot;},{&quot;id&quot;:14049,&quot;url&quot;:&quot;https:\\\/\\\/travelingtimes.com.co\\\/wp-content\\\/uploads\\\/2025\\\/10\\\/tour15.png&quot;},{&quot;id&quot;:14219,&quot;url&quot;:&quot;https:\\\/\\\/travelingtimes.com.co\\\/wp-content\\\/uploads\\\/2025\\\/10\\\/Peru6.png&quot;},{&quot;id&quot;:14186,&quot;url&quot;:&quot;https:\\\/\\\/travelingtimes.com.co\\\/wp-content\\\/uploads\\\/2025\\\/10\\\/Puntacana-3.png&quot;}],&quot;background_slideshow_slide_duration&quot;:5500,&quot;background_slideshow_lazyload&quot;:&quot;yes&quot;,&quot;background_slideshow_ken_burns&quot;:&quot;yes&quot;,&quot;shape_divider_top&quot;:&quot;curve&quot;,&quot;background_slideshow_loop&quot;:&quot;yes&quot;,&quot;background_slideshow_slide_transition&quot;:&quot;fade&quot;,&quot;background_slideshow_transition_duration&quot;:500,&quot;background_slideshow_ken_burns_zoom_direction&quot;:&quot;in&quot;}\">\n\t\t\t\t\t\t\t<div class=\"elementor-background-overlay\"><\/div>\n\t\t\t\t\t\t<div class=\"elementor-shape elementor-shape-top\" aria-hidden=\"true\" data-negative=\"false\">\n\t\t\t<svg xmlns=\"http:\/\/www.w3.org\/2000\/svg\" viewbox=\"0 0 1000 100\" preserveaspectratio=\"none\">\n    <path class=\"elementor-shape-fill\" d=\"M1000,4.3V0H0v4.3C0.9,23.1,126.7,99.2,500,100S1000,22.7,1000,4.3z\"\/>\n<\/svg>\t\t<\/div>\n\t\t\t\t\t<div class=\"elementor-container elementor-column-gap-default\">\n\t\t\t\t\t<div class=\"elementor-column elementor-col-100 elementor-top-column elementor-element elementor-element-9367bc3\" data-id=\"9367bc3\" data-element_type=\"column\" data-e-type=\"column\">\n\t\t\t<div class=\"elementor-widget-wrap elementor-element-populated\">\n\t\t\t\t\t\t<div class=\"elementor-element elementor-element-7a1b6ce elementor-invisible elementor-widget elementor-widget-tripgo_elementor_heading\" data-id=\"7a1b6ce\" data-element_type=\"widget\" data-e-type=\"widget\" data-settings=\"{&quot;_animation&quot;:&quot;ova-move-up&quot;,&quot;_animation_tablet&quot;:&quot;none&quot;,&quot;_animation_delay&quot;:100}\" data-widget_type=\"tripgo_elementor_heading.default\">\n\t\t\t\t<div class=\"elementor-widget-container\">\n\t\t\t\t\t\t\t<div class=\"ova-title\">\n\n\t\t\t\n\t\t\t\t\t\t\t\n\t\t\t\t\t<h2 class=\"title\">Experience more special moments with Traveling Times<\/h2>\n\t\t\t\t\t\t\t\n\t\t\t\t\t\t\t<p class=\"description\"> Book today via WhatsApp and live the experience you will remember forever! <\/p>\n\t\t\t\n\t\t<\/div> \n\t\t \t\n\t\t\t\t\t\t<\/div>\n\t\t\t\t<\/div>\n\t\t\t\t\t<\/div>\n\t\t<\/div>\n\t\t\t\t\t<\/div>\n\t\t<\/section>\n\t\t<div class=\"elementor-element elementor-element-eedb40c e-flex e-con-boxed e-con e-parent\" data-id=\"eedb40c\" data-element_type=\"container\" data-e-type=\"container\">\n\t\t\t\t\t<div class=\"e-con-inner\">\n\t\t\t\t<div class=\"elementor-element elementor-element-0ccc62c elementor-align-center elementor-widget elementor-widget-button\" data-id=\"0ccc62c\" data-element_type=\"widget\" data-e-type=\"widget\" data-widget_type=\"button.default\">\n\t\t\t\t<div class=\"elementor-widget-container\">\n\t\t\t\t\t\t\t\t\t<div class=\"elementor-button-wrapper\">\n\t\t\t\t\t<a class=\"elementor-button elementor-button-link elementor-size-sm\" href=\"https:\/\/travelingtimes.com.co\/en\/tiquetes-aereos\/\">\n\t\t\t\t\t\t<span class=\"elementor-button-content-wrapper\">\n\t\t\t\t\t\t\t\t\t<span class=\"elementor-button-text\">Flights to Venezuela<\/span>\n\t\t\t\t\t<\/span>\n\t\t\t\t\t<\/a>\n\t\t\t\t<\/div>\n\t\t\t\t\t\t\t\t<\/div>\n\t\t\t\t<\/div>\n\t\t\t\t\t<\/div>\n\t\t\t\t<\/div>\n\t\t<div class=\"elementor-element elementor-element-030ee97 e-flex e-con-boxed e-con e-parent\" data-id=\"030ee97\" data-element_type=\"container\" data-e-type=\"container\">\n\t\t\t\t\t<div class=\"e-con-inner\">\n\t\t<div class=\"elementor-element elementor-element-740260e e-flex e-con-boxed e-con e-child\" data-id=\"740260e\" data-element_type=\"container\" data-e-type=\"container\">\n\t\t\t\t\t<div class=\"e-con-inner\">\n\t\t<div class=\"elementor-element elementor-element-93d10fc e-flex e-con-boxed e-con e-child\" data-id=\"93d10fc\" data-element_type=\"container\" data-e-type=\"container\">\n\t\t\t\t\t<div class=\"e-con-inner\">\n\t\t\t\t<div class=\"elementor-element elementor-element-61d3db0 elementor-widget__width-initial elementor-widget elementor-widget-ovabrw_product_category_ajax\" data-id=\"61d3db0\" data-element_type=\"widget\" data-e-type=\"widget\" data-widget_type=\"ovabrw_product_category_ajax.default\">\n\t\t\t\t<div class=\"elementor-widget-container\">\n\t\t\t\t\t\n<div class=\"ovabrw-category-ajax\">\n\t<ul class=\"ovabrw-category-list\">\n\t\t\t\t\t\t\t\t\t<li class=\"category-item active\" data-term-id=\"80\">\n\t\t\t\t\tInternational\t\t\t\t<\/li>\n\t\t\t\t\t\t\t<li class=\"category-item\" data-term-id=\"97\">\n\t\t\t\t\t15th Birthday Tour\t\t\t\t<\/li>\n\t\t\t\t\t\t<\/ul>\n\t<div class=\"ovabrw-category-products\"><\/div>\n\t<!-- Load more -->\n\t<div class=\"wrap-load-more\">\n\t\t<svg class=\"loader\" width=\"50\" height=\"50\">\n\t\t\t<circle cx=\"25\" cy=\"25\" r=\"10\" \/>\n\t\t\t<circle cx=\"25\" cy=\"25\" r=\"20\" \/>\n\t\t<\/svg>\n\t<\/div>\n\t<input\n\t\ttype=\"hidden\"\n\t\tname=\"category-ajax-input\"\n\t\tdata-posts-per-page=\"6\"\n\t\tdata-paged=\"1\"\n\t\tdata-order=\"ASC\"\n\t\tdata-orderby=\"date\"\n\t\tdata-layout=\"grid\"\n\t\tdata-column=\"column3\"\n\t\tdata-thumbnail-type=\"image\"\n\t\tdata-pagination=\"yes\"\n\t\/>\n<\/div>\t\t\t\t<\/div>\n\t\t\t\t<\/div>\n\t\t\t\t<div class=\"elementor-element elementor-element-a71b70a elementor-widget-divider--view-line elementor-widget elementor-widget-divider\" data-id=\"a71b70a\" data-element_type=\"widget\" data-e-type=\"widget\" data-widget_type=\"divider.default\">\n\t\t\t\t<div class=\"elementor-widget-container\">\n\t\t\t\t\t\t\t<div class=\"elementor-divider\">\n\t\t\t<span class=\"elementor-divider-separator\">\n\t\t\t\t\t\t<\/span>\n\t\t<\/div>\n\t\t\t\t\t\t<\/div>\n\t\t\t\t<\/div>\n\t\t\t\t\t<\/div>\n\t\t\t\t<\/div>\n\t\t\t\t\t<\/div>\n\t\t\t\t<\/div>\n\t\t\t\t\t<\/div>\n\t\t\t\t<\/div>\n\t\t<div class=\"elementor-element elementor-element-7da5950 e-flex e-con-boxed e-con e-parent\" data-id=\"7da5950\" data-element_type=\"container\" data-e-type=\"container\">\n\t\t\t\t\t<div class=\"e-con-inner\">\n\t\t\t\t<div class=\"elementor-element elementor-element-fb65347 elementor-widget elementor-widget-text-editor\" data-id=\"fb65347\" data-element_type=\"widget\" data-e-type=\"widget\" data-widget_type=\"text-editor.default\">\n\t\t\t\t<div class=\"elementor-widget-container\">\n\t\t\t\t\t\t\t\t\t<p class=\"translation-block\">Traveling Times Special Packages \u2013 C\u00facuta\n\nAt Traveling Times, we design special packages for grand celebrations: Quincea\u00f1era tours, honeymoons, anniversaries, family trips, and corporate groups. From C\u00facuta, Norte de Santander, we organize tailor-made experiences in the Caribbean beaches, Europe, and Asia, as well as getaways throughout Colombia with everything covered: airfare, transfers, lodging, guided activities, and 24\/7 assistance.\n\nOur itineraries combine culture, adventure, and relaxation\u2014from cruises and all-inclusive resorts to circuits through iconic cities like Dubai, Paris, or Rome. If you are looking for a plan that is safe, flexible, and designed to create unforgettable memories, our special packages are the best option. Quote today and live your celebration with the C\u00facuta travel agency that turns dreams into destinations: Traveling Times.<\/p>\t\t\t\t\t\t\t\t<\/div>\n\t\t\t\t<\/div>\n\t\t\t\t\t<\/div>\n\t\t\t\t<\/div>\n\t\t\t\t<\/div>","protected":false},"excerpt":{"rendered":"<p>Vive momentos m\u00e1s especiales con Traveling Times \u00a1Reserva hoy por Whatsapp y vive la experiencia que recordar\u00e1s por siempre! Vuelos a venezuela Internacionales Tour de Quincea\u00f1eras Paquetes Especiales de Traveling Times \u2013 C\u00facutaEn Traveling Times, dise\u00f1amos paquetes especiales para celebrar en grande: tours de quincea\u00f1eras, lunas de miel, aniversarios, viajes en familia y grupos corporativos. [&hellip;]<\/p>","protected":false},"author":6,"featured_media":0,"parent":0,"menu_order":0,"comment_status":"closed","ping_status":"closed","template":"elementor_header_footer","meta":{"_monsterinsights_skip_tracking":false,"_monsterinsights_sitenote_active":false,"_monsterinsights_sitenote_note":"","_monsterinsights_sitenote_category":0,"_joinchat":[],"footnotes":""},"class_list":["post-8204","page","type-page","status-publish","hentry"],"aioseo_notices":[],"yoast_head":"<!-- This site is optimized with the Yoast SEO plugin v27.4 - https:\/\/yoast.com\/product\/yoast-seo-wordpress\/ -->\n<title>Paquetes Especiales - Traveling Times Agencia de viajes<\/title>\n<meta name=\"description\" content=\"Paquetes especiales de Traveling Times en C\u00facuta: tours de quincea\u00f1eras, lunas de miel, aniversarios y viajes en grupo.\u00a1Cotiza hoy!\" \/>\n<meta name=\"robots\" content=\"index, follow, max-snippet:-1, max-image-preview:large, max-video-preview:-1\" \/>\n<link rel=\"canonical\" href=\"https:\/\/travelingtimes.com.co\/en\/paquetes-especiales-cucuta\/\" \/>\n<meta property=\"og:locale\" content=\"en_US\" \/>\n<meta property=\"og:type\" content=\"article\" \/>\n<meta property=\"og:title\" content=\"Paquetes Especiales - Traveling Times Agencia de viajes\" \/>\n<meta property=\"og:description\" content=\"Paquetes especiales de Traveling Times en C\u00facuta: tours de quincea\u00f1eras, lunas de miel, aniversarios y viajes en grupo.\u00a1Cotiza hoy!\" \/>\n<meta property=\"og:url\" content=\"https:\/\/travelingtimes.com.co\/en\/paquetes-especiales-cucuta\/\" \/>\n<meta property=\"og:site_name\" content=\"Traveling Times Agencia de viajes\" \/>\n<meta property=\"article:modified_time\" content=\"2025-10-13T03:40:04+00:00\" \/>\n<meta name=\"twitter:card\" content=\"summary_large_image\" \/>\n<meta name=\"twitter:label1\" content=\"Est. reading time\" \/>\n\t<meta name=\"twitter:data1\" content=\"3 minutes\" \/>\n<script type=\"application\/ld+json\" class=\"yoast-schema-graph\">{\"@context\":\"https:\\\/\\\/schema.org\",\"@graph\":[{\"@type\":\"WebPage\",\"@id\":\"https:\\\/\\\/travelingtimes.com.co\\\/exploraventuraexpedicion\\\/\",\"url\":\"https:\\\/\\\/travelingtimes.com.co\\\/paquetes-especiales-cucuta\",\"name\":\"Paquetes Especiales - Traveling Times Agencia de viajes\",\"isPartOf\":{\"@id\":\"https:\\\/\\\/travelingtimes.com.co\\\/en\\\/#website\"},\"datePublished\":\"2023-07-21T07:25:36+00:00\",\"dateModified\":\"2025-10-13T03:40:04+00:00\",\"description\":\"Paquetes especiales de Traveling Times en C\u00facuta: tours de quincea\u00f1eras, lunas de miel, aniversarios y viajes en grupo.\u00a1Cotiza hoy!\",\"breadcrumb\":{\"@id\":\"https:\\\/\\\/travelingtimes.com.co\\\/paquetes-especiales-cucuta#breadcrumb\"},\"inLanguage\":\"en-US\",\"potentialAction\":[{\"@type\":\"ReadAction\",\"target\":[\"https:\\\/\\\/travelingtimes.com.co\\\/paquetes-especiales-cucuta\"]}]},{\"@type\":\"BreadcrumbList\",\"@id\":\"https:\\\/\\\/travelingtimes.com.co\\\/paquetes-especiales-cucuta#breadcrumb\",\"itemListElement\":[{\"@type\":\"ListItem\",\"position\":1,\"name\":\"Inicio\",\"item\":\"https:\\\/\\\/travelingtimes.com.co\\\/en\\\/\"},{\"@type\":\"ListItem\",\"position\":2,\"name\":\"Paquetes Especiales\"}]},{\"@type\":\"WebSite\",\"@id\":\"https:\\\/\\\/travelingtimes.com.co\\\/en\\\/#website\",\"url\":\"https:\\\/\\\/travelingtimes.com.co\\\/en\\\/\",\"name\":\"Traveling Times Agencia de viajes\",\"description\":\"Agencia de viajes en C\u00facuta\",\"potentialAction\":[{\"@type\":\"SearchAction\",\"target\":{\"@type\":\"EntryPoint\",\"urlTemplate\":\"https:\\\/\\\/travelingtimes.com.co\\\/en\\\/?s={search_term_string}\"},\"query-input\":{\"@type\":\"PropertyValueSpecification\",\"valueRequired\":true,\"valueName\":\"search_term_string\"}}],\"inLanguage\":\"en-US\"}]}<\/script>\n<!-- \/ Yoast SEO plugin. -->","yoast_head_json":{"title":"Paquetes Especiales - Traveling Times Agencia de viajes","description":"Paquetes especiales de Traveling Times en C\u00facuta: tours de quincea\u00f1eras, lunas de miel, aniversarios y viajes en grupo.\u00a1Cotiza hoy!","robots":{"index":"index","follow":"follow","max-snippet":"max-snippet:-1","max-image-preview":"max-image-preview:large","max-video-preview":"max-video-preview:-1"},"canonical":"https:\/\/travelingtimes.com.co\/en\/paquetes-especiales-cucuta\/","og_locale":"en_US","og_type":"article","og_title":"Paquetes Especiales - Traveling Times Agencia de viajes","og_description":"Paquetes especiales de Traveling Times en C\u00facuta: tours de quincea\u00f1eras, lunas de miel, aniversarios y viajes en grupo.\u00a1Cotiza hoy!","og_url":"https:\/\/travelingtimes.com.co\/en\/paquetes-especiales-cucuta\/","og_site_name":"Traveling Times Agencia de viajes","article_modified_time":"2025-10-13T03:40:04+00:00","twitter_card":"summary_large_image","twitter_misc":{"Est. reading time":"3 minutes"},"schema":{"@context":"https:\/\/schema.org","@graph":[{"@type":"WebPage","@id":"https:\/\/travelingtimes.com.co\/exploraventuraexpedicion\/","url":"https:\/\/travelingtimes.com.co\/paquetes-especiales-cucuta","name":"Paquetes Especiales - Traveling Times Agencia de viajes","isPartOf":{"@id":"https:\/\/travelingtimes.com.co\/en\/#website"},"datePublished":"2023-07-21T07:25:36+00:00","dateModified":"2025-10-13T03:40:04+00:00","description":"Paquetes especiales de Traveling Times en C\u00facuta: tours de quincea\u00f1eras, lunas de miel, aniversarios y viajes en grupo.\u00a1Cotiza hoy!","breadcrumb":{"@id":"https:\/\/travelingtimes.com.co\/paquetes-especiales-cucuta#breadcrumb"},"inLanguage":"en-US","potentialAction":[{"@type":"ReadAction","target":["https:\/\/travelingtimes.com.co\/paquetes-especiales-cucuta"]}]},{"@type":"BreadcrumbList","@id":"https:\/\/travelingtimes.com.co\/paquetes-especiales-cucuta#breadcrumb","itemListElement":[{"@type":"ListItem","position":1,"name":"Inicio","item":"https:\/\/travelingtimes.com.co\/en\/"},{"@type":"ListItem","position":2,"name":"Paquetes Especiales"}]},{"@type":"WebSite","@id":"https:\/\/travelingtimes.com.co\/en\/#website","url":"https:\/\/travelingtimes.com.co\/en\/","name":"Traveling Times Agencia de viajes","description":"Agencia de viajes en C\u00facuta","potentialAction":[{"@type":"SearchAction","target":{"@type":"EntryPoint","urlTemplate":"https:\/\/travelingtimes.com.co\/en\/?s={search_term_string}"},"query-input":{"@type":"PropertyValueSpecification","valueRequired":true,"valueName":"search_term_string"}}],"inLanguage":"en-US"}]}},"_hostinger_reach_plugin_has_subscription_block":false,"_hostinger_reach_plugin_is_elementor":false,"_links":{"self":[{"href":"https:\/\/travelingtimes.com.co\/en\/wp-json\/wp\/v2\/pages\/8204","targetHints":{"allow":["GET"]}}],"collection":[{"href":"https:\/\/travelingtimes.com.co\/en\/wp-json\/wp\/v2\/pages"}],"about":[{"href":"https:\/\/travelingtimes.com.co\/en\/wp-json\/wp\/v2\/types\/page"}],"author":[{"embeddable":true,"href":"https:\/\/travelingtimes.com.co\/en\/wp-json\/wp\/v2\/users\/6"}],"replies":[{"embeddable":true,"href":"https:\/\/travelingtimes.com.co\/en\/wp-json\/wp\/v2\/comments?post=8204"}],"version-history":[{"count":64,"href":"https:\/\/travelingtimes.com.co\/en\/wp-json\/wp\/v2\/pages\/8204\/revisions"}],"predecessor-version":[{"id":14503,"href":"https:\/\/travelingtimes.com.co\/en\/wp-json\/wp\/v2\/pages\/8204\/revisions\/14503"}],"wp:attachment":[{"href":"https:\/\/travelingtimes.com.co\/en\/wp-json\/wp\/v2\/media?parent=8204"}],"curies":[{"name":"wp","href":"https:\/\/api.w.org\/{rel}","templated":true}]}}