{"id":13422,"date":"2025-10-01T14:48:13","date_gmt":"2025-10-01T19:48:13","guid":{"rendered":"https:\/\/travelingtimes.com.co\/?post_type=product&#038;p=13422"},"modified":"2025-11-08T10:50:36","modified_gmt":"2025-11-08T15:50:36","slug":"durania","status":"publish","type":"product","link":"https:\/\/travelingtimes.com.co\/en\/product\/durania\/","title":{"rendered":"Tour Durania \u2013 Tradici\u00f3n, paisajes y sabor a campo"},"content":{"rendered":"<p>Durania es un municipio que est\u00e1 al suroriente del departamento norte de Santander. En su momento fue conocida como \u201cLa tacita de plata\u201d debido a su crecimiento en la producci\u00f3n del caf\u00e9, que tuvo un origen similar al de Salazar de las Palmas. Hoy en d\u00eda su producci\u00f3n cafetera no es la misma que en su \u00e9poca de bonanza, por lo que los habitantes, que son llamados Duranenses; han ampliado la econom\u00eda del municipio a la producci\u00f3n agr\u00edcola, la piscicultura, la ornamentaci\u00f3n, la fabricaci\u00f3n de muebles y el turismo; del cual ofrecen servicios de hospedaje, diversi\u00f3n y alimentos sembrados y procesados all\u00ed.<\/p>\n<p><strong>Plan incluye:<\/strong><\/p>\n<p>\u2022Transporte especializado de turismo ida y regreso<br \/>\n\u2022 Entrada a Centro Recreativo Manantial (balneario con cuatro piscinas de agua natural)<br \/>\n\u2022 Recorrido hist\u00f3rico por el casco urbano.<br \/>\n\u2022 Experiencia Cafetera<br \/>\n\u2022 Refrigerio Am<br \/>\n\u2022 Almuerzo<br \/>\n\u2022 Asistencia de viaje \u201cColasistencia total\u201d<br \/>\n\u2022 Gu\u00eda profesional de turismo<\/p>\n<p><strong data-start=\"162\" data-end=\"182\">\u2022Punto de salida:<\/strong> Parque Col\u00f3n<br data-start=\"195\" data-end=\"198\" \/><strong data-start=\"200\" data-end=\"222\">\u2022Hora de encuentro:<\/strong> 6:00 a.m.<\/p>\n<p><strong data-start=\"1123\" data-end=\"1158\">Cupos limitados. Reserva ahora.<\/strong><\/p>","protected":false},"excerpt":{"rendered":"<p>Durania es un municipio que est\u00e1 al suroriente del departamento norte de Santander. En su momento fue conocida como \u201cLa tacita de plata\u201d debido a su crecimiento en la producci\u00f3n del caf\u00e9, que tuvo un origen similar al de Salazar de las Palmas. Hoy en d\u00eda su producci\u00f3n cafetera no es la misma que en [&hellip;]<\/p>","protected":false},"featured_media":13425,"comment_status":"open","ping_status":"closed","template":"","meta":{"_monsterinsights_skip_tracking":false,"_monsterinsights_sitenote_active":false,"_monsterinsights_sitenote_note":"","_monsterinsights_sitenote_category":0,"_joinchat":[]},"product_brand":[],"product_cat":[64,73],"product_tag":[],"class_list":{"0":"post-13422","1":"product","2":"type-product","3":"status-publish","4":"has-post-thumbnail","6":"product_cat-nacionales-colombia","7":"product_cat-todos","9":"first","10":"instock","11":"shipping-taxable","12":"purchasable","13":"product-type-ovabrw_car_rental"},"aioseo_notices":[],"yoast_head":"<!-- This site is optimized with the Yoast SEO plugin v26.0 - https:\/\/yoast.com\/wordpress\/plugins\/seo\/ -->\n<title>Tour Durania \u2013 Tradici\u00f3n, paisajes y sabor a campo - Traveling Times Agencia de viajes<\/title>\n<meta name=\"robots\" content=\"index, follow, max-snippet:-1, max-image-preview:large, max-video-preview:-1\" \/>\n<link rel=\"canonical\" href=\"https:\/\/travelingtimes.com.co\/en\/product\/durania\/\" \/>\n<meta property=\"og:locale\" content=\"en_US\" \/>\n<meta property=\"og:type\" content=\"article\" \/>\n<meta property=\"og:title\" content=\"Tour Durania \u2013 Tradici\u00f3n, paisajes y sabor a campo - Traveling Times Agencia de viajes\" \/>\n<meta property=\"og:description\" content=\"Durania es un municipio que est\u00e1 al suroriente del departamento norte de Santander. En su momento fue conocida como \u201cLa tacita de plata\u201d debido a su crecimiento en la producci\u00f3n del caf\u00e9, que tuvo un origen similar al de Salazar de las Palmas. Hoy en d\u00eda su producci\u00f3n cafetera no es la misma que en [&hellip;]\" \/>\n<meta property=\"og:url\" content=\"https:\/\/travelingtimes.com.co\/en\/product\/durania\/\" \/>\n<meta property=\"og:site_name\" content=\"Traveling Times Agencia de viajes\" \/>\n<meta property=\"article:modified_time\" content=\"2025-11-08T15:50:36+00:00\" \/>\n<meta property=\"og:image\" content=\"https:\/\/travelingtimes.com.co\/wp-content\/uploads\/2025\/10\/DURANIA2-1024x577.png\" \/>\n\t<meta property=\"og:image:width\" content=\"1024\" \/>\n\t<meta property=\"og:image:height\" content=\"577\" \/>\n\t<meta property=\"og:image:type\" content=\"image\/png\" \/>\n<meta name=\"twitter:card\" content=\"summary_large_image\" \/>\n<meta name=\"twitter:label1\" content=\"Est. reading time\" \/>\n\t<meta name=\"twitter:data1\" content=\"1 minute\" \/>\n<script type=\"application\/ld+json\" class=\"yoast-schema-graph\">{\"@context\":\"https:\/\/schema.org\",\"@graph\":[{\"@type\":\"WebPage\",\"@id\":\"https:\/\/travelingtimes.com.co\/producto\/durania\/\",\"url\":\"https:\/\/travelingtimes.com.co\/producto\/durania\/\",\"name\":\"Tour Durania \u2013 Tradici\u00f3n, paisajes y sabor a campo - Traveling Times Agencia de viajes\",\"isPartOf\":{\"@id\":\"https:\/\/travelingtimes.com.co\/en\/#website\"},\"primaryImageOfPage\":{\"@id\":\"https:\/\/travelingtimes.com.co\/producto\/durania\/#primaryimage\"},\"image\":{\"@id\":\"https:\/\/travelingtimes.com.co\/producto\/durania\/#primaryimage\"},\"thumbnailUrl\":\"https:\/\/travelingtimes.com.co\/wp-content\/uploads\/2025\/10\/DURANIA2.png\",\"datePublished\":\"2025-10-01T19:48:13+00:00\",\"dateModified\":\"2025-11-08T15:50:36+00:00\",\"breadcrumb\":{\"@id\":\"https:\/\/travelingtimes.com.co\/producto\/durania\/#breadcrumb\"},\"inLanguage\":\"en-US\",\"potentialAction\":[{\"@type\":\"ReadAction\",\"target\":[\"https:\/\/travelingtimes.com.co\/producto\/durania\/\"]}]},{\"@type\":\"ImageObject\",\"inLanguage\":\"en-US\",\"@id\":\"https:\/\/travelingtimes.com.co\/producto\/durania\/#primaryimage\",\"url\":\"https:\/\/travelingtimes.com.co\/wp-content\/uploads\/2025\/10\/DURANIA2.png\",\"contentUrl\":\"https:\/\/travelingtimes.com.co\/wp-content\/uploads\/2025\/10\/DURANIA2.png\",\"width\":1924,\"height\":1084},{\"@type\":\"BreadcrumbList\",\"@id\":\"https:\/\/travelingtimes.com.co\/producto\/durania\/#breadcrumb\",\"itemListElement\":[{\"@type\":\"ListItem\",\"position\":1,\"name\":\"Inicio\",\"item\":\"https:\/\/travelingtimes.com.co\/en\/\"},{\"@type\":\"ListItem\",\"position\":2,\"name\":\"Products\",\"item\":\"https:\/\/travelingtimes.com.co\/en\/shop\/\"},{\"@type\":\"ListItem\",\"position\":3,\"name\":\"Tour Durania \u2013 Tradici\u00f3n, paisajes y sabor a campo\"}]},{\"@type\":\"WebSite\",\"@id\":\"https:\/\/travelingtimes.com.co\/en\/#website\",\"url\":\"https:\/\/travelingtimes.com.co\/en\/\",\"name\":\"Traveling Times Agencia de viajes\",\"description\":\"Agencia de viajes en C\u00facuta\",\"potentialAction\":[{\"@type\":\"SearchAction\",\"target\":{\"@type\":\"EntryPoint\",\"urlTemplate\":\"https:\/\/travelingtimes.com.co\/en\/?s={search_term_string}\"},\"query-input\":{\"@type\":\"PropertyValueSpecification\",\"valueRequired\":true,\"valueName\":\"search_term_string\"}}],\"inLanguage\":\"en-US\"}]}<\/script>\n<!-- \/ Yoast SEO plugin. -->","yoast_head_json":{"title":"Tour Durania \u2013 Tradici\u00f3n, paisajes y sabor a campo - Traveling Times Agencia de viajes","robots":{"index":"index","follow":"follow","max-snippet":"max-snippet:-1","max-image-preview":"max-image-preview:large","max-video-preview":"max-video-preview:-1"},"canonical":"https:\/\/travelingtimes.com.co\/en\/product\/durania\/","og_locale":"en_US","og_type":"article","og_title":"Tour Durania \u2013 Tradici\u00f3n, paisajes y sabor a campo - Traveling Times Agencia de viajes","og_description":"Durania es un municipio que est\u00e1 al suroriente del departamento norte de Santander. En su momento fue conocida como \u201cLa tacita de plata\u201d debido a su crecimiento en la producci\u00f3n del caf\u00e9, que tuvo un origen similar al de Salazar de las Palmas. Hoy en d\u00eda su producci\u00f3n cafetera no es la misma que en [&hellip;]","og_url":"https:\/\/travelingtimes.com.co\/en\/product\/durania\/","og_site_name":"Traveling Times Agencia de viajes","article_modified_time":"2025-11-08T15:50:36+00:00","og_image":[{"width":1024,"height":577,"url":"https:\/\/travelingtimes.com.co\/wp-content\/uploads\/2025\/10\/DURANIA2-1024x577.png","type":"image\/png"}],"twitter_card":"summary_large_image","twitter_misc":{"Est. reading time":"1 minute"},"schema":{"@context":"https:\/\/schema.org","@graph":[{"@type":"WebPage","@id":"https:\/\/travelingtimes.com.co\/producto\/durania\/","url":"https:\/\/travelingtimes.com.co\/producto\/durania\/","name":"Tour Durania \u2013 Tradici\u00f3n, paisajes y sabor a campo - Traveling Times Agencia de viajes","isPartOf":{"@id":"https:\/\/travelingtimes.com.co\/en\/#website"},"primaryImageOfPage":{"@id":"https:\/\/travelingtimes.com.co\/producto\/durania\/#primaryimage"},"image":{"@id":"https:\/\/travelingtimes.com.co\/producto\/durania\/#primaryimage"},"thumbnailUrl":"https:\/\/travelingtimes.com.co\/wp-content\/uploads\/2025\/10\/DURANIA2.png","datePublished":"2025-10-01T19:48:13+00:00","dateModified":"2025-11-08T15:50:36+00:00","breadcrumb":{"@id":"https:\/\/travelingtimes.com.co\/producto\/durania\/#breadcrumb"},"inLanguage":"en-US","potentialAction":[{"@type":"ReadAction","target":["https:\/\/travelingtimes.com.co\/producto\/durania\/"]}]},{"@type":"ImageObject","inLanguage":"en-US","@id":"https:\/\/travelingtimes.com.co\/producto\/durania\/#primaryimage","url":"https:\/\/travelingtimes.com.co\/wp-content\/uploads\/2025\/10\/DURANIA2.png","contentUrl":"https:\/\/travelingtimes.com.co\/wp-content\/uploads\/2025\/10\/DURANIA2.png","width":1924,"height":1084},{"@type":"BreadcrumbList","@id":"https:\/\/travelingtimes.com.co\/producto\/durania\/#breadcrumb","itemListElement":[{"@type":"ListItem","position":1,"name":"Inicio","item":"https:\/\/travelingtimes.com.co\/en\/"},{"@type":"ListItem","position":2,"name":"Products","item":"https:\/\/travelingtimes.com.co\/en\/shop\/"},{"@type":"ListItem","position":3,"name":"Tour Durania \u2013 Tradici\u00f3n, paisajes y sabor a campo"}]},{"@type":"WebSite","@id":"https:\/\/travelingtimes.com.co\/en\/#website","url":"https:\/\/travelingtimes.com.co\/en\/","name":"Traveling Times Agencia de viajes","description":"Agencia de viajes en C\u00facuta","potentialAction":[{"@type":"SearchAction","target":{"@type":"EntryPoint","urlTemplate":"https:\/\/travelingtimes.com.co\/en\/?s={search_term_string}"},"query-input":{"@type":"PropertyValueSpecification","valueRequired":true,"valueName":"search_term_string"}}],"inLanguage":"en-US"}]}},"_links":{"self":[{"href":"https:\/\/travelingtimes.com.co\/en\/wp-json\/wp\/v2\/product\/13422","targetHints":{"allow":["GET"]}}],"collection":[{"href":"https:\/\/travelingtimes.com.co\/en\/wp-json\/wp\/v2\/product"}],"about":[{"href":"https:\/\/travelingtimes.com.co\/en\/wp-json\/wp\/v2\/types\/product"}],"replies":[{"embeddable":true,"href":"https:\/\/travelingtimes.com.co\/en\/wp-json\/wp\/v2\/comments?post=13422"}],"version-history":[{"count":4,"href":"https:\/\/travelingtimes.com.co\/en\/wp-json\/wp\/v2\/product\/13422\/revisions"}],"predecessor-version":[{"id":14547,"href":"https:\/\/travelingtimes.com.co\/en\/wp-json\/wp\/v2\/product\/13422\/revisions\/14547"}],"wp:featuredmedia":[{"embeddable":true,"href":"https:\/\/travelingtimes.com.co\/en\/wp-json\/wp\/v2\/media\/13425"}],"wp:attachment":[{"href":"https:\/\/travelingtimes.com.co\/en\/wp-json\/wp\/v2\/media?parent=13422"}],"wp:term":[{"taxonomy":"product_brand","embeddable":true,"href":"https:\/\/travelingtimes.com.co\/en\/wp-json\/wp\/v2\/product_brand?post=13422"},{"taxonomy":"product_cat","embeddable":true,"href":"https:\/\/travelingtimes.com.co\/en\/wp-json\/wp\/v2\/product_cat?post=13422"},{"taxonomy":"product_tag","embeddable":true,"href":"https:\/\/travelingtimes.com.co\/en\/wp-json\/wp\/v2\/product_tag?post=13422"}],"curies":[{"name":"wp","href":"https:\/\/api.w.org\/{rel}","templated":true}]}}