{"id":13446,"date":"2025-10-01T15:20:45","date_gmt":"2025-10-01T20:20:45","guid":{"rendered":"https:\/\/travelingtimes.com.co\/?post_type=product&#038;p=13446"},"modified":"2025-11-08T11:08:12","modified_gmt":"2025-11-08T16:08:12","slug":"los-termales-del-raizon","status":"publish","type":"product","link":"https:\/\/travelingtimes.com.co\/en\/product\/los-termales-del-raizon\/","title":{"rendered":"Termales del Raiz\u00f3n \u2013 Naturaleza, descanso y bienestar"},"content":{"rendered":"<p>Descubre los Termales del Raiz\u00f3n a tan solo 45 minutos de C\u00facuta, en la v\u00eda hacia Pamplona y antes de llegar a la entrada del municipio de Bochalema, se encuentra una verdadera joya natural: los termales del Raiz\u00f3n. Estas aguas termales, formadas por el calentamiento natural del agua que fluye sobre una falla geol\u00f3gica, ofrecen un refugio de relajaci\u00f3n y bienestar. Lo m\u00e1s fascinante es la variedad de piscinas con distintas temperaturas, que van desde c\u00e1lidas hasta muy calientes, permitiendo a los visitantes disfrutar de una terapia de relajaci\u00f3n completa en un entorno sereno y casi desconocido por los turistas extranjeros.<\/p>\n<p><strong>Plan incluye:<\/strong><\/p>\n<p>\u2022 Transporte especial de turismo ida y regreso.<br \/>\n\u2022 Hidrataci\u00f3n.<br \/>\n\u2022 Refrigerio am.<br \/>\n\u2022 Entrada a las aguas termales.<br \/>\n\u2022 Ba\u00f1o aguas termales.<br \/>\n\u2022 Ba\u00f1o t\u00e9rmico (agua caliente-agua fr\u00eda).<br \/>\n\u2022 Lodo terapia.<br \/>\n\u2022 Almuerzo en Bochalema.<br \/>\n\u2022 Gu\u00eda de la agencia.<br \/>\n\u2022 Visita al pueblo de Bochalema y el sendero agua blanca.<br \/>\n\u2022 P\u00f3liza de turismo (Colasistencia total)<br \/>\nNO INCLUYE: Gastos no especificados en el programa<\/p>\n<p><strong data-start=\"162\" data-end=\"182\">\u2022Punto de salida:<\/strong>\u00a0Parque Col\u00f3n<br data-start=\"195\" data-end=\"198\" \/><strong data-start=\"200\" data-end=\"222\">\u2022Hora de encuentro:<\/strong>\u00a06:00 a.m.<\/p>\n<p><strong data-start=\"1123\" data-end=\"1158\">Cupos limitados. Reserva ahora.<\/strong><\/p>","protected":false},"excerpt":{"rendered":"<p>Descubre los Termales del Raiz\u00f3n a tan solo 45 minutos de C\u00facuta, en la v\u00eda hacia Pamplona y antes de llegar a la entrada del municipio de Bochalema, se encuentra una verdadera joya natural: los termales del Raiz\u00f3n. Estas aguas termales, formadas por el calentamiento natural del agua que fluye sobre una falla geol\u00f3gica, ofrecen [&hellip;]<\/p>","protected":false},"featured_media":13453,"comment_status":"open","ping_status":"closed","template":"","meta":{"_monsterinsights_skip_tracking":false,"_monsterinsights_sitenote_active":false,"_monsterinsights_sitenote_note":"","_monsterinsights_sitenote_category":0,"_joinchat":[]},"product_brand":[],"product_cat":[64,73],"product_tag":[],"class_list":{"0":"post-13446","1":"product","2":"type-product","3":"status-publish","4":"has-post-thumbnail","6":"product_cat-nacionales-colombia","7":"product_cat-todos","9":"first","10":"instock","11":"shipping-taxable","12":"purchasable","13":"product-type-ovabrw_car_rental"},"aioseo_notices":[],"yoast_head":"<!-- This site is optimized with the Yoast SEO plugin v26.0 - https:\/\/yoast.com\/wordpress\/plugins\/seo\/ -->\n<title>Termales del Raiz\u00f3n \u2013 Naturaleza, descanso y bienestar - Traveling Times Agencia de viajes<\/title>\n<meta name=\"robots\" content=\"index, follow, max-snippet:-1, max-image-preview:large, max-video-preview:-1\" \/>\n<link rel=\"canonical\" href=\"https:\/\/travelingtimes.com.co\/en\/product\/los-termales-del-raizon\/\" \/>\n<meta property=\"og:locale\" content=\"en_US\" \/>\n<meta property=\"og:type\" content=\"article\" \/>\n<meta property=\"og:title\" content=\"Termales del Raiz\u00f3n \u2013 Naturaleza, descanso y bienestar - Traveling Times Agencia de viajes\" \/>\n<meta property=\"og:description\" content=\"Descubre los Termales del Raiz\u00f3n a tan solo 45 minutos de C\u00facuta, en la v\u00eda hacia Pamplona y antes de llegar a la entrada del municipio de Bochalema, se encuentra una verdadera joya natural: los termales del Raiz\u00f3n. Estas aguas termales, formadas por el calentamiento natural del agua que fluye sobre una falla geol\u00f3gica, ofrecen [&hellip;]\" \/>\n<meta property=\"og:url\" content=\"https:\/\/travelingtimes.com.co\/en\/product\/los-termales-del-raizon\/\" \/>\n<meta property=\"og:site_name\" content=\"Traveling Times Agencia de viajes\" \/>\n<meta property=\"article:modified_time\" content=\"2025-11-08T16:08:12+00:00\" \/>\n<meta property=\"og:image\" content=\"https:\/\/travelingtimes.com.co\/wp-content\/uploads\/2025\/10\/LOS-TERMALES-DEL-RAIZON5-1024x577.png\" \/>\n\t<meta property=\"og:image:width\" content=\"1024\" \/>\n\t<meta property=\"og:image:height\" content=\"577\" \/>\n\t<meta property=\"og:image:type\" content=\"image\/png\" \/>\n<meta name=\"twitter:card\" content=\"summary_large_image\" \/>\n<meta name=\"twitter:label1\" content=\"Est. reading time\" \/>\n\t<meta name=\"twitter:data1\" content=\"2 minutes\" \/>\n<script type=\"application\/ld+json\" class=\"yoast-schema-graph\">{\"@context\":\"https:\/\/schema.org\",\"@graph\":[{\"@type\":\"WebPage\",\"@id\":\"https:\/\/travelingtimes.com.co\/producto\/los-termales-del-raizon\/\",\"url\":\"https:\/\/travelingtimes.com.co\/producto\/los-termales-del-raizon\/\",\"name\":\"Termales del Raiz\u00f3n \u2013 Naturaleza, descanso y bienestar - Traveling Times Agencia de viajes\",\"isPartOf\":{\"@id\":\"https:\/\/travelingtimes.com.co\/en\/#website\"},\"primaryImageOfPage\":{\"@id\":\"https:\/\/travelingtimes.com.co\/producto\/los-termales-del-raizon\/#primaryimage\"},\"image\":{\"@id\":\"https:\/\/travelingtimes.com.co\/producto\/los-termales-del-raizon\/#primaryimage\"},\"thumbnailUrl\":\"https:\/\/travelingtimes.com.co\/wp-content\/uploads\/2025\/10\/LOS-TERMALES-DEL-RAIZON5.png\",\"datePublished\":\"2025-10-01T20:20:45+00:00\",\"dateModified\":\"2025-11-08T16:08:12+00:00\",\"breadcrumb\":{\"@id\":\"https:\/\/travelingtimes.com.co\/producto\/los-termales-del-raizon\/#breadcrumb\"},\"inLanguage\":\"en-US\",\"potentialAction\":[{\"@type\":\"ReadAction\",\"target\":[\"https:\/\/travelingtimes.com.co\/producto\/los-termales-del-raizon\/\"]}]},{\"@type\":\"ImageObject\",\"inLanguage\":\"en-US\",\"@id\":\"https:\/\/travelingtimes.com.co\/producto\/los-termales-del-raizon\/#primaryimage\",\"url\":\"https:\/\/travelingtimes.com.co\/wp-content\/uploads\/2025\/10\/LOS-TERMALES-DEL-RAIZON5.png\",\"contentUrl\":\"https:\/\/travelingtimes.com.co\/wp-content\/uploads\/2025\/10\/LOS-TERMALES-DEL-RAIZON5.png\",\"width\":1924,\"height\":1084},{\"@type\":\"BreadcrumbList\",\"@id\":\"https:\/\/travelingtimes.com.co\/producto\/los-termales-del-raizon\/#breadcrumb\",\"itemListElement\":[{\"@type\":\"ListItem\",\"position\":1,\"name\":\"Inicio\",\"item\":\"https:\/\/travelingtimes.com.co\/en\/\"},{\"@type\":\"ListItem\",\"position\":2,\"name\":\"Products\",\"item\":\"https:\/\/travelingtimes.com.co\/en\/shop\/\"},{\"@type\":\"ListItem\",\"position\":3,\"name\":\"Termales del Raiz\u00f3n \u2013 Naturaleza, descanso y bienestar\"}]},{\"@type\":\"WebSite\",\"@id\":\"https:\/\/travelingtimes.com.co\/en\/#website\",\"url\":\"https:\/\/travelingtimes.com.co\/en\/\",\"name\":\"Traveling Times Agencia de viajes\",\"description\":\"Agencia de viajes en C\u00facuta\",\"potentialAction\":[{\"@type\":\"SearchAction\",\"target\":{\"@type\":\"EntryPoint\",\"urlTemplate\":\"https:\/\/travelingtimes.com.co\/en\/?s={search_term_string}\"},\"query-input\":{\"@type\":\"PropertyValueSpecification\",\"valueRequired\":true,\"valueName\":\"search_term_string\"}}],\"inLanguage\":\"en-US\"}]}<\/script>\n<!-- \/ Yoast SEO plugin. -->","yoast_head_json":{"title":"Termales del Raiz\u00f3n \u2013 Naturaleza, descanso y bienestar - Traveling Times Agencia de viajes","robots":{"index":"index","follow":"follow","max-snippet":"max-snippet:-1","max-image-preview":"max-image-preview:large","max-video-preview":"max-video-preview:-1"},"canonical":"https:\/\/travelingtimes.com.co\/en\/product\/los-termales-del-raizon\/","og_locale":"en_US","og_type":"article","og_title":"Termales del Raiz\u00f3n \u2013 Naturaleza, descanso y bienestar - Traveling Times Agencia de viajes","og_description":"Descubre los Termales del Raiz\u00f3n a tan solo 45 minutos de C\u00facuta, en la v\u00eda hacia Pamplona y antes de llegar a la entrada del municipio de Bochalema, se encuentra una verdadera joya natural: los termales del Raiz\u00f3n. Estas aguas termales, formadas por el calentamiento natural del agua que fluye sobre una falla geol\u00f3gica, ofrecen [&hellip;]","og_url":"https:\/\/travelingtimes.com.co\/en\/product\/los-termales-del-raizon\/","og_site_name":"Traveling Times Agencia de viajes","article_modified_time":"2025-11-08T16:08:12+00:00","og_image":[{"width":1024,"height":577,"url":"https:\/\/travelingtimes.com.co\/wp-content\/uploads\/2025\/10\/LOS-TERMALES-DEL-RAIZON5-1024x577.png","type":"image\/png"}],"twitter_card":"summary_large_image","twitter_misc":{"Est. reading time":"2 minutes"},"schema":{"@context":"https:\/\/schema.org","@graph":[{"@type":"WebPage","@id":"https:\/\/travelingtimes.com.co\/producto\/los-termales-del-raizon\/","url":"https:\/\/travelingtimes.com.co\/producto\/los-termales-del-raizon\/","name":"Termales del Raiz\u00f3n \u2013 Naturaleza, descanso y bienestar - Traveling Times Agencia de viajes","isPartOf":{"@id":"https:\/\/travelingtimes.com.co\/en\/#website"},"primaryImageOfPage":{"@id":"https:\/\/travelingtimes.com.co\/producto\/los-termales-del-raizon\/#primaryimage"},"image":{"@id":"https:\/\/travelingtimes.com.co\/producto\/los-termales-del-raizon\/#primaryimage"},"thumbnailUrl":"https:\/\/travelingtimes.com.co\/wp-content\/uploads\/2025\/10\/LOS-TERMALES-DEL-RAIZON5.png","datePublished":"2025-10-01T20:20:45+00:00","dateModified":"2025-11-08T16:08:12+00:00","breadcrumb":{"@id":"https:\/\/travelingtimes.com.co\/producto\/los-termales-del-raizon\/#breadcrumb"},"inLanguage":"en-US","potentialAction":[{"@type":"ReadAction","target":["https:\/\/travelingtimes.com.co\/producto\/los-termales-del-raizon\/"]}]},{"@type":"ImageObject","inLanguage":"en-US","@id":"https:\/\/travelingtimes.com.co\/producto\/los-termales-del-raizon\/#primaryimage","url":"https:\/\/travelingtimes.com.co\/wp-content\/uploads\/2025\/10\/LOS-TERMALES-DEL-RAIZON5.png","contentUrl":"https:\/\/travelingtimes.com.co\/wp-content\/uploads\/2025\/10\/LOS-TERMALES-DEL-RAIZON5.png","width":1924,"height":1084},{"@type":"BreadcrumbList","@id":"https:\/\/travelingtimes.com.co\/producto\/los-termales-del-raizon\/#breadcrumb","itemListElement":[{"@type":"ListItem","position":1,"name":"Inicio","item":"https:\/\/travelingtimes.com.co\/en\/"},{"@type":"ListItem","position":2,"name":"Products","item":"https:\/\/travelingtimes.com.co\/en\/shop\/"},{"@type":"ListItem","position":3,"name":"Termales del Raiz\u00f3n \u2013 Naturaleza, descanso y bienestar"}]},{"@type":"WebSite","@id":"https:\/\/travelingtimes.com.co\/en\/#website","url":"https:\/\/travelingtimes.com.co\/en\/","name":"Traveling Times Agencia de viajes","description":"Agencia de viajes en C\u00facuta","potentialAction":[{"@type":"SearchAction","target":{"@type":"EntryPoint","urlTemplate":"https:\/\/travelingtimes.com.co\/en\/?s={search_term_string}"},"query-input":{"@type":"PropertyValueSpecification","valueRequired":true,"valueName":"search_term_string"}}],"inLanguage":"en-US"}]}},"_links":{"self":[{"href":"https:\/\/travelingtimes.com.co\/en\/wp-json\/wp\/v2\/product\/13446","targetHints":{"allow":["GET"]}}],"collection":[{"href":"https:\/\/travelingtimes.com.co\/en\/wp-json\/wp\/v2\/product"}],"about":[{"href":"https:\/\/travelingtimes.com.co\/en\/wp-json\/wp\/v2\/types\/product"}],"replies":[{"embeddable":true,"href":"https:\/\/travelingtimes.com.co\/en\/wp-json\/wp\/v2\/comments?post=13446"}],"version-history":[{"count":3,"href":"https:\/\/travelingtimes.com.co\/en\/wp-json\/wp\/v2\/product\/13446\/revisions"}],"predecessor-version":[{"id":14550,"href":"https:\/\/travelingtimes.com.co\/en\/wp-json\/wp\/v2\/product\/13446\/revisions\/14550"}],"wp:featuredmedia":[{"embeddable":true,"href":"https:\/\/travelingtimes.com.co\/en\/wp-json\/wp\/v2\/media\/13453"}],"wp:attachment":[{"href":"https:\/\/travelingtimes.com.co\/en\/wp-json\/wp\/v2\/media?parent=13446"}],"wp:term":[{"taxonomy":"product_brand","embeddable":true,"href":"https:\/\/travelingtimes.com.co\/en\/wp-json\/wp\/v2\/product_brand?post=13446"},{"taxonomy":"product_cat","embeddable":true,"href":"https:\/\/travelingtimes.com.co\/en\/wp-json\/wp\/v2\/product_cat?post=13446"},{"taxonomy":"product_tag","embeddable":true,"href":"https:\/\/travelingtimes.com.co\/en\/wp-json\/wp\/v2\/product_tag?post=13446"}],"curies":[{"name":"wp","href":"https:\/\/api.w.org\/{rel}","templated":true}]}}