{"id":13454,"date":"2025-10-01T15:42:21","date_gmt":"2025-10-01T20:42:21","guid":{"rendered":"https:\/\/travelingtimes.com.co\/?post_type=product&#038;p=13454"},"modified":"2025-11-08T11:34:51","modified_gmt":"2025-11-08T16:34:51","slug":"chinacota","status":"publish","type":"product","link":"https:\/\/travelingtimes.com.co\/en\/product\/chinacota\/","title":{"rendered":"Tour Chin\u00e1cota \u2013 Aventura, sabor y aire de monta\u00f1a"},"content":{"rendered":"<p>Naturaleza y Encanto Colonial Chin\u00e1cota, rodeado de exuberante naturaleza y bendecido con d\u00edas soleados y un clima templado, se<br \/>\nha convertido en uno de los destinos favoritos tanto para los habitantes de Norte de Santander como para visitantes de otras regiones. Este encantador municipio ofrece una combinaci\u00f3n perfecta de atractivos naturales y hermosas edificaciones de estilo colonial, lo que lo convierte en un lugar ideal para aquellos que buscan una escapada tranquila y pintoresca. Es un destino que atrae a visitantes no solo de la regi\u00f3n sino tambi\u00e9n de la frontera con Venezuela y de todo el pa\u00eds.<\/p>\n<p><strong>Plan incluye:<br \/>\n<\/strong><br \/>\n\u2022 Transporte especial de turismo ida y regreso.<br \/>\n\u2022 Visita el parque Ramon Gonz\u00e1lez Valencia (Mitos, leyendas e historia local).<br \/>\n\u2022 Experiencia cafetera en la finca de caf\u00e9s especiales SANTA HELENA.<br \/>\n\u2022 Refrigerio Am.<br \/>\n\u2022 Almuerzo en \u201cENTRE FLORES\u201d.<br \/>\n\u2022 Visita y entrada consumible en \u201cSabor a m\u00ed\u201d<br \/>\n\u2022 Visita \u201cLa Tribu Cervecera\u201d<br \/>\n\u2022 Gu\u00eda de turismo.<br \/>\n\u2022 P\u00f3liza de turismo (Colasistencia total)<br \/>\nNO INCLUYE: Gastos no especificados en el programa.<\/p>\n<p>&nbsp;<\/p>\n<p><strong data-start=\"162\" data-end=\"182\">\u2022Punto de salida:<\/strong>\u00a0Parque Col\u00f3n<br data-start=\"195\" data-end=\"198\" \/><strong data-start=\"200\" data-end=\"222\">\u2022Hora de encuentro:<\/strong>\u00a06:00 a.m.<\/p>\n<p><strong data-start=\"1123\" data-end=\"1158\">Cupos limitados. Reserva ahora.<\/strong><\/p>","protected":false},"excerpt":{"rendered":"<p>Naturaleza y Encanto Colonial Chin\u00e1cota, rodeado de exuberante naturaleza y bendecido con d\u00edas soleados y un clima templado, se ha convertido en uno de los destinos favoritos tanto para los habitantes de Norte de Santander como para visitantes de otras regiones. Este encantador municipio ofrece una combinaci\u00f3n perfecta de atractivos naturales y hermosas edificaciones de [&hellip;]<\/p>","protected":false},"featured_media":13455,"comment_status":"open","ping_status":"closed","template":"","meta":{"_monsterinsights_skip_tracking":false,"_monsterinsights_sitenote_active":false,"_monsterinsights_sitenote_note":"","_monsterinsights_sitenote_category":0,"_joinchat":[]},"product_brand":[],"product_cat":[64,73],"product_tag":[],"class_list":{"0":"post-13454","1":"product","2":"type-product","3":"status-publish","4":"has-post-thumbnail","6":"product_cat-nacionales-colombia","7":"product_cat-todos","9":"first","10":"instock","11":"shipping-taxable","12":"purchasable","13":"product-type-ovabrw_car_rental"},"aioseo_notices":[],"yoast_head":"<!-- This site is optimized with the Yoast SEO plugin v26.0 - https:\/\/yoast.com\/wordpress\/plugins\/seo\/ -->\n<title>Tour Chin\u00e1cota \u2013 Aventura, sabor y aire de monta\u00f1a - Traveling Times Agencia de viajes<\/title>\n<meta name=\"robots\" content=\"index, follow, max-snippet:-1, max-image-preview:large, max-video-preview:-1\" \/>\n<link rel=\"canonical\" href=\"https:\/\/travelingtimes.com.co\/en\/product\/chinacota\/\" \/>\n<meta property=\"og:locale\" content=\"en_US\" \/>\n<meta property=\"og:type\" content=\"article\" \/>\n<meta property=\"og:title\" content=\"Tour Chin\u00e1cota \u2013 Aventura, sabor y aire de monta\u00f1a - Traveling Times Agencia de viajes\" \/>\n<meta property=\"og:description\" content=\"Naturaleza y Encanto Colonial Chin\u00e1cota, rodeado de exuberante naturaleza y bendecido con d\u00edas soleados y un clima templado, se ha convertido en uno de los destinos favoritos tanto para los habitantes de Norte de Santander como para visitantes de otras regiones. Este encantador municipio ofrece una combinaci\u00f3n perfecta de atractivos naturales y hermosas edificaciones de [&hellip;]\" \/>\n<meta property=\"og:url\" content=\"https:\/\/travelingtimes.com.co\/en\/product\/chinacota\/\" \/>\n<meta property=\"og:site_name\" content=\"Traveling Times Agencia de viajes\" \/>\n<meta property=\"article:modified_time\" content=\"2025-11-08T16:34:51+00:00\" \/>\n<meta property=\"og:image\" content=\"https:\/\/travelingtimes.com.co\/wp-content\/uploads\/2025\/10\/CHINACOTA3-1024x577.png\" \/>\n\t<meta property=\"og:image:width\" content=\"1024\" \/>\n\t<meta property=\"og:image:height\" content=\"577\" \/>\n\t<meta property=\"og:image:type\" content=\"image\/png\" \/>\n<meta name=\"twitter:card\" content=\"summary_large_image\" \/>\n<meta name=\"twitter:label1\" content=\"Est. reading time\" \/>\n\t<meta name=\"twitter:data1\" content=\"2 minutes\" \/>\n<script type=\"application\/ld+json\" class=\"yoast-schema-graph\">{\"@context\":\"https:\/\/schema.org\",\"@graph\":[{\"@type\":\"WebPage\",\"@id\":\"https:\/\/travelingtimes.com.co\/producto\/chinacota\/\",\"url\":\"https:\/\/travelingtimes.com.co\/producto\/chinacota\/\",\"name\":\"Tour Chin\u00e1cota \u2013 Aventura, sabor y aire de monta\u00f1a - Traveling Times Agencia de viajes\",\"isPartOf\":{\"@id\":\"https:\/\/travelingtimes.com.co\/en\/#website\"},\"primaryImageOfPage\":{\"@id\":\"https:\/\/travelingtimes.com.co\/producto\/chinacota\/#primaryimage\"},\"image\":{\"@id\":\"https:\/\/travelingtimes.com.co\/producto\/chinacota\/#primaryimage\"},\"thumbnailUrl\":\"https:\/\/travelingtimes.com.co\/wp-content\/uploads\/2025\/10\/CHINACOTA3.png\",\"datePublished\":\"2025-10-01T20:42:21+00:00\",\"dateModified\":\"2025-11-08T16:34:51+00:00\",\"breadcrumb\":{\"@id\":\"https:\/\/travelingtimes.com.co\/producto\/chinacota\/#breadcrumb\"},\"inLanguage\":\"en-US\",\"potentialAction\":[{\"@type\":\"ReadAction\",\"target\":[\"https:\/\/travelingtimes.com.co\/producto\/chinacota\/\"]}]},{\"@type\":\"ImageObject\",\"inLanguage\":\"en-US\",\"@id\":\"https:\/\/travelingtimes.com.co\/producto\/chinacota\/#primaryimage\",\"url\":\"https:\/\/travelingtimes.com.co\/wp-content\/uploads\/2025\/10\/CHINACOTA3.png\",\"contentUrl\":\"https:\/\/travelingtimes.com.co\/wp-content\/uploads\/2025\/10\/CHINACOTA3.png\",\"width\":1924,\"height\":1084},{\"@type\":\"BreadcrumbList\",\"@id\":\"https:\/\/travelingtimes.com.co\/producto\/chinacota\/#breadcrumb\",\"itemListElement\":[{\"@type\":\"ListItem\",\"position\":1,\"name\":\"Inicio\",\"item\":\"https:\/\/travelingtimes.com.co\/en\/\"},{\"@type\":\"ListItem\",\"position\":2,\"name\":\"Products\",\"item\":\"https:\/\/travelingtimes.com.co\/en\/shop\/\"},{\"@type\":\"ListItem\",\"position\":3,\"name\":\"Tour Chin\u00e1cota \u2013 Aventura, sabor y aire de monta\u00f1a\"}]},{\"@type\":\"WebSite\",\"@id\":\"https:\/\/travelingtimes.com.co\/en\/#website\",\"url\":\"https:\/\/travelingtimes.com.co\/en\/\",\"name\":\"Traveling Times Agencia de viajes\",\"description\":\"Agencia de viajes en C\u00facuta\",\"potentialAction\":[{\"@type\":\"SearchAction\",\"target\":{\"@type\":\"EntryPoint\",\"urlTemplate\":\"https:\/\/travelingtimes.com.co\/en\/?s={search_term_string}\"},\"query-input\":{\"@type\":\"PropertyValueSpecification\",\"valueRequired\":true,\"valueName\":\"search_term_string\"}}],\"inLanguage\":\"en-US\"}]}<\/script>\n<!-- \/ Yoast SEO plugin. -->","yoast_head_json":{"title":"Tour Chin\u00e1cota \u2013 Aventura, sabor y aire de monta\u00f1a - Traveling Times Agencia de viajes","robots":{"index":"index","follow":"follow","max-snippet":"max-snippet:-1","max-image-preview":"max-image-preview:large","max-video-preview":"max-video-preview:-1"},"canonical":"https:\/\/travelingtimes.com.co\/en\/product\/chinacota\/","og_locale":"en_US","og_type":"article","og_title":"Tour Chin\u00e1cota \u2013 Aventura, sabor y aire de monta\u00f1a - Traveling Times Agencia de viajes","og_description":"Naturaleza y Encanto Colonial Chin\u00e1cota, rodeado de exuberante naturaleza y bendecido con d\u00edas soleados y un clima templado, se ha convertido en uno de los destinos favoritos tanto para los habitantes de Norte de Santander como para visitantes de otras regiones. Este encantador municipio ofrece una combinaci\u00f3n perfecta de atractivos naturales y hermosas edificaciones de [&hellip;]","og_url":"https:\/\/travelingtimes.com.co\/en\/product\/chinacota\/","og_site_name":"Traveling Times Agencia de viajes","article_modified_time":"2025-11-08T16:34:51+00:00","og_image":[{"width":1024,"height":577,"url":"https:\/\/travelingtimes.com.co\/wp-content\/uploads\/2025\/10\/CHINACOTA3-1024x577.png","type":"image\/png"}],"twitter_card":"summary_large_image","twitter_misc":{"Est. reading time":"2 minutes"},"schema":{"@context":"https:\/\/schema.org","@graph":[{"@type":"WebPage","@id":"https:\/\/travelingtimes.com.co\/producto\/chinacota\/","url":"https:\/\/travelingtimes.com.co\/producto\/chinacota\/","name":"Tour Chin\u00e1cota \u2013 Aventura, sabor y aire de monta\u00f1a - Traveling Times Agencia de viajes","isPartOf":{"@id":"https:\/\/travelingtimes.com.co\/en\/#website"},"primaryImageOfPage":{"@id":"https:\/\/travelingtimes.com.co\/producto\/chinacota\/#primaryimage"},"image":{"@id":"https:\/\/travelingtimes.com.co\/producto\/chinacota\/#primaryimage"},"thumbnailUrl":"https:\/\/travelingtimes.com.co\/wp-content\/uploads\/2025\/10\/CHINACOTA3.png","datePublished":"2025-10-01T20:42:21+00:00","dateModified":"2025-11-08T16:34:51+00:00","breadcrumb":{"@id":"https:\/\/travelingtimes.com.co\/producto\/chinacota\/#breadcrumb"},"inLanguage":"en-US","potentialAction":[{"@type":"ReadAction","target":["https:\/\/travelingtimes.com.co\/producto\/chinacota\/"]}]},{"@type":"ImageObject","inLanguage":"en-US","@id":"https:\/\/travelingtimes.com.co\/producto\/chinacota\/#primaryimage","url":"https:\/\/travelingtimes.com.co\/wp-content\/uploads\/2025\/10\/CHINACOTA3.png","contentUrl":"https:\/\/travelingtimes.com.co\/wp-content\/uploads\/2025\/10\/CHINACOTA3.png","width":1924,"height":1084},{"@type":"BreadcrumbList","@id":"https:\/\/travelingtimes.com.co\/producto\/chinacota\/#breadcrumb","itemListElement":[{"@type":"ListItem","position":1,"name":"Inicio","item":"https:\/\/travelingtimes.com.co\/en\/"},{"@type":"ListItem","position":2,"name":"Products","item":"https:\/\/travelingtimes.com.co\/en\/shop\/"},{"@type":"ListItem","position":3,"name":"Tour Chin\u00e1cota \u2013 Aventura, sabor y aire de monta\u00f1a"}]},{"@type":"WebSite","@id":"https:\/\/travelingtimes.com.co\/en\/#website","url":"https:\/\/travelingtimes.com.co\/en\/","name":"Traveling Times Agencia de viajes","description":"Agencia de viajes en C\u00facuta","potentialAction":[{"@type":"SearchAction","target":{"@type":"EntryPoint","urlTemplate":"https:\/\/travelingtimes.com.co\/en\/?s={search_term_string}"},"query-input":{"@type":"PropertyValueSpecification","valueRequired":true,"valueName":"search_term_string"}}],"inLanguage":"en-US"}]}},"_links":{"self":[{"href":"https:\/\/travelingtimes.com.co\/en\/wp-json\/wp\/v2\/product\/13454","targetHints":{"allow":["GET"]}}],"collection":[{"href":"https:\/\/travelingtimes.com.co\/en\/wp-json\/wp\/v2\/product"}],"about":[{"href":"https:\/\/travelingtimes.com.co\/en\/wp-json\/wp\/v2\/types\/product"}],"replies":[{"embeddable":true,"href":"https:\/\/travelingtimes.com.co\/en\/wp-json\/wp\/v2\/comments?post=13454"}],"version-history":[{"count":3,"href":"https:\/\/travelingtimes.com.co\/en\/wp-json\/wp\/v2\/product\/13454\/revisions"}],"predecessor-version":[{"id":14551,"href":"https:\/\/travelingtimes.com.co\/en\/wp-json\/wp\/v2\/product\/13454\/revisions\/14551"}],"wp:featuredmedia":[{"embeddable":true,"href":"https:\/\/travelingtimes.com.co\/en\/wp-json\/wp\/v2\/media\/13455"}],"wp:attachment":[{"href":"https:\/\/travelingtimes.com.co\/en\/wp-json\/wp\/v2\/media?parent=13454"}],"wp:term":[{"taxonomy":"product_brand","embeddable":true,"href":"https:\/\/travelingtimes.com.co\/en\/wp-json\/wp\/v2\/product_brand?post=13454"},{"taxonomy":"product_cat","embeddable":true,"href":"https:\/\/travelingtimes.com.co\/en\/wp-json\/wp\/v2\/product_cat?post=13454"},{"taxonomy":"product_tag","embeddable":true,"href":"https:\/\/travelingtimes.com.co\/en\/wp-json\/wp\/v2\/product_tag?post=13454"}],"curies":[{"name":"wp","href":"https:\/\/api.w.org\/{rel}","templated":true}]}}