{"id":13465,"date":"2025-10-01T15:51:37","date_gmt":"2025-10-01T20:51:37","guid":{"rendered":"https:\/\/travelingtimes.com.co\/?post_type=product&#038;p=13465"},"modified":"2025-11-08T11:53:27","modified_gmt":"2025-11-08T16:53:27","slug":"cacota-de-velasco","status":"publish","type":"product","link":"https:\/\/travelingtimes.com.co\/en\/product\/cacota-de-velasco\/","title":{"rendered":"Tour C\u00e1cota de Velasco \u2013 Entre monta\u00f1as, lagunas y tradici\u00f3n"},"content":{"rendered":"<p>C\u00e1cota de Velasco es un municipio colombiano ubicado en la regi\u00f3n sur-occidental del Departamento de Norte de Santander ampliamente conocido por sus hermosos paisajes enmarcados en la imponente cordillera de los Andes que alberga a la reconocida Laguna del Cacique y un sinn\u00famero de parajes maravillosos llenos de biodiversidad y leyendas. Sus f\u00e9rtiles tierras producen deliciosos productos como papas, ma\u00edz y gran variedad de frutales como durazno fresa uchuva y tomate de \u00e1rbol de la mejor calidad.<\/p>\n<p><strong>Plan incluye:<\/strong><\/p>\n<p>\u2022 Transporte especial de turismo (ida y regreso).<br \/>\n\u2022 Refrigerio am.<br \/>\n\u2022 Almuerzo.<br \/>\n\u2022 Taller de Arcilla.<br \/>\n\u2022 Transporte en camioneta 4&#215;4 a la laguna el Cacique de subida.<br \/>\n\u2022 Visita Cerveza artesanal Alfarera.<br \/>\n\u2022 Recorrido hist\u00f3rico en el municipio.<br \/>\n\u2022 Gu\u00eda profesional de la zona.<br \/>\n\u2022 Gu\u00eda local<br \/>\n\u2022 P\u00f3liza de turismo (Colasistencia total)<br \/>\nNO INCLUYE: Gastos no especificados en el programa, paseo en balsa en la laguna: ($6.000)<br \/>\nTransporte de regreso laguna al casco urbano ($6.000) mirador del c\u00f3ndor $3.000<\/p>\n<p><strong data-start=\"162\" data-end=\"182\">\u2022Punto de salida:<\/strong>\u00a0Parque Col\u00f3n<br data-start=\"195\" data-end=\"198\" \/><strong data-start=\"200\" data-end=\"222\">\u2022Hora de encuentro:<\/strong> 5:00 a.m.<\/p>\n<p><strong data-start=\"1123\" data-end=\"1158\">Cupos limitados. Reserva ahora.<\/strong><\/p>\n<p>&nbsp;<\/p>","protected":false},"excerpt":{"rendered":"<p>C\u00e1cota de Velasco es un municipio colombiano ubicado en la regi\u00f3n sur-occidental del Departamento de Norte de Santander ampliamente conocido por sus hermosos paisajes enmarcados en la imponente cordillera de los Andes que alberga a la reconocida Laguna del Cacique y un sinn\u00famero de parajes maravillosos llenos de biodiversidad y leyendas. Sus f\u00e9rtiles tierras producen [&hellip;]<\/p>","protected":false},"featured_media":13469,"comment_status":"open","ping_status":"closed","template":"","meta":{"_monsterinsights_skip_tracking":false,"_monsterinsights_sitenote_active":false,"_monsterinsights_sitenote_note":"","_monsterinsights_sitenote_category":0,"_joinchat":[]},"product_brand":[],"product_cat":[64,73],"product_tag":[],"class_list":{"0":"post-13465","1":"product","2":"type-product","3":"status-publish","4":"has-post-thumbnail","6":"product_cat-nacionales-colombia","7":"product_cat-todos","9":"first","10":"instock","11":"shipping-taxable","12":"purchasable","13":"product-type-ovabrw_car_rental"},"aioseo_notices":[],"yoast_head":"<!-- This site is optimized with the Yoast SEO plugin v26.0 - https:\/\/yoast.com\/wordpress\/plugins\/seo\/ -->\n<title>Tour C\u00e1cota de Velasco \u2013 Entre monta\u00f1as, lagunas y tradici\u00f3n - Traveling Times Agencia de viajes<\/title>\n<meta name=\"robots\" content=\"index, follow, max-snippet:-1, max-image-preview:large, max-video-preview:-1\" \/>\n<link rel=\"canonical\" href=\"https:\/\/travelingtimes.com.co\/en\/product\/cacota-de-velasco\/\" \/>\n<meta property=\"og:locale\" content=\"en_US\" \/>\n<meta property=\"og:type\" content=\"article\" \/>\n<meta property=\"og:title\" content=\"Tour C\u00e1cota de Velasco \u2013 Entre monta\u00f1as, lagunas y tradici\u00f3n - Traveling Times Agencia de viajes\" \/>\n<meta property=\"og:description\" content=\"C\u00e1cota de Velasco es un municipio colombiano ubicado en la regi\u00f3n sur-occidental del Departamento de Norte de Santander ampliamente conocido por sus hermosos paisajes enmarcados en la imponente cordillera de los Andes que alberga a la reconocida Laguna del Cacique y un sinn\u00famero de parajes maravillosos llenos de biodiversidad y leyendas. Sus f\u00e9rtiles tierras producen [&hellip;]\" \/>\n<meta property=\"og:url\" content=\"https:\/\/travelingtimes.com.co\/en\/product\/cacota-de-velasco\/\" \/>\n<meta property=\"og:site_name\" content=\"Traveling Times Agencia de viajes\" \/>\n<meta property=\"article:modified_time\" content=\"2025-11-08T16:53:27+00:00\" \/>\n<meta property=\"og:image\" content=\"https:\/\/travelingtimes.com.co\/wp-content\/uploads\/2025\/10\/Cacota2-1024x577.png\" \/>\n\t<meta property=\"og:image:width\" content=\"1024\" \/>\n\t<meta property=\"og:image:height\" content=\"577\" \/>\n\t<meta property=\"og:image:type\" content=\"image\/png\" \/>\n<meta name=\"twitter:card\" content=\"summary_large_image\" \/>\n<meta name=\"twitter:label1\" content=\"Est. reading time\" \/>\n\t<meta name=\"twitter:data1\" content=\"2 minutes\" \/>\n<script type=\"application\/ld+json\" class=\"yoast-schema-graph\">{\"@context\":\"https:\/\/schema.org\",\"@graph\":[{\"@type\":\"WebPage\",\"@id\":\"https:\/\/travelingtimes.com.co\/producto\/cacota-de-velasco\/\",\"url\":\"https:\/\/travelingtimes.com.co\/producto\/cacota-de-velasco\/\",\"name\":\"Tour C\u00e1cota de Velasco \u2013 Entre monta\u00f1as, lagunas y tradici\u00f3n - Traveling Times Agencia de viajes\",\"isPartOf\":{\"@id\":\"https:\/\/travelingtimes.com.co\/en\/#website\"},\"primaryImageOfPage\":{\"@id\":\"https:\/\/travelingtimes.com.co\/producto\/cacota-de-velasco\/#primaryimage\"},\"image\":{\"@id\":\"https:\/\/travelingtimes.com.co\/producto\/cacota-de-velasco\/#primaryimage\"},\"thumbnailUrl\":\"https:\/\/travelingtimes.com.co\/wp-content\/uploads\/2025\/10\/Cacota2.png\",\"datePublished\":\"2025-10-01T20:51:37+00:00\",\"dateModified\":\"2025-11-08T16:53:27+00:00\",\"breadcrumb\":{\"@id\":\"https:\/\/travelingtimes.com.co\/producto\/cacota-de-velasco\/#breadcrumb\"},\"inLanguage\":\"en-US\",\"potentialAction\":[{\"@type\":\"ReadAction\",\"target\":[\"https:\/\/travelingtimes.com.co\/producto\/cacota-de-velasco\/\"]}]},{\"@type\":\"ImageObject\",\"inLanguage\":\"en-US\",\"@id\":\"https:\/\/travelingtimes.com.co\/producto\/cacota-de-velasco\/#primaryimage\",\"url\":\"https:\/\/travelingtimes.com.co\/wp-content\/uploads\/2025\/10\/Cacota2.png\",\"contentUrl\":\"https:\/\/travelingtimes.com.co\/wp-content\/uploads\/2025\/10\/Cacota2.png\",\"width\":1924,\"height\":1084},{\"@type\":\"BreadcrumbList\",\"@id\":\"https:\/\/travelingtimes.com.co\/producto\/cacota-de-velasco\/#breadcrumb\",\"itemListElement\":[{\"@type\":\"ListItem\",\"position\":1,\"name\":\"Inicio\",\"item\":\"https:\/\/travelingtimes.com.co\/en\/\"},{\"@type\":\"ListItem\",\"position\":2,\"name\":\"Products\",\"item\":\"https:\/\/travelingtimes.com.co\/en\/shop\/\"},{\"@type\":\"ListItem\",\"position\":3,\"name\":\"Tour C\u00e1cota de Velasco \u2013 Entre monta\u00f1as, lagunas y tradici\u00f3n\"}]},{\"@type\":\"WebSite\",\"@id\":\"https:\/\/travelingtimes.com.co\/en\/#website\",\"url\":\"https:\/\/travelingtimes.com.co\/en\/\",\"name\":\"Traveling Times Agencia de viajes\",\"description\":\"Agencia de viajes en C\u00facuta\",\"potentialAction\":[{\"@type\":\"SearchAction\",\"target\":{\"@type\":\"EntryPoint\",\"urlTemplate\":\"https:\/\/travelingtimes.com.co\/en\/?s={search_term_string}\"},\"query-input\":{\"@type\":\"PropertyValueSpecification\",\"valueRequired\":true,\"valueName\":\"search_term_string\"}}],\"inLanguage\":\"en-US\"}]}<\/script>\n<!-- \/ Yoast SEO plugin. -->","yoast_head_json":{"title":"Tour C\u00e1cota de Velasco \u2013 Entre monta\u00f1as, lagunas y tradici\u00f3n - Traveling Times Agencia de viajes","robots":{"index":"index","follow":"follow","max-snippet":"max-snippet:-1","max-image-preview":"max-image-preview:large","max-video-preview":"max-video-preview:-1"},"canonical":"https:\/\/travelingtimes.com.co\/en\/product\/cacota-de-velasco\/","og_locale":"en_US","og_type":"article","og_title":"Tour C\u00e1cota de Velasco \u2013 Entre monta\u00f1as, lagunas y tradici\u00f3n - Traveling Times Agencia de viajes","og_description":"C\u00e1cota de Velasco es un municipio colombiano ubicado en la regi\u00f3n sur-occidental del Departamento de Norte de Santander ampliamente conocido por sus hermosos paisajes enmarcados en la imponente cordillera de los Andes que alberga a la reconocida Laguna del Cacique y un sinn\u00famero de parajes maravillosos llenos de biodiversidad y leyendas. Sus f\u00e9rtiles tierras producen [&hellip;]","og_url":"https:\/\/travelingtimes.com.co\/en\/product\/cacota-de-velasco\/","og_site_name":"Traveling Times Agencia de viajes","article_modified_time":"2025-11-08T16:53:27+00:00","og_image":[{"width":1024,"height":577,"url":"https:\/\/travelingtimes.com.co\/wp-content\/uploads\/2025\/10\/Cacota2-1024x577.png","type":"image\/png"}],"twitter_card":"summary_large_image","twitter_misc":{"Est. reading time":"2 minutes"},"schema":{"@context":"https:\/\/schema.org","@graph":[{"@type":"WebPage","@id":"https:\/\/travelingtimes.com.co\/producto\/cacota-de-velasco\/","url":"https:\/\/travelingtimes.com.co\/producto\/cacota-de-velasco\/","name":"Tour C\u00e1cota de Velasco \u2013 Entre monta\u00f1as, lagunas y tradici\u00f3n - Traveling Times Agencia de viajes","isPartOf":{"@id":"https:\/\/travelingtimes.com.co\/en\/#website"},"primaryImageOfPage":{"@id":"https:\/\/travelingtimes.com.co\/producto\/cacota-de-velasco\/#primaryimage"},"image":{"@id":"https:\/\/travelingtimes.com.co\/producto\/cacota-de-velasco\/#primaryimage"},"thumbnailUrl":"https:\/\/travelingtimes.com.co\/wp-content\/uploads\/2025\/10\/Cacota2.png","datePublished":"2025-10-01T20:51:37+00:00","dateModified":"2025-11-08T16:53:27+00:00","breadcrumb":{"@id":"https:\/\/travelingtimes.com.co\/producto\/cacota-de-velasco\/#breadcrumb"},"inLanguage":"en-US","potentialAction":[{"@type":"ReadAction","target":["https:\/\/travelingtimes.com.co\/producto\/cacota-de-velasco\/"]}]},{"@type":"ImageObject","inLanguage":"en-US","@id":"https:\/\/travelingtimes.com.co\/producto\/cacota-de-velasco\/#primaryimage","url":"https:\/\/travelingtimes.com.co\/wp-content\/uploads\/2025\/10\/Cacota2.png","contentUrl":"https:\/\/travelingtimes.com.co\/wp-content\/uploads\/2025\/10\/Cacota2.png","width":1924,"height":1084},{"@type":"BreadcrumbList","@id":"https:\/\/travelingtimes.com.co\/producto\/cacota-de-velasco\/#breadcrumb","itemListElement":[{"@type":"ListItem","position":1,"name":"Inicio","item":"https:\/\/travelingtimes.com.co\/en\/"},{"@type":"ListItem","position":2,"name":"Products","item":"https:\/\/travelingtimes.com.co\/en\/shop\/"},{"@type":"ListItem","position":3,"name":"Tour C\u00e1cota de Velasco \u2013 Entre monta\u00f1as, lagunas y tradici\u00f3n"}]},{"@type":"WebSite","@id":"https:\/\/travelingtimes.com.co\/en\/#website","url":"https:\/\/travelingtimes.com.co\/en\/","name":"Traveling Times Agencia de viajes","description":"Agencia de viajes en C\u00facuta","potentialAction":[{"@type":"SearchAction","target":{"@type":"EntryPoint","urlTemplate":"https:\/\/travelingtimes.com.co\/en\/?s={search_term_string}"},"query-input":{"@type":"PropertyValueSpecification","valueRequired":true,"valueName":"search_term_string"}}],"inLanguage":"en-US"}]}},"_links":{"self":[{"href":"https:\/\/travelingtimes.com.co\/en\/wp-json\/wp\/v2\/product\/13465","targetHints":{"allow":["GET"]}}],"collection":[{"href":"https:\/\/travelingtimes.com.co\/en\/wp-json\/wp\/v2\/product"}],"about":[{"href":"https:\/\/travelingtimes.com.co\/en\/wp-json\/wp\/v2\/types\/product"}],"replies":[{"embeddable":true,"href":"https:\/\/travelingtimes.com.co\/en\/wp-json\/wp\/v2\/comments?post=13465"}],"version-history":[{"count":3,"href":"https:\/\/travelingtimes.com.co\/en\/wp-json\/wp\/v2\/product\/13465\/revisions"}],"predecessor-version":[{"id":14553,"href":"https:\/\/travelingtimes.com.co\/en\/wp-json\/wp\/v2\/product\/13465\/revisions\/14553"}],"wp:featuredmedia":[{"embeddable":true,"href":"https:\/\/travelingtimes.com.co\/en\/wp-json\/wp\/v2\/media\/13469"}],"wp:attachment":[{"href":"https:\/\/travelingtimes.com.co\/en\/wp-json\/wp\/v2\/media?parent=13465"}],"wp:term":[{"taxonomy":"product_brand","embeddable":true,"href":"https:\/\/travelingtimes.com.co\/en\/wp-json\/wp\/v2\/product_brand?post=13465"},{"taxonomy":"product_cat","embeddable":true,"href":"https:\/\/travelingtimes.com.co\/en\/wp-json\/wp\/v2\/product_cat?post=13465"},{"taxonomy":"product_tag","embeddable":true,"href":"https:\/\/travelingtimes.com.co\/en\/wp-json\/wp\/v2\/product_tag?post=13465"}],"curies":[{"name":"wp","href":"https:\/\/api.w.org\/{rel}","templated":true}]}}