{"id":13480,"date":"2025-10-01T16:02:57","date_gmt":"2025-10-01T21:02:57","guid":{"rendered":"https:\/\/travelingtimes.com.co\/?post_type=product&#038;p=13480"},"modified":"2025-11-08T11:59:22","modified_gmt":"2025-11-08T16:59:22","slug":"chitaga","status":"publish","type":"product","link":"https:\/\/travelingtimes.com.co\/en\/product\/chitaga\/","title":{"rendered":"Tour Chitag\u00e1 \u2013 Monta\u00f1as, r\u00edos y aire puro"},"content":{"rendered":"<p data-start=\"134\" data-end=\"525\">Chitag\u00e1, el \u00faltimo municipio de Norte de Santander en la ruta hacia el sur, limita con los departamentos de Santander y Boyac\u00e1. Este destino es un verdadero tesoro para los amantes del ecoturismo, donde la majestuosidad de sus fuentes h\u00eddricas, como la Laguna del Salado, El Tambor y Comagueta, forman parte del impresionante p\u00e1ramo del Almorzadero. Es el lugar ideal para quienes disfrutan caminar, explorar la naturaleza y maravillarse con los paisajes \u00fanicos que ofrece el p\u00e1ramo, en un entorno de tranquilidad y aire puro.<\/p>\n<p data-start=\"134\" data-end=\"525\">\n<p><strong>Plan incluye:<\/strong><\/p>\n<p>\u2022 Transporte especial de turismo ida y regreso.<br \/>\n\u2022 Refrigerio am.<br \/>\n\u2022 Almuerzo en presidente.<br \/>\n\u2022 Senderismo a la Laguna El Salado del p\u00e1ramo del Almorzadero<br \/>\n\u2022 Ingreso al Centro ecotur\u00edstico el &#8220;rinc\u00f3n de Comagueta\u201d.<br \/>\n\u2022 Recorrido hist\u00f3rico y cultural en el municipio.<br \/>\n\u2022 Gu\u00eda local de Chitag\u00e1<br \/>\n\u2022 Gu\u00eda profesional de la agencia.<br \/>\n\u2022 P\u00f3liza de turismo (Colasistencia total).<br \/>\nNO INCLUYE: Gastos no especificados en el programa. Transporte del casco urbano del<br \/>\ncorregimiento presidente a la laguna el Salado ($5.000 por trayecto) El valor es para la persona que<br \/>\nno desea caminar o por alguna dificultad f\u00edsica que le impida hacer la actividad de senderismo.<\/p>\n<p><strong data-start=\"162\" data-end=\"182\">\u2022Punto de salida:<\/strong>\u00a0Parque Col\u00f3n<br data-start=\"195\" data-end=\"198\" \/><strong data-start=\"200\" data-end=\"222\">\u2022Hora de encuentro:<\/strong> 4:45 a.m.<\/p>\n<p><strong data-start=\"1123\" data-end=\"1158\">Cupos limitados. Reserva ahora.<\/strong><\/p>\n<p>&nbsp;<\/p>","protected":false},"excerpt":{"rendered":"<p>Chitag\u00e1, el \u00faltimo municipio de Norte de Santander en la ruta hacia el sur, limita con los departamentos de Santander y Boyac\u00e1. Este destino es un verdadero tesoro para los amantes del ecoturismo, donde la majestuosidad de sus fuentes h\u00eddricas, como la Laguna del Salado, El Tambor y Comagueta, forman parte del impresionante p\u00e1ramo del [&hellip;]<\/p>","protected":false},"featured_media":13483,"comment_status":"open","ping_status":"closed","template":"","meta":{"_monsterinsights_skip_tracking":false,"_monsterinsights_sitenote_active":false,"_monsterinsights_sitenote_note":"","_monsterinsights_sitenote_category":0,"_joinchat":[]},"product_brand":[],"product_cat":[64,73],"product_tag":[],"class_list":{"0":"post-13480","1":"product","2":"type-product","3":"status-publish","4":"has-post-thumbnail","6":"product_cat-nacionales-colombia","7":"product_cat-todos","9":"first","10":"instock","11":"shipping-taxable","12":"purchasable","13":"product-type-ovabrw_car_rental"},"aioseo_notices":[],"yoast_head":"<!-- This site is optimized with the Yoast SEO plugin v26.0 - https:\/\/yoast.com\/wordpress\/plugins\/seo\/ -->\n<title>Tour Chitag\u00e1 \u2013 Monta\u00f1as, r\u00edos y aire puro - Traveling Times Agencia de viajes<\/title>\n<meta name=\"robots\" content=\"index, follow, max-snippet:-1, max-image-preview:large, max-video-preview:-1\" \/>\n<link rel=\"canonical\" href=\"https:\/\/travelingtimes.com.co\/en\/product\/chitaga\/\" \/>\n<meta property=\"og:locale\" content=\"en_US\" \/>\n<meta property=\"og:type\" content=\"article\" \/>\n<meta property=\"og:title\" content=\"Tour Chitag\u00e1 \u2013 Monta\u00f1as, r\u00edos y aire puro - Traveling Times Agencia de viajes\" \/>\n<meta property=\"og:description\" content=\"Chitag\u00e1, el \u00faltimo municipio de Norte de Santander en la ruta hacia el sur, limita con los departamentos de Santander y Boyac\u00e1. Este destino es un verdadero tesoro para los amantes del ecoturismo, donde la majestuosidad de sus fuentes h\u00eddricas, como la Laguna del Salado, El Tambor y Comagueta, forman parte del impresionante p\u00e1ramo del [&hellip;]\" \/>\n<meta property=\"og:url\" content=\"https:\/\/travelingtimes.com.co\/en\/product\/chitaga\/\" \/>\n<meta property=\"og:site_name\" content=\"Traveling Times Agencia de viajes\" \/>\n<meta property=\"article:modified_time\" content=\"2025-11-08T16:59:22+00:00\" \/>\n<meta property=\"og:image\" content=\"https:\/\/travelingtimes.com.co\/wp-content\/uploads\/2025\/10\/CHITAGA3-1024x577.png\" \/>\n\t<meta property=\"og:image:width\" content=\"1024\" \/>\n\t<meta property=\"og:image:height\" content=\"577\" \/>\n\t<meta property=\"og:image:type\" content=\"image\/png\" \/>\n<meta name=\"twitter:card\" content=\"summary_large_image\" \/>\n<meta name=\"twitter:label1\" content=\"Est. reading time\" \/>\n\t<meta name=\"twitter:data1\" content=\"2 minutes\" \/>\n<script type=\"application\/ld+json\" class=\"yoast-schema-graph\">{\"@context\":\"https:\/\/schema.org\",\"@graph\":[{\"@type\":\"WebPage\",\"@id\":\"https:\/\/travelingtimes.com.co\/producto\/chitaga\/\",\"url\":\"https:\/\/travelingtimes.com.co\/producto\/chitaga\/\",\"name\":\"Tour Chitag\u00e1 \u2013 Monta\u00f1as, r\u00edos y aire puro - Traveling Times Agencia de viajes\",\"isPartOf\":{\"@id\":\"https:\/\/travelingtimes.com.co\/en\/#website\"},\"primaryImageOfPage\":{\"@id\":\"https:\/\/travelingtimes.com.co\/producto\/chitaga\/#primaryimage\"},\"image\":{\"@id\":\"https:\/\/travelingtimes.com.co\/producto\/chitaga\/#primaryimage\"},\"thumbnailUrl\":\"https:\/\/travelingtimes.com.co\/wp-content\/uploads\/2025\/10\/CHITAGA3.png\",\"datePublished\":\"2025-10-01T21:02:57+00:00\",\"dateModified\":\"2025-11-08T16:59:22+00:00\",\"breadcrumb\":{\"@id\":\"https:\/\/travelingtimes.com.co\/producto\/chitaga\/#breadcrumb\"},\"inLanguage\":\"en-US\",\"potentialAction\":[{\"@type\":\"ReadAction\",\"target\":[\"https:\/\/travelingtimes.com.co\/producto\/chitaga\/\"]}]},{\"@type\":\"ImageObject\",\"inLanguage\":\"en-US\",\"@id\":\"https:\/\/travelingtimes.com.co\/producto\/chitaga\/#primaryimage\",\"url\":\"https:\/\/travelingtimes.com.co\/wp-content\/uploads\/2025\/10\/CHITAGA3.png\",\"contentUrl\":\"https:\/\/travelingtimes.com.co\/wp-content\/uploads\/2025\/10\/CHITAGA3.png\",\"width\":1924,\"height\":1084},{\"@type\":\"BreadcrumbList\",\"@id\":\"https:\/\/travelingtimes.com.co\/producto\/chitaga\/#breadcrumb\",\"itemListElement\":[{\"@type\":\"ListItem\",\"position\":1,\"name\":\"Inicio\",\"item\":\"https:\/\/travelingtimes.com.co\/en\/\"},{\"@type\":\"ListItem\",\"position\":2,\"name\":\"Products\",\"item\":\"https:\/\/travelingtimes.com.co\/en\/shop\/\"},{\"@type\":\"ListItem\",\"position\":3,\"name\":\"Tour Chitag\u00e1 \u2013 Monta\u00f1as, r\u00edos y aire puro\"}]},{\"@type\":\"WebSite\",\"@id\":\"https:\/\/travelingtimes.com.co\/en\/#website\",\"url\":\"https:\/\/travelingtimes.com.co\/en\/\",\"name\":\"Traveling Times Agencia de viajes\",\"description\":\"Agencia de viajes en C\u00facuta\",\"potentialAction\":[{\"@type\":\"SearchAction\",\"target\":{\"@type\":\"EntryPoint\",\"urlTemplate\":\"https:\/\/travelingtimes.com.co\/en\/?s={search_term_string}\"},\"query-input\":{\"@type\":\"PropertyValueSpecification\",\"valueRequired\":true,\"valueName\":\"search_term_string\"}}],\"inLanguage\":\"en-US\"}]}<\/script>\n<!-- \/ Yoast SEO plugin. -->","yoast_head_json":{"title":"Tour Chitag\u00e1 \u2013 Monta\u00f1as, r\u00edos y aire puro - Traveling Times Agencia de viajes","robots":{"index":"index","follow":"follow","max-snippet":"max-snippet:-1","max-image-preview":"max-image-preview:large","max-video-preview":"max-video-preview:-1"},"canonical":"https:\/\/travelingtimes.com.co\/en\/product\/chitaga\/","og_locale":"en_US","og_type":"article","og_title":"Tour Chitag\u00e1 \u2013 Monta\u00f1as, r\u00edos y aire puro - Traveling Times Agencia de viajes","og_description":"Chitag\u00e1, el \u00faltimo municipio de Norte de Santander en la ruta hacia el sur, limita con los departamentos de Santander y Boyac\u00e1. Este destino es un verdadero tesoro para los amantes del ecoturismo, donde la majestuosidad de sus fuentes h\u00eddricas, como la Laguna del Salado, El Tambor y Comagueta, forman parte del impresionante p\u00e1ramo del [&hellip;]","og_url":"https:\/\/travelingtimes.com.co\/en\/product\/chitaga\/","og_site_name":"Traveling Times Agencia de viajes","article_modified_time":"2025-11-08T16:59:22+00:00","og_image":[{"width":1024,"height":577,"url":"https:\/\/travelingtimes.com.co\/wp-content\/uploads\/2025\/10\/CHITAGA3-1024x577.png","type":"image\/png"}],"twitter_card":"summary_large_image","twitter_misc":{"Est. reading time":"2 minutes"},"schema":{"@context":"https:\/\/schema.org","@graph":[{"@type":"WebPage","@id":"https:\/\/travelingtimes.com.co\/producto\/chitaga\/","url":"https:\/\/travelingtimes.com.co\/producto\/chitaga\/","name":"Tour Chitag\u00e1 \u2013 Monta\u00f1as, r\u00edos y aire puro - Traveling Times Agencia de viajes","isPartOf":{"@id":"https:\/\/travelingtimes.com.co\/en\/#website"},"primaryImageOfPage":{"@id":"https:\/\/travelingtimes.com.co\/producto\/chitaga\/#primaryimage"},"image":{"@id":"https:\/\/travelingtimes.com.co\/producto\/chitaga\/#primaryimage"},"thumbnailUrl":"https:\/\/travelingtimes.com.co\/wp-content\/uploads\/2025\/10\/CHITAGA3.png","datePublished":"2025-10-01T21:02:57+00:00","dateModified":"2025-11-08T16:59:22+00:00","breadcrumb":{"@id":"https:\/\/travelingtimes.com.co\/producto\/chitaga\/#breadcrumb"},"inLanguage":"en-US","potentialAction":[{"@type":"ReadAction","target":["https:\/\/travelingtimes.com.co\/producto\/chitaga\/"]}]},{"@type":"ImageObject","inLanguage":"en-US","@id":"https:\/\/travelingtimes.com.co\/producto\/chitaga\/#primaryimage","url":"https:\/\/travelingtimes.com.co\/wp-content\/uploads\/2025\/10\/CHITAGA3.png","contentUrl":"https:\/\/travelingtimes.com.co\/wp-content\/uploads\/2025\/10\/CHITAGA3.png","width":1924,"height":1084},{"@type":"BreadcrumbList","@id":"https:\/\/travelingtimes.com.co\/producto\/chitaga\/#breadcrumb","itemListElement":[{"@type":"ListItem","position":1,"name":"Inicio","item":"https:\/\/travelingtimes.com.co\/en\/"},{"@type":"ListItem","position":2,"name":"Products","item":"https:\/\/travelingtimes.com.co\/en\/shop\/"},{"@type":"ListItem","position":3,"name":"Tour Chitag\u00e1 \u2013 Monta\u00f1as, r\u00edos y aire puro"}]},{"@type":"WebSite","@id":"https:\/\/travelingtimes.com.co\/en\/#website","url":"https:\/\/travelingtimes.com.co\/en\/","name":"Traveling Times Agencia de viajes","description":"Agencia de viajes en C\u00facuta","potentialAction":[{"@type":"SearchAction","target":{"@type":"EntryPoint","urlTemplate":"https:\/\/travelingtimes.com.co\/en\/?s={search_term_string}"},"query-input":{"@type":"PropertyValueSpecification","valueRequired":true,"valueName":"search_term_string"}}],"inLanguage":"en-US"}]}},"_links":{"self":[{"href":"https:\/\/travelingtimes.com.co\/en\/wp-json\/wp\/v2\/product\/13480","targetHints":{"allow":["GET"]}}],"collection":[{"href":"https:\/\/travelingtimes.com.co\/en\/wp-json\/wp\/v2\/product"}],"about":[{"href":"https:\/\/travelingtimes.com.co\/en\/wp-json\/wp\/v2\/types\/product"}],"replies":[{"embeddable":true,"href":"https:\/\/travelingtimes.com.co\/en\/wp-json\/wp\/v2\/comments?post=13480"}],"version-history":[{"count":3,"href":"https:\/\/travelingtimes.com.co\/en\/wp-json\/wp\/v2\/product\/13480\/revisions"}],"predecessor-version":[{"id":13517,"href":"https:\/\/travelingtimes.com.co\/en\/wp-json\/wp\/v2\/product\/13480\/revisions\/13517"}],"wp:featuredmedia":[{"embeddable":true,"href":"https:\/\/travelingtimes.com.co\/en\/wp-json\/wp\/v2\/media\/13483"}],"wp:attachment":[{"href":"https:\/\/travelingtimes.com.co\/en\/wp-json\/wp\/v2\/media?parent=13480"}],"wp:term":[{"taxonomy":"product_brand","embeddable":true,"href":"https:\/\/travelingtimes.com.co\/en\/wp-json\/wp\/v2\/product_brand?post=13480"},{"taxonomy":"product_cat","embeddable":true,"href":"https:\/\/travelingtimes.com.co\/en\/wp-json\/wp\/v2\/product_cat?post=13480"},{"taxonomy":"product_tag","embeddable":true,"href":"https:\/\/travelingtimes.com.co\/en\/wp-json\/wp\/v2\/product_tag?post=13480"}],"curies":[{"name":"wp","href":"https:\/\/api.w.org\/{rel}","templated":true}]}}