{"id":13488,"date":"2025-10-01T16:16:35","date_gmt":"2025-10-01T21:16:35","guid":{"rendered":"https:\/\/travelingtimes.com.co\/?post_type=product&#038;p=13488"},"modified":"2025-11-08T12:02:30","modified_gmt":"2025-11-08T17:02:30","slug":"arboledas","status":"publish","type":"product","link":"https:\/\/travelingtimes.com.co\/en\/product\/arboledas\/","title":{"rendered":"Tour Arboledas \u2013 Un escape natural para el alma"},"content":{"rendered":"<p data-start=\"109\" data-end=\"449\">Arboledas, ubicado a 75 kil\u00f3metros de C\u00facuta, es un pintoresco municipio que forma parte de los encantadores pueblos de occidente. Con un recorrido aproximado de tres horas, este destino se encuentra a 960 metros sobre el nivel del mar y ofrece una temperatura promedio agradable de 22\u00b0C. Reconocido como el primer productor de caf\u00e9 variedad Castillo en el departamento, Arboledas tambi\u00e9n destaca por su excelente producci\u00f3n de panela y c\u00edtricos, productos que son fundamentales para la econom\u00eda local. Este tour te permitir\u00e1 disfrutar de la riqueza natural y productiva de la regi\u00f3n, conect\u00e1ndote con su cultura, tradiciones y paisajes \u00fanicos.<\/p>\n<p>&nbsp;<\/p>\n<p><strong>Plan incluye:<\/strong><\/p>\n<p>\u2022 Transporte especializado de turismo ida y regreso.<br \/>\n\u2022 Refrigerio de salida.<br \/>\n\u2022 Recorrido Ecol\u00f3gico por el casco Urbano de Arboledas.<br \/>\n\u2022 Visita al mirador cerro de la Cruz.<br \/>\n\u2022 Almuerzo<br \/>\n\u2022 Visita a la Calle real \u201cMurales\u201d Y Visita a la calle de las Flores<br \/>\n\u2022 Gu\u00eda tur\u00edstico.<br \/>\n\u2022 Entrada balneario Piscinas y pozos cristalinos.<br \/>\n\u2022 Asistencia m\u00e9dica \u201cColasistencia\u201d<br \/>\n\u2022 Coordinador de turismo<br \/>\nNO INCLUYE: Gastos no especificados en el programa.<\/p>\n<p>&nbsp;<\/p>\n<p><strong data-start=\"162\" data-end=\"182\">\u2022Punto de salida:<\/strong>\u00a0Parque Col\u00f3n<br data-start=\"195\" data-end=\"198\" \/><strong data-start=\"200\" data-end=\"222\">\u2022Hora de encuentro:<\/strong> 5:30 a.m.<\/p>\n<p><strong data-start=\"1123\" data-end=\"1158\">Cupos limitados. Reserva ahora.<\/strong><\/p>\n<p>&nbsp;<\/p>","protected":false},"excerpt":{"rendered":"<p>Arboledas, ubicado a 75 kil\u00f3metros de C\u00facuta, es un pintoresco municipio que forma parte de los encantadores pueblos de occidente. Con un recorrido aproximado de tres horas, este destino se encuentra a 960 metros sobre el nivel del mar y ofrece una temperatura promedio agradable de 22\u00b0C. Reconocido como el primer productor de caf\u00e9 variedad [&hellip;]<\/p>","protected":false},"featured_media":13491,"comment_status":"open","ping_status":"closed","template":"","meta":{"_monsterinsights_skip_tracking":false,"_monsterinsights_sitenote_active":false,"_monsterinsights_sitenote_note":"","_monsterinsights_sitenote_category":0,"_joinchat":[]},"product_brand":[],"product_cat":[64,73],"product_tag":[],"class_list":{"0":"post-13488","1":"product","2":"type-product","3":"status-publish","4":"has-post-thumbnail","6":"product_cat-nacionales-colombia","7":"product_cat-todos","9":"first","10":"instock","11":"shipping-taxable","12":"purchasable","13":"product-type-ovabrw_car_rental"},"aioseo_notices":[],"yoast_head":"<!-- This site is optimized with the Yoast SEO plugin v26.0 - https:\/\/yoast.com\/wordpress\/plugins\/seo\/ -->\n<title>Tour Arboledas \u2013 Un escape natural para el alma - Traveling Times Agencia de viajes<\/title>\n<meta name=\"robots\" content=\"index, follow, max-snippet:-1, max-image-preview:large, max-video-preview:-1\" \/>\n<link rel=\"canonical\" href=\"https:\/\/travelingtimes.com.co\/en\/product\/arboledas\/\" \/>\n<meta property=\"og:locale\" content=\"en_US\" \/>\n<meta property=\"og:type\" content=\"article\" \/>\n<meta property=\"og:title\" content=\"Tour Arboledas \u2013 Un escape natural para el alma - Traveling Times Agencia de viajes\" \/>\n<meta property=\"og:description\" content=\"Arboledas, ubicado a 75 kil\u00f3metros de C\u00facuta, es un pintoresco municipio que forma parte de los encantadores pueblos de occidente. Con un recorrido aproximado de tres horas, este destino se encuentra a 960 metros sobre el nivel del mar y ofrece una temperatura promedio agradable de 22\u00b0C. Reconocido como el primer productor de caf\u00e9 variedad [&hellip;]\" \/>\n<meta property=\"og:url\" content=\"https:\/\/travelingtimes.com.co\/en\/product\/arboledas\/\" \/>\n<meta property=\"og:site_name\" content=\"Traveling Times Agencia de viajes\" \/>\n<meta property=\"article:modified_time\" content=\"2025-11-08T17:02:30+00:00\" \/>\n<meta property=\"og:image\" content=\"https:\/\/travelingtimes.com.co\/wp-content\/uploads\/2025\/10\/ARBOLEDAS1-1024x577.png\" \/>\n\t<meta property=\"og:image:width\" content=\"1024\" \/>\n\t<meta property=\"og:image:height\" content=\"577\" \/>\n\t<meta property=\"og:image:type\" content=\"image\/png\" \/>\n<meta name=\"twitter:card\" content=\"summary_large_image\" \/>\n<meta name=\"twitter:label1\" content=\"Est. reading time\" \/>\n\t<meta name=\"twitter:data1\" content=\"2 minutes\" \/>\n<script type=\"application\/ld+json\" class=\"yoast-schema-graph\">{\"@context\":\"https:\/\/schema.org\",\"@graph\":[{\"@type\":\"WebPage\",\"@id\":\"https:\/\/travelingtimes.com.co\/producto\/arboledas\/\",\"url\":\"https:\/\/travelingtimes.com.co\/producto\/arboledas\/\",\"name\":\"Tour Arboledas \u2013 Un escape natural para el alma - Traveling Times Agencia de viajes\",\"isPartOf\":{\"@id\":\"https:\/\/travelingtimes.com.co\/en\/#website\"},\"primaryImageOfPage\":{\"@id\":\"https:\/\/travelingtimes.com.co\/producto\/arboledas\/#primaryimage\"},\"image\":{\"@id\":\"https:\/\/travelingtimes.com.co\/producto\/arboledas\/#primaryimage\"},\"thumbnailUrl\":\"https:\/\/travelingtimes.com.co\/wp-content\/uploads\/2025\/10\/ARBOLEDAS1.png\",\"datePublished\":\"2025-10-01T21:16:35+00:00\",\"dateModified\":\"2025-11-08T17:02:30+00:00\",\"breadcrumb\":{\"@id\":\"https:\/\/travelingtimes.com.co\/producto\/arboledas\/#breadcrumb\"},\"inLanguage\":\"en-US\",\"potentialAction\":[{\"@type\":\"ReadAction\",\"target\":[\"https:\/\/travelingtimes.com.co\/producto\/arboledas\/\"]}]},{\"@type\":\"ImageObject\",\"inLanguage\":\"en-US\",\"@id\":\"https:\/\/travelingtimes.com.co\/producto\/arboledas\/#primaryimage\",\"url\":\"https:\/\/travelingtimes.com.co\/wp-content\/uploads\/2025\/10\/ARBOLEDAS1.png\",\"contentUrl\":\"https:\/\/travelingtimes.com.co\/wp-content\/uploads\/2025\/10\/ARBOLEDAS1.png\",\"width\":1924,\"height\":1084},{\"@type\":\"BreadcrumbList\",\"@id\":\"https:\/\/travelingtimes.com.co\/producto\/arboledas\/#breadcrumb\",\"itemListElement\":[{\"@type\":\"ListItem\",\"position\":1,\"name\":\"Inicio\",\"item\":\"https:\/\/travelingtimes.com.co\/en\/\"},{\"@type\":\"ListItem\",\"position\":2,\"name\":\"Products\",\"item\":\"https:\/\/travelingtimes.com.co\/en\/shop\/\"},{\"@type\":\"ListItem\",\"position\":3,\"name\":\"Tour Arboledas \u2013 Un escape natural para el alma\"}]},{\"@type\":\"WebSite\",\"@id\":\"https:\/\/travelingtimes.com.co\/en\/#website\",\"url\":\"https:\/\/travelingtimes.com.co\/en\/\",\"name\":\"Traveling Times Agencia de viajes\",\"description\":\"Agencia de viajes en C\u00facuta\",\"potentialAction\":[{\"@type\":\"SearchAction\",\"target\":{\"@type\":\"EntryPoint\",\"urlTemplate\":\"https:\/\/travelingtimes.com.co\/en\/?s={search_term_string}\"},\"query-input\":{\"@type\":\"PropertyValueSpecification\",\"valueRequired\":true,\"valueName\":\"search_term_string\"}}],\"inLanguage\":\"en-US\"}]}<\/script>\n<!-- \/ Yoast SEO plugin. -->","yoast_head_json":{"title":"Tour Arboledas \u2013 Un escape natural para el alma - Traveling Times Agencia de viajes","robots":{"index":"index","follow":"follow","max-snippet":"max-snippet:-1","max-image-preview":"max-image-preview:large","max-video-preview":"max-video-preview:-1"},"canonical":"https:\/\/travelingtimes.com.co\/en\/product\/arboledas\/","og_locale":"en_US","og_type":"article","og_title":"Tour Arboledas \u2013 Un escape natural para el alma - Traveling Times Agencia de viajes","og_description":"Arboledas, ubicado a 75 kil\u00f3metros de C\u00facuta, es un pintoresco municipio que forma parte de los encantadores pueblos de occidente. Con un recorrido aproximado de tres horas, este destino se encuentra a 960 metros sobre el nivel del mar y ofrece una temperatura promedio agradable de 22\u00b0C. Reconocido como el primer productor de caf\u00e9 variedad [&hellip;]","og_url":"https:\/\/travelingtimes.com.co\/en\/product\/arboledas\/","og_site_name":"Traveling Times Agencia de viajes","article_modified_time":"2025-11-08T17:02:30+00:00","og_image":[{"width":1024,"height":577,"url":"https:\/\/travelingtimes.com.co\/wp-content\/uploads\/2025\/10\/ARBOLEDAS1-1024x577.png","type":"image\/png"}],"twitter_card":"summary_large_image","twitter_misc":{"Est. reading time":"2 minutes"},"schema":{"@context":"https:\/\/schema.org","@graph":[{"@type":"WebPage","@id":"https:\/\/travelingtimes.com.co\/producto\/arboledas\/","url":"https:\/\/travelingtimes.com.co\/producto\/arboledas\/","name":"Tour Arboledas \u2013 Un escape natural para el alma - Traveling Times Agencia de viajes","isPartOf":{"@id":"https:\/\/travelingtimes.com.co\/en\/#website"},"primaryImageOfPage":{"@id":"https:\/\/travelingtimes.com.co\/producto\/arboledas\/#primaryimage"},"image":{"@id":"https:\/\/travelingtimes.com.co\/producto\/arboledas\/#primaryimage"},"thumbnailUrl":"https:\/\/travelingtimes.com.co\/wp-content\/uploads\/2025\/10\/ARBOLEDAS1.png","datePublished":"2025-10-01T21:16:35+00:00","dateModified":"2025-11-08T17:02:30+00:00","breadcrumb":{"@id":"https:\/\/travelingtimes.com.co\/producto\/arboledas\/#breadcrumb"},"inLanguage":"en-US","potentialAction":[{"@type":"ReadAction","target":["https:\/\/travelingtimes.com.co\/producto\/arboledas\/"]}]},{"@type":"ImageObject","inLanguage":"en-US","@id":"https:\/\/travelingtimes.com.co\/producto\/arboledas\/#primaryimage","url":"https:\/\/travelingtimes.com.co\/wp-content\/uploads\/2025\/10\/ARBOLEDAS1.png","contentUrl":"https:\/\/travelingtimes.com.co\/wp-content\/uploads\/2025\/10\/ARBOLEDAS1.png","width":1924,"height":1084},{"@type":"BreadcrumbList","@id":"https:\/\/travelingtimes.com.co\/producto\/arboledas\/#breadcrumb","itemListElement":[{"@type":"ListItem","position":1,"name":"Inicio","item":"https:\/\/travelingtimes.com.co\/en\/"},{"@type":"ListItem","position":2,"name":"Products","item":"https:\/\/travelingtimes.com.co\/en\/shop\/"},{"@type":"ListItem","position":3,"name":"Tour Arboledas \u2013 Un escape natural para el alma"}]},{"@type":"WebSite","@id":"https:\/\/travelingtimes.com.co\/en\/#website","url":"https:\/\/travelingtimes.com.co\/en\/","name":"Traveling Times Agencia de viajes","description":"Agencia de viajes en C\u00facuta","potentialAction":[{"@type":"SearchAction","target":{"@type":"EntryPoint","urlTemplate":"https:\/\/travelingtimes.com.co\/en\/?s={search_term_string}"},"query-input":{"@type":"PropertyValueSpecification","valueRequired":true,"valueName":"search_term_string"}}],"inLanguage":"en-US"}]}},"_links":{"self":[{"href":"https:\/\/travelingtimes.com.co\/en\/wp-json\/wp\/v2\/product\/13488","targetHints":{"allow":["GET"]}}],"collection":[{"href":"https:\/\/travelingtimes.com.co\/en\/wp-json\/wp\/v2\/product"}],"about":[{"href":"https:\/\/travelingtimes.com.co\/en\/wp-json\/wp\/v2\/types\/product"}],"replies":[{"embeddable":true,"href":"https:\/\/travelingtimes.com.co\/en\/wp-json\/wp\/v2\/comments?post=13488"}],"version-history":[{"count":3,"href":"https:\/\/travelingtimes.com.co\/en\/wp-json\/wp\/v2\/product\/13488\/revisions"}],"predecessor-version":[{"id":14556,"href":"https:\/\/travelingtimes.com.co\/en\/wp-json\/wp\/v2\/product\/13488\/revisions\/14556"}],"wp:featuredmedia":[{"embeddable":true,"href":"https:\/\/travelingtimes.com.co\/en\/wp-json\/wp\/v2\/media\/13491"}],"wp:attachment":[{"href":"https:\/\/travelingtimes.com.co\/en\/wp-json\/wp\/v2\/media?parent=13488"}],"wp:term":[{"taxonomy":"product_brand","embeddable":true,"href":"https:\/\/travelingtimes.com.co\/en\/wp-json\/wp\/v2\/product_brand?post=13488"},{"taxonomy":"product_cat","embeddable":true,"href":"https:\/\/travelingtimes.com.co\/en\/wp-json\/wp\/v2\/product_cat?post=13488"},{"taxonomy":"product_tag","embeddable":true,"href":"https:\/\/travelingtimes.com.co\/en\/wp-json\/wp\/v2\/product_tag?post=13488"}],"curies":[{"name":"wp","href":"https:\/\/api.w.org\/{rel}","templated":true}]}}