{"id":13495,"date":"2025-10-01T16:22:31","date_gmt":"2025-10-01T21:22:31","guid":{"rendered":"https:\/\/travelingtimes.com.co\/?post_type=product&#038;p=13495"},"modified":"2025-11-10T14:31:34","modified_gmt":"2025-11-10T19:31:34","slug":"labateca","status":"publish","type":"product","link":"https:\/\/travelingtimes.com.co\/en\/product\/labateca\/","title":{"rendered":"Tour Labateca \u2013 Entre monta\u00f1as, neblina y coraz\u00f3n verde"},"content":{"rendered":"<p data-start=\"177\" data-end=\"500\">Ubicado en el sur de Norte de Santander, Labateca es un destino que enamora por su belleza natural y su ambiente tranquilo. Este municipio es conocido por sus impresionantes ca\u00eddas de agua que alcanzan hasta 100 metros de altura, sus senderos rodeados de vegetaci\u00f3n y la calidez de su gente campesina. Durante este tour podr\u00e1s disfrutar de una experiencia aut\u00e9ntica entre monta\u00f1as, recorriendo caminos ecol\u00f3gicos que te conectan con la naturaleza en su estado m\u00e1s puro. Adem\u00e1s, conocer\u00e1s fincas dedicadas al cultivo de caf\u00e9 org\u00e1nico tipo exportaci\u00f3n, donde podr\u00e1s aprender sobre el proceso artesanal que convierte cada grano en un verdadero s\u00edmbolo de orgullo local.<\/p>\n<p>EL PLAN INCLUYE:<br \/>\n\u2022 Transporte especializado de turismo ida y regreso.<br \/>\n\u2022 Refrigerio Am.<br \/>\n\u2022 Almuerzo.<br \/>\n\u2022 Visita e ingreso a la Cascada Lirgua.<br \/>\n\u2022 Recorrido historio por el municipio.<br \/>\n\u2022 Visita a la bas\u00edlica de la virgen de las angustias.<br \/>\n\u2022 Visita al casco urbano de Toledo<br \/>\n\u2022 Asistencia de viaje \u201cColasistencia total\u201d<br \/>\n\u2022 Gu\u00eda local y coordinador de turismo.<br \/>\nNO INCLUYE: Gastos no especificados en el programa<\/p>\n<p>&nbsp;<\/p>\n<p><strong data-start=\"162\" data-end=\"182\">\u2022Punto de salida:<\/strong>\u00a0Parque Col\u00f3n<br data-start=\"195\" data-end=\"198\" \/><strong data-start=\"200\" data-end=\"222\">\u2022Hora de encuentro:<\/strong> 5:30 a.m.<\/p>\n<p><strong data-start=\"1123\" data-end=\"1158\">Cupos limitados. Reserva ahora.<\/strong><\/p>","protected":false},"excerpt":{"rendered":"<p>Ubicado en el sur de Norte de Santander, Labateca es un destino que enamora por su belleza natural y su ambiente tranquilo. Este municipio es conocido por sus impresionantes ca\u00eddas de agua que alcanzan hasta 100 metros de altura, sus senderos rodeados de vegetaci\u00f3n y la calidez de su gente campesina. Durante este tour podr\u00e1s [&hellip;]<\/p>","protected":false},"featured_media":13497,"comment_status":"open","ping_status":"closed","template":"","meta":{"_monsterinsights_skip_tracking":false,"_monsterinsights_sitenote_active":false,"_monsterinsights_sitenote_note":"","_monsterinsights_sitenote_category":0,"_joinchat":[]},"product_brand":[],"product_cat":[64,73],"product_tag":[],"class_list":{"0":"post-13495","1":"product","2":"type-product","3":"status-publish","4":"has-post-thumbnail","6":"product_cat-nacionales-colombia","7":"product_cat-todos","9":"first","10":"instock","11":"shipping-taxable","12":"purchasable","13":"product-type-ovabrw_car_rental"},"aioseo_notices":[],"yoast_head":"<!-- This site is optimized with the Yoast SEO plugin v26.0 - https:\/\/yoast.com\/wordpress\/plugins\/seo\/ -->\n<title>Tour Labateca \u2013 Entre monta\u00f1as, neblina y coraz\u00f3n verde - Traveling Times Agencia de viajes<\/title>\n<meta name=\"robots\" content=\"index, follow, max-snippet:-1, max-image-preview:large, max-video-preview:-1\" \/>\n<link rel=\"canonical\" href=\"https:\/\/travelingtimes.com.co\/en\/product\/labateca\/\" \/>\n<meta property=\"og:locale\" content=\"en_US\" \/>\n<meta property=\"og:type\" content=\"article\" \/>\n<meta property=\"og:title\" content=\"Tour Labateca \u2013 Entre monta\u00f1as, neblina y coraz\u00f3n verde - Traveling Times Agencia de viajes\" \/>\n<meta property=\"og:description\" content=\"Ubicado en el sur de Norte de Santander, Labateca es un destino que enamora por su belleza natural y su ambiente tranquilo. Este municipio es conocido por sus impresionantes ca\u00eddas de agua que alcanzan hasta 100 metros de altura, sus senderos rodeados de vegetaci\u00f3n y la calidez de su gente campesina. Durante este tour podr\u00e1s [&hellip;]\" \/>\n<meta property=\"og:url\" content=\"https:\/\/travelingtimes.com.co\/en\/product\/labateca\/\" \/>\n<meta property=\"og:site_name\" content=\"Traveling Times Agencia de viajes\" \/>\n<meta property=\"article:modified_time\" content=\"2025-11-10T19:31:34+00:00\" \/>\n<meta property=\"og:image\" content=\"https:\/\/travelingtimes.com.co\/wp-content\/uploads\/2025\/10\/LABATECA4-1024x577.png\" \/>\n\t<meta property=\"og:image:width\" content=\"1024\" \/>\n\t<meta property=\"og:image:height\" content=\"577\" \/>\n\t<meta property=\"og:image:type\" content=\"image\/png\" \/>\n<meta name=\"twitter:card\" content=\"summary_large_image\" \/>\n<meta name=\"twitter:label1\" content=\"Est. reading time\" \/>\n\t<meta name=\"twitter:data1\" content=\"2 minutes\" \/>\n<script type=\"application\/ld+json\" class=\"yoast-schema-graph\">{\"@context\":\"https:\/\/schema.org\",\"@graph\":[{\"@type\":\"WebPage\",\"@id\":\"https:\/\/travelingtimes.com.co\/en\/product\/labateca\/\",\"url\":\"https:\/\/travelingtimes.com.co\/en\/product\/labateca\/\",\"name\":\"Tour Labateca \u2013 Entre monta\u00f1as, neblina y coraz\u00f3n verde - Traveling Times Agencia de viajes\",\"isPartOf\":{\"@id\":\"https:\/\/travelingtimes.com.co\/en\/#website\"},\"primaryImageOfPage\":{\"@id\":\"https:\/\/travelingtimes.com.co\/en\/product\/labateca\/#primaryimage\"},\"image\":{\"@id\":\"https:\/\/travelingtimes.com.co\/en\/product\/labateca\/#primaryimage\"},\"thumbnailUrl\":\"https:\/\/travelingtimes.com.co\/wp-content\/uploads\/2025\/10\/LABATECA4.png\",\"datePublished\":\"2025-10-01T21:22:31+00:00\",\"dateModified\":\"2025-11-10T19:31:34+00:00\",\"breadcrumb\":{\"@id\":\"https:\/\/travelingtimes.com.co\/en\/product\/labateca\/#breadcrumb\"},\"inLanguage\":\"en-US\",\"potentialAction\":[{\"@type\":\"ReadAction\",\"target\":[\"https:\/\/travelingtimes.com.co\/en\/product\/labateca\/\"]}]},{\"@type\":\"ImageObject\",\"inLanguage\":\"en-US\",\"@id\":\"https:\/\/travelingtimes.com.co\/en\/product\/labateca\/#primaryimage\",\"url\":\"https:\/\/travelingtimes.com.co\/wp-content\/uploads\/2025\/10\/LABATECA4.png\",\"contentUrl\":\"https:\/\/travelingtimes.com.co\/wp-content\/uploads\/2025\/10\/LABATECA4.png\",\"width\":1924,\"height\":1084},{\"@type\":\"BreadcrumbList\",\"@id\":\"https:\/\/travelingtimes.com.co\/en\/product\/labateca\/#breadcrumb\",\"itemListElement\":[{\"@type\":\"ListItem\",\"position\":1,\"name\":\"Inicio\",\"item\":\"https:\/\/travelingtimes.com.co\/en\/\"},{\"@type\":\"ListItem\",\"position\":2,\"name\":\"Products\",\"item\":\"https:\/\/travelingtimes.com.co\/en\/shop\/\"},{\"@type\":\"ListItem\",\"position\":3,\"name\":\"Tour Labateca \u2013 Entre monta\u00f1as, neblina y coraz\u00f3n verde\"}]},{\"@type\":\"WebSite\",\"@id\":\"https:\/\/travelingtimes.com.co\/en\/#website\",\"url\":\"https:\/\/travelingtimes.com.co\/en\/\",\"name\":\"Traveling Times Agencia de viajes\",\"description\":\"Agencia de viajes en C\u00facuta\",\"potentialAction\":[{\"@type\":\"SearchAction\",\"target\":{\"@type\":\"EntryPoint\",\"urlTemplate\":\"https:\/\/travelingtimes.com.co\/en\/?s={search_term_string}\"},\"query-input\":{\"@type\":\"PropertyValueSpecification\",\"valueRequired\":true,\"valueName\":\"search_term_string\"}}],\"inLanguage\":\"en-US\"}]}<\/script>\n<!-- \/ Yoast SEO plugin. -->","yoast_head_json":{"title":"Tour Labateca \u2013 Entre monta\u00f1as, neblina y coraz\u00f3n verde - Traveling Times Agencia de viajes","robots":{"index":"index","follow":"follow","max-snippet":"max-snippet:-1","max-image-preview":"max-image-preview:large","max-video-preview":"max-video-preview:-1"},"canonical":"https:\/\/travelingtimes.com.co\/en\/product\/labateca\/","og_locale":"en_US","og_type":"article","og_title":"Tour Labateca \u2013 Entre monta\u00f1as, neblina y coraz\u00f3n verde - Traveling Times Agencia de viajes","og_description":"Ubicado en el sur de Norte de Santander, Labateca es un destino que enamora por su belleza natural y su ambiente tranquilo. Este municipio es conocido por sus impresionantes ca\u00eddas de agua que alcanzan hasta 100 metros de altura, sus senderos rodeados de vegetaci\u00f3n y la calidez de su gente campesina. Durante este tour podr\u00e1s [&hellip;]","og_url":"https:\/\/travelingtimes.com.co\/en\/product\/labateca\/","og_site_name":"Traveling Times Agencia de viajes","article_modified_time":"2025-11-10T19:31:34+00:00","og_image":[{"width":1024,"height":577,"url":"https:\/\/travelingtimes.com.co\/wp-content\/uploads\/2025\/10\/LABATECA4-1024x577.png","type":"image\/png"}],"twitter_card":"summary_large_image","twitter_misc":{"Est. reading time":"2 minutes"},"schema":{"@context":"https:\/\/schema.org","@graph":[{"@type":"WebPage","@id":"https:\/\/travelingtimes.com.co\/en\/product\/labateca\/","url":"https:\/\/travelingtimes.com.co\/en\/product\/labateca\/","name":"Tour Labateca \u2013 Entre monta\u00f1as, neblina y coraz\u00f3n verde - Traveling Times Agencia de viajes","isPartOf":{"@id":"https:\/\/travelingtimes.com.co\/en\/#website"},"primaryImageOfPage":{"@id":"https:\/\/travelingtimes.com.co\/en\/product\/labateca\/#primaryimage"},"image":{"@id":"https:\/\/travelingtimes.com.co\/en\/product\/labateca\/#primaryimage"},"thumbnailUrl":"https:\/\/travelingtimes.com.co\/wp-content\/uploads\/2025\/10\/LABATECA4.png","datePublished":"2025-10-01T21:22:31+00:00","dateModified":"2025-11-10T19:31:34+00:00","breadcrumb":{"@id":"https:\/\/travelingtimes.com.co\/en\/product\/labateca\/#breadcrumb"},"inLanguage":"en-US","potentialAction":[{"@type":"ReadAction","target":["https:\/\/travelingtimes.com.co\/en\/product\/labateca\/"]}]},{"@type":"ImageObject","inLanguage":"en-US","@id":"https:\/\/travelingtimes.com.co\/en\/product\/labateca\/#primaryimage","url":"https:\/\/travelingtimes.com.co\/wp-content\/uploads\/2025\/10\/LABATECA4.png","contentUrl":"https:\/\/travelingtimes.com.co\/wp-content\/uploads\/2025\/10\/LABATECA4.png","width":1924,"height":1084},{"@type":"BreadcrumbList","@id":"https:\/\/travelingtimes.com.co\/en\/product\/labateca\/#breadcrumb","itemListElement":[{"@type":"ListItem","position":1,"name":"Inicio","item":"https:\/\/travelingtimes.com.co\/en\/"},{"@type":"ListItem","position":2,"name":"Products","item":"https:\/\/travelingtimes.com.co\/en\/shop\/"},{"@type":"ListItem","position":3,"name":"Tour Labateca \u2013 Entre monta\u00f1as, neblina y coraz\u00f3n verde"}]},{"@type":"WebSite","@id":"https:\/\/travelingtimes.com.co\/en\/#website","url":"https:\/\/travelingtimes.com.co\/en\/","name":"Traveling Times Agencia de viajes","description":"Agencia de viajes en C\u00facuta","potentialAction":[{"@type":"SearchAction","target":{"@type":"EntryPoint","urlTemplate":"https:\/\/travelingtimes.com.co\/en\/?s={search_term_string}"},"query-input":{"@type":"PropertyValueSpecification","valueRequired":true,"valueName":"search_term_string"}}],"inLanguage":"en-US"}]}},"_links":{"self":[{"href":"https:\/\/travelingtimes.com.co\/en\/wp-json\/wp\/v2\/product\/13495","targetHints":{"allow":["GET"]}}],"collection":[{"href":"https:\/\/travelingtimes.com.co\/en\/wp-json\/wp\/v2\/product"}],"about":[{"href":"https:\/\/travelingtimes.com.co\/en\/wp-json\/wp\/v2\/types\/product"}],"replies":[{"embeddable":true,"href":"https:\/\/travelingtimes.com.co\/en\/wp-json\/wp\/v2\/comments?post=13495"}],"version-history":[{"count":4,"href":"https:\/\/travelingtimes.com.co\/en\/wp-json\/wp\/v2\/product\/13495\/revisions"}],"predecessor-version":[{"id":14558,"href":"https:\/\/travelingtimes.com.co\/en\/wp-json\/wp\/v2\/product\/13495\/revisions\/14558"}],"wp:featuredmedia":[{"embeddable":true,"href":"https:\/\/travelingtimes.com.co\/en\/wp-json\/wp\/v2\/media\/13497"}],"wp:attachment":[{"href":"https:\/\/travelingtimes.com.co\/en\/wp-json\/wp\/v2\/media?parent=13495"}],"wp:term":[{"taxonomy":"product_brand","embeddable":true,"href":"https:\/\/travelingtimes.com.co\/en\/wp-json\/wp\/v2\/product_brand?post=13495"},{"taxonomy":"product_cat","embeddable":true,"href":"https:\/\/travelingtimes.com.co\/en\/wp-json\/wp\/v2\/product_cat?post=13495"},{"taxonomy":"product_tag","embeddable":true,"href":"https:\/\/travelingtimes.com.co\/en\/wp-json\/wp\/v2\/product_tag?post=13495"}],"curies":[{"name":"wp","href":"https:\/\/api.w.org\/{rel}","templated":true}]}}