{"id":13502,"date":"2025-10-01T16:39:55","date_gmt":"2025-10-01T21:39:55","guid":{"rendered":"https:\/\/travelingtimes.com.co\/?post_type=product&#038;p=13502"},"modified":"2025-11-10T14:38:12","modified_gmt":"2025-11-10T19:38:12","slug":"tour-lourdes","status":"publish","type":"product","link":"https:\/\/travelingtimes.com.co\/en\/product\/tour-lourdes\/","title":{"rendered":"Tour Lourdes \u2013 Naturaleza, cultura y serenidad"},"content":{"rendered":"<p data-start=\"175\" data-end=\"470\">Lourdes es un acogedor municipio ubicado en el coraz\u00f3n del departamento de Norte de Santander. Su econom\u00eda gira en torno a la agricultura, destac\u00e1ndose por la producci\u00f3n de un caf\u00e9 org\u00e1nico, suave y de aroma inconfundible, considerado uno de los m\u00e1s especiales de la regi\u00f3n. Visitar Lourdes es sumergirse en la calma de un pueblo tradicional, rodeado de monta\u00f1as y gente amable. Aqu\u00ed, disfrutar una taza de caf\u00e9 reci\u00e9n preparado, ya sea en el desayuno o en la media tarde, se convierte en una experiencia imperdible. Si deseas llevar un pedacito de este encantador lugar contigo, nada mejor que una bolsa de su delicioso caf\u00e9 o alguno de los productos artesanales elaborados a partir de \u00e9l. Lourdes es, sin duda, un destino que combina tradici\u00f3n, sabor y hospitalidad en un entorno lleno de paz y belleza.<\/p>\n<p><strong>Plan incluye:<\/strong><\/p>\n<p>\u2022 Transporte especializado de turismo ida y regreso<br \/>\n\u2022 Almuerzo<br \/>\n\u2022 Refrigerio Am<br \/>\n\u2022 Entrada a Finca California (balneario con dos pozos y piscina natural).<br \/>\n\u2022 Recorrido hist\u00f3rico por el municipio<br \/>\n\u2022 Visita al Cerro de la cruz<br \/>\n\u2022 Visita nuevo gramalote<br \/>\n\u2022 Gu\u00eda local<br \/>\n\u2022 Asistencia de viaje \u201cColasistencia total\u201d \u2022 Coordinador de turismo.<br \/>\nNO INCLUYE: Gastos no especificados en el programa<\/p>\n<p>&nbsp;<\/p>\n<p><strong data-start=\"162\" data-end=\"182\">\u2022Punto de salida:<\/strong>\u00a0Parque Col\u00f3n<br data-start=\"195\" data-end=\"198\" \/><strong data-start=\"200\" data-end=\"222\">\u2022Hora de encuentro:<\/strong>\u00a05:30 a.m.<\/p>\n<p><strong data-start=\"1123\" data-end=\"1158\">Cupos limitados. Reserva ahora.<\/strong><\/p>\n<p>&nbsp;<\/p>","protected":false},"excerpt":{"rendered":"<p>Lourdes es un acogedor municipio ubicado en el coraz\u00f3n del departamento de Norte de Santander. Su econom\u00eda gira en torno a la agricultura, destac\u00e1ndose por la producci\u00f3n de un caf\u00e9 org\u00e1nico, suave y de aroma inconfundible, considerado uno de los m\u00e1s especiales de la regi\u00f3n. Visitar Lourdes es sumergirse en la calma de un pueblo [&hellip;]<\/p>","protected":false},"featured_media":13505,"comment_status":"open","ping_status":"closed","template":"","meta":{"_monsterinsights_skip_tracking":false,"_monsterinsights_sitenote_active":false,"_monsterinsights_sitenote_note":"","_monsterinsights_sitenote_category":0,"_joinchat":[]},"product_brand":[],"product_cat":[64,73],"product_tag":[],"class_list":{"0":"post-13502","1":"product","2":"type-product","3":"status-publish","4":"has-post-thumbnail","6":"product_cat-nacionales-colombia","7":"product_cat-todos","9":"first","10":"instock","11":"shipping-taxable","12":"purchasable","13":"product-type-ovabrw_car_rental"},"aioseo_notices":[],"yoast_head":"<!-- This site is optimized with the Yoast SEO plugin v26.0 - https:\/\/yoast.com\/wordpress\/plugins\/seo\/ -->\n<title>Tour Lourdes \u2013 Naturaleza, cultura y serenidad - Traveling Times Agencia de viajes<\/title>\n<meta name=\"robots\" content=\"index, follow, max-snippet:-1, max-image-preview:large, max-video-preview:-1\" \/>\n<link rel=\"canonical\" href=\"https:\/\/travelingtimes.com.co\/en\/product\/tour-lourdes\/\" \/>\n<meta property=\"og:locale\" content=\"en_US\" \/>\n<meta property=\"og:type\" content=\"article\" \/>\n<meta property=\"og:title\" content=\"Tour Lourdes \u2013 Naturaleza, cultura y serenidad - Traveling Times Agencia de viajes\" \/>\n<meta property=\"og:description\" content=\"Lourdes es un acogedor municipio ubicado en el coraz\u00f3n del departamento de Norte de Santander. Su econom\u00eda gira en torno a la agricultura, destac\u00e1ndose por la producci\u00f3n de un caf\u00e9 org\u00e1nico, suave y de aroma inconfundible, considerado uno de los m\u00e1s especiales de la regi\u00f3n. Visitar Lourdes es sumergirse en la calma de un pueblo [&hellip;]\" \/>\n<meta property=\"og:url\" content=\"https:\/\/travelingtimes.com.co\/en\/product\/tour-lourdes\/\" \/>\n<meta property=\"og:site_name\" content=\"Traveling Times Agencia de viajes\" \/>\n<meta property=\"article:modified_time\" content=\"2025-11-10T19:38:12+00:00\" \/>\n<meta property=\"og:image\" content=\"https:\/\/travelingtimes.com.co\/wp-content\/uploads\/2025\/10\/LOURDES4-1024x577.png\" \/>\n\t<meta property=\"og:image:width\" content=\"1024\" \/>\n\t<meta property=\"og:image:height\" content=\"577\" \/>\n\t<meta property=\"og:image:type\" content=\"image\/png\" \/>\n<meta name=\"twitter:card\" content=\"summary_large_image\" \/>\n<meta name=\"twitter:label1\" content=\"Est. reading time\" \/>\n\t<meta name=\"twitter:data1\" content=\"2 minutes\" \/>\n<script type=\"application\/ld+json\" class=\"yoast-schema-graph\">{\"@context\":\"https:\/\/schema.org\",\"@graph\":[{\"@type\":\"WebPage\",\"@id\":\"https:\/\/travelingtimes.com.co\/en\/product\/tour-lourdes\/\",\"url\":\"https:\/\/travelingtimes.com.co\/en\/product\/tour-lourdes\/\",\"name\":\"Tour Lourdes \u2013 Naturaleza, cultura y serenidad - Traveling Times Agencia de viajes\",\"isPartOf\":{\"@id\":\"https:\/\/travelingtimes.com.co\/en\/#website\"},\"primaryImageOfPage\":{\"@id\":\"https:\/\/travelingtimes.com.co\/en\/product\/tour-lourdes\/#primaryimage\"},\"image\":{\"@id\":\"https:\/\/travelingtimes.com.co\/en\/product\/tour-lourdes\/#primaryimage\"},\"thumbnailUrl\":\"https:\/\/travelingtimes.com.co\/wp-content\/uploads\/2025\/10\/LOURDES4.png\",\"datePublished\":\"2025-10-01T21:39:55+00:00\",\"dateModified\":\"2025-11-10T19:38:12+00:00\",\"breadcrumb\":{\"@id\":\"https:\/\/travelingtimes.com.co\/en\/product\/tour-lourdes\/#breadcrumb\"},\"inLanguage\":\"en-US\",\"potentialAction\":[{\"@type\":\"ReadAction\",\"target\":[\"https:\/\/travelingtimes.com.co\/en\/product\/tour-lourdes\/\"]}]},{\"@type\":\"ImageObject\",\"inLanguage\":\"en-US\",\"@id\":\"https:\/\/travelingtimes.com.co\/en\/product\/tour-lourdes\/#primaryimage\",\"url\":\"https:\/\/travelingtimes.com.co\/wp-content\/uploads\/2025\/10\/LOURDES4.png\",\"contentUrl\":\"https:\/\/travelingtimes.com.co\/wp-content\/uploads\/2025\/10\/LOURDES4.png\",\"width\":1924,\"height\":1084},{\"@type\":\"BreadcrumbList\",\"@id\":\"https:\/\/travelingtimes.com.co\/en\/product\/tour-lourdes\/#breadcrumb\",\"itemListElement\":[{\"@type\":\"ListItem\",\"position\":1,\"name\":\"Inicio\",\"item\":\"https:\/\/travelingtimes.com.co\/en\/\"},{\"@type\":\"ListItem\",\"position\":2,\"name\":\"Products\",\"item\":\"https:\/\/travelingtimes.com.co\/en\/shop\/\"},{\"@type\":\"ListItem\",\"position\":3,\"name\":\"Tour Lourdes \u2013 Naturaleza, cultura y serenidad\"}]},{\"@type\":\"WebSite\",\"@id\":\"https:\/\/travelingtimes.com.co\/en\/#website\",\"url\":\"https:\/\/travelingtimes.com.co\/en\/\",\"name\":\"Traveling Times Agencia de viajes\",\"description\":\"Agencia de viajes en C\u00facuta\",\"potentialAction\":[{\"@type\":\"SearchAction\",\"target\":{\"@type\":\"EntryPoint\",\"urlTemplate\":\"https:\/\/travelingtimes.com.co\/en\/?s={search_term_string}\"},\"query-input\":{\"@type\":\"PropertyValueSpecification\",\"valueRequired\":true,\"valueName\":\"search_term_string\"}}],\"inLanguage\":\"en-US\"}]}<\/script>\n<!-- \/ Yoast SEO plugin. -->","yoast_head_json":{"title":"Tour Lourdes \u2013 Naturaleza, cultura y serenidad - Traveling Times Agencia de viajes","robots":{"index":"index","follow":"follow","max-snippet":"max-snippet:-1","max-image-preview":"max-image-preview:large","max-video-preview":"max-video-preview:-1"},"canonical":"https:\/\/travelingtimes.com.co\/en\/product\/tour-lourdes\/","og_locale":"en_US","og_type":"article","og_title":"Tour Lourdes \u2013 Naturaleza, cultura y serenidad - Traveling Times Agencia de viajes","og_description":"Lourdes es un acogedor municipio ubicado en el coraz\u00f3n del departamento de Norte de Santander. Su econom\u00eda gira en torno a la agricultura, destac\u00e1ndose por la producci\u00f3n de un caf\u00e9 org\u00e1nico, suave y de aroma inconfundible, considerado uno de los m\u00e1s especiales de la regi\u00f3n. Visitar Lourdes es sumergirse en la calma de un pueblo [&hellip;]","og_url":"https:\/\/travelingtimes.com.co\/en\/product\/tour-lourdes\/","og_site_name":"Traveling Times Agencia de viajes","article_modified_time":"2025-11-10T19:38:12+00:00","og_image":[{"width":1024,"height":577,"url":"https:\/\/travelingtimes.com.co\/wp-content\/uploads\/2025\/10\/LOURDES4-1024x577.png","type":"image\/png"}],"twitter_card":"summary_large_image","twitter_misc":{"Est. reading time":"2 minutes"},"schema":{"@context":"https:\/\/schema.org","@graph":[{"@type":"WebPage","@id":"https:\/\/travelingtimes.com.co\/en\/product\/tour-lourdes\/","url":"https:\/\/travelingtimes.com.co\/en\/product\/tour-lourdes\/","name":"Tour Lourdes \u2013 Naturaleza, cultura y serenidad - Traveling Times Agencia de viajes","isPartOf":{"@id":"https:\/\/travelingtimes.com.co\/en\/#website"},"primaryImageOfPage":{"@id":"https:\/\/travelingtimes.com.co\/en\/product\/tour-lourdes\/#primaryimage"},"image":{"@id":"https:\/\/travelingtimes.com.co\/en\/product\/tour-lourdes\/#primaryimage"},"thumbnailUrl":"https:\/\/travelingtimes.com.co\/wp-content\/uploads\/2025\/10\/LOURDES4.png","datePublished":"2025-10-01T21:39:55+00:00","dateModified":"2025-11-10T19:38:12+00:00","breadcrumb":{"@id":"https:\/\/travelingtimes.com.co\/en\/product\/tour-lourdes\/#breadcrumb"},"inLanguage":"en-US","potentialAction":[{"@type":"ReadAction","target":["https:\/\/travelingtimes.com.co\/en\/product\/tour-lourdes\/"]}]},{"@type":"ImageObject","inLanguage":"en-US","@id":"https:\/\/travelingtimes.com.co\/en\/product\/tour-lourdes\/#primaryimage","url":"https:\/\/travelingtimes.com.co\/wp-content\/uploads\/2025\/10\/LOURDES4.png","contentUrl":"https:\/\/travelingtimes.com.co\/wp-content\/uploads\/2025\/10\/LOURDES4.png","width":1924,"height":1084},{"@type":"BreadcrumbList","@id":"https:\/\/travelingtimes.com.co\/en\/product\/tour-lourdes\/#breadcrumb","itemListElement":[{"@type":"ListItem","position":1,"name":"Inicio","item":"https:\/\/travelingtimes.com.co\/en\/"},{"@type":"ListItem","position":2,"name":"Products","item":"https:\/\/travelingtimes.com.co\/en\/shop\/"},{"@type":"ListItem","position":3,"name":"Tour Lourdes \u2013 Naturaleza, cultura y serenidad"}]},{"@type":"WebSite","@id":"https:\/\/travelingtimes.com.co\/en\/#website","url":"https:\/\/travelingtimes.com.co\/en\/","name":"Traveling Times Agencia de viajes","description":"Agencia de viajes en C\u00facuta","potentialAction":[{"@type":"SearchAction","target":{"@type":"EntryPoint","urlTemplate":"https:\/\/travelingtimes.com.co\/en\/?s={search_term_string}"},"query-input":{"@type":"PropertyValueSpecification","valueRequired":true,"valueName":"search_term_string"}}],"inLanguage":"en-US"}]}},"_links":{"self":[{"href":"https:\/\/travelingtimes.com.co\/en\/wp-json\/wp\/v2\/product\/13502","targetHints":{"allow":["GET"]}}],"collection":[{"href":"https:\/\/travelingtimes.com.co\/en\/wp-json\/wp\/v2\/product"}],"about":[{"href":"https:\/\/travelingtimes.com.co\/en\/wp-json\/wp\/v2\/types\/product"}],"replies":[{"embeddable":true,"href":"https:\/\/travelingtimes.com.co\/en\/wp-json\/wp\/v2\/comments?post=13502"}],"version-history":[{"count":4,"href":"https:\/\/travelingtimes.com.co\/en\/wp-json\/wp\/v2\/product\/13502\/revisions"}],"predecessor-version":[{"id":14561,"href":"https:\/\/travelingtimes.com.co\/en\/wp-json\/wp\/v2\/product\/13502\/revisions\/14561"}],"wp:featuredmedia":[{"embeddable":true,"href":"https:\/\/travelingtimes.com.co\/en\/wp-json\/wp\/v2\/media\/13505"}],"wp:attachment":[{"href":"https:\/\/travelingtimes.com.co\/en\/wp-json\/wp\/v2\/media?parent=13502"}],"wp:term":[{"taxonomy":"product_brand","embeddable":true,"href":"https:\/\/travelingtimes.com.co\/en\/wp-json\/wp\/v2\/product_brand?post=13502"},{"taxonomy":"product_cat","embeddable":true,"href":"https:\/\/travelingtimes.com.co\/en\/wp-json\/wp\/v2\/product_cat?post=13502"},{"taxonomy":"product_tag","embeddable":true,"href":"https:\/\/travelingtimes.com.co\/en\/wp-json\/wp\/v2\/product_tag?post=13502"}],"curies":[{"name":"wp","href":"https:\/\/api.w.org\/{rel}","templated":true}]}}