{"id":13589,"date":"2025-10-03T12:10:09","date_gmt":"2025-10-03T17:10:09","guid":{"rendered":"https:\/\/travelingtimes.com.co\/?post_type=product&#038;p=13589"},"modified":"2025-11-10T14:49:38","modified_gmt":"2025-11-10T19:49:38","slug":"pasadia-playa-tranquila-baru-terrestre","status":"publish","type":"product","link":"https:\/\/travelingtimes.com.co\/en\/product\/pasadia-playa-tranquila-baru-terrestre\/","title":{"rendered":"Pasad\u00eda Bar\u00fa \u2013 Arena blanca y mar cristalino"},"content":{"rendered":"<p>Disfruta de un pasad\u00eda inolvidable en Playa Tranquila, un para\u00edso escondido en Bar\u00fa donde el Caribe despliega toda su belleza. Rel\u00e1jate sobre arenas blancas, sum\u00e9rgete en aguas cristalinas y d\u00e9jate envolver por la tranquilidad que solo este rinc\u00f3n ofrece. Perfecto para desconectarte, compartir en familia o con amigos y recargar energ\u00edas rodeado de naturaleza y buen ambiente.<\/p>\n<p><strong>Plan incluye:<\/strong><\/p>\n<p>\u2022 Transporte ida y regreso en bus o van climatizado.<br \/>\n\u2022 Recogida en hotel o punto de encuentro (Centro de Convenciones \u2013 Juan<br \/>\nValdez).<br \/>\n\u2022 Recorrido panor\u00e1mico y caminata corta hasta la playa.<br \/>\n\u2022 5 horas de playa.<br \/>\n\u2022 Almuerzo t\u00edpico cartagenero (varias opciones).<br \/>\n\u2022 Orientador en espa\u00f1ol y seguro de asistencia.<br \/>\nNo incluye:<br \/>\n\u2022 Gu\u00eda en ingl\u00e9s.<br \/>\n\u2022 Bebidas, snacks, snorkel.<br \/>\n\u2022 Carpas, parasoles ni actividades adicionales.<br \/>\nInfantes (0-2 a\u00f1os) viajan gratis, sin alimentaci\u00f3n.<\/p>\n<p>&nbsp;<\/p>\n<p>Salidas diarias: 8:00 a.m. \u2013 3:00 p.m.<\/p>","protected":false},"excerpt":{"rendered":"<p>Disfruta de un pasad\u00eda inolvidable en Playa Tranquila, un para\u00edso escondido en Bar\u00fa donde el Caribe despliega toda su belleza. Rel\u00e1jate sobre arenas blancas, sum\u00e9rgete en aguas cristalinas y d\u00e9jate envolver por la tranquilidad que solo este rinc\u00f3n ofrece. Perfecto para desconectarte, compartir en familia o con amigos y recargar energ\u00edas rodeado de naturaleza y [&hellip;]<\/p>","protected":false},"featured_media":13634,"comment_status":"open","ping_status":"closed","template":"","meta":{"_monsterinsights_skip_tracking":false,"_monsterinsights_sitenote_active":false,"_monsterinsights_sitenote_note":"","_monsterinsights_sitenote_category":0,"_joinchat":[]},"product_brand":[],"product_cat":[64,79,73],"product_tag":[],"class_list":{"0":"post-13589","1":"product","2":"type-product","3":"status-publish","4":"has-post-thumbnail","6":"product_cat-nacionales-colombia","7":"product_cat-playa-brisa-mar","8":"product_cat-todos","10":"first","11":"instock","12":"shipping-taxable","13":"purchasable","14":"product-type-ovabrw_car_rental"},"aioseo_notices":[],"yoast_head":"<!-- This site is optimized with the Yoast SEO plugin v26.0 - https:\/\/yoast.com\/wordpress\/plugins\/seo\/ -->\n<title>Pasad\u00eda Bar\u00fa \u2013 Arena blanca y mar cristalino - Traveling Times Agencia de viajes<\/title>\n<meta name=\"robots\" content=\"index, follow, max-snippet:-1, max-image-preview:large, max-video-preview:-1\" \/>\n<link rel=\"canonical\" href=\"https:\/\/travelingtimes.com.co\/en\/product\/pasadia-playa-tranquila-baru-terrestre\/\" \/>\n<meta property=\"og:locale\" content=\"en_US\" \/>\n<meta property=\"og:type\" content=\"article\" \/>\n<meta property=\"og:title\" content=\"Pasad\u00eda Bar\u00fa \u2013 Arena blanca y mar cristalino - Traveling Times Agencia de viajes\" \/>\n<meta property=\"og:description\" content=\"Disfruta de un pasad\u00eda inolvidable en Playa Tranquila, un para\u00edso escondido en Bar\u00fa donde el Caribe despliega toda su belleza. Rel\u00e1jate sobre arenas blancas, sum\u00e9rgete en aguas cristalinas y d\u00e9jate envolver por la tranquilidad que solo este rinc\u00f3n ofrece. Perfecto para desconectarte, compartir en familia o con amigos y recargar energ\u00edas rodeado de naturaleza y [&hellip;]\" \/>\n<meta property=\"og:url\" content=\"https:\/\/travelingtimes.com.co\/en\/product\/pasadia-playa-tranquila-baru-terrestre\/\" \/>\n<meta property=\"og:site_name\" content=\"Traveling Times Agencia de viajes\" \/>\n<meta property=\"article:modified_time\" content=\"2025-11-10T19:49:38+00:00\" \/>\n<meta property=\"og:image\" content=\"https:\/\/travelingtimes.com.co\/wp-content\/uploads\/2025\/10\/barur-1024x596.png\" \/>\n\t<meta property=\"og:image:width\" content=\"1024\" \/>\n\t<meta property=\"og:image:height\" content=\"596\" \/>\n\t<meta property=\"og:image:type\" content=\"image\/png\" \/>\n<meta name=\"twitter:card\" content=\"summary_large_image\" \/>\n<meta name=\"twitter:label1\" content=\"Est. reading time\" \/>\n\t<meta name=\"twitter:data1\" content=\"1 minute\" \/>\n<script type=\"application\/ld+json\" class=\"yoast-schema-graph\">{\"@context\":\"https:\/\/schema.org\",\"@graph\":[{\"@type\":\"WebPage\",\"@id\":\"https:\/\/travelingtimes.com.co\/producto\/pasadia-playa-tranquila-baru-terrestre\/\",\"url\":\"https:\/\/travelingtimes.com.co\/producto\/pasadia-playa-tranquila-baru-terrestre\/\",\"name\":\"Pasad\u00eda Bar\u00fa \u2013 Arena blanca y mar cristalino - Traveling Times Agencia de viajes\",\"isPartOf\":{\"@id\":\"https:\/\/travelingtimes.com.co\/en\/#website\"},\"primaryImageOfPage\":{\"@id\":\"https:\/\/travelingtimes.com.co\/producto\/pasadia-playa-tranquila-baru-terrestre\/#primaryimage\"},\"image\":{\"@id\":\"https:\/\/travelingtimes.com.co\/producto\/pasadia-playa-tranquila-baru-terrestre\/#primaryimage\"},\"thumbnailUrl\":\"https:\/\/travelingtimes.com.co\/wp-content\/uploads\/2025\/10\/barur.png\",\"datePublished\":\"2025-10-03T17:10:09+00:00\",\"dateModified\":\"2025-11-10T19:49:38+00:00\",\"breadcrumb\":{\"@id\":\"https:\/\/travelingtimes.com.co\/producto\/pasadia-playa-tranquila-baru-terrestre\/#breadcrumb\"},\"inLanguage\":\"en-US\",\"potentialAction\":[{\"@type\":\"ReadAction\",\"target\":[\"https:\/\/travelingtimes.com.co\/producto\/pasadia-playa-tranquila-baru-terrestre\/\"]}]},{\"@type\":\"ImageObject\",\"inLanguage\":\"en-US\",\"@id\":\"https:\/\/travelingtimes.com.co\/producto\/pasadia-playa-tranquila-baru-terrestre\/#primaryimage\",\"url\":\"https:\/\/travelingtimes.com.co\/wp-content\/uploads\/2025\/10\/barur.png\",\"contentUrl\":\"https:\/\/travelingtimes.com.co\/wp-content\/uploads\/2025\/10\/barur.png\",\"width\":1912,\"height\":1112},{\"@type\":\"BreadcrumbList\",\"@id\":\"https:\/\/travelingtimes.com.co\/producto\/pasadia-playa-tranquila-baru-terrestre\/#breadcrumb\",\"itemListElement\":[{\"@type\":\"ListItem\",\"position\":1,\"name\":\"Inicio\",\"item\":\"https:\/\/travelingtimes.com.co\/en\/\"},{\"@type\":\"ListItem\",\"position\":2,\"name\":\"Products\",\"item\":\"https:\/\/travelingtimes.com.co\/en\/shop\/\"},{\"@type\":\"ListItem\",\"position\":3,\"name\":\"Pasad\u00eda Bar\u00fa \u2013 Arena blanca y mar cristalino\"}]},{\"@type\":\"WebSite\",\"@id\":\"https:\/\/travelingtimes.com.co\/en\/#website\",\"url\":\"https:\/\/travelingtimes.com.co\/en\/\",\"name\":\"Traveling Times Agencia de viajes\",\"description\":\"Agencia de viajes en C\u00facuta\",\"potentialAction\":[{\"@type\":\"SearchAction\",\"target\":{\"@type\":\"EntryPoint\",\"urlTemplate\":\"https:\/\/travelingtimes.com.co\/en\/?s={search_term_string}\"},\"query-input\":{\"@type\":\"PropertyValueSpecification\",\"valueRequired\":true,\"valueName\":\"search_term_string\"}}],\"inLanguage\":\"en-US\"}]}<\/script>\n<!-- \/ Yoast SEO plugin. -->","yoast_head_json":{"title":"Pasad\u00eda Bar\u00fa \u2013 Arena blanca y mar cristalino - Traveling Times Agencia de viajes","robots":{"index":"index","follow":"follow","max-snippet":"max-snippet:-1","max-image-preview":"max-image-preview:large","max-video-preview":"max-video-preview:-1"},"canonical":"https:\/\/travelingtimes.com.co\/en\/product\/pasadia-playa-tranquila-baru-terrestre\/","og_locale":"en_US","og_type":"article","og_title":"Pasad\u00eda Bar\u00fa \u2013 Arena blanca y mar cristalino - Traveling Times Agencia de viajes","og_description":"Disfruta de un pasad\u00eda inolvidable en Playa Tranquila, un para\u00edso escondido en Bar\u00fa donde el Caribe despliega toda su belleza. Rel\u00e1jate sobre arenas blancas, sum\u00e9rgete en aguas cristalinas y d\u00e9jate envolver por la tranquilidad que solo este rinc\u00f3n ofrece. Perfecto para desconectarte, compartir en familia o con amigos y recargar energ\u00edas rodeado de naturaleza y [&hellip;]","og_url":"https:\/\/travelingtimes.com.co\/en\/product\/pasadia-playa-tranquila-baru-terrestre\/","og_site_name":"Traveling Times Agencia de viajes","article_modified_time":"2025-11-10T19:49:38+00:00","og_image":[{"width":1024,"height":596,"url":"https:\/\/travelingtimes.com.co\/wp-content\/uploads\/2025\/10\/barur-1024x596.png","type":"image\/png"}],"twitter_card":"summary_large_image","twitter_misc":{"Est. reading time":"1 minute"},"schema":{"@context":"https:\/\/schema.org","@graph":[{"@type":"WebPage","@id":"https:\/\/travelingtimes.com.co\/producto\/pasadia-playa-tranquila-baru-terrestre\/","url":"https:\/\/travelingtimes.com.co\/producto\/pasadia-playa-tranquila-baru-terrestre\/","name":"Pasad\u00eda Bar\u00fa \u2013 Arena blanca y mar cristalino - Traveling Times Agencia de viajes","isPartOf":{"@id":"https:\/\/travelingtimes.com.co\/en\/#website"},"primaryImageOfPage":{"@id":"https:\/\/travelingtimes.com.co\/producto\/pasadia-playa-tranquila-baru-terrestre\/#primaryimage"},"image":{"@id":"https:\/\/travelingtimes.com.co\/producto\/pasadia-playa-tranquila-baru-terrestre\/#primaryimage"},"thumbnailUrl":"https:\/\/travelingtimes.com.co\/wp-content\/uploads\/2025\/10\/barur.png","datePublished":"2025-10-03T17:10:09+00:00","dateModified":"2025-11-10T19:49:38+00:00","breadcrumb":{"@id":"https:\/\/travelingtimes.com.co\/producto\/pasadia-playa-tranquila-baru-terrestre\/#breadcrumb"},"inLanguage":"en-US","potentialAction":[{"@type":"ReadAction","target":["https:\/\/travelingtimes.com.co\/producto\/pasadia-playa-tranquila-baru-terrestre\/"]}]},{"@type":"ImageObject","inLanguage":"en-US","@id":"https:\/\/travelingtimes.com.co\/producto\/pasadia-playa-tranquila-baru-terrestre\/#primaryimage","url":"https:\/\/travelingtimes.com.co\/wp-content\/uploads\/2025\/10\/barur.png","contentUrl":"https:\/\/travelingtimes.com.co\/wp-content\/uploads\/2025\/10\/barur.png","width":1912,"height":1112},{"@type":"BreadcrumbList","@id":"https:\/\/travelingtimes.com.co\/producto\/pasadia-playa-tranquila-baru-terrestre\/#breadcrumb","itemListElement":[{"@type":"ListItem","position":1,"name":"Inicio","item":"https:\/\/travelingtimes.com.co\/en\/"},{"@type":"ListItem","position":2,"name":"Products","item":"https:\/\/travelingtimes.com.co\/en\/shop\/"},{"@type":"ListItem","position":3,"name":"Pasad\u00eda Bar\u00fa \u2013 Arena blanca y mar cristalino"}]},{"@type":"WebSite","@id":"https:\/\/travelingtimes.com.co\/en\/#website","url":"https:\/\/travelingtimes.com.co\/en\/","name":"Traveling Times Agencia de viajes","description":"Agencia de viajes en C\u00facuta","potentialAction":[{"@type":"SearchAction","target":{"@type":"EntryPoint","urlTemplate":"https:\/\/travelingtimes.com.co\/en\/?s={search_term_string}"},"query-input":{"@type":"PropertyValueSpecification","valueRequired":true,"valueName":"search_term_string"}}],"inLanguage":"en-US"}]}},"_links":{"self":[{"href":"https:\/\/travelingtimes.com.co\/en\/wp-json\/wp\/v2\/product\/13589","targetHints":{"allow":["GET"]}}],"collection":[{"href":"https:\/\/travelingtimes.com.co\/en\/wp-json\/wp\/v2\/product"}],"about":[{"href":"https:\/\/travelingtimes.com.co\/en\/wp-json\/wp\/v2\/types\/product"}],"replies":[{"embeddable":true,"href":"https:\/\/travelingtimes.com.co\/en\/wp-json\/wp\/v2\/comments?post=13589"}],"version-history":[{"count":3,"href":"https:\/\/travelingtimes.com.co\/en\/wp-json\/wp\/v2\/product\/13589\/revisions"}],"predecessor-version":[{"id":14563,"href":"https:\/\/travelingtimes.com.co\/en\/wp-json\/wp\/v2\/product\/13589\/revisions\/14563"}],"wp:featuredmedia":[{"embeddable":true,"href":"https:\/\/travelingtimes.com.co\/en\/wp-json\/wp\/v2\/media\/13634"}],"wp:attachment":[{"href":"https:\/\/travelingtimes.com.co\/en\/wp-json\/wp\/v2\/media?parent=13589"}],"wp:term":[{"taxonomy":"product_brand","embeddable":true,"href":"https:\/\/travelingtimes.com.co\/en\/wp-json\/wp\/v2\/product_brand?post=13589"},{"taxonomy":"product_cat","embeddable":true,"href":"https:\/\/travelingtimes.com.co\/en\/wp-json\/wp\/v2\/product_cat?post=13589"},{"taxonomy":"product_tag","embeddable":true,"href":"https:\/\/travelingtimes.com.co\/en\/wp-json\/wp\/v2\/product_tag?post=13589"}],"curies":[{"name":"wp","href":"https:\/\/api.w.org\/{rel}","templated":true}]}}