{"id":13591,"date":"2025-10-03T12:11:41","date_gmt":"2025-10-03T17:11:41","guid":{"rendered":"https:\/\/travelingtimes.com.co\/?post_type=product&#038;p=13591"},"modified":"2025-11-10T15:01:10","modified_gmt":"2025-11-10T20:01:10","slug":"pasadia-isla-baru-plancton-luminoso-terrestre","status":"publish","type":"product","link":"https:\/\/travelingtimes.com.co\/en\/product\/pasadia-isla-baru-plancton-luminoso-terrestre\/","title":{"rendered":"Pasad\u00eda Isla Bar\u00fa + Plancton Luminoso"},"content":{"rendered":"<p>Disfruta de un d\u00eda completo en Playa Tranquila, donde podr\u00e1s relajarte en sus aguas cristalinas y arenas blancas. M\u00e1s tarde, contempla el espectacular atardecer en Playa Blanca, un escenario perfecto para conectar con la naturaleza. Para cerrar con broche de oro, vive la m\u00e1gica experiencia del plancton luminoso, un fen\u00f3meno natural que ilumina las aguas de Isla Bar\u00fa durante la noche, ofreci\u00e9ndote un espect\u00e1culo \u00fanico e inolvidable bajo las estrellas.<\/p>\n<p><strong>Plan incluye:<\/strong><\/p>\n<p>\u2022 Recogida en el hotel (dependiendo de la zona).<br \/>\n\u2022 Transporte en bus climatizado ida y regreso.<br \/>\n\u2022 D\u00eda en Playa Tranquila Bar\u00fa.<br \/>\n\u2022 Almuerzo t\u00edpico cartagenero (varias opciones).<br \/>\n\u2022 Atardecer en Playa Blanca con silla playera.<br \/>\n\u2022 Charla sobre plancton (20 min) + snack.<br \/>\n\u2022 Transporte en lancha para la actividad.<br \/>\n\u2022 Chalecos salvavidas.<br \/>\n\u2022 Instructor gu\u00eda certificado.<br \/>\n\u2022 Ba\u00f1o de mar nocturno luminoso.<br \/>\n\u2022 Retorno a Cartagena (Torre del Reloj).<br \/>\n\u2022 Seguro de asistencia.<br \/>\nNo incluye:<br \/>\n\u2022 Fotos, videos.<br \/>\n\u2022 Cervezas, sillas, carpas, parasoles.<br \/>\n\u2022 Actividades no especificadas en el plan.<br \/>\nImportante: Esta actividad no es recomendable para ni\u00f1os menores de 8 a\u00f1os. En<br \/>\ncaso de reserva, queda bajo la responsabilidad de sus padres o tutores.<\/p>\n<p>&nbsp;<\/p>\n<p>Salidas diarias: 8:00 a.m. \u2013 8:00 p.m.<\/p>","protected":false},"excerpt":{"rendered":"<p>Disfruta de un d\u00eda completo en Playa Tranquila, donde podr\u00e1s relajarte en sus aguas cristalinas y arenas blancas. M\u00e1s tarde, contempla el espectacular atardecer en Playa Blanca, un escenario perfecto para conectar con la naturaleza. Para cerrar con broche de oro, vive la m\u00e1gica experiencia del plancton luminoso, un fen\u00f3meno natural que ilumina las aguas [&hellip;]<\/p>","protected":false},"featured_media":13634,"comment_status":"open","ping_status":"closed","template":"","meta":{"_monsterinsights_skip_tracking":false,"_monsterinsights_sitenote_active":false,"_monsterinsights_sitenote_note":"","_monsterinsights_sitenote_category":0,"_joinchat":[]},"product_brand":[],"product_cat":[64,79,73],"product_tag":[],"class_list":{"0":"post-13591","1":"product","2":"type-product","3":"status-publish","4":"has-post-thumbnail","6":"product_cat-nacionales-colombia","7":"product_cat-playa-brisa-mar","8":"product_cat-todos","10":"first","11":"instock","12":"shipping-taxable","13":"purchasable","14":"product-type-ovabrw_car_rental"},"aioseo_notices":[],"yoast_head":"<!-- This site is optimized with the Yoast SEO plugin v26.0 - https:\/\/yoast.com\/wordpress\/plugins\/seo\/ -->\n<title>Pasad\u00eda Isla Bar\u00fa + Plancton Luminoso - Traveling Times Agencia de viajes<\/title>\n<meta name=\"robots\" content=\"index, follow, max-snippet:-1, max-image-preview:large, max-video-preview:-1\" \/>\n<link rel=\"canonical\" href=\"https:\/\/travelingtimes.com.co\/en\/product\/pasadia-isla-baru-plancton-luminoso-terrestre\/\" \/>\n<meta property=\"og:locale\" content=\"en_US\" \/>\n<meta property=\"og:type\" content=\"article\" \/>\n<meta property=\"og:title\" content=\"Pasad\u00eda Isla Bar\u00fa + Plancton Luminoso - Traveling Times Agencia de viajes\" \/>\n<meta property=\"og:description\" content=\"Disfruta de un d\u00eda completo en Playa Tranquila, donde podr\u00e1s relajarte en sus aguas cristalinas y arenas blancas. M\u00e1s tarde, contempla el espectacular atardecer en Playa Blanca, un escenario perfecto para conectar con la naturaleza. Para cerrar con broche de oro, vive la m\u00e1gica experiencia del plancton luminoso, un fen\u00f3meno natural que ilumina las aguas [&hellip;]\" \/>\n<meta property=\"og:url\" content=\"https:\/\/travelingtimes.com.co\/en\/product\/pasadia-isla-baru-plancton-luminoso-terrestre\/\" \/>\n<meta property=\"og:site_name\" content=\"Traveling Times Agencia de viajes\" \/>\n<meta property=\"article:modified_time\" content=\"2025-11-10T20:01:10+00:00\" \/>\n<meta property=\"og:image\" content=\"https:\/\/travelingtimes.com.co\/wp-content\/uploads\/2025\/10\/barur-1024x596.png\" \/>\n\t<meta property=\"og:image:width\" content=\"1024\" \/>\n\t<meta property=\"og:image:height\" content=\"596\" \/>\n\t<meta property=\"og:image:type\" content=\"image\/png\" \/>\n<meta name=\"twitter:card\" content=\"summary_large_image\" \/>\n<meta name=\"twitter:label1\" content=\"Est. reading time\" \/>\n\t<meta name=\"twitter:data1\" content=\"2 minutes\" \/>\n<script type=\"application\/ld+json\" class=\"yoast-schema-graph\">{\"@context\":\"https:\/\/schema.org\",\"@graph\":[{\"@type\":\"WebPage\",\"@id\":\"https:\/\/travelingtimes.com.co\/producto\/pasadia-isla-baru-plancton-luminoso-terrestre\/\",\"url\":\"https:\/\/travelingtimes.com.co\/producto\/pasadia-isla-baru-plancton-luminoso-terrestre\/\",\"name\":\"Pasad\u00eda Isla Bar\u00fa + Plancton Luminoso - Traveling Times Agencia de viajes\",\"isPartOf\":{\"@id\":\"https:\/\/travelingtimes.com.co\/en\/#website\"},\"primaryImageOfPage\":{\"@id\":\"https:\/\/travelingtimes.com.co\/producto\/pasadia-isla-baru-plancton-luminoso-terrestre\/#primaryimage\"},\"image\":{\"@id\":\"https:\/\/travelingtimes.com.co\/producto\/pasadia-isla-baru-plancton-luminoso-terrestre\/#primaryimage\"},\"thumbnailUrl\":\"https:\/\/travelingtimes.com.co\/wp-content\/uploads\/2025\/10\/barur.png\",\"datePublished\":\"2025-10-03T17:11:41+00:00\",\"dateModified\":\"2025-11-10T20:01:10+00:00\",\"breadcrumb\":{\"@id\":\"https:\/\/travelingtimes.com.co\/producto\/pasadia-isla-baru-plancton-luminoso-terrestre\/#breadcrumb\"},\"inLanguage\":\"en-US\",\"potentialAction\":[{\"@type\":\"ReadAction\",\"target\":[\"https:\/\/travelingtimes.com.co\/producto\/pasadia-isla-baru-plancton-luminoso-terrestre\/\"]}]},{\"@type\":\"ImageObject\",\"inLanguage\":\"en-US\",\"@id\":\"https:\/\/travelingtimes.com.co\/producto\/pasadia-isla-baru-plancton-luminoso-terrestre\/#primaryimage\",\"url\":\"https:\/\/travelingtimes.com.co\/wp-content\/uploads\/2025\/10\/barur.png\",\"contentUrl\":\"https:\/\/travelingtimes.com.co\/wp-content\/uploads\/2025\/10\/barur.png\",\"width\":1912,\"height\":1112},{\"@type\":\"BreadcrumbList\",\"@id\":\"https:\/\/travelingtimes.com.co\/producto\/pasadia-isla-baru-plancton-luminoso-terrestre\/#breadcrumb\",\"itemListElement\":[{\"@type\":\"ListItem\",\"position\":1,\"name\":\"Inicio\",\"item\":\"https:\/\/travelingtimes.com.co\/en\/\"},{\"@type\":\"ListItem\",\"position\":2,\"name\":\"Products\",\"item\":\"https:\/\/travelingtimes.com.co\/en\/shop\/\"},{\"@type\":\"ListItem\",\"position\":3,\"name\":\"Pasad\u00eda Isla Bar\u00fa + Plancton Luminoso\"}]},{\"@type\":\"WebSite\",\"@id\":\"https:\/\/travelingtimes.com.co\/en\/#website\",\"url\":\"https:\/\/travelingtimes.com.co\/en\/\",\"name\":\"Traveling Times Agencia de viajes\",\"description\":\"Agencia de viajes en C\u00facuta\",\"potentialAction\":[{\"@type\":\"SearchAction\",\"target\":{\"@type\":\"EntryPoint\",\"urlTemplate\":\"https:\/\/travelingtimes.com.co\/en\/?s={search_term_string}\"},\"query-input\":{\"@type\":\"PropertyValueSpecification\",\"valueRequired\":true,\"valueName\":\"search_term_string\"}}],\"inLanguage\":\"en-US\"}]}<\/script>\n<!-- \/ Yoast SEO plugin. -->","yoast_head_json":{"title":"Pasad\u00eda Isla Bar\u00fa + Plancton Luminoso - Traveling Times Agencia de viajes","robots":{"index":"index","follow":"follow","max-snippet":"max-snippet:-1","max-image-preview":"max-image-preview:large","max-video-preview":"max-video-preview:-1"},"canonical":"https:\/\/travelingtimes.com.co\/en\/product\/pasadia-isla-baru-plancton-luminoso-terrestre\/","og_locale":"en_US","og_type":"article","og_title":"Pasad\u00eda Isla Bar\u00fa + Plancton Luminoso - Traveling Times Agencia de viajes","og_description":"Disfruta de un d\u00eda completo en Playa Tranquila, donde podr\u00e1s relajarte en sus aguas cristalinas y arenas blancas. M\u00e1s tarde, contempla el espectacular atardecer en Playa Blanca, un escenario perfecto para conectar con la naturaleza. Para cerrar con broche de oro, vive la m\u00e1gica experiencia del plancton luminoso, un fen\u00f3meno natural que ilumina las aguas [&hellip;]","og_url":"https:\/\/travelingtimes.com.co\/en\/product\/pasadia-isla-baru-plancton-luminoso-terrestre\/","og_site_name":"Traveling Times Agencia de viajes","article_modified_time":"2025-11-10T20:01:10+00:00","og_image":[{"width":1024,"height":596,"url":"https:\/\/travelingtimes.com.co\/wp-content\/uploads\/2025\/10\/barur-1024x596.png","type":"image\/png"}],"twitter_card":"summary_large_image","twitter_misc":{"Est. reading time":"2 minutes"},"schema":{"@context":"https:\/\/schema.org","@graph":[{"@type":"WebPage","@id":"https:\/\/travelingtimes.com.co\/producto\/pasadia-isla-baru-plancton-luminoso-terrestre\/","url":"https:\/\/travelingtimes.com.co\/producto\/pasadia-isla-baru-plancton-luminoso-terrestre\/","name":"Pasad\u00eda Isla Bar\u00fa + Plancton Luminoso - Traveling Times Agencia de viajes","isPartOf":{"@id":"https:\/\/travelingtimes.com.co\/en\/#website"},"primaryImageOfPage":{"@id":"https:\/\/travelingtimes.com.co\/producto\/pasadia-isla-baru-plancton-luminoso-terrestre\/#primaryimage"},"image":{"@id":"https:\/\/travelingtimes.com.co\/producto\/pasadia-isla-baru-plancton-luminoso-terrestre\/#primaryimage"},"thumbnailUrl":"https:\/\/travelingtimes.com.co\/wp-content\/uploads\/2025\/10\/barur.png","datePublished":"2025-10-03T17:11:41+00:00","dateModified":"2025-11-10T20:01:10+00:00","breadcrumb":{"@id":"https:\/\/travelingtimes.com.co\/producto\/pasadia-isla-baru-plancton-luminoso-terrestre\/#breadcrumb"},"inLanguage":"en-US","potentialAction":[{"@type":"ReadAction","target":["https:\/\/travelingtimes.com.co\/producto\/pasadia-isla-baru-plancton-luminoso-terrestre\/"]}]},{"@type":"ImageObject","inLanguage":"en-US","@id":"https:\/\/travelingtimes.com.co\/producto\/pasadia-isla-baru-plancton-luminoso-terrestre\/#primaryimage","url":"https:\/\/travelingtimes.com.co\/wp-content\/uploads\/2025\/10\/barur.png","contentUrl":"https:\/\/travelingtimes.com.co\/wp-content\/uploads\/2025\/10\/barur.png","width":1912,"height":1112},{"@type":"BreadcrumbList","@id":"https:\/\/travelingtimes.com.co\/producto\/pasadia-isla-baru-plancton-luminoso-terrestre\/#breadcrumb","itemListElement":[{"@type":"ListItem","position":1,"name":"Inicio","item":"https:\/\/travelingtimes.com.co\/en\/"},{"@type":"ListItem","position":2,"name":"Products","item":"https:\/\/travelingtimes.com.co\/en\/shop\/"},{"@type":"ListItem","position":3,"name":"Pasad\u00eda Isla Bar\u00fa + Plancton Luminoso"}]},{"@type":"WebSite","@id":"https:\/\/travelingtimes.com.co\/en\/#website","url":"https:\/\/travelingtimes.com.co\/en\/","name":"Traveling Times Agencia de viajes","description":"Agencia de viajes en C\u00facuta","potentialAction":[{"@type":"SearchAction","target":{"@type":"EntryPoint","urlTemplate":"https:\/\/travelingtimes.com.co\/en\/?s={search_term_string}"},"query-input":{"@type":"PropertyValueSpecification","valueRequired":true,"valueName":"search_term_string"}}],"inLanguage":"en-US"}]}},"_links":{"self":[{"href":"https:\/\/travelingtimes.com.co\/en\/wp-json\/wp\/v2\/product\/13591","targetHints":{"allow":["GET"]}}],"collection":[{"href":"https:\/\/travelingtimes.com.co\/en\/wp-json\/wp\/v2\/product"}],"about":[{"href":"https:\/\/travelingtimes.com.co\/en\/wp-json\/wp\/v2\/types\/product"}],"replies":[{"embeddable":true,"href":"https:\/\/travelingtimes.com.co\/en\/wp-json\/wp\/v2\/comments?post=13591"}],"version-history":[{"count":4,"href":"https:\/\/travelingtimes.com.co\/en\/wp-json\/wp\/v2\/product\/13591\/revisions"}],"predecessor-version":[{"id":14566,"href":"https:\/\/travelingtimes.com.co\/en\/wp-json\/wp\/v2\/product\/13591\/revisions\/14566"}],"wp:featuredmedia":[{"embeddable":true,"href":"https:\/\/travelingtimes.com.co\/en\/wp-json\/wp\/v2\/media\/13634"}],"wp:attachment":[{"href":"https:\/\/travelingtimes.com.co\/en\/wp-json\/wp\/v2\/media?parent=13591"}],"wp:term":[{"taxonomy":"product_brand","embeddable":true,"href":"https:\/\/travelingtimes.com.co\/en\/wp-json\/wp\/v2\/product_brand?post=13591"},{"taxonomy":"product_cat","embeddable":true,"href":"https:\/\/travelingtimes.com.co\/en\/wp-json\/wp\/v2\/product_cat?post=13591"},{"taxonomy":"product_tag","embeddable":true,"href":"https:\/\/travelingtimes.com.co\/en\/wp-json\/wp\/v2\/product_tag?post=13591"}],"curies":[{"name":"wp","href":"https:\/\/api.w.org\/{rel}","templated":true}]}}