{"id":13593,"date":"2025-10-03T12:12:58","date_gmt":"2025-10-03T17:12:58","guid":{"rendered":"https:\/\/travelingtimes.com.co\/?post_type=product&#038;p=13593"},"modified":"2025-11-10T15:03:49","modified_gmt":"2025-11-10T20:03:49","slug":"pasadia-islas-del-rosario-playa-tranquila-baru-lancha","status":"publish","type":"product","link":"https:\/\/travelingtimes.com.co\/en\/product\/pasadia-islas-del-rosario-playa-tranquila-baru-lancha\/","title":{"rendered":"Pasad\u00eda Islas del Rosario + Playa Tranquila \u2013 Bar\u00fa (Lancha)"},"content":{"rendered":"<p>Recorre en lancha r\u00e1pida las paradis\u00edacas Islas del Rosario, donde podr\u00e1s elegir entre visitar el Oceanario para conocer su diversidad marina o disfrutar de un refrescante snorkel en sus aguas cristalinas. Luego, rel\u00e1jate y degusta un delicioso almuerzo t\u00edpico en la hermosa Playa Tranquila de Bar\u00fa, un lugar perfecto para conectarte con la naturaleza y disfrutar del mar Caribe en todo su esplendor.<\/p>\n<p><strong>Plan incluye:<\/strong><\/p>\n<p>\u2022 Recogida en el hotel (dependiendo de la zona).<br \/>\n\u2022 Transporte en lancha r\u00e1pida con chalecos salvavidas.<br \/>\n\u2022 Recorrido panor\u00e1mico por las Islas del Rosario.<br \/>\n\u2022 Parada en San Mart\u00edn de Pajarales (Oceanario o snorkel opcional).<br \/>\n\u2022 3 horas de playa en Bar\u00fa.<br \/>\n\u2022 Almuerzo t\u00edpico cartagenero (varias opciones).<br \/>\n\u2022 Orientador.<br \/>\n\u2022 Seguro de asistencia.<br \/>\nNo incluye:<br \/>\n\u2022 Impuesto portuario ($29.000).<br \/>\n\u2022 Ingreso al Oceanario ($40.000).<br \/>\n\u2022 Servicio de snorkel ($50.000).<br \/>\n\u2022 Gu\u00eda en ingl\u00e9s.<br \/>\n\u2022 Retorno al hotel.<br \/>\n\u2022 Cervezas, sillas, carpas, parasoles ni actividades adicionales.<\/p>\n<p>&nbsp;<\/p>\n<p>Salidas diarias: 8:00 a.m. \u2013 3:00 p.m.<\/p>","protected":false},"excerpt":{"rendered":"<p>Recorre en lancha r\u00e1pida las paradis\u00edacas Islas del Rosario, donde podr\u00e1s elegir entre visitar el Oceanario para conocer su diversidad marina o disfrutar de un refrescante snorkel en sus aguas cristalinas. Luego, rel\u00e1jate y degusta un delicioso almuerzo t\u00edpico en la hermosa Playa Tranquila de Bar\u00fa, un lugar perfecto para conectarte con la naturaleza y [&hellip;]<\/p>","protected":false},"featured_media":13640,"comment_status":"open","ping_status":"closed","template":"","meta":{"_monsterinsights_skip_tracking":false,"_monsterinsights_sitenote_active":false,"_monsterinsights_sitenote_note":"","_monsterinsights_sitenote_category":0,"_joinchat":[]},"product_brand":[],"product_cat":[64,79,73],"product_tag":[],"class_list":{"0":"post-13593","1":"product","2":"type-product","3":"status-publish","4":"has-post-thumbnail","6":"product_cat-nacionales-colombia","7":"product_cat-playa-brisa-mar","8":"product_cat-todos","10":"first","11":"instock","12":"shipping-taxable","13":"purchasable","14":"product-type-ovabrw_car_rental"},"aioseo_notices":[],"yoast_head":"<!-- This site is optimized with the Yoast SEO plugin v26.0 - https:\/\/yoast.com\/wordpress\/plugins\/seo\/ -->\n<title>Pasad\u00eda Islas del Rosario + Playa Tranquila \u2013 Bar\u00fa (Lancha) - Traveling Times Agencia de viajes<\/title>\n<meta name=\"robots\" content=\"index, follow, max-snippet:-1, max-image-preview:large, max-video-preview:-1\" \/>\n<link rel=\"canonical\" href=\"https:\/\/travelingtimes.com.co\/en\/product\/pasadia-islas-del-rosario-playa-tranquila-baru-lancha\/\" \/>\n<meta property=\"og:locale\" content=\"en_US\" \/>\n<meta property=\"og:type\" content=\"article\" \/>\n<meta property=\"og:title\" content=\"Pasad\u00eda Islas del Rosario + Playa Tranquila \u2013 Bar\u00fa (Lancha) - Traveling Times Agencia de viajes\" \/>\n<meta property=\"og:description\" content=\"Recorre en lancha r\u00e1pida las paradis\u00edacas Islas del Rosario, donde podr\u00e1s elegir entre visitar el Oceanario para conocer su diversidad marina o disfrutar de un refrescante snorkel en sus aguas cristalinas. Luego, rel\u00e1jate y degusta un delicioso almuerzo t\u00edpico en la hermosa Playa Tranquila de Bar\u00fa, un lugar perfecto para conectarte con la naturaleza y [&hellip;]\" \/>\n<meta property=\"og:url\" content=\"https:\/\/travelingtimes.com.co\/en\/product\/pasadia-islas-del-rosario-playa-tranquila-baru-lancha\/\" \/>\n<meta property=\"og:site_name\" content=\"Traveling Times Agencia de viajes\" \/>\n<meta property=\"article:modified_time\" content=\"2025-11-10T20:03:49+00:00\" \/>\n<meta property=\"og:image\" content=\"https:\/\/travelingtimes.com.co\/wp-content\/uploads\/2025\/10\/isala-del-rosario.png\" \/>\n\t<meta property=\"og:image:width\" content=\"1920\" \/>\n\t<meta property=\"og:image:height\" content=\"1104\" \/>\n\t<meta property=\"og:image:type\" content=\"image\/png\" \/>\n<meta name=\"twitter:card\" content=\"summary_large_image\" \/>\n<meta name=\"twitter:label1\" content=\"Est. reading time\" \/>\n\t<meta name=\"twitter:data1\" content=\"1 minute\" \/>\n<script type=\"application\/ld+json\" class=\"yoast-schema-graph\">{\"@context\":\"https:\/\/schema.org\",\"@graph\":[{\"@type\":\"WebPage\",\"@id\":\"https:\/\/travelingtimes.com.co\/producto\/pasadia-islas-del-rosario-playa-tranquila-baru-lancha\/\",\"url\":\"https:\/\/travelingtimes.com.co\/producto\/pasadia-islas-del-rosario-playa-tranquila-baru-lancha\/\",\"name\":\"Pasad\u00eda Islas del Rosario + Playa Tranquila \u2013 Bar\u00fa (Lancha) - Traveling Times Agencia de viajes\",\"isPartOf\":{\"@id\":\"https:\/\/travelingtimes.com.co\/en\/#website\"},\"primaryImageOfPage\":{\"@id\":\"https:\/\/travelingtimes.com.co\/producto\/pasadia-islas-del-rosario-playa-tranquila-baru-lancha\/#primaryimage\"},\"image\":{\"@id\":\"https:\/\/travelingtimes.com.co\/producto\/pasadia-islas-del-rosario-playa-tranquila-baru-lancha\/#primaryimage\"},\"thumbnailUrl\":\"https:\/\/travelingtimes.com.co\/wp-content\/uploads\/2025\/10\/isala-del-rosario.png\",\"datePublished\":\"2025-10-03T17:12:58+00:00\",\"dateModified\":\"2025-11-10T20:03:49+00:00\",\"breadcrumb\":{\"@id\":\"https:\/\/travelingtimes.com.co\/producto\/pasadia-islas-del-rosario-playa-tranquila-baru-lancha\/#breadcrumb\"},\"inLanguage\":\"en-US\",\"potentialAction\":[{\"@type\":\"ReadAction\",\"target\":[\"https:\/\/travelingtimes.com.co\/producto\/pasadia-islas-del-rosario-playa-tranquila-baru-lancha\/\"]}]},{\"@type\":\"ImageObject\",\"inLanguage\":\"en-US\",\"@id\":\"https:\/\/travelingtimes.com.co\/producto\/pasadia-islas-del-rosario-playa-tranquila-baru-lancha\/#primaryimage\",\"url\":\"https:\/\/travelingtimes.com.co\/wp-content\/uploads\/2025\/10\/isala-del-rosario.png\",\"contentUrl\":\"https:\/\/travelingtimes.com.co\/wp-content\/uploads\/2025\/10\/isala-del-rosario.png\",\"width\":1920,\"height\":1104},{\"@type\":\"BreadcrumbList\",\"@id\":\"https:\/\/travelingtimes.com.co\/producto\/pasadia-islas-del-rosario-playa-tranquila-baru-lancha\/#breadcrumb\",\"itemListElement\":[{\"@type\":\"ListItem\",\"position\":1,\"name\":\"Inicio\",\"item\":\"https:\/\/travelingtimes.com.co\/en\/\"},{\"@type\":\"ListItem\",\"position\":2,\"name\":\"Products\",\"item\":\"https:\/\/travelingtimes.com.co\/en\/shop\/\"},{\"@type\":\"ListItem\",\"position\":3,\"name\":\"Pasad\u00eda Islas del Rosario + Playa Tranquila \u2013 Bar\u00fa (Lancha)\"}]},{\"@type\":\"WebSite\",\"@id\":\"https:\/\/travelingtimes.com.co\/en\/#website\",\"url\":\"https:\/\/travelingtimes.com.co\/en\/\",\"name\":\"Traveling Times Agencia de viajes\",\"description\":\"Agencia de viajes en C\u00facuta\",\"potentialAction\":[{\"@type\":\"SearchAction\",\"target\":{\"@type\":\"EntryPoint\",\"urlTemplate\":\"https:\/\/travelingtimes.com.co\/en\/?s={search_term_string}\"},\"query-input\":{\"@type\":\"PropertyValueSpecification\",\"valueRequired\":true,\"valueName\":\"search_term_string\"}}],\"inLanguage\":\"en-US\"}]}<\/script>\n<!-- \/ Yoast SEO plugin. -->","yoast_head_json":{"title":"Pasad\u00eda Islas del Rosario + Playa Tranquila \u2013 Bar\u00fa (Lancha) - Traveling Times Agencia de viajes","robots":{"index":"index","follow":"follow","max-snippet":"max-snippet:-1","max-image-preview":"max-image-preview:large","max-video-preview":"max-video-preview:-1"},"canonical":"https:\/\/travelingtimes.com.co\/en\/product\/pasadia-islas-del-rosario-playa-tranquila-baru-lancha\/","og_locale":"en_US","og_type":"article","og_title":"Pasad\u00eda Islas del Rosario + Playa Tranquila \u2013 Bar\u00fa (Lancha) - Traveling Times Agencia de viajes","og_description":"Recorre en lancha r\u00e1pida las paradis\u00edacas Islas del Rosario, donde podr\u00e1s elegir entre visitar el Oceanario para conocer su diversidad marina o disfrutar de un refrescante snorkel en sus aguas cristalinas. Luego, rel\u00e1jate y degusta un delicioso almuerzo t\u00edpico en la hermosa Playa Tranquila de Bar\u00fa, un lugar perfecto para conectarte con la naturaleza y [&hellip;]","og_url":"https:\/\/travelingtimes.com.co\/en\/product\/pasadia-islas-del-rosario-playa-tranquila-baru-lancha\/","og_site_name":"Traveling Times Agencia de viajes","article_modified_time":"2025-11-10T20:03:49+00:00","og_image":[{"width":1920,"height":1104,"url":"https:\/\/travelingtimes.com.co\/wp-content\/uploads\/2025\/10\/isala-del-rosario.png","type":"image\/png"}],"twitter_card":"summary_large_image","twitter_misc":{"Est. reading time":"1 minute"},"schema":{"@context":"https:\/\/schema.org","@graph":[{"@type":"WebPage","@id":"https:\/\/travelingtimes.com.co\/producto\/pasadia-islas-del-rosario-playa-tranquila-baru-lancha\/","url":"https:\/\/travelingtimes.com.co\/producto\/pasadia-islas-del-rosario-playa-tranquila-baru-lancha\/","name":"Pasad\u00eda Islas del Rosario + Playa Tranquila \u2013 Bar\u00fa (Lancha) - Traveling Times Agencia de viajes","isPartOf":{"@id":"https:\/\/travelingtimes.com.co\/en\/#website"},"primaryImageOfPage":{"@id":"https:\/\/travelingtimes.com.co\/producto\/pasadia-islas-del-rosario-playa-tranquila-baru-lancha\/#primaryimage"},"image":{"@id":"https:\/\/travelingtimes.com.co\/producto\/pasadia-islas-del-rosario-playa-tranquila-baru-lancha\/#primaryimage"},"thumbnailUrl":"https:\/\/travelingtimes.com.co\/wp-content\/uploads\/2025\/10\/isala-del-rosario.png","datePublished":"2025-10-03T17:12:58+00:00","dateModified":"2025-11-10T20:03:49+00:00","breadcrumb":{"@id":"https:\/\/travelingtimes.com.co\/producto\/pasadia-islas-del-rosario-playa-tranquila-baru-lancha\/#breadcrumb"},"inLanguage":"en-US","potentialAction":[{"@type":"ReadAction","target":["https:\/\/travelingtimes.com.co\/producto\/pasadia-islas-del-rosario-playa-tranquila-baru-lancha\/"]}]},{"@type":"ImageObject","inLanguage":"en-US","@id":"https:\/\/travelingtimes.com.co\/producto\/pasadia-islas-del-rosario-playa-tranquila-baru-lancha\/#primaryimage","url":"https:\/\/travelingtimes.com.co\/wp-content\/uploads\/2025\/10\/isala-del-rosario.png","contentUrl":"https:\/\/travelingtimes.com.co\/wp-content\/uploads\/2025\/10\/isala-del-rosario.png","width":1920,"height":1104},{"@type":"BreadcrumbList","@id":"https:\/\/travelingtimes.com.co\/producto\/pasadia-islas-del-rosario-playa-tranquila-baru-lancha\/#breadcrumb","itemListElement":[{"@type":"ListItem","position":1,"name":"Inicio","item":"https:\/\/travelingtimes.com.co\/en\/"},{"@type":"ListItem","position":2,"name":"Products","item":"https:\/\/travelingtimes.com.co\/en\/shop\/"},{"@type":"ListItem","position":3,"name":"Pasad\u00eda Islas del Rosario + Playa Tranquila \u2013 Bar\u00fa (Lancha)"}]},{"@type":"WebSite","@id":"https:\/\/travelingtimes.com.co\/en\/#website","url":"https:\/\/travelingtimes.com.co\/en\/","name":"Traveling Times Agencia de viajes","description":"Agencia de viajes en C\u00facuta","potentialAction":[{"@type":"SearchAction","target":{"@type":"EntryPoint","urlTemplate":"https:\/\/travelingtimes.com.co\/en\/?s={search_term_string}"},"query-input":{"@type":"PropertyValueSpecification","valueRequired":true,"valueName":"search_term_string"}}],"inLanguage":"en-US"}]}},"_links":{"self":[{"href":"https:\/\/travelingtimes.com.co\/en\/wp-json\/wp\/v2\/product\/13593","targetHints":{"allow":["GET"]}}],"collection":[{"href":"https:\/\/travelingtimes.com.co\/en\/wp-json\/wp\/v2\/product"}],"about":[{"href":"https:\/\/travelingtimes.com.co\/en\/wp-json\/wp\/v2\/types\/product"}],"replies":[{"embeddable":true,"href":"https:\/\/travelingtimes.com.co\/en\/wp-json\/wp\/v2\/comments?post=13593"}],"version-history":[{"count":2,"href":"https:\/\/travelingtimes.com.co\/en\/wp-json\/wp\/v2\/product\/13593\/revisions"}],"predecessor-version":[{"id":14567,"href":"https:\/\/travelingtimes.com.co\/en\/wp-json\/wp\/v2\/product\/13593\/revisions\/14567"}],"wp:featuredmedia":[{"embeddable":true,"href":"https:\/\/travelingtimes.com.co\/en\/wp-json\/wp\/v2\/media\/13640"}],"wp:attachment":[{"href":"https:\/\/travelingtimes.com.co\/en\/wp-json\/wp\/v2\/media?parent=13593"}],"wp:term":[{"taxonomy":"product_brand","embeddable":true,"href":"https:\/\/travelingtimes.com.co\/en\/wp-json\/wp\/v2\/product_brand?post=13593"},{"taxonomy":"product_cat","embeddable":true,"href":"https:\/\/travelingtimes.com.co\/en\/wp-json\/wp\/v2\/product_cat?post=13593"},{"taxonomy":"product_tag","embeddable":true,"href":"https:\/\/travelingtimes.com.co\/en\/wp-json\/wp\/v2\/product_tag?post=13593"}],"curies":[{"name":"wp","href":"https:\/\/api.w.org\/{rel}","templated":true}]}}