{"id":13598,"date":"2025-10-03T12:14:54","date_gmt":"2025-10-03T17:14:54","guid":{"rendered":"https:\/\/travelingtimes.com.co\/?post_type=product&#038;p=13598"},"modified":"2025-11-10T15:16:03","modified_gmt":"2025-11-10T20:16:03","slug":"pasadia-4x1-adventure-islas-plancton-cholon-o-acuario","status":"publish","type":"product","link":"https:\/\/travelingtimes.com.co\/en\/product\/pasadia-4x1-adventure-islas-plancton-cholon-o-acuario\/","title":{"rendered":"Pasad\u00eda 4&#215;1 Adventure + Islas + Plancton (Chol\u00f3n o Acuario)"},"content":{"rendered":"<p>Vive cuatro experiencias inolvidables en un solo d\u00eda: recorre las impresionantes Islas del Rosario, disfruta de la tranquilidad y belleza de Chol\u00f3n o del Acuario, rel\u00e1jate en las aguas cristalinas de Playa Tranquila y finaliza con la m\u00e1gica experiencia del plancton luminoso, un espect\u00e1culo natural que ilumina las noches del Caribe colombiano.<\/p>\n<p><strong>Plan incluye:<\/strong><\/p>\n<p>\u2022 Recogida en el hotel (dependiendo de la zona).<br \/>\n\u2022 Transporte en lancha r\u00e1pida con chalecos salvavidas.<br \/>\n\u2022 Recorrido panor\u00e1mico por las Islas del Rosario.<br \/>\n\u2022 Ingreso al Oceanario con show de delfines (seg\u00fan plan elegido).<br \/>\n\u2022 D\u00eda en Playa Tranquila con 6 horas de playa.<br \/>\n\u2022 Almuerzo t\u00edpico cartagenero (varias opciones).<br \/>\n\u2022 Silla para ver el atardecer en Playa Tranquila.<br \/>\n\u2022 Snack.<br \/>\n\u2022 Charla del plancton + tour en lancha.<br \/>\n\u2022 Ba\u00f1o nocturno con plancton luminoso (30 min).<br \/>\n\u2022 Orientador en espa\u00f1ol.<br \/>\n\u2022 Seguro de asistencia.<br \/>\n\u2022 Retorno en bus a Cartagena.<br \/>\nNo incluye:<br \/>\n\u2022 Impuesto portuario ($29.000).<br \/>\n\u2022 Snorkel ($50.000).<br \/>\n\u2022 Fotos del plancton ($35.000).<br \/>\n\u2022 Gu\u00eda en ingl\u00e9s.<br \/>\n\u2022 Cervezas, sillas, carpas, parasoles ni actividades adicionales.<br \/>\nImportante: Actividad no recomendable para ni\u00f1os menores de 8 a\u00f1os. En caso de<br \/>\nreserva, queda bajo la responsabilidad de sus padres o tutores.<\/p>\n<p>Salidas diarias: 8:00 a.m. \u2013 8:00 p.m.<\/p>\n<p>&nbsp;<\/p>\n<p><strong>NOTA<br \/>\n<\/strong>\u2022 Adultos con Chol\u00f3n: $180.000<br \/>\n\u2022 Adultos con Acuario: $190.000<br \/>\n\u2022 Ni\u00f1os (desde 3 a\u00f1os): $180.000<\/p>","protected":false},"excerpt":{"rendered":"<p>Vive cuatro experiencias inolvidables en un solo d\u00eda: recorre las impresionantes Islas del Rosario, disfruta de la tranquilidad y belleza de Chol\u00f3n o del Acuario, rel\u00e1jate en las aguas cristalinas de Playa Tranquila y finaliza con la m\u00e1gica experiencia del plancton luminoso, un espect\u00e1culo natural que ilumina las noches del Caribe colombiano. Plan incluye: \u2022 [&hellip;]<\/p>","protected":false},"featured_media":13642,"comment_status":"open","ping_status":"closed","template":"","meta":{"_monsterinsights_skip_tracking":false,"_monsterinsights_sitenote_active":false,"_monsterinsights_sitenote_note":"","_monsterinsights_sitenote_category":0,"_joinchat":[]},"product_brand":[],"product_cat":[64,79,73],"product_tag":[],"class_list":{"0":"post-13598","1":"product","2":"type-product","3":"status-publish","4":"has-post-thumbnail","6":"product_cat-nacionales-colombia","7":"product_cat-playa-brisa-mar","8":"product_cat-todos","10":"first","11":"instock","12":"shipping-taxable","13":"purchasable","14":"product-type-ovabrw_car_rental"},"aioseo_notices":[],"yoast_head":"<!-- This site is optimized with the Yoast SEO plugin v26.0 - https:\/\/yoast.com\/wordpress\/plugins\/seo\/ -->\n<title>Pasad\u00eda 4x1 Adventure + Islas + Plancton (Chol\u00f3n o Acuario) - Traveling Times Agencia de viajes<\/title>\n<meta name=\"robots\" content=\"index, follow, max-snippet:-1, max-image-preview:large, max-video-preview:-1\" \/>\n<link rel=\"canonical\" href=\"https:\/\/travelingtimes.com.co\/en\/product\/pasadia-4x1-adventure-islas-plancton-cholon-o-acuario\/\" \/>\n<meta property=\"og:locale\" content=\"en_US\" \/>\n<meta property=\"og:type\" content=\"article\" \/>\n<meta property=\"og:title\" content=\"Pasad\u00eda 4x1 Adventure + Islas + Plancton (Chol\u00f3n o Acuario) - Traveling Times Agencia de viajes\" \/>\n<meta property=\"og:description\" content=\"Vive cuatro experiencias inolvidables en un solo d\u00eda: recorre las impresionantes Islas del Rosario, disfruta de la tranquilidad y belleza de Chol\u00f3n o del Acuario, rel\u00e1jate en las aguas cristalinas de Playa Tranquila y finaliza con la m\u00e1gica experiencia del plancton luminoso, un espect\u00e1culo natural que ilumina las noches del Caribe colombiano. Plan incluye: \u2022 [&hellip;]\" \/>\n<meta property=\"og:url\" content=\"https:\/\/travelingtimes.com.co\/en\/product\/pasadia-4x1-adventure-islas-plancton-cholon-o-acuario\/\" \/>\n<meta property=\"og:site_name\" content=\"Traveling Times Agencia de viajes\" \/>\n<meta property=\"article:modified_time\" content=\"2025-11-10T20:16:03+00:00\" \/>\n<meta property=\"og:image\" content=\"https:\/\/travelingtimes.com.co\/wp-content\/uploads\/2025\/10\/Deldines.png\" \/>\n\t<meta property=\"og:image:width\" content=\"1924\" \/>\n\t<meta property=\"og:image:height\" content=\"1084\" \/>\n\t<meta property=\"og:image:type\" content=\"image\/png\" \/>\n<meta name=\"twitter:card\" content=\"summary_large_image\" \/>\n<meta name=\"twitter:label1\" content=\"Est. reading time\" \/>\n\t<meta name=\"twitter:data1\" content=\"2 minutes\" \/>\n<script type=\"application\/ld+json\" class=\"yoast-schema-graph\">{\"@context\":\"https:\/\/schema.org\",\"@graph\":[{\"@type\":\"WebPage\",\"@id\":\"https:\/\/travelingtimes.com.co\/producto\/pasadia-4x1-adventure-islas-plancton-cholon-o-acuario\/\",\"url\":\"https:\/\/travelingtimes.com.co\/producto\/pasadia-4x1-adventure-islas-plancton-cholon-o-acuario\/\",\"name\":\"Pasad\u00eda 4x1 Adventure + Islas + Plancton (Chol\u00f3n o Acuario) - Traveling Times Agencia de viajes\",\"isPartOf\":{\"@id\":\"https:\/\/travelingtimes.com.co\/en\/#website\"},\"primaryImageOfPage\":{\"@id\":\"https:\/\/travelingtimes.com.co\/producto\/pasadia-4x1-adventure-islas-plancton-cholon-o-acuario\/#primaryimage\"},\"image\":{\"@id\":\"https:\/\/travelingtimes.com.co\/producto\/pasadia-4x1-adventure-islas-plancton-cholon-o-acuario\/#primaryimage\"},\"thumbnailUrl\":\"https:\/\/travelingtimes.com.co\/wp-content\/uploads\/2025\/10\/Deldines.png\",\"datePublished\":\"2025-10-03T17:14:54+00:00\",\"dateModified\":\"2025-11-10T20:16:03+00:00\",\"breadcrumb\":{\"@id\":\"https:\/\/travelingtimes.com.co\/producto\/pasadia-4x1-adventure-islas-plancton-cholon-o-acuario\/#breadcrumb\"},\"inLanguage\":\"en-US\",\"potentialAction\":[{\"@type\":\"ReadAction\",\"target\":[\"https:\/\/travelingtimes.com.co\/producto\/pasadia-4x1-adventure-islas-plancton-cholon-o-acuario\/\"]}]},{\"@type\":\"ImageObject\",\"inLanguage\":\"en-US\",\"@id\":\"https:\/\/travelingtimes.com.co\/producto\/pasadia-4x1-adventure-islas-plancton-cholon-o-acuario\/#primaryimage\",\"url\":\"https:\/\/travelingtimes.com.co\/wp-content\/uploads\/2025\/10\/Deldines.png\",\"contentUrl\":\"https:\/\/travelingtimes.com.co\/wp-content\/uploads\/2025\/10\/Deldines.png\",\"width\":1924,\"height\":1084},{\"@type\":\"BreadcrumbList\",\"@id\":\"https:\/\/travelingtimes.com.co\/producto\/pasadia-4x1-adventure-islas-plancton-cholon-o-acuario\/#breadcrumb\",\"itemListElement\":[{\"@type\":\"ListItem\",\"position\":1,\"name\":\"Inicio\",\"item\":\"https:\/\/travelingtimes.com.co\/en\/\"},{\"@type\":\"ListItem\",\"position\":2,\"name\":\"Products\",\"item\":\"https:\/\/travelingtimes.com.co\/en\/shop\/\"},{\"@type\":\"ListItem\",\"position\":3,\"name\":\"Pasad\u00eda 4&#215;1 Adventure + Islas + Plancton (Chol\u00f3n o Acuario)\"}]},{\"@type\":\"WebSite\",\"@id\":\"https:\/\/travelingtimes.com.co\/en\/#website\",\"url\":\"https:\/\/travelingtimes.com.co\/en\/\",\"name\":\"Traveling Times Agencia de viajes\",\"description\":\"Agencia de viajes en C\u00facuta\",\"potentialAction\":[{\"@type\":\"SearchAction\",\"target\":{\"@type\":\"EntryPoint\",\"urlTemplate\":\"https:\/\/travelingtimes.com.co\/en\/?s={search_term_string}\"},\"query-input\":{\"@type\":\"PropertyValueSpecification\",\"valueRequired\":true,\"valueName\":\"search_term_string\"}}],\"inLanguage\":\"en-US\"}]}<\/script>\n<!-- \/ Yoast SEO plugin. -->","yoast_head_json":{"title":"Pasad\u00eda 4x1 Adventure + Islas + Plancton (Chol\u00f3n o Acuario) - Traveling Times Agencia de viajes","robots":{"index":"index","follow":"follow","max-snippet":"max-snippet:-1","max-image-preview":"max-image-preview:large","max-video-preview":"max-video-preview:-1"},"canonical":"https:\/\/travelingtimes.com.co\/en\/product\/pasadia-4x1-adventure-islas-plancton-cholon-o-acuario\/","og_locale":"en_US","og_type":"article","og_title":"Pasad\u00eda 4x1 Adventure + Islas + Plancton (Chol\u00f3n o Acuario) - Traveling Times Agencia de viajes","og_description":"Vive cuatro experiencias inolvidables en un solo d\u00eda: recorre las impresionantes Islas del Rosario, disfruta de la tranquilidad y belleza de Chol\u00f3n o del Acuario, rel\u00e1jate en las aguas cristalinas de Playa Tranquila y finaliza con la m\u00e1gica experiencia del plancton luminoso, un espect\u00e1culo natural que ilumina las noches del Caribe colombiano. Plan incluye: \u2022 [&hellip;]","og_url":"https:\/\/travelingtimes.com.co\/en\/product\/pasadia-4x1-adventure-islas-plancton-cholon-o-acuario\/","og_site_name":"Traveling Times Agencia de viajes","article_modified_time":"2025-11-10T20:16:03+00:00","og_image":[{"width":1924,"height":1084,"url":"https:\/\/travelingtimes.com.co\/wp-content\/uploads\/2025\/10\/Deldines.png","type":"image\/png"}],"twitter_card":"summary_large_image","twitter_misc":{"Est. reading time":"2 minutes"},"schema":{"@context":"https:\/\/schema.org","@graph":[{"@type":"WebPage","@id":"https:\/\/travelingtimes.com.co\/producto\/pasadia-4x1-adventure-islas-plancton-cholon-o-acuario\/","url":"https:\/\/travelingtimes.com.co\/producto\/pasadia-4x1-adventure-islas-plancton-cholon-o-acuario\/","name":"Pasad\u00eda 4x1 Adventure + Islas + Plancton (Chol\u00f3n o Acuario) - Traveling Times Agencia de viajes","isPartOf":{"@id":"https:\/\/travelingtimes.com.co\/en\/#website"},"primaryImageOfPage":{"@id":"https:\/\/travelingtimes.com.co\/producto\/pasadia-4x1-adventure-islas-plancton-cholon-o-acuario\/#primaryimage"},"image":{"@id":"https:\/\/travelingtimes.com.co\/producto\/pasadia-4x1-adventure-islas-plancton-cholon-o-acuario\/#primaryimage"},"thumbnailUrl":"https:\/\/travelingtimes.com.co\/wp-content\/uploads\/2025\/10\/Deldines.png","datePublished":"2025-10-03T17:14:54+00:00","dateModified":"2025-11-10T20:16:03+00:00","breadcrumb":{"@id":"https:\/\/travelingtimes.com.co\/producto\/pasadia-4x1-adventure-islas-plancton-cholon-o-acuario\/#breadcrumb"},"inLanguage":"en-US","potentialAction":[{"@type":"ReadAction","target":["https:\/\/travelingtimes.com.co\/producto\/pasadia-4x1-adventure-islas-plancton-cholon-o-acuario\/"]}]},{"@type":"ImageObject","inLanguage":"en-US","@id":"https:\/\/travelingtimes.com.co\/producto\/pasadia-4x1-adventure-islas-plancton-cholon-o-acuario\/#primaryimage","url":"https:\/\/travelingtimes.com.co\/wp-content\/uploads\/2025\/10\/Deldines.png","contentUrl":"https:\/\/travelingtimes.com.co\/wp-content\/uploads\/2025\/10\/Deldines.png","width":1924,"height":1084},{"@type":"BreadcrumbList","@id":"https:\/\/travelingtimes.com.co\/producto\/pasadia-4x1-adventure-islas-plancton-cholon-o-acuario\/#breadcrumb","itemListElement":[{"@type":"ListItem","position":1,"name":"Inicio","item":"https:\/\/travelingtimes.com.co\/en\/"},{"@type":"ListItem","position":2,"name":"Products","item":"https:\/\/travelingtimes.com.co\/en\/shop\/"},{"@type":"ListItem","position":3,"name":"Pasad\u00eda 4&#215;1 Adventure + Islas + Plancton (Chol\u00f3n o Acuario)"}]},{"@type":"WebSite","@id":"https:\/\/travelingtimes.com.co\/en\/#website","url":"https:\/\/travelingtimes.com.co\/en\/","name":"Traveling Times Agencia de viajes","description":"Agencia de viajes en C\u00facuta","potentialAction":[{"@type":"SearchAction","target":{"@type":"EntryPoint","urlTemplate":"https:\/\/travelingtimes.com.co\/en\/?s={search_term_string}"},"query-input":{"@type":"PropertyValueSpecification","valueRequired":true,"valueName":"search_term_string"}}],"inLanguage":"en-US"}]}},"_links":{"self":[{"href":"https:\/\/travelingtimes.com.co\/en\/wp-json\/wp\/v2\/product\/13598","targetHints":{"allow":["GET"]}}],"collection":[{"href":"https:\/\/travelingtimes.com.co\/en\/wp-json\/wp\/v2\/product"}],"about":[{"href":"https:\/\/travelingtimes.com.co\/en\/wp-json\/wp\/v2\/types\/product"}],"replies":[{"embeddable":true,"href":"https:\/\/travelingtimes.com.co\/en\/wp-json\/wp\/v2\/comments?post=13598"}],"version-history":[{"count":3,"href":"https:\/\/travelingtimes.com.co\/en\/wp-json\/wp\/v2\/product\/13598\/revisions"}],"predecessor-version":[{"id":14571,"href":"https:\/\/travelingtimes.com.co\/en\/wp-json\/wp\/v2\/product\/13598\/revisions\/14571"}],"wp:featuredmedia":[{"embeddable":true,"href":"https:\/\/travelingtimes.com.co\/en\/wp-json\/wp\/v2\/media\/13642"}],"wp:attachment":[{"href":"https:\/\/travelingtimes.com.co\/en\/wp-json\/wp\/v2\/media?parent=13598"}],"wp:term":[{"taxonomy":"product_brand","embeddable":true,"href":"https:\/\/travelingtimes.com.co\/en\/wp-json\/wp\/v2\/product_brand?post=13598"},{"taxonomy":"product_cat","embeddable":true,"href":"https:\/\/travelingtimes.com.co\/en\/wp-json\/wp\/v2\/product_cat?post=13598"},{"taxonomy":"product_tag","embeddable":true,"href":"https:\/\/travelingtimes.com.co\/en\/wp-json\/wp\/v2\/product_tag?post=13598"}],"curies":[{"name":"wp","href":"https:\/\/api.w.org\/{rel}","templated":true}]}}