{"id":13601,"date":"2025-10-03T12:16:02","date_gmt":"2025-10-03T17:16:02","guid":{"rendered":"https:\/\/travelingtimes.com.co\/?post_type=product&#038;p=13601"},"modified":"2025-11-10T15:23:53","modified_gmt":"2025-11-10T20:23:53","slug":"pasadia-isla-mucura-santa-cruz-del-islote-bus-lancha","status":"publish","type":"product","link":"https:\/\/travelingtimes.com.co\/en\/product\/pasadia-isla-mucura-santa-cruz-del-islote-bus-lancha\/","title":{"rendered":"Pasad\u00eda Perfecto: M\u00facura y Santa Cruz en Bus y Lancha"},"content":{"rendered":"<p>Descubre las paradis\u00edacas playas de Isla M\u00facura, un verdadero para\u00edso caribe\u00f1o de aguas turquesas y arenas blancas. Adem\u00e1s, sum\u00e9rgete en la cultura \u00fanica de Santa Cruz del Islote, la isla m\u00e1s densamente poblada del mundo, donde la calidez de su gente y sus tradiciones te sorprender\u00e1n. Este tour incluye transporte terrestre y mar\u00edtimo para que vivas una experiencia completa y sin preocupaciones en uno de los destinos m\u00e1s fascinantes del Caribe colombiano.<\/p>\n<p><strong>Plan incluye:<\/strong><\/p>\n<p>\u2022 Recogida y regreso al hotel (seg\u00fan zona).<br \/>\n\u2022 Transporte en bus o van climatizada (2 horas).<br \/>\n\u2022 Desayuno t\u00edpico (2 opciones a elegir).<br \/>\n\u2022 Transporte en lancha r\u00e1pida (40 min).<br \/>\n\u2022 Visita a Santa Cruz del Islote (opcional recorrido y ba\u00f1o con tiburones \u2013<br \/>\n$10.000).<br \/>\n\u2022 D\u00eda en Isla M\u00facura con ba\u00f1o de mar en playas de arena blanca y aguas<br \/>\ncristalinas.<br \/>\n\u2022 Almuerzo t\u00edpico (pescado o pollo con arroz, patacones, ensalada y jugo).<br \/>\n\u2022 Seguro de asistencia.<br \/>\n\u2022 Gu\u00eda en espa\u00f1ol.<br \/>\nNo incluye:<br \/>\n\u2022 Ingreso a Santa Cruz del Islote ($10.000).<br \/>\n\u2022 Sillas en Isla M\u00facura.<br \/>\n\u2022 Actividades no especificadas en el plan.<br \/>\nInfantes (0-2 a\u00f1os) viajan cargados en la embarcaci\u00f3n bajo la responsabilidad de sus<br \/>\npadres o tutores, sin alimentaci\u00f3n.<\/p>\n<p>Salidas: Mi\u00e9rcoles y s\u00e1bados \u2013 5:30 a.m. \u2013 2:00 p.m.<\/p>","protected":false},"excerpt":{"rendered":"<p>Descubre las paradis\u00edacas playas de Isla M\u00facura, un verdadero para\u00edso caribe\u00f1o de aguas turquesas y arenas blancas. Adem\u00e1s, sum\u00e9rgete en la cultura \u00fanica de Santa Cruz del Islote, la isla m\u00e1s densamente poblada del mundo, donde la calidez de su gente y sus tradiciones te sorprender\u00e1n. Este tour incluye transporte terrestre y mar\u00edtimo para que [&hellip;]<\/p>","protected":false},"featured_media":13652,"comment_status":"open","ping_status":"closed","template":"","meta":{"_monsterinsights_skip_tracking":false,"_monsterinsights_sitenote_active":false,"_monsterinsights_sitenote_note":"","_monsterinsights_sitenote_category":0,"_joinchat":[]},"product_brand":[],"product_cat":[64,79,73],"product_tag":[],"class_list":{"0":"post-13601","1":"product","2":"type-product","3":"status-publish","4":"has-post-thumbnail","6":"product_cat-nacionales-colombia","7":"product_cat-playa-brisa-mar","8":"product_cat-todos","10":"first","11":"instock","12":"shipping-taxable","13":"purchasable","14":"product-type-ovabrw_car_rental"},"aioseo_notices":[],"yoast_head":"<!-- This site is optimized with the Yoast SEO plugin v26.0 - https:\/\/yoast.com\/wordpress\/plugins\/seo\/ -->\n<title>Pasad\u00eda Perfecto: M\u00facura y Santa Cruz en Bus y Lancha - Traveling Times Agencia de viajes<\/title>\n<meta name=\"robots\" content=\"index, follow, max-snippet:-1, max-image-preview:large, max-video-preview:-1\" \/>\n<link rel=\"canonical\" href=\"https:\/\/travelingtimes.com.co\/en\/product\/pasadia-isla-mucura-santa-cruz-del-islote-bus-lancha\/\" \/>\n<meta property=\"og:locale\" content=\"en_US\" \/>\n<meta property=\"og:type\" content=\"article\" \/>\n<meta property=\"og:title\" content=\"Pasad\u00eda Perfecto: M\u00facura y Santa Cruz en Bus y Lancha - Traveling Times Agencia de viajes\" \/>\n<meta property=\"og:description\" content=\"Descubre las paradis\u00edacas playas de Isla M\u00facura, un verdadero para\u00edso caribe\u00f1o de aguas turquesas y arenas blancas. Adem\u00e1s, sum\u00e9rgete en la cultura \u00fanica de Santa Cruz del Islote, la isla m\u00e1s densamente poblada del mundo, donde la calidez de su gente y sus tradiciones te sorprender\u00e1n. Este tour incluye transporte terrestre y mar\u00edtimo para que [&hellip;]\" \/>\n<meta property=\"og:url\" content=\"https:\/\/travelingtimes.com.co\/en\/product\/pasadia-isla-mucura-santa-cruz-del-islote-bus-lancha\/\" \/>\n<meta property=\"og:site_name\" content=\"Traveling Times Agencia de viajes\" \/>\n<meta property=\"article:modified_time\" content=\"2025-11-10T20:23:53+00:00\" \/>\n<meta property=\"og:image\" content=\"https:\/\/travelingtimes.com.co\/wp-content\/uploads\/2025\/10\/Santa-Cruz1-1024x577.png\" \/>\n\t<meta property=\"og:image:width\" content=\"1024\" \/>\n\t<meta property=\"og:image:height\" content=\"577\" \/>\n\t<meta property=\"og:image:type\" content=\"image\/png\" \/>\n<meta name=\"twitter:card\" content=\"summary_large_image\" \/>\n<meta name=\"twitter:label1\" content=\"Est. reading time\" \/>\n\t<meta name=\"twitter:data1\" content=\"2 minutes\" \/>\n<script type=\"application\/ld+json\" class=\"yoast-schema-graph\">{\"@context\":\"https:\/\/schema.org\",\"@graph\":[{\"@type\":\"WebPage\",\"@id\":\"https:\/\/travelingtimes.com.co\/producto\/pasadia-isla-mucura-santa-cruz-del-islote-bus-lancha\/\",\"url\":\"https:\/\/travelingtimes.com.co\/producto\/pasadia-isla-mucura-santa-cruz-del-islote-bus-lancha\/\",\"name\":\"Pasad\u00eda Perfecto: M\u00facura y Santa Cruz en Bus y Lancha - Traveling Times Agencia de viajes\",\"isPartOf\":{\"@id\":\"https:\/\/travelingtimes.com.co\/en\/#website\"},\"primaryImageOfPage\":{\"@id\":\"https:\/\/travelingtimes.com.co\/producto\/pasadia-isla-mucura-santa-cruz-del-islote-bus-lancha\/#primaryimage\"},\"image\":{\"@id\":\"https:\/\/travelingtimes.com.co\/producto\/pasadia-isla-mucura-santa-cruz-del-islote-bus-lancha\/#primaryimage\"},\"thumbnailUrl\":\"https:\/\/travelingtimes.com.co\/wp-content\/uploads\/2025\/10\/Santa-Cruz1.png\",\"datePublished\":\"2025-10-03T17:16:02+00:00\",\"dateModified\":\"2025-11-10T20:23:53+00:00\",\"breadcrumb\":{\"@id\":\"https:\/\/travelingtimes.com.co\/producto\/pasadia-isla-mucura-santa-cruz-del-islote-bus-lancha\/#breadcrumb\"},\"inLanguage\":\"en-US\",\"potentialAction\":[{\"@type\":\"ReadAction\",\"target\":[\"https:\/\/travelingtimes.com.co\/producto\/pasadia-isla-mucura-santa-cruz-del-islote-bus-lancha\/\"]}]},{\"@type\":\"ImageObject\",\"inLanguage\":\"en-US\",\"@id\":\"https:\/\/travelingtimes.com.co\/producto\/pasadia-isla-mucura-santa-cruz-del-islote-bus-lancha\/#primaryimage\",\"url\":\"https:\/\/travelingtimes.com.co\/wp-content\/uploads\/2025\/10\/Santa-Cruz1.png\",\"contentUrl\":\"https:\/\/travelingtimes.com.co\/wp-content\/uploads\/2025\/10\/Santa-Cruz1.png\",\"width\":1924,\"height\":1084},{\"@type\":\"BreadcrumbList\",\"@id\":\"https:\/\/travelingtimes.com.co\/producto\/pasadia-isla-mucura-santa-cruz-del-islote-bus-lancha\/#breadcrumb\",\"itemListElement\":[{\"@type\":\"ListItem\",\"position\":1,\"name\":\"Inicio\",\"item\":\"https:\/\/travelingtimes.com.co\/en\/\"},{\"@type\":\"ListItem\",\"position\":2,\"name\":\"Products\",\"item\":\"https:\/\/travelingtimes.com.co\/en\/shop\/\"},{\"@type\":\"ListItem\",\"position\":3,\"name\":\"Pasad\u00eda Perfecto: M\u00facura y Santa Cruz en Bus y Lancha\"}]},{\"@type\":\"WebSite\",\"@id\":\"https:\/\/travelingtimes.com.co\/en\/#website\",\"url\":\"https:\/\/travelingtimes.com.co\/en\/\",\"name\":\"Traveling Times Agencia de viajes\",\"description\":\"Agencia de viajes en C\u00facuta\",\"potentialAction\":[{\"@type\":\"SearchAction\",\"target\":{\"@type\":\"EntryPoint\",\"urlTemplate\":\"https:\/\/travelingtimes.com.co\/en\/?s={search_term_string}\"},\"query-input\":{\"@type\":\"PropertyValueSpecification\",\"valueRequired\":true,\"valueName\":\"search_term_string\"}}],\"inLanguage\":\"en-US\"}]}<\/script>\n<!-- \/ Yoast SEO plugin. -->","yoast_head_json":{"title":"Pasad\u00eda Perfecto: M\u00facura y Santa Cruz en Bus y Lancha - Traveling Times Agencia de viajes","robots":{"index":"index","follow":"follow","max-snippet":"max-snippet:-1","max-image-preview":"max-image-preview:large","max-video-preview":"max-video-preview:-1"},"canonical":"https:\/\/travelingtimes.com.co\/en\/product\/pasadia-isla-mucura-santa-cruz-del-islote-bus-lancha\/","og_locale":"en_US","og_type":"article","og_title":"Pasad\u00eda Perfecto: M\u00facura y Santa Cruz en Bus y Lancha - Traveling Times Agencia de viajes","og_description":"Descubre las paradis\u00edacas playas de Isla M\u00facura, un verdadero para\u00edso caribe\u00f1o de aguas turquesas y arenas blancas. Adem\u00e1s, sum\u00e9rgete en la cultura \u00fanica de Santa Cruz del Islote, la isla m\u00e1s densamente poblada del mundo, donde la calidez de su gente y sus tradiciones te sorprender\u00e1n. Este tour incluye transporte terrestre y mar\u00edtimo para que [&hellip;]","og_url":"https:\/\/travelingtimes.com.co\/en\/product\/pasadia-isla-mucura-santa-cruz-del-islote-bus-lancha\/","og_site_name":"Traveling Times Agencia de viajes","article_modified_time":"2025-11-10T20:23:53+00:00","og_image":[{"width":1024,"height":577,"url":"https:\/\/travelingtimes.com.co\/wp-content\/uploads\/2025\/10\/Santa-Cruz1-1024x577.png","type":"image\/png"}],"twitter_card":"summary_large_image","twitter_misc":{"Est. reading time":"2 minutes"},"schema":{"@context":"https:\/\/schema.org","@graph":[{"@type":"WebPage","@id":"https:\/\/travelingtimes.com.co\/producto\/pasadia-isla-mucura-santa-cruz-del-islote-bus-lancha\/","url":"https:\/\/travelingtimes.com.co\/producto\/pasadia-isla-mucura-santa-cruz-del-islote-bus-lancha\/","name":"Pasad\u00eda Perfecto: M\u00facura y Santa Cruz en Bus y Lancha - Traveling Times Agencia de viajes","isPartOf":{"@id":"https:\/\/travelingtimes.com.co\/en\/#website"},"primaryImageOfPage":{"@id":"https:\/\/travelingtimes.com.co\/producto\/pasadia-isla-mucura-santa-cruz-del-islote-bus-lancha\/#primaryimage"},"image":{"@id":"https:\/\/travelingtimes.com.co\/producto\/pasadia-isla-mucura-santa-cruz-del-islote-bus-lancha\/#primaryimage"},"thumbnailUrl":"https:\/\/travelingtimes.com.co\/wp-content\/uploads\/2025\/10\/Santa-Cruz1.png","datePublished":"2025-10-03T17:16:02+00:00","dateModified":"2025-11-10T20:23:53+00:00","breadcrumb":{"@id":"https:\/\/travelingtimes.com.co\/producto\/pasadia-isla-mucura-santa-cruz-del-islote-bus-lancha\/#breadcrumb"},"inLanguage":"en-US","potentialAction":[{"@type":"ReadAction","target":["https:\/\/travelingtimes.com.co\/producto\/pasadia-isla-mucura-santa-cruz-del-islote-bus-lancha\/"]}]},{"@type":"ImageObject","inLanguage":"en-US","@id":"https:\/\/travelingtimes.com.co\/producto\/pasadia-isla-mucura-santa-cruz-del-islote-bus-lancha\/#primaryimage","url":"https:\/\/travelingtimes.com.co\/wp-content\/uploads\/2025\/10\/Santa-Cruz1.png","contentUrl":"https:\/\/travelingtimes.com.co\/wp-content\/uploads\/2025\/10\/Santa-Cruz1.png","width":1924,"height":1084},{"@type":"BreadcrumbList","@id":"https:\/\/travelingtimes.com.co\/producto\/pasadia-isla-mucura-santa-cruz-del-islote-bus-lancha\/#breadcrumb","itemListElement":[{"@type":"ListItem","position":1,"name":"Inicio","item":"https:\/\/travelingtimes.com.co\/en\/"},{"@type":"ListItem","position":2,"name":"Products","item":"https:\/\/travelingtimes.com.co\/en\/shop\/"},{"@type":"ListItem","position":3,"name":"Pasad\u00eda Perfecto: M\u00facura y Santa Cruz en Bus y Lancha"}]},{"@type":"WebSite","@id":"https:\/\/travelingtimes.com.co\/en\/#website","url":"https:\/\/travelingtimes.com.co\/en\/","name":"Traveling Times Agencia de viajes","description":"Agencia de viajes en C\u00facuta","potentialAction":[{"@type":"SearchAction","target":{"@type":"EntryPoint","urlTemplate":"https:\/\/travelingtimes.com.co\/en\/?s={search_term_string}"},"query-input":{"@type":"PropertyValueSpecification","valueRequired":true,"valueName":"search_term_string"}}],"inLanguage":"en-US"}]}},"_links":{"self":[{"href":"https:\/\/travelingtimes.com.co\/en\/wp-json\/wp\/v2\/product\/13601","targetHints":{"allow":["GET"]}}],"collection":[{"href":"https:\/\/travelingtimes.com.co\/en\/wp-json\/wp\/v2\/product"}],"about":[{"href":"https:\/\/travelingtimes.com.co\/en\/wp-json\/wp\/v2\/types\/product"}],"replies":[{"embeddable":true,"href":"https:\/\/travelingtimes.com.co\/en\/wp-json\/wp\/v2\/comments?post=13601"}],"version-history":[{"count":4,"href":"https:\/\/travelingtimes.com.co\/en\/wp-json\/wp\/v2\/product\/13601\/revisions"}],"predecessor-version":[{"id":14577,"href":"https:\/\/travelingtimes.com.co\/en\/wp-json\/wp\/v2\/product\/13601\/revisions\/14577"}],"wp:featuredmedia":[{"embeddable":true,"href":"https:\/\/travelingtimes.com.co\/en\/wp-json\/wp\/v2\/media\/13652"}],"wp:attachment":[{"href":"https:\/\/travelingtimes.com.co\/en\/wp-json\/wp\/v2\/media?parent=13601"}],"wp:term":[{"taxonomy":"product_brand","embeddable":true,"href":"https:\/\/travelingtimes.com.co\/en\/wp-json\/wp\/v2\/product_brand?post=13601"},{"taxonomy":"product_cat","embeddable":true,"href":"https:\/\/travelingtimes.com.co\/en\/wp-json\/wp\/v2\/product_cat?post=13601"},{"taxonomy":"product_tag","embeddable":true,"href":"https:\/\/travelingtimes.com.co\/en\/wp-json\/wp\/v2\/product_tag?post=13601"}],"curies":[{"name":"wp","href":"https:\/\/api.w.org\/{rel}","templated":true}]}}