{"id":13605,"date":"2025-10-03T12:18:29","date_gmt":"2025-10-03T17:18:29","guid":{"rendered":"https:\/\/travelingtimes.com.co\/?post_type=product&#038;p=13605"},"modified":"2025-11-10T15:29:28","modified_gmt":"2025-11-10T20:29:28","slug":"pasadia-barranquilla-santa-marta-1-dia","status":"publish","type":"product","link":"https:\/\/travelingtimes.com.co\/en\/product\/pasadia-barranquilla-santa-marta-1-dia\/","title":{"rendered":"Un d\u00eda \u00fanico: Barranquilla y Santa Marta"},"content":{"rendered":"<p>Conoce lo mejor de Barranquilla y Santa Marta en un solo d\u00eda, recorriendo sus principales atractivos culturales, hist\u00f3ricos y tur\u00edsticos. Disfruta de monumentos emblem\u00e1ticos, aprende sobre las tradiciones locales y rel\u00e1jate en las hermosas playas caribe\u00f1as. Un pasad\u00eda ideal para vivir la esencia del Caribe colombiano en tiempo r\u00e9cord.<\/p>\n<p><strong>Plan incluye:<\/strong><\/p>\n<p>\u2022 Recogida en el hotel (desde las 4:30 a.m.) y transporte en bus o van climatizado<br \/>\n(13, 23 o 40 puestos).<br \/>\n\u2022 Recorrido panor\u00e1mico por Barranquilla: letras, Malec\u00f3n del R\u00edo, Ventana al<br \/>\nMundo, monumento a Shakira y Aleta del Tibur\u00f3n.<br \/>\n\u2022 Traslado a Santa Marta (llegada 11:30 a.m.): city tour con paradas en el<br \/>\nMonumento al Pibe Valderrama, letras de Santa Marta, centro hist\u00f3rico y tiendas<br \/>\nartesanales.<br \/>\n\u2022 3 horas de playa en El Rodadero.<br \/>\n\u2022 Almuerzo t\u00edpico samario (pescado, pollo o vegetariano con arroz con coco,<br \/>\npatac\u00f3n, ensalada y limonada).<br \/>\n\u2022 Orientador en espa\u00f1ol y seguro de asistencia.<br \/>\n\u2022 Fin del pasad\u00eda 9:00 p.m. en Torre del Reloj.<br \/>\nNo incluye:<br \/>\n\u2022 Gu\u00eda en ingl\u00e9s.<br \/>\n\u2022 Desayuno.<br \/>\n\u2022 Ingreso a la Quinta de San Pedro Alejandrino.<br \/>\n\u2022 Comidas, bebidas y actividades no especificadas.<\/p>\n<p>Salidas: Mi\u00e9rcoles y s\u00e1bados \u2013 5:30 a.m. a 9:00 p.m.<\/p>\n<p><strong>NOTA<\/strong><br \/>\nPrecio:<br \/>\n\u2022 Adultos con entrada: $210.000<br \/>\n\u2022 Adultos sin entrada: $230.000<\/p>","protected":false},"excerpt":{"rendered":"<p>Conoce lo mejor de Barranquilla y Santa Marta en un solo d\u00eda, recorriendo sus principales atractivos culturales, hist\u00f3ricos y tur\u00edsticos. Disfruta de monumentos emblem\u00e1ticos, aprende sobre las tradiciones locales y rel\u00e1jate en las hermosas playas caribe\u00f1as. Un pasad\u00eda ideal para vivir la esencia del Caribe colombiano en tiempo r\u00e9cord. Plan incluye: \u2022 Recogida en el [&hellip;]<\/p>","protected":false},"featured_media":13653,"comment_status":"open","ping_status":"closed","template":"","meta":{"_monsterinsights_skip_tracking":false,"_monsterinsights_sitenote_active":false,"_monsterinsights_sitenote_note":"","_monsterinsights_sitenote_category":0,"_joinchat":[]},"product_brand":[],"product_cat":[64,79,73],"product_tag":[],"class_list":{"0":"post-13605","1":"product","2":"type-product","3":"status-publish","4":"has-post-thumbnail","6":"product_cat-nacionales-colombia","7":"product_cat-playa-brisa-mar","8":"product_cat-todos","10":"first","11":"instock","12":"shipping-taxable","13":"purchasable","14":"product-type-ovabrw_car_rental"},"aioseo_notices":[],"yoast_head":"<!-- This site is optimized with the Yoast SEO plugin v26.0 - https:\/\/yoast.com\/wordpress\/plugins\/seo\/ -->\n<title>Un d\u00eda \u00fanico: Barranquilla y Santa Marta - Traveling Times Agencia de viajes<\/title>\n<meta name=\"robots\" content=\"index, follow, max-snippet:-1, max-image-preview:large, max-video-preview:-1\" \/>\n<link rel=\"canonical\" href=\"https:\/\/travelingtimes.com.co\/en\/product\/pasadia-barranquilla-santa-marta-1-dia\/\" \/>\n<meta property=\"og:locale\" content=\"en_US\" \/>\n<meta property=\"og:type\" content=\"article\" \/>\n<meta property=\"og:title\" content=\"Un d\u00eda \u00fanico: Barranquilla y Santa Marta - Traveling Times Agencia de viajes\" \/>\n<meta property=\"og:description\" content=\"Conoce lo mejor de Barranquilla y Santa Marta en un solo d\u00eda, recorriendo sus principales atractivos culturales, hist\u00f3ricos y tur\u00edsticos. Disfruta de monumentos emblem\u00e1ticos, aprende sobre las tradiciones locales y rel\u00e1jate en las hermosas playas caribe\u00f1as. Un pasad\u00eda ideal para vivir la esencia del Caribe colombiano en tiempo r\u00e9cord. Plan incluye: \u2022 Recogida en el [&hellip;]\" \/>\n<meta property=\"og:url\" content=\"https:\/\/travelingtimes.com.co\/en\/product\/pasadia-barranquilla-santa-marta-1-dia\/\" \/>\n<meta property=\"og:site_name\" content=\"Traveling Times Agencia de viajes\" \/>\n<meta property=\"article:modified_time\" content=\"2025-11-10T20:29:28+00:00\" \/>\n<meta property=\"og:image\" content=\"https:\/\/travelingtimes.com.co\/wp-content\/uploads\/2025\/10\/Barrsan4.png\" \/>\n\t<meta property=\"og:image:width\" content=\"1924\" \/>\n\t<meta property=\"og:image:height\" content=\"1084\" \/>\n\t<meta property=\"og:image:type\" content=\"image\/png\" \/>\n<meta name=\"twitter:card\" content=\"summary_large_image\" \/>\n<meta name=\"twitter:label1\" content=\"Est. reading time\" \/>\n\t<meta name=\"twitter:data1\" content=\"2 minutes\" \/>\n<script type=\"application\/ld+json\" class=\"yoast-schema-graph\">{\"@context\":\"https:\/\/schema.org\",\"@graph\":[{\"@type\":\"WebPage\",\"@id\":\"https:\/\/travelingtimes.com.co\/producto\/pasadia-barranquilla-santa-marta-1-dia\/\",\"url\":\"https:\/\/travelingtimes.com.co\/producto\/pasadia-barranquilla-santa-marta-1-dia\/\",\"name\":\"Un d\u00eda \u00fanico: Barranquilla y Santa Marta - Traveling Times Agencia de viajes\",\"isPartOf\":{\"@id\":\"https:\/\/travelingtimes.com.co\/en\/#website\"},\"primaryImageOfPage\":{\"@id\":\"https:\/\/travelingtimes.com.co\/producto\/pasadia-barranquilla-santa-marta-1-dia\/#primaryimage\"},\"image\":{\"@id\":\"https:\/\/travelingtimes.com.co\/producto\/pasadia-barranquilla-santa-marta-1-dia\/#primaryimage\"},\"thumbnailUrl\":\"https:\/\/travelingtimes.com.co\/wp-content\/uploads\/2025\/10\/Barrsan4.png\",\"datePublished\":\"2025-10-03T17:18:29+00:00\",\"dateModified\":\"2025-11-10T20:29:28+00:00\",\"breadcrumb\":{\"@id\":\"https:\/\/travelingtimes.com.co\/producto\/pasadia-barranquilla-santa-marta-1-dia\/#breadcrumb\"},\"inLanguage\":\"en-US\",\"potentialAction\":[{\"@type\":\"ReadAction\",\"target\":[\"https:\/\/travelingtimes.com.co\/producto\/pasadia-barranquilla-santa-marta-1-dia\/\"]}]},{\"@type\":\"ImageObject\",\"inLanguage\":\"en-US\",\"@id\":\"https:\/\/travelingtimes.com.co\/producto\/pasadia-barranquilla-santa-marta-1-dia\/#primaryimage\",\"url\":\"https:\/\/travelingtimes.com.co\/wp-content\/uploads\/2025\/10\/Barrsan4.png\",\"contentUrl\":\"https:\/\/travelingtimes.com.co\/wp-content\/uploads\/2025\/10\/Barrsan4.png\",\"width\":1924,\"height\":1084},{\"@type\":\"BreadcrumbList\",\"@id\":\"https:\/\/travelingtimes.com.co\/producto\/pasadia-barranquilla-santa-marta-1-dia\/#breadcrumb\",\"itemListElement\":[{\"@type\":\"ListItem\",\"position\":1,\"name\":\"Inicio\",\"item\":\"https:\/\/travelingtimes.com.co\/en\/\"},{\"@type\":\"ListItem\",\"position\":2,\"name\":\"Products\",\"item\":\"https:\/\/travelingtimes.com.co\/en\/shop\/\"},{\"@type\":\"ListItem\",\"position\":3,\"name\":\"Un d\u00eda \u00fanico: Barranquilla y Santa Marta\"}]},{\"@type\":\"WebSite\",\"@id\":\"https:\/\/travelingtimes.com.co\/en\/#website\",\"url\":\"https:\/\/travelingtimes.com.co\/en\/\",\"name\":\"Traveling Times Agencia de viajes\",\"description\":\"Agencia de viajes en C\u00facuta\",\"potentialAction\":[{\"@type\":\"SearchAction\",\"target\":{\"@type\":\"EntryPoint\",\"urlTemplate\":\"https:\/\/travelingtimes.com.co\/en\/?s={search_term_string}\"},\"query-input\":{\"@type\":\"PropertyValueSpecification\",\"valueRequired\":true,\"valueName\":\"search_term_string\"}}],\"inLanguage\":\"en-US\"}]}<\/script>\n<!-- \/ Yoast SEO plugin. -->","yoast_head_json":{"title":"Un d\u00eda \u00fanico: Barranquilla y Santa Marta - Traveling Times Agencia de viajes","robots":{"index":"index","follow":"follow","max-snippet":"max-snippet:-1","max-image-preview":"max-image-preview:large","max-video-preview":"max-video-preview:-1"},"canonical":"https:\/\/travelingtimes.com.co\/en\/product\/pasadia-barranquilla-santa-marta-1-dia\/","og_locale":"en_US","og_type":"article","og_title":"Un d\u00eda \u00fanico: Barranquilla y Santa Marta - Traveling Times Agencia de viajes","og_description":"Conoce lo mejor de Barranquilla y Santa Marta en un solo d\u00eda, recorriendo sus principales atractivos culturales, hist\u00f3ricos y tur\u00edsticos. Disfruta de monumentos emblem\u00e1ticos, aprende sobre las tradiciones locales y rel\u00e1jate en las hermosas playas caribe\u00f1as. Un pasad\u00eda ideal para vivir la esencia del Caribe colombiano en tiempo r\u00e9cord. Plan incluye: \u2022 Recogida en el [&hellip;]","og_url":"https:\/\/travelingtimes.com.co\/en\/product\/pasadia-barranquilla-santa-marta-1-dia\/","og_site_name":"Traveling Times Agencia de viajes","article_modified_time":"2025-11-10T20:29:28+00:00","og_image":[{"width":1924,"height":1084,"url":"https:\/\/travelingtimes.com.co\/wp-content\/uploads\/2025\/10\/Barrsan4.png","type":"image\/png"}],"twitter_card":"summary_large_image","twitter_misc":{"Est. reading time":"2 minutes"},"schema":{"@context":"https:\/\/schema.org","@graph":[{"@type":"WebPage","@id":"https:\/\/travelingtimes.com.co\/producto\/pasadia-barranquilla-santa-marta-1-dia\/","url":"https:\/\/travelingtimes.com.co\/producto\/pasadia-barranquilla-santa-marta-1-dia\/","name":"Un d\u00eda \u00fanico: Barranquilla y Santa Marta - Traveling Times Agencia de viajes","isPartOf":{"@id":"https:\/\/travelingtimes.com.co\/en\/#website"},"primaryImageOfPage":{"@id":"https:\/\/travelingtimes.com.co\/producto\/pasadia-barranquilla-santa-marta-1-dia\/#primaryimage"},"image":{"@id":"https:\/\/travelingtimes.com.co\/producto\/pasadia-barranquilla-santa-marta-1-dia\/#primaryimage"},"thumbnailUrl":"https:\/\/travelingtimes.com.co\/wp-content\/uploads\/2025\/10\/Barrsan4.png","datePublished":"2025-10-03T17:18:29+00:00","dateModified":"2025-11-10T20:29:28+00:00","breadcrumb":{"@id":"https:\/\/travelingtimes.com.co\/producto\/pasadia-barranquilla-santa-marta-1-dia\/#breadcrumb"},"inLanguage":"en-US","potentialAction":[{"@type":"ReadAction","target":["https:\/\/travelingtimes.com.co\/producto\/pasadia-barranquilla-santa-marta-1-dia\/"]}]},{"@type":"ImageObject","inLanguage":"en-US","@id":"https:\/\/travelingtimes.com.co\/producto\/pasadia-barranquilla-santa-marta-1-dia\/#primaryimage","url":"https:\/\/travelingtimes.com.co\/wp-content\/uploads\/2025\/10\/Barrsan4.png","contentUrl":"https:\/\/travelingtimes.com.co\/wp-content\/uploads\/2025\/10\/Barrsan4.png","width":1924,"height":1084},{"@type":"BreadcrumbList","@id":"https:\/\/travelingtimes.com.co\/producto\/pasadia-barranquilla-santa-marta-1-dia\/#breadcrumb","itemListElement":[{"@type":"ListItem","position":1,"name":"Inicio","item":"https:\/\/travelingtimes.com.co\/en\/"},{"@type":"ListItem","position":2,"name":"Products","item":"https:\/\/travelingtimes.com.co\/en\/shop\/"},{"@type":"ListItem","position":3,"name":"Un d\u00eda \u00fanico: Barranquilla y Santa Marta"}]},{"@type":"WebSite","@id":"https:\/\/travelingtimes.com.co\/en\/#website","url":"https:\/\/travelingtimes.com.co\/en\/","name":"Traveling Times Agencia de viajes","description":"Agencia de viajes en C\u00facuta","potentialAction":[{"@type":"SearchAction","target":{"@type":"EntryPoint","urlTemplate":"https:\/\/travelingtimes.com.co\/en\/?s={search_term_string}"},"query-input":{"@type":"PropertyValueSpecification","valueRequired":true,"valueName":"search_term_string"}}],"inLanguage":"en-US"}]}},"_links":{"self":[{"href":"https:\/\/travelingtimes.com.co\/en\/wp-json\/wp\/v2\/product\/13605","targetHints":{"allow":["GET"]}}],"collection":[{"href":"https:\/\/travelingtimes.com.co\/en\/wp-json\/wp\/v2\/product"}],"about":[{"href":"https:\/\/travelingtimes.com.co\/en\/wp-json\/wp\/v2\/types\/product"}],"replies":[{"embeddable":true,"href":"https:\/\/travelingtimes.com.co\/en\/wp-json\/wp\/v2\/comments?post=13605"}],"version-history":[{"count":3,"href":"https:\/\/travelingtimes.com.co\/en\/wp-json\/wp\/v2\/product\/13605\/revisions"}],"predecessor-version":[{"id":14579,"href":"https:\/\/travelingtimes.com.co\/en\/wp-json\/wp\/v2\/product\/13605\/revisions\/14579"}],"wp:featuredmedia":[{"embeddable":true,"href":"https:\/\/travelingtimes.com.co\/en\/wp-json\/wp\/v2\/media\/13653"}],"wp:attachment":[{"href":"https:\/\/travelingtimes.com.co\/en\/wp-json\/wp\/v2\/media?parent=13605"}],"wp:term":[{"taxonomy":"product_brand","embeddable":true,"href":"https:\/\/travelingtimes.com.co\/en\/wp-json\/wp\/v2\/product_brand?post=13605"},{"taxonomy":"product_cat","embeddable":true,"href":"https:\/\/travelingtimes.com.co\/en\/wp-json\/wp\/v2\/product_cat?post=13605"},{"taxonomy":"product_tag","embeddable":true,"href":"https:\/\/travelingtimes.com.co\/en\/wp-json\/wp\/v2\/product_tag?post=13605"}],"curies":[{"name":"wp","href":"https:\/\/api.w.org\/{rel}","templated":true}]}}