{"id":13607,"date":"2025-10-03T12:19:49","date_gmt":"2025-10-03T17:19:49","guid":{"rendered":"https:\/\/travelingtimes.com.co\/?post_type=product&#038;p=13607"},"modified":"2025-11-10T15:32:57","modified_gmt":"2025-11-10T20:32:57","slug":"pasadia-isla-tierra-bomba-punta-arena-lancha","status":"publish","type":"product","link":"https:\/\/travelingtimes.com.co\/en\/product\/pasadia-isla-tierra-bomba-punta-arena-lancha\/","title":{"rendered":"D\u00eda de playa en Tierra Bomba \u2013 Punta Arena en lancha"},"content":{"rendered":"<p>Disfruta de un d\u00eda completo en la hermosa Isla Tierra Bomba, navegando en lancha hasta Punta Arena, un rinc\u00f3n paradis\u00edaco donde el sol, la arena y el mar se combinan para ofrecerte una experiencia inolvidable. Rel\u00e1jate en sus playas de aguas cristalinas, disfruta de la gastronom\u00eda local y conecta con la naturaleza en este escape perfecto cerca de Cartagena.<\/p>\n<p><strong>Plan incluye:<\/strong><\/p>\n<p>\u2022 Transporte ida y regreso en lancha r\u00e1pida (chalecos salvavidas).<br \/>\n\u2022 D\u00eda de playa en Punta Arena.<br \/>\n\u2022 Almuerzo t\u00edpico cartagenero (pescado, pollo o vegetariano, con arroz de coco,<br \/>\npatac\u00f3n y ensalada).<br \/>\nNo incluye:<br \/>\nRecogida\/retorno al hotel, bebidas, sillas, carpas ni actividades adicionales.<br \/>\nInfantes (0-2 a\u00f1os) viajan gratis, sin alimentaci\u00f3n.<\/p>\n<p>Salidas diarias: 9:00 a.m. \u2013 11:00 a.m.<br \/>\nRetornos: 2:00 p.m. \u2013 5:00 p.m.<\/p>","protected":false},"excerpt":{"rendered":"<p>Disfruta de un d\u00eda completo en la hermosa Isla Tierra Bomba, navegando en lancha hasta Punta Arena, un rinc\u00f3n paradis\u00edaco donde el sol, la arena y el mar se combinan para ofrecerte una experiencia inolvidable. Rel\u00e1jate en sus playas de aguas cristalinas, disfruta de la gastronom\u00eda local y conecta con la naturaleza en este escape [&hellip;]<\/p>","protected":false},"featured_media":13660,"comment_status":"open","ping_status":"closed","template":"","meta":{"_monsterinsights_skip_tracking":false,"_monsterinsights_sitenote_active":false,"_monsterinsights_sitenote_note":"","_monsterinsights_sitenote_category":0,"_joinchat":[]},"product_brand":[],"product_cat":[64,79,73],"product_tag":[],"class_list":{"0":"post-13607","1":"product","2":"type-product","3":"status-publish","4":"has-post-thumbnail","6":"product_cat-nacionales-colombia","7":"product_cat-playa-brisa-mar","8":"product_cat-todos","10":"first","11":"instock","12":"shipping-taxable","13":"purchasable","14":"product-type-ovabrw_car_rental"},"aioseo_notices":[],"yoast_head":"<!-- This site is optimized with the Yoast SEO plugin v26.0 - https:\/\/yoast.com\/wordpress\/plugins\/seo\/ -->\n<title>D\u00eda de playa en Tierra Bomba \u2013 Punta Arena en lancha - Traveling Times Agencia de viajes<\/title>\n<meta name=\"robots\" content=\"index, follow, max-snippet:-1, max-image-preview:large, max-video-preview:-1\" \/>\n<link rel=\"canonical\" href=\"https:\/\/travelingtimes.com.co\/en\/product\/pasadia-isla-tierra-bomba-punta-arena-lancha\/\" \/>\n<meta property=\"og:locale\" content=\"en_US\" \/>\n<meta property=\"og:type\" content=\"article\" \/>\n<meta property=\"og:title\" content=\"D\u00eda de playa en Tierra Bomba \u2013 Punta Arena en lancha - Traveling Times Agencia de viajes\" \/>\n<meta property=\"og:description\" content=\"Disfruta de un d\u00eda completo en la hermosa Isla Tierra Bomba, navegando en lancha hasta Punta Arena, un rinc\u00f3n paradis\u00edaco donde el sol, la arena y el mar se combinan para ofrecerte una experiencia inolvidable. Rel\u00e1jate en sus playas de aguas cristalinas, disfruta de la gastronom\u00eda local y conecta con la naturaleza en este escape [&hellip;]\" \/>\n<meta property=\"og:url\" content=\"https:\/\/travelingtimes.com.co\/en\/product\/pasadia-isla-tierra-bomba-punta-arena-lancha\/\" \/>\n<meta property=\"og:site_name\" content=\"Traveling Times Agencia de viajes\" \/>\n<meta property=\"article:modified_time\" content=\"2025-11-10T20:32:57+00:00\" \/>\n<meta property=\"og:image\" content=\"https:\/\/travelingtimes.com.co\/wp-content\/uploads\/2025\/10\/tierrabp4-1024x577.png\" \/>\n\t<meta property=\"og:image:width\" content=\"1024\" \/>\n\t<meta property=\"og:image:height\" content=\"577\" \/>\n\t<meta property=\"og:image:type\" content=\"image\/png\" \/>\n<meta name=\"twitter:card\" content=\"summary_large_image\" \/>\n<meta name=\"twitter:label1\" content=\"Est. reading time\" \/>\n\t<meta name=\"twitter:data1\" content=\"1 minute\" \/>\n<script type=\"application\/ld+json\" class=\"yoast-schema-graph\">{\"@context\":\"https:\/\/schema.org\",\"@graph\":[{\"@type\":\"WebPage\",\"@id\":\"https:\/\/travelingtimes.com.co\/en\/product\/pasadia-isla-tierra-bomba-punta-arena-lancha\/\",\"url\":\"https:\/\/travelingtimes.com.co\/en\/product\/pasadia-isla-tierra-bomba-punta-arena-lancha\/\",\"name\":\"D\u00eda de playa en Tierra Bomba \u2013 Punta Arena en lancha - Traveling Times Agencia de viajes\",\"isPartOf\":{\"@id\":\"https:\/\/travelingtimes.com.co\/en\/#website\"},\"primaryImageOfPage\":{\"@id\":\"https:\/\/travelingtimes.com.co\/en\/product\/pasadia-isla-tierra-bomba-punta-arena-lancha\/#primaryimage\"},\"image\":{\"@id\":\"https:\/\/travelingtimes.com.co\/en\/product\/pasadia-isla-tierra-bomba-punta-arena-lancha\/#primaryimage\"},\"thumbnailUrl\":\"https:\/\/travelingtimes.com.co\/wp-content\/uploads\/2025\/10\/tierrabp4.png\",\"datePublished\":\"2025-10-03T17:19:49+00:00\",\"dateModified\":\"2025-11-10T20:32:57+00:00\",\"breadcrumb\":{\"@id\":\"https:\/\/travelingtimes.com.co\/en\/product\/pasadia-isla-tierra-bomba-punta-arena-lancha\/#breadcrumb\"},\"inLanguage\":\"en-US\",\"potentialAction\":[{\"@type\":\"ReadAction\",\"target\":[\"https:\/\/travelingtimes.com.co\/en\/product\/pasadia-isla-tierra-bomba-punta-arena-lancha\/\"]}]},{\"@type\":\"ImageObject\",\"inLanguage\":\"en-US\",\"@id\":\"https:\/\/travelingtimes.com.co\/en\/product\/pasadia-isla-tierra-bomba-punta-arena-lancha\/#primaryimage\",\"url\":\"https:\/\/travelingtimes.com.co\/wp-content\/uploads\/2025\/10\/tierrabp4.png\",\"contentUrl\":\"https:\/\/travelingtimes.com.co\/wp-content\/uploads\/2025\/10\/tierrabp4.png\",\"width\":1924,\"height\":1084},{\"@type\":\"BreadcrumbList\",\"@id\":\"https:\/\/travelingtimes.com.co\/en\/product\/pasadia-isla-tierra-bomba-punta-arena-lancha\/#breadcrumb\",\"itemListElement\":[{\"@type\":\"ListItem\",\"position\":1,\"name\":\"Inicio\",\"item\":\"https:\/\/travelingtimes.com.co\/en\/\"},{\"@type\":\"ListItem\",\"position\":2,\"name\":\"Products\",\"item\":\"https:\/\/travelingtimes.com.co\/en\/shop\/\"},{\"@type\":\"ListItem\",\"position\":3,\"name\":\"D\u00eda de playa en Tierra Bomba \u2013 Punta Arena en lancha\"}]},{\"@type\":\"WebSite\",\"@id\":\"https:\/\/travelingtimes.com.co\/en\/#website\",\"url\":\"https:\/\/travelingtimes.com.co\/en\/\",\"name\":\"Traveling Times Agencia de viajes\",\"description\":\"Agencia de viajes en C\u00facuta\",\"potentialAction\":[{\"@type\":\"SearchAction\",\"target\":{\"@type\":\"EntryPoint\",\"urlTemplate\":\"https:\/\/travelingtimes.com.co\/en\/?s={search_term_string}\"},\"query-input\":{\"@type\":\"PropertyValueSpecification\",\"valueRequired\":true,\"valueName\":\"search_term_string\"}}],\"inLanguage\":\"en-US\"}]}<\/script>\n<!-- \/ Yoast SEO plugin. -->","yoast_head_json":{"title":"D\u00eda de playa en Tierra Bomba \u2013 Punta Arena en lancha - Traveling Times Agencia de viajes","robots":{"index":"index","follow":"follow","max-snippet":"max-snippet:-1","max-image-preview":"max-image-preview:large","max-video-preview":"max-video-preview:-1"},"canonical":"https:\/\/travelingtimes.com.co\/en\/product\/pasadia-isla-tierra-bomba-punta-arena-lancha\/","og_locale":"en_US","og_type":"article","og_title":"D\u00eda de playa en Tierra Bomba \u2013 Punta Arena en lancha - Traveling Times Agencia de viajes","og_description":"Disfruta de un d\u00eda completo en la hermosa Isla Tierra Bomba, navegando en lancha hasta Punta Arena, un rinc\u00f3n paradis\u00edaco donde el sol, la arena y el mar se combinan para ofrecerte una experiencia inolvidable. Rel\u00e1jate en sus playas de aguas cristalinas, disfruta de la gastronom\u00eda local y conecta con la naturaleza en este escape [&hellip;]","og_url":"https:\/\/travelingtimes.com.co\/en\/product\/pasadia-isla-tierra-bomba-punta-arena-lancha\/","og_site_name":"Traveling Times Agencia de viajes","article_modified_time":"2025-11-10T20:32:57+00:00","og_image":[{"width":1024,"height":577,"url":"https:\/\/travelingtimes.com.co\/wp-content\/uploads\/2025\/10\/tierrabp4-1024x577.png","type":"image\/png"}],"twitter_card":"summary_large_image","twitter_misc":{"Est. reading time":"1 minute"},"schema":{"@context":"https:\/\/schema.org","@graph":[{"@type":"WebPage","@id":"https:\/\/travelingtimes.com.co\/en\/product\/pasadia-isla-tierra-bomba-punta-arena-lancha\/","url":"https:\/\/travelingtimes.com.co\/en\/product\/pasadia-isla-tierra-bomba-punta-arena-lancha\/","name":"D\u00eda de playa en Tierra Bomba \u2013 Punta Arena en lancha - Traveling Times Agencia de viajes","isPartOf":{"@id":"https:\/\/travelingtimes.com.co\/en\/#website"},"primaryImageOfPage":{"@id":"https:\/\/travelingtimes.com.co\/en\/product\/pasadia-isla-tierra-bomba-punta-arena-lancha\/#primaryimage"},"image":{"@id":"https:\/\/travelingtimes.com.co\/en\/product\/pasadia-isla-tierra-bomba-punta-arena-lancha\/#primaryimage"},"thumbnailUrl":"https:\/\/travelingtimes.com.co\/wp-content\/uploads\/2025\/10\/tierrabp4.png","datePublished":"2025-10-03T17:19:49+00:00","dateModified":"2025-11-10T20:32:57+00:00","breadcrumb":{"@id":"https:\/\/travelingtimes.com.co\/en\/product\/pasadia-isla-tierra-bomba-punta-arena-lancha\/#breadcrumb"},"inLanguage":"en-US","potentialAction":[{"@type":"ReadAction","target":["https:\/\/travelingtimes.com.co\/en\/product\/pasadia-isla-tierra-bomba-punta-arena-lancha\/"]}]},{"@type":"ImageObject","inLanguage":"en-US","@id":"https:\/\/travelingtimes.com.co\/en\/product\/pasadia-isla-tierra-bomba-punta-arena-lancha\/#primaryimage","url":"https:\/\/travelingtimes.com.co\/wp-content\/uploads\/2025\/10\/tierrabp4.png","contentUrl":"https:\/\/travelingtimes.com.co\/wp-content\/uploads\/2025\/10\/tierrabp4.png","width":1924,"height":1084},{"@type":"BreadcrumbList","@id":"https:\/\/travelingtimes.com.co\/en\/product\/pasadia-isla-tierra-bomba-punta-arena-lancha\/#breadcrumb","itemListElement":[{"@type":"ListItem","position":1,"name":"Inicio","item":"https:\/\/travelingtimes.com.co\/en\/"},{"@type":"ListItem","position":2,"name":"Products","item":"https:\/\/travelingtimes.com.co\/en\/shop\/"},{"@type":"ListItem","position":3,"name":"D\u00eda de playa en Tierra Bomba \u2013 Punta Arena en lancha"}]},{"@type":"WebSite","@id":"https:\/\/travelingtimes.com.co\/en\/#website","url":"https:\/\/travelingtimes.com.co\/en\/","name":"Traveling Times Agencia de viajes","description":"Agencia de viajes en C\u00facuta","potentialAction":[{"@type":"SearchAction","target":{"@type":"EntryPoint","urlTemplate":"https:\/\/travelingtimes.com.co\/en\/?s={search_term_string}"},"query-input":{"@type":"PropertyValueSpecification","valueRequired":true,"valueName":"search_term_string"}}],"inLanguage":"en-US"}]}},"_links":{"self":[{"href":"https:\/\/travelingtimes.com.co\/en\/wp-json\/wp\/v2\/product\/13607","targetHints":{"allow":["GET"]}}],"collection":[{"href":"https:\/\/travelingtimes.com.co\/en\/wp-json\/wp\/v2\/product"}],"about":[{"href":"https:\/\/travelingtimes.com.co\/en\/wp-json\/wp\/v2\/types\/product"}],"replies":[{"embeddable":true,"href":"https:\/\/travelingtimes.com.co\/en\/wp-json\/wp\/v2\/comments?post=13607"}],"version-history":[{"count":2,"href":"https:\/\/travelingtimes.com.co\/en\/wp-json\/wp\/v2\/product\/13607\/revisions"}],"predecessor-version":[{"id":14581,"href":"https:\/\/travelingtimes.com.co\/en\/wp-json\/wp\/v2\/product\/13607\/revisions\/14581"}],"wp:featuredmedia":[{"embeddable":true,"href":"https:\/\/travelingtimes.com.co\/en\/wp-json\/wp\/v2\/media\/13660"}],"wp:attachment":[{"href":"https:\/\/travelingtimes.com.co\/en\/wp-json\/wp\/v2\/media?parent=13607"}],"wp:term":[{"taxonomy":"product_brand","embeddable":true,"href":"https:\/\/travelingtimes.com.co\/en\/wp-json\/wp\/v2\/product_brand?post=13607"},{"taxonomy":"product_cat","embeddable":true,"href":"https:\/\/travelingtimes.com.co\/en\/wp-json\/wp\/v2\/product_cat?post=13607"},{"taxonomy":"product_tag","embeddable":true,"href":"https:\/\/travelingtimes.com.co\/en\/wp-json\/wp\/v2\/product_tag?post=13607"}],"curies":[{"name":"wp","href":"https:\/\/api.w.org\/{rel}","templated":true}]}}