{"id":13614,"date":"2025-10-03T12:22:38","date_gmt":"2025-10-03T17:22:38","guid":{"rendered":"https:\/\/travelingtimes.com.co\/?post_type=product&#038;p=13614"},"modified":"2025-11-10T15:49:40","modified_gmt":"2025-11-10T20:49:40","slug":"chiva-party-cartagena","status":"publish","type":"product","link":"https:\/\/travelingtimes.com.co\/en\/product\/chiva-party-cartagena\/","title":{"rendered":"Chiva Party Cartagena: \u00a1Diversi\u00f3n y fiesta sobre ruedas!"},"content":{"rendered":"<p>Vive la rumba m\u00e1s divertida a bordo de la tradicional Chiva rumbera de Cartagena. Disfruta de m\u00fasica en vivo, ambiente lleno de alegr\u00eda y un recorrido por los lugares m\u00e1s emblem\u00e1ticos de la ciudad, todo mientras bailas y compartes momentos inolvidables con amigos. \u00a1Una experiencia \u00fanica que combina fiesta, cultura y diversi\u00f3n en una sola noche!<\/p>\n<p><strong>Plan incluye:<\/strong><\/p>\n<p>\u2022 Punto de encuentro cercano seg\u00fan la zona.<br \/>\n\u2022 Transporte en Chiva rumbera.<br \/>\n\u2022 Recorrido panor\u00e1mico por sitios tur\u00edsticos (Bocagrande, Laguito, Ciudad Vieja,<br \/>\nTorre del Reloj, Centro de Convenciones, Castillo San Felipe, India Catalina,<br \/>\nMurallas y letras de Cartagena).<br \/>\n\u2022 Gu\u00eda animador.<br \/>\n\u2022 Entrada a discoteca (Taboo o Farra).<br \/>\nNo incluye:<br \/>\nRecogida en hotel, bebidas, comidas ni licores (puedes llevar los tuyos)<\/p>\n<p>Salidas diarias: 8:00 p.m. \u2013 10:00 p.m.<\/p>","protected":false},"excerpt":{"rendered":"<p>Vive la rumba m\u00e1s divertida a bordo de la tradicional Chiva rumbera de Cartagena. Disfruta de m\u00fasica en vivo, ambiente lleno de alegr\u00eda y un recorrido por los lugares m\u00e1s emblem\u00e1ticos de la ciudad, todo mientras bailas y compartes momentos inolvidables con amigos. \u00a1Una experiencia \u00fanica que combina fiesta, cultura y diversi\u00f3n en una sola [&hellip;]<\/p>","protected":false},"featured_media":13675,"comment_status":"open","ping_status":"closed","template":"","meta":{"_monsterinsights_skip_tracking":false,"_monsterinsights_sitenote_active":false,"_monsterinsights_sitenote_note":"","_monsterinsights_sitenote_category":0,"_joinchat":[]},"product_brand":[],"product_cat":[15,64,73],"product_tag":[],"class_list":{"0":"post-13614","1":"product","2":"type-product","3":"status-publish","4":"has-post-thumbnail","6":"product_cat-uncategorized","7":"product_cat-nacionales-colombia","8":"product_cat-todos","10":"first","11":"instock","12":"shipping-taxable","13":"purchasable","14":"product-type-ovabrw_car_rental"},"aioseo_notices":[],"yoast_head":"<!-- This site is optimized with the Yoast SEO plugin v26.0 - https:\/\/yoast.com\/wordpress\/plugins\/seo\/ -->\n<title>Chiva Party Cartagena: \u00a1Diversi\u00f3n y fiesta sobre ruedas! - Traveling Times Agencia de viajes<\/title>\n<meta name=\"robots\" content=\"index, follow, max-snippet:-1, max-image-preview:large, max-video-preview:-1\" \/>\n<link rel=\"canonical\" href=\"https:\/\/travelingtimes.com.co\/en\/product\/chiva-party-cartagena\/\" \/>\n<meta property=\"og:locale\" content=\"en_US\" \/>\n<meta property=\"og:type\" content=\"article\" \/>\n<meta property=\"og:title\" content=\"Chiva Party Cartagena: \u00a1Diversi\u00f3n y fiesta sobre ruedas! - Traveling Times Agencia de viajes\" \/>\n<meta property=\"og:description\" content=\"Vive la rumba m\u00e1s divertida a bordo de la tradicional Chiva rumbera de Cartagena. Disfruta de m\u00fasica en vivo, ambiente lleno de alegr\u00eda y un recorrido por los lugares m\u00e1s emblem\u00e1ticos de la ciudad, todo mientras bailas y compartes momentos inolvidables con amigos. \u00a1Una experiencia \u00fanica que combina fiesta, cultura y diversi\u00f3n en una sola [&hellip;]\" \/>\n<meta property=\"og:url\" content=\"https:\/\/travelingtimes.com.co\/en\/product\/chiva-party-cartagena\/\" \/>\n<meta property=\"og:site_name\" content=\"Traveling Times Agencia de viajes\" \/>\n<meta property=\"article:modified_time\" content=\"2025-11-10T20:49:40+00:00\" \/>\n<meta property=\"og:image\" content=\"https:\/\/travelingtimes.com.co\/wp-content\/uploads\/2025\/10\/Chivaparty.png\" \/>\n\t<meta property=\"og:image:width\" content=\"1924\" \/>\n\t<meta property=\"og:image:height\" content=\"1084\" \/>\n\t<meta property=\"og:image:type\" content=\"image\/png\" \/>\n<meta name=\"twitter:card\" content=\"summary_large_image\" \/>\n<meta name=\"twitter:label1\" content=\"Est. reading time\" \/>\n\t<meta name=\"twitter:data1\" content=\"1 minute\" \/>\n<script type=\"application\/ld+json\" class=\"yoast-schema-graph\">{\"@context\":\"https:\/\/schema.org\",\"@graph\":[{\"@type\":\"WebPage\",\"@id\":\"https:\/\/travelingtimes.com.co\/producto\/chiva-party-cartagena\/\",\"url\":\"https:\/\/travelingtimes.com.co\/producto\/chiva-party-cartagena\/\",\"name\":\"Chiva Party Cartagena: \u00a1Diversi\u00f3n y fiesta sobre ruedas! - Traveling Times Agencia de viajes\",\"isPartOf\":{\"@id\":\"https:\/\/travelingtimes.com.co\/en\/#website\"},\"primaryImageOfPage\":{\"@id\":\"https:\/\/travelingtimes.com.co\/producto\/chiva-party-cartagena\/#primaryimage\"},\"image\":{\"@id\":\"https:\/\/travelingtimes.com.co\/producto\/chiva-party-cartagena\/#primaryimage\"},\"thumbnailUrl\":\"https:\/\/travelingtimes.com.co\/wp-content\/uploads\/2025\/10\/Chivaparty.png\",\"datePublished\":\"2025-10-03T17:22:38+00:00\",\"dateModified\":\"2025-11-10T20:49:40+00:00\",\"breadcrumb\":{\"@id\":\"https:\/\/travelingtimes.com.co\/producto\/chiva-party-cartagena\/#breadcrumb\"},\"inLanguage\":\"en-US\",\"potentialAction\":[{\"@type\":\"ReadAction\",\"target\":[\"https:\/\/travelingtimes.com.co\/producto\/chiva-party-cartagena\/\"]}]},{\"@type\":\"ImageObject\",\"inLanguage\":\"en-US\",\"@id\":\"https:\/\/travelingtimes.com.co\/producto\/chiva-party-cartagena\/#primaryimage\",\"url\":\"https:\/\/travelingtimes.com.co\/wp-content\/uploads\/2025\/10\/Chivaparty.png\",\"contentUrl\":\"https:\/\/travelingtimes.com.co\/wp-content\/uploads\/2025\/10\/Chivaparty.png\",\"width\":1924,\"height\":1084},{\"@type\":\"BreadcrumbList\",\"@id\":\"https:\/\/travelingtimes.com.co\/producto\/chiva-party-cartagena\/#breadcrumb\",\"itemListElement\":[{\"@type\":\"ListItem\",\"position\":1,\"name\":\"Inicio\",\"item\":\"https:\/\/travelingtimes.com.co\/en\/\"},{\"@type\":\"ListItem\",\"position\":2,\"name\":\"Products\",\"item\":\"https:\/\/travelingtimes.com.co\/en\/shop\/\"},{\"@type\":\"ListItem\",\"position\":3,\"name\":\"Chiva Party Cartagena: \u00a1Diversi\u00f3n y fiesta sobre ruedas!\"}]},{\"@type\":\"WebSite\",\"@id\":\"https:\/\/travelingtimes.com.co\/en\/#website\",\"url\":\"https:\/\/travelingtimes.com.co\/en\/\",\"name\":\"Traveling Times Agencia de viajes\",\"description\":\"Agencia de viajes en C\u00facuta\",\"potentialAction\":[{\"@type\":\"SearchAction\",\"target\":{\"@type\":\"EntryPoint\",\"urlTemplate\":\"https:\/\/travelingtimes.com.co\/en\/?s={search_term_string}\"},\"query-input\":{\"@type\":\"PropertyValueSpecification\",\"valueRequired\":true,\"valueName\":\"search_term_string\"}}],\"inLanguage\":\"en-US\"}]}<\/script>\n<!-- \/ Yoast SEO plugin. -->","yoast_head_json":{"title":"Chiva Party Cartagena: \u00a1Diversi\u00f3n y fiesta sobre ruedas! - Traveling Times Agencia de viajes","robots":{"index":"index","follow":"follow","max-snippet":"max-snippet:-1","max-image-preview":"max-image-preview:large","max-video-preview":"max-video-preview:-1"},"canonical":"https:\/\/travelingtimes.com.co\/en\/product\/chiva-party-cartagena\/","og_locale":"en_US","og_type":"article","og_title":"Chiva Party Cartagena: \u00a1Diversi\u00f3n y fiesta sobre ruedas! - Traveling Times Agencia de viajes","og_description":"Vive la rumba m\u00e1s divertida a bordo de la tradicional Chiva rumbera de Cartagena. Disfruta de m\u00fasica en vivo, ambiente lleno de alegr\u00eda y un recorrido por los lugares m\u00e1s emblem\u00e1ticos de la ciudad, todo mientras bailas y compartes momentos inolvidables con amigos. \u00a1Una experiencia \u00fanica que combina fiesta, cultura y diversi\u00f3n en una sola [&hellip;]","og_url":"https:\/\/travelingtimes.com.co\/en\/product\/chiva-party-cartagena\/","og_site_name":"Traveling Times Agencia de viajes","article_modified_time":"2025-11-10T20:49:40+00:00","og_image":[{"width":1924,"height":1084,"url":"https:\/\/travelingtimes.com.co\/wp-content\/uploads\/2025\/10\/Chivaparty.png","type":"image\/png"}],"twitter_card":"summary_large_image","twitter_misc":{"Est. reading time":"1 minute"},"schema":{"@context":"https:\/\/schema.org","@graph":[{"@type":"WebPage","@id":"https:\/\/travelingtimes.com.co\/producto\/chiva-party-cartagena\/","url":"https:\/\/travelingtimes.com.co\/producto\/chiva-party-cartagena\/","name":"Chiva Party Cartagena: \u00a1Diversi\u00f3n y fiesta sobre ruedas! - Traveling Times Agencia de viajes","isPartOf":{"@id":"https:\/\/travelingtimes.com.co\/en\/#website"},"primaryImageOfPage":{"@id":"https:\/\/travelingtimes.com.co\/producto\/chiva-party-cartagena\/#primaryimage"},"image":{"@id":"https:\/\/travelingtimes.com.co\/producto\/chiva-party-cartagena\/#primaryimage"},"thumbnailUrl":"https:\/\/travelingtimes.com.co\/wp-content\/uploads\/2025\/10\/Chivaparty.png","datePublished":"2025-10-03T17:22:38+00:00","dateModified":"2025-11-10T20:49:40+00:00","breadcrumb":{"@id":"https:\/\/travelingtimes.com.co\/producto\/chiva-party-cartagena\/#breadcrumb"},"inLanguage":"en-US","potentialAction":[{"@type":"ReadAction","target":["https:\/\/travelingtimes.com.co\/producto\/chiva-party-cartagena\/"]}]},{"@type":"ImageObject","inLanguage":"en-US","@id":"https:\/\/travelingtimes.com.co\/producto\/chiva-party-cartagena\/#primaryimage","url":"https:\/\/travelingtimes.com.co\/wp-content\/uploads\/2025\/10\/Chivaparty.png","contentUrl":"https:\/\/travelingtimes.com.co\/wp-content\/uploads\/2025\/10\/Chivaparty.png","width":1924,"height":1084},{"@type":"BreadcrumbList","@id":"https:\/\/travelingtimes.com.co\/producto\/chiva-party-cartagena\/#breadcrumb","itemListElement":[{"@type":"ListItem","position":1,"name":"Inicio","item":"https:\/\/travelingtimes.com.co\/en\/"},{"@type":"ListItem","position":2,"name":"Products","item":"https:\/\/travelingtimes.com.co\/en\/shop\/"},{"@type":"ListItem","position":3,"name":"Chiva Party Cartagena: \u00a1Diversi\u00f3n y fiesta sobre ruedas!"}]},{"@type":"WebSite","@id":"https:\/\/travelingtimes.com.co\/en\/#website","url":"https:\/\/travelingtimes.com.co\/en\/","name":"Traveling Times Agencia de viajes","description":"Agencia de viajes en C\u00facuta","potentialAction":[{"@type":"SearchAction","target":{"@type":"EntryPoint","urlTemplate":"https:\/\/travelingtimes.com.co\/en\/?s={search_term_string}"},"query-input":{"@type":"PropertyValueSpecification","valueRequired":true,"valueName":"search_term_string"}}],"inLanguage":"en-US"}]}},"_links":{"self":[{"href":"https:\/\/travelingtimes.com.co\/en\/wp-json\/wp\/v2\/product\/13614","targetHints":{"allow":["GET"]}}],"collection":[{"href":"https:\/\/travelingtimes.com.co\/en\/wp-json\/wp\/v2\/product"}],"about":[{"href":"https:\/\/travelingtimes.com.co\/en\/wp-json\/wp\/v2\/types\/product"}],"replies":[{"embeddable":true,"href":"https:\/\/travelingtimes.com.co\/en\/wp-json\/wp\/v2\/comments?post=13614"}],"version-history":[{"count":3,"href":"https:\/\/travelingtimes.com.co\/en\/wp-json\/wp\/v2\/product\/13614\/revisions"}],"predecessor-version":[{"id":14586,"href":"https:\/\/travelingtimes.com.co\/en\/wp-json\/wp\/v2\/product\/13614\/revisions\/14586"}],"wp:featuredmedia":[{"embeddable":true,"href":"https:\/\/travelingtimes.com.co\/en\/wp-json\/wp\/v2\/media\/13675"}],"wp:attachment":[{"href":"https:\/\/travelingtimes.com.co\/en\/wp-json\/wp\/v2\/media?parent=13614"}],"wp:term":[{"taxonomy":"product_brand","embeddable":true,"href":"https:\/\/travelingtimes.com.co\/en\/wp-json\/wp\/v2\/product_brand?post=13614"},{"taxonomy":"product_cat","embeddable":true,"href":"https:\/\/travelingtimes.com.co\/en\/wp-json\/wp\/v2\/product_cat?post=13614"},{"taxonomy":"product_tag","embeddable":true,"href":"https:\/\/travelingtimes.com.co\/en\/wp-json\/wp\/v2\/product_tag?post=13614"}],"curies":[{"name":"wp","href":"https:\/\/api.w.org\/{rel}","templated":true}]}}