{"id":13617,"date":"2025-10-03T12:23:42","date_gmt":"2025-10-03T17:23:42","guid":{"rendered":"https:\/\/travelingtimes.com.co\/?post_type=product&#038;p=13617"},"modified":"2025-11-10T15:53:07","modified_gmt":"2025-11-10T20:53:07","slug":"city-tour-en-chiva-tipica","status":"publish","type":"product","link":"https:\/\/travelingtimes.com.co\/en\/product\/city-tour-en-chiva-tipica\/","title":{"rendered":"Recorrido Tradicional en Chiva T\u00edpica"},"content":{"rendered":"<p>Descubre Cartagena de una manera \u00fanica a bordo de una aut\u00e9ntica chiva t\u00edpica colombiana. Recorre sus calles llenas de historia, monumentos emblem\u00e1ticos y vibrantes panor\u00e1micas mientras disfrutas de un tour guiado por los lugares m\u00e1s representativos como el Castillo San Felipe, Bocagrande y el Centro Hist\u00f3rico. Una experiencia cultural y divertida para conectar con la esencia de esta hermosa ciudad.<\/p>\n<p><strong>Plan incluye:<\/strong><\/p>\n<p>\u2022 Punto de encuentro cercano seg\u00fan la zona.<br \/>\n\u2022 Transporte en Chiva t\u00edpica.<br \/>\n\u2022 Tour panor\u00e1mico por Bocagrande, Castillo Grande, Bah\u00eda de Cartagena, Torre<br \/>\ndel Reloj, Muelle de los Pegasos y Centro de Convenciones.<br \/>\n\u2022 Visita a los Zapatos Viejos.<br \/>\n\u2022 Ingreso y recorrido por el Castillo San Felipe de Barajas.<br \/>\n\u2022 Caminata por las principales calles del Centro Hist\u00f3rico.<br \/>\n\u2022 Panor\u00e1mica de la India Catalina y letras de Cartagena.<br \/>\n\u2022 Gu\u00eda especializado.<br \/>\nNo incluye:<br \/>\nRecogida\/retorno al hotel, comidas, bebidas ni actividades adicionales.<br \/>\nInfantes (0-2 a\u00f1os) y ni\u00f1os (3-4 a\u00f1os) viajan cargados bajo la responsabilidad de sus<br \/>\npadres o tutores.<\/p>\n<p>Salidas diarias diarias:<br \/>\n\u2022 9:00 a.m. \u2013 1:00 p.m.<br \/>\n\u2022 2:00 p.m. \u2013 6:00 p.m.<\/p>","protected":false},"excerpt":{"rendered":"<p>Descubre Cartagena de una manera \u00fanica a bordo de una aut\u00e9ntica chiva t\u00edpica colombiana. Recorre sus calles llenas de historia, monumentos emblem\u00e1ticos y vibrantes panor\u00e1micas mientras disfrutas de un tour guiado por los lugares m\u00e1s representativos como el Castillo San Felipe, Bocagrande y el Centro Hist\u00f3rico. Una experiencia cultural y divertida para conectar con la [&hellip;]<\/p>","protected":false},"featured_media":13673,"comment_status":"open","ping_status":"closed","template":"","meta":{"_monsterinsights_skip_tracking":false,"_monsterinsights_sitenote_active":false,"_monsterinsights_sitenote_note":"","_monsterinsights_sitenote_category":0,"_joinchat":[]},"product_brand":[],"product_cat":[15,64,73],"product_tag":[],"class_list":{"0":"post-13617","1":"product","2":"type-product","3":"status-publish","4":"has-post-thumbnail","6":"product_cat-uncategorized","7":"product_cat-nacionales-colombia","8":"product_cat-todos","10":"first","11":"instock","12":"shipping-taxable","13":"purchasable","14":"product-type-ovabrw_car_rental"},"aioseo_notices":[],"yoast_head":"<!-- This site is optimized with the Yoast SEO plugin v26.0 - https:\/\/yoast.com\/wordpress\/plugins\/seo\/ -->\n<title>Recorrido Tradicional en Chiva T\u00edpica - Traveling Times Agencia de viajes<\/title>\n<meta name=\"robots\" content=\"index, follow, max-snippet:-1, max-image-preview:large, max-video-preview:-1\" \/>\n<link rel=\"canonical\" href=\"https:\/\/travelingtimes.com.co\/en\/product\/city-tour-en-chiva-tipica\/\" \/>\n<meta property=\"og:locale\" content=\"en_US\" \/>\n<meta property=\"og:type\" content=\"article\" \/>\n<meta property=\"og:title\" content=\"Recorrido Tradicional en Chiva T\u00edpica - Traveling Times Agencia de viajes\" \/>\n<meta property=\"og:description\" content=\"Descubre Cartagena de una manera \u00fanica a bordo de una aut\u00e9ntica chiva t\u00edpica colombiana. Recorre sus calles llenas de historia, monumentos emblem\u00e1ticos y vibrantes panor\u00e1micas mientras disfrutas de un tour guiado por los lugares m\u00e1s representativos como el Castillo San Felipe, Bocagrande y el Centro Hist\u00f3rico. Una experiencia cultural y divertida para conectar con la [&hellip;]\" \/>\n<meta property=\"og:url\" content=\"https:\/\/travelingtimes.com.co\/en\/product\/city-tour-en-chiva-tipica\/\" \/>\n<meta property=\"og:site_name\" content=\"Traveling Times Agencia de viajes\" \/>\n<meta property=\"article:modified_time\" content=\"2025-11-10T20:53:07+00:00\" \/>\n<meta property=\"og:image\" content=\"https:\/\/travelingtimes.com.co\/wp-content\/uploads\/2025\/10\/Chivaparty2.png\" \/>\n\t<meta property=\"og:image:width\" content=\"1924\" \/>\n\t<meta property=\"og:image:height\" content=\"1084\" \/>\n\t<meta property=\"og:image:type\" content=\"image\/png\" \/>\n<meta name=\"twitter:card\" content=\"summary_large_image\" \/>\n<meta name=\"twitter:label1\" content=\"Est. reading time\" \/>\n\t<meta name=\"twitter:data1\" content=\"2 minutes\" \/>\n<script type=\"application\/ld+json\" class=\"yoast-schema-graph\">{\"@context\":\"https:\/\/schema.org\",\"@graph\":[{\"@type\":\"WebPage\",\"@id\":\"https:\/\/travelingtimes.com.co\/producto\/city-tour-en-chiva-tipica\/\",\"url\":\"https:\/\/travelingtimes.com.co\/producto\/city-tour-en-chiva-tipica\/\",\"name\":\"Recorrido Tradicional en Chiva T\u00edpica - Traveling Times Agencia de viajes\",\"isPartOf\":{\"@id\":\"https:\/\/travelingtimes.com.co\/en\/#website\"},\"primaryImageOfPage\":{\"@id\":\"https:\/\/travelingtimes.com.co\/producto\/city-tour-en-chiva-tipica\/#primaryimage\"},\"image\":{\"@id\":\"https:\/\/travelingtimes.com.co\/producto\/city-tour-en-chiva-tipica\/#primaryimage\"},\"thumbnailUrl\":\"https:\/\/travelingtimes.com.co\/wp-content\/uploads\/2025\/10\/Chivaparty2.png\",\"datePublished\":\"2025-10-03T17:23:42+00:00\",\"dateModified\":\"2025-11-10T20:53:07+00:00\",\"breadcrumb\":{\"@id\":\"https:\/\/travelingtimes.com.co\/producto\/city-tour-en-chiva-tipica\/#breadcrumb\"},\"inLanguage\":\"en-US\",\"potentialAction\":[{\"@type\":\"ReadAction\",\"target\":[\"https:\/\/travelingtimes.com.co\/producto\/city-tour-en-chiva-tipica\/\"]}]},{\"@type\":\"ImageObject\",\"inLanguage\":\"en-US\",\"@id\":\"https:\/\/travelingtimes.com.co\/producto\/city-tour-en-chiva-tipica\/#primaryimage\",\"url\":\"https:\/\/travelingtimes.com.co\/wp-content\/uploads\/2025\/10\/Chivaparty2.png\",\"contentUrl\":\"https:\/\/travelingtimes.com.co\/wp-content\/uploads\/2025\/10\/Chivaparty2.png\",\"width\":1924,\"height\":1084},{\"@type\":\"BreadcrumbList\",\"@id\":\"https:\/\/travelingtimes.com.co\/producto\/city-tour-en-chiva-tipica\/#breadcrumb\",\"itemListElement\":[{\"@type\":\"ListItem\",\"position\":1,\"name\":\"Inicio\",\"item\":\"https:\/\/travelingtimes.com.co\/en\/\"},{\"@type\":\"ListItem\",\"position\":2,\"name\":\"Products\",\"item\":\"https:\/\/travelingtimes.com.co\/en\/shop\/\"},{\"@type\":\"ListItem\",\"position\":3,\"name\":\"Recorrido Tradicional en Chiva T\u00edpica\"}]},{\"@type\":\"WebSite\",\"@id\":\"https:\/\/travelingtimes.com.co\/en\/#website\",\"url\":\"https:\/\/travelingtimes.com.co\/en\/\",\"name\":\"Traveling Times Agencia de viajes\",\"description\":\"Agencia de viajes en C\u00facuta\",\"potentialAction\":[{\"@type\":\"SearchAction\",\"target\":{\"@type\":\"EntryPoint\",\"urlTemplate\":\"https:\/\/travelingtimes.com.co\/en\/?s={search_term_string}\"},\"query-input\":{\"@type\":\"PropertyValueSpecification\",\"valueRequired\":true,\"valueName\":\"search_term_string\"}}],\"inLanguage\":\"en-US\"}]}<\/script>\n<!-- \/ Yoast SEO plugin. -->","yoast_head_json":{"title":"Recorrido Tradicional en Chiva T\u00edpica - Traveling Times Agencia de viajes","robots":{"index":"index","follow":"follow","max-snippet":"max-snippet:-1","max-image-preview":"max-image-preview:large","max-video-preview":"max-video-preview:-1"},"canonical":"https:\/\/travelingtimes.com.co\/en\/product\/city-tour-en-chiva-tipica\/","og_locale":"en_US","og_type":"article","og_title":"Recorrido Tradicional en Chiva T\u00edpica - Traveling Times Agencia de viajes","og_description":"Descubre Cartagena de una manera \u00fanica a bordo de una aut\u00e9ntica chiva t\u00edpica colombiana. Recorre sus calles llenas de historia, monumentos emblem\u00e1ticos y vibrantes panor\u00e1micas mientras disfrutas de un tour guiado por los lugares m\u00e1s representativos como el Castillo San Felipe, Bocagrande y el Centro Hist\u00f3rico. Una experiencia cultural y divertida para conectar con la [&hellip;]","og_url":"https:\/\/travelingtimes.com.co\/en\/product\/city-tour-en-chiva-tipica\/","og_site_name":"Traveling Times Agencia de viajes","article_modified_time":"2025-11-10T20:53:07+00:00","og_image":[{"width":1924,"height":1084,"url":"https:\/\/travelingtimes.com.co\/wp-content\/uploads\/2025\/10\/Chivaparty2.png","type":"image\/png"}],"twitter_card":"summary_large_image","twitter_misc":{"Est. reading time":"2 minutes"},"schema":{"@context":"https:\/\/schema.org","@graph":[{"@type":"WebPage","@id":"https:\/\/travelingtimes.com.co\/producto\/city-tour-en-chiva-tipica\/","url":"https:\/\/travelingtimes.com.co\/producto\/city-tour-en-chiva-tipica\/","name":"Recorrido Tradicional en Chiva T\u00edpica - Traveling Times Agencia de viajes","isPartOf":{"@id":"https:\/\/travelingtimes.com.co\/en\/#website"},"primaryImageOfPage":{"@id":"https:\/\/travelingtimes.com.co\/producto\/city-tour-en-chiva-tipica\/#primaryimage"},"image":{"@id":"https:\/\/travelingtimes.com.co\/producto\/city-tour-en-chiva-tipica\/#primaryimage"},"thumbnailUrl":"https:\/\/travelingtimes.com.co\/wp-content\/uploads\/2025\/10\/Chivaparty2.png","datePublished":"2025-10-03T17:23:42+00:00","dateModified":"2025-11-10T20:53:07+00:00","breadcrumb":{"@id":"https:\/\/travelingtimes.com.co\/producto\/city-tour-en-chiva-tipica\/#breadcrumb"},"inLanguage":"en-US","potentialAction":[{"@type":"ReadAction","target":["https:\/\/travelingtimes.com.co\/producto\/city-tour-en-chiva-tipica\/"]}]},{"@type":"ImageObject","inLanguage":"en-US","@id":"https:\/\/travelingtimes.com.co\/producto\/city-tour-en-chiva-tipica\/#primaryimage","url":"https:\/\/travelingtimes.com.co\/wp-content\/uploads\/2025\/10\/Chivaparty2.png","contentUrl":"https:\/\/travelingtimes.com.co\/wp-content\/uploads\/2025\/10\/Chivaparty2.png","width":1924,"height":1084},{"@type":"BreadcrumbList","@id":"https:\/\/travelingtimes.com.co\/producto\/city-tour-en-chiva-tipica\/#breadcrumb","itemListElement":[{"@type":"ListItem","position":1,"name":"Inicio","item":"https:\/\/travelingtimes.com.co\/en\/"},{"@type":"ListItem","position":2,"name":"Products","item":"https:\/\/travelingtimes.com.co\/en\/shop\/"},{"@type":"ListItem","position":3,"name":"Recorrido Tradicional en Chiva T\u00edpica"}]},{"@type":"WebSite","@id":"https:\/\/travelingtimes.com.co\/en\/#website","url":"https:\/\/travelingtimes.com.co\/en\/","name":"Traveling Times Agencia de viajes","description":"Agencia de viajes en C\u00facuta","potentialAction":[{"@type":"SearchAction","target":{"@type":"EntryPoint","urlTemplate":"https:\/\/travelingtimes.com.co\/en\/?s={search_term_string}"},"query-input":{"@type":"PropertyValueSpecification","valueRequired":true,"valueName":"search_term_string"}}],"inLanguage":"en-US"}]}},"_links":{"self":[{"href":"https:\/\/travelingtimes.com.co\/en\/wp-json\/wp\/v2\/product\/13617","targetHints":{"allow":["GET"]}}],"collection":[{"href":"https:\/\/travelingtimes.com.co\/en\/wp-json\/wp\/v2\/product"}],"about":[{"href":"https:\/\/travelingtimes.com.co\/en\/wp-json\/wp\/v2\/types\/product"}],"replies":[{"embeddable":true,"href":"https:\/\/travelingtimes.com.co\/en\/wp-json\/wp\/v2\/comments?post=13617"}],"version-history":[{"count":3,"href":"https:\/\/travelingtimes.com.co\/en\/wp-json\/wp\/v2\/product\/13617\/revisions"}],"predecessor-version":[{"id":14588,"href":"https:\/\/travelingtimes.com.co\/en\/wp-json\/wp\/v2\/product\/13617\/revisions\/14588"}],"wp:featuredmedia":[{"embeddable":true,"href":"https:\/\/travelingtimes.com.co\/en\/wp-json\/wp\/v2\/media\/13673"}],"wp:attachment":[{"href":"https:\/\/travelingtimes.com.co\/en\/wp-json\/wp\/v2\/media?parent=13617"}],"wp:term":[{"taxonomy":"product_brand","embeddable":true,"href":"https:\/\/travelingtimes.com.co\/en\/wp-json\/wp\/v2\/product_brand?post=13617"},{"taxonomy":"product_cat","embeddable":true,"href":"https:\/\/travelingtimes.com.co\/en\/wp-json\/wp\/v2\/product_cat?post=13617"},{"taxonomy":"product_tag","embeddable":true,"href":"https:\/\/travelingtimes.com.co\/en\/wp-json\/wp\/v2\/product_tag?post=13617"}],"curies":[{"name":"wp","href":"https:\/\/api.w.org\/{rel}","templated":true}]}}