{"id":13628,"date":"2025-10-03T12:27:15","date_gmt":"2025-10-03T17:27:15","guid":{"rendered":"https:\/\/travelingtimes.com.co\/?post_type=product&#038;p=13628"},"modified":"2025-11-10T16:08:09","modified_gmt":"2025-11-10T21:08:09","slug":"top-3-islas-by-bora-bora-pao-pao-islabela-bora-bora","status":"publish","type":"product","link":"https:\/\/travelingtimes.com.co\/en\/product\/top-3-islas-by-bora-bora-pao-pao-islabela-bora-bora\/","title":{"rendered":"Descubre las 3 Mejores Islas de Bora Bora &#8211; Cartagena"},"content":{"rendered":"<p>Vive un daytour \u00fanico explorando tres islas paradis\u00edacas en un solo d\u00eda. Disfruta de playas de aguas cristalinas, paisajes impresionantes y momentos inolvidables mientras recorres Pao Pao, Islabela y Bora Bora. Una experiencia perfecta para conectar con la naturaleza y disfrutar del para\u00edso caribe\u00f1o al m\u00e1ximo.<\/p>\n<p><strong>Plan incluye:<\/strong><\/p>\n<p>\u2022Transporte en lancha r\u00e1pida<br \/>\n\u2022Gu\u00eda biling\u00fce<br \/>\n\u2022Tour panor\u00e1mico por las Islas del Rosario<br \/>\n\u20221 c\u00f3ctel de bienvenida en cada isla<br \/>\n\u2022Hidrataci\u00f3n en la embarcaci\u00f3n<br \/>\n\u20223 opciones de almuerzo + bebida (Islabela)<br \/>\n\u2022Espacio exclusivo en cada isla<\/p>\n<p>Punto de encuentro: Muelle de la Bodeguita \u2013 8:00 a.m.<br \/>\nZarpe: 8:45 a.m.<br \/>\nRetorno: 3:30 p.m.<\/p>\n<p><strong>Solo para mayores de 18 a\u00f1os<\/strong><\/p>\n<p>&nbsp;<\/p>","protected":false},"excerpt":{"rendered":"<p>Vive un daytour \u00fanico explorando tres islas paradis\u00edacas en un solo d\u00eda. Disfruta de playas de aguas cristalinas, paisajes impresionantes y momentos inolvidables mientras recorres Pao Pao, Islabela y Bora Bora. Una experiencia perfecta para conectar con la naturaleza y disfrutar del para\u00edso caribe\u00f1o al m\u00e1ximo. Plan incluye: \u2022Transporte en lancha r\u00e1pida \u2022Gu\u00eda biling\u00fce \u2022Tour [&hellip;]<\/p>","protected":false},"featured_media":13691,"comment_status":"open","ping_status":"closed","template":"","meta":{"_monsterinsights_skip_tracking":false,"_monsterinsights_sitenote_active":false,"_monsterinsights_sitenote_note":"","_monsterinsights_sitenote_category":0,"_joinchat":[]},"product_brand":[],"product_cat":[64,79,73],"product_tag":[],"class_list":{"0":"post-13628","1":"product","2":"type-product","3":"status-publish","4":"has-post-thumbnail","6":"product_cat-nacionales-colombia","7":"product_cat-playa-brisa-mar","8":"product_cat-todos","10":"first","11":"instock","12":"shipping-taxable","13":"purchasable","14":"product-type-ovabrw_car_rental"},"aioseo_notices":[],"yoast_head":"<!-- This site is optimized with the Yoast SEO plugin v26.0 - https:\/\/yoast.com\/wordpress\/plugins\/seo\/ -->\n<title>Descubre las 3 Mejores Islas de Bora Bora - Cartagena - Traveling Times Agencia de viajes<\/title>\n<meta name=\"robots\" content=\"index, follow, max-snippet:-1, max-image-preview:large, max-video-preview:-1\" \/>\n<link rel=\"canonical\" href=\"https:\/\/travelingtimes.com.co\/en\/product\/top-3-islas-by-bora-bora-pao-pao-islabela-bora-bora\/\" \/>\n<meta property=\"og:locale\" content=\"en_US\" \/>\n<meta property=\"og:type\" content=\"article\" \/>\n<meta property=\"og:title\" content=\"Descubre las 3 Mejores Islas de Bora Bora - Cartagena - Traveling Times Agencia de viajes\" \/>\n<meta property=\"og:description\" content=\"Vive un daytour \u00fanico explorando tres islas paradis\u00edacas en un solo d\u00eda. Disfruta de playas de aguas cristalinas, paisajes impresionantes y momentos inolvidables mientras recorres Pao Pao, Islabela y Bora Bora. Una experiencia perfecta para conectar con la naturaleza y disfrutar del para\u00edso caribe\u00f1o al m\u00e1ximo. Plan incluye: \u2022Transporte en lancha r\u00e1pida \u2022Gu\u00eda biling\u00fce \u2022Tour [&hellip;]\" \/>\n<meta property=\"og:url\" content=\"https:\/\/travelingtimes.com.co\/en\/product\/top-3-islas-by-bora-bora-pao-pao-islabela-bora-bora\/\" \/>\n<meta property=\"og:site_name\" content=\"Traveling Times Agencia de viajes\" \/>\n<meta property=\"article:modified_time\" content=\"2025-11-10T21:08:09+00:00\" \/>\n<meta property=\"og:image\" content=\"https:\/\/travelingtimes.com.co\/wp-content\/uploads\/2025\/10\/isabela1-1024x577.png\" \/>\n\t<meta property=\"og:image:width\" content=\"1024\" \/>\n\t<meta property=\"og:image:height\" content=\"577\" \/>\n\t<meta property=\"og:image:type\" content=\"image\/png\" \/>\n<meta name=\"twitter:card\" content=\"summary_large_image\" \/>\n<meta name=\"twitter:label1\" content=\"Est. reading time\" \/>\n\t<meta name=\"twitter:data1\" content=\"1 minute\" \/>\n<script type=\"application\/ld+json\" class=\"yoast-schema-graph\">{\"@context\":\"https:\/\/schema.org\",\"@graph\":[{\"@type\":\"WebPage\",\"@id\":\"https:\/\/travelingtimes.com.co\/producto\/top-3-islas-by-bora-bora-pao-pao-islabela-bora-bora\/\",\"url\":\"https:\/\/travelingtimes.com.co\/producto\/top-3-islas-by-bora-bora-pao-pao-islabela-bora-bora\/\",\"name\":\"Descubre las 3 Mejores Islas de Bora Bora - Cartagena - Traveling Times Agencia de viajes\",\"isPartOf\":{\"@id\":\"https:\/\/travelingtimes.com.co\/en\/#website\"},\"primaryImageOfPage\":{\"@id\":\"https:\/\/travelingtimes.com.co\/producto\/top-3-islas-by-bora-bora-pao-pao-islabela-bora-bora\/#primaryimage\"},\"image\":{\"@id\":\"https:\/\/travelingtimes.com.co\/producto\/top-3-islas-by-bora-bora-pao-pao-islabela-bora-bora\/#primaryimage\"},\"thumbnailUrl\":\"https:\/\/travelingtimes.com.co\/wp-content\/uploads\/2025\/10\/isabela1.png\",\"datePublished\":\"2025-10-03T17:27:15+00:00\",\"dateModified\":\"2025-11-10T21:08:09+00:00\",\"breadcrumb\":{\"@id\":\"https:\/\/travelingtimes.com.co\/producto\/top-3-islas-by-bora-bora-pao-pao-islabela-bora-bora\/#breadcrumb\"},\"inLanguage\":\"en-US\",\"potentialAction\":[{\"@type\":\"ReadAction\",\"target\":[\"https:\/\/travelingtimes.com.co\/producto\/top-3-islas-by-bora-bora-pao-pao-islabela-bora-bora\/\"]}]},{\"@type\":\"ImageObject\",\"inLanguage\":\"en-US\",\"@id\":\"https:\/\/travelingtimes.com.co\/producto\/top-3-islas-by-bora-bora-pao-pao-islabela-bora-bora\/#primaryimage\",\"url\":\"https:\/\/travelingtimes.com.co\/wp-content\/uploads\/2025\/10\/isabela1.png\",\"contentUrl\":\"https:\/\/travelingtimes.com.co\/wp-content\/uploads\/2025\/10\/isabela1.png\",\"width\":1924,\"height\":1084},{\"@type\":\"BreadcrumbList\",\"@id\":\"https:\/\/travelingtimes.com.co\/producto\/top-3-islas-by-bora-bora-pao-pao-islabela-bora-bora\/#breadcrumb\",\"itemListElement\":[{\"@type\":\"ListItem\",\"position\":1,\"name\":\"Inicio\",\"item\":\"https:\/\/travelingtimes.com.co\/en\/\"},{\"@type\":\"ListItem\",\"position\":2,\"name\":\"Products\",\"item\":\"https:\/\/travelingtimes.com.co\/en\/shop\/\"},{\"@type\":\"ListItem\",\"position\":3,\"name\":\"Descubre las 3 Mejores Islas de Bora Bora &#8211; Cartagena\"}]},{\"@type\":\"WebSite\",\"@id\":\"https:\/\/travelingtimes.com.co\/en\/#website\",\"url\":\"https:\/\/travelingtimes.com.co\/en\/\",\"name\":\"Traveling Times Agencia de viajes\",\"description\":\"Agencia de viajes en C\u00facuta\",\"potentialAction\":[{\"@type\":\"SearchAction\",\"target\":{\"@type\":\"EntryPoint\",\"urlTemplate\":\"https:\/\/travelingtimes.com.co\/en\/?s={search_term_string}\"},\"query-input\":{\"@type\":\"PropertyValueSpecification\",\"valueRequired\":true,\"valueName\":\"search_term_string\"}}],\"inLanguage\":\"en-US\"}]}<\/script>\n<!-- \/ Yoast SEO plugin. -->","yoast_head_json":{"title":"Descubre las 3 Mejores Islas de Bora Bora - Cartagena - Traveling Times Agencia de viajes","robots":{"index":"index","follow":"follow","max-snippet":"max-snippet:-1","max-image-preview":"max-image-preview:large","max-video-preview":"max-video-preview:-1"},"canonical":"https:\/\/travelingtimes.com.co\/en\/product\/top-3-islas-by-bora-bora-pao-pao-islabela-bora-bora\/","og_locale":"en_US","og_type":"article","og_title":"Descubre las 3 Mejores Islas de Bora Bora - Cartagena - Traveling Times Agencia de viajes","og_description":"Vive un daytour \u00fanico explorando tres islas paradis\u00edacas en un solo d\u00eda. Disfruta de playas de aguas cristalinas, paisajes impresionantes y momentos inolvidables mientras recorres Pao Pao, Islabela y Bora Bora. Una experiencia perfecta para conectar con la naturaleza y disfrutar del para\u00edso caribe\u00f1o al m\u00e1ximo. Plan incluye: \u2022Transporte en lancha r\u00e1pida \u2022Gu\u00eda biling\u00fce \u2022Tour [&hellip;]","og_url":"https:\/\/travelingtimes.com.co\/en\/product\/top-3-islas-by-bora-bora-pao-pao-islabela-bora-bora\/","og_site_name":"Traveling Times Agencia de viajes","article_modified_time":"2025-11-10T21:08:09+00:00","og_image":[{"width":1024,"height":577,"url":"https:\/\/travelingtimes.com.co\/wp-content\/uploads\/2025\/10\/isabela1-1024x577.png","type":"image\/png"}],"twitter_card":"summary_large_image","twitter_misc":{"Est. reading time":"1 minute"},"schema":{"@context":"https:\/\/schema.org","@graph":[{"@type":"WebPage","@id":"https:\/\/travelingtimes.com.co\/producto\/top-3-islas-by-bora-bora-pao-pao-islabela-bora-bora\/","url":"https:\/\/travelingtimes.com.co\/producto\/top-3-islas-by-bora-bora-pao-pao-islabela-bora-bora\/","name":"Descubre las 3 Mejores Islas de Bora Bora - Cartagena - Traveling Times Agencia de viajes","isPartOf":{"@id":"https:\/\/travelingtimes.com.co\/en\/#website"},"primaryImageOfPage":{"@id":"https:\/\/travelingtimes.com.co\/producto\/top-3-islas-by-bora-bora-pao-pao-islabela-bora-bora\/#primaryimage"},"image":{"@id":"https:\/\/travelingtimes.com.co\/producto\/top-3-islas-by-bora-bora-pao-pao-islabela-bora-bora\/#primaryimage"},"thumbnailUrl":"https:\/\/travelingtimes.com.co\/wp-content\/uploads\/2025\/10\/isabela1.png","datePublished":"2025-10-03T17:27:15+00:00","dateModified":"2025-11-10T21:08:09+00:00","breadcrumb":{"@id":"https:\/\/travelingtimes.com.co\/producto\/top-3-islas-by-bora-bora-pao-pao-islabela-bora-bora\/#breadcrumb"},"inLanguage":"en-US","potentialAction":[{"@type":"ReadAction","target":["https:\/\/travelingtimes.com.co\/producto\/top-3-islas-by-bora-bora-pao-pao-islabela-bora-bora\/"]}]},{"@type":"ImageObject","inLanguage":"en-US","@id":"https:\/\/travelingtimes.com.co\/producto\/top-3-islas-by-bora-bora-pao-pao-islabela-bora-bora\/#primaryimage","url":"https:\/\/travelingtimes.com.co\/wp-content\/uploads\/2025\/10\/isabela1.png","contentUrl":"https:\/\/travelingtimes.com.co\/wp-content\/uploads\/2025\/10\/isabela1.png","width":1924,"height":1084},{"@type":"BreadcrumbList","@id":"https:\/\/travelingtimes.com.co\/producto\/top-3-islas-by-bora-bora-pao-pao-islabela-bora-bora\/#breadcrumb","itemListElement":[{"@type":"ListItem","position":1,"name":"Inicio","item":"https:\/\/travelingtimes.com.co\/en\/"},{"@type":"ListItem","position":2,"name":"Products","item":"https:\/\/travelingtimes.com.co\/en\/shop\/"},{"@type":"ListItem","position":3,"name":"Descubre las 3 Mejores Islas de Bora Bora &#8211; Cartagena"}]},{"@type":"WebSite","@id":"https:\/\/travelingtimes.com.co\/en\/#website","url":"https:\/\/travelingtimes.com.co\/en\/","name":"Traveling Times Agencia de viajes","description":"Agencia de viajes en C\u00facuta","potentialAction":[{"@type":"SearchAction","target":{"@type":"EntryPoint","urlTemplate":"https:\/\/travelingtimes.com.co\/en\/?s={search_term_string}"},"query-input":{"@type":"PropertyValueSpecification","valueRequired":true,"valueName":"search_term_string"}}],"inLanguage":"en-US"}]}},"_links":{"self":[{"href":"https:\/\/travelingtimes.com.co\/en\/wp-json\/wp\/v2\/product\/13628","targetHints":{"allow":["GET"]}}],"collection":[{"href":"https:\/\/travelingtimes.com.co\/en\/wp-json\/wp\/v2\/product"}],"about":[{"href":"https:\/\/travelingtimes.com.co\/en\/wp-json\/wp\/v2\/types\/product"}],"replies":[{"embeddable":true,"href":"https:\/\/travelingtimes.com.co\/en\/wp-json\/wp\/v2\/comments?post=13628"}],"version-history":[{"count":3,"href":"https:\/\/travelingtimes.com.co\/en\/wp-json\/wp\/v2\/product\/13628\/revisions"}],"predecessor-version":[{"id":14594,"href":"https:\/\/travelingtimes.com.co\/en\/wp-json\/wp\/v2\/product\/13628\/revisions\/14594"}],"wp:featuredmedia":[{"embeddable":true,"href":"https:\/\/travelingtimes.com.co\/en\/wp-json\/wp\/v2\/media\/13691"}],"wp:attachment":[{"href":"https:\/\/travelingtimes.com.co\/en\/wp-json\/wp\/v2\/media?parent=13628"}],"wp:term":[{"taxonomy":"product_brand","embeddable":true,"href":"https:\/\/travelingtimes.com.co\/en\/wp-json\/wp\/v2\/product_brand?post=13628"},{"taxonomy":"product_cat","embeddable":true,"href":"https:\/\/travelingtimes.com.co\/en\/wp-json\/wp\/v2\/product_cat?post=13628"},{"taxonomy":"product_tag","embeddable":true,"href":"https:\/\/travelingtimes.com.co\/en\/wp-json\/wp\/v2\/product_tag?post=13628"}],"curies":[{"name":"wp","href":"https:\/\/api.w.org\/{rel}","templated":true}]}}