{"id":13630,"date":"2025-10-03T12:28:13","date_gmt":"2025-10-03T17:28:13","guid":{"rendered":"https:\/\/travelingtimes.com.co\/?post_type=product&#038;p=13630"},"modified":"2025-11-10T16:13:54","modified_gmt":"2025-11-10T21:13:54","slug":"5-islas-con-encanto-golden-explorer-historia-naturaleza-y-aventura-en-un-solo-dia","status":"publish","type":"product","link":"https:\/\/travelingtimes.com.co\/en\/product\/5-islas-con-encanto-golden-explorer-historia-naturaleza-y-aventura-en-un-solo-dia\/","title":{"rendered":"5 Islas con Encanto: Historia, Naturaleza y Aventura"},"content":{"rendered":"<p>Emb\u00e1rcate en una aventura \u00fanica explorando cinco islas llenas de historia, naturaleza y paisajes impresionantes. Con Golden Explorer, disfruta de un d\u00eda completo descubriendo playas paradis\u00edacas, cultura local y emocionantes actividades que te conectar\u00e1n con la esencia del Caribe. Un tour ideal para quienes buscan combinar relax y exploraci\u00f3n en un solo recorrido.<\/p>\n<p><strong>Plan incluye:<\/strong><\/p>\n<p>\u2022Traslado en bote deportivo o Trit\u00f3n<br \/>\n\u2022Seguro de asistencia al viajero<br \/>\n\u2022Gu\u00eda profesional biling\u00fce<br \/>\n\u2022Bebidas a bordo en el traslado de ida (cerveza, ron, Coca-Cola o agua)<br \/>\n\u2022Ingreso al Fuerte de San Fernando en Bocachica<br \/>\n\u2022Recorrido panor\u00e1mico por las 27 Islas del Rosario<br \/>\n\u2022Almuerzo en Hotel Isla del Encanto<br \/>\n\u2022Parada en Hotel Club Isla Mulata<br \/>\n\u2022Snorkel en la avioneta hundida de Pablo Escobar<br \/>\n\u2022Snorkel en zona del Oceanario + avistamiento de peces<br \/>\n\u2022Panor\u00e1mica por la mansi\u00f3n abandonada<br \/>\n\u2022Traslado al Oceanario con entrada incluida para ni\u00f1os (adultos pagan aparte)<br \/>\n\u2022Recorrido panor\u00e1mico por Chol\u00f3n, Playa Azul y Playa Blanca<br \/>\n\u2022Parada en Playa Tranquila \u2013 Club South Beach<\/p>\n<p>&nbsp;<\/p>\n<p>Salida: Muelle de la Bodeguita<\/p>","protected":false},"excerpt":{"rendered":"<p>Emb\u00e1rcate en una aventura \u00fanica explorando cinco islas llenas de historia, naturaleza y paisajes impresionantes. Con Golden Explorer, disfruta de un d\u00eda completo descubriendo playas paradis\u00edacas, cultura local y emocionantes actividades que te conectar\u00e1n con la esencia del Caribe. Un tour ideal para quienes buscan combinar relax y exploraci\u00f3n en un solo recorrido. Plan incluye: [&hellip;]<\/p>","protected":false},"featured_media":13700,"comment_status":"open","ping_status":"closed","template":"","meta":{"_monsterinsights_skip_tracking":false,"_monsterinsights_sitenote_active":false,"_monsterinsights_sitenote_note":"","_monsterinsights_sitenote_category":0,"_joinchat":[]},"product_brand":[],"product_cat":[64,79,73],"product_tag":[],"class_list":{"0":"post-13630","1":"product","2":"type-product","3":"status-publish","4":"has-post-thumbnail","6":"product_cat-nacionales-colombia","7":"product_cat-playa-brisa-mar","8":"product_cat-todos","10":"first","11":"instock","12":"shipping-taxable","13":"purchasable","14":"product-type-ovabrw_car_rental"},"aioseo_notices":[],"yoast_head":"<!-- This site is optimized with the Yoast SEO plugin v26.0 - https:\/\/yoast.com\/wordpress\/plugins\/seo\/ -->\n<title>5 Islas con Encanto: Historia, Naturaleza y Aventura - Traveling Times Agencia de viajes<\/title>\n<meta name=\"robots\" content=\"index, follow, max-snippet:-1, max-image-preview:large, max-video-preview:-1\" \/>\n<link rel=\"canonical\" href=\"https:\/\/travelingtimes.com.co\/en\/product\/5-islas-con-encanto-golden-explorer-historia-naturaleza-y-aventura-en-un-solo-dia\/\" \/>\n<meta property=\"og:locale\" content=\"en_US\" \/>\n<meta property=\"og:type\" content=\"article\" \/>\n<meta property=\"og:title\" content=\"5 Islas con Encanto: Historia, Naturaleza y Aventura - Traveling Times Agencia de viajes\" \/>\n<meta property=\"og:description\" content=\"Emb\u00e1rcate en una aventura \u00fanica explorando cinco islas llenas de historia, naturaleza y paisajes impresionantes. Con Golden Explorer, disfruta de un d\u00eda completo descubriendo playas paradis\u00edacas, cultura local y emocionantes actividades que te conectar\u00e1n con la esencia del Caribe. Un tour ideal para quienes buscan combinar relax y exploraci\u00f3n en un solo recorrido. Plan incluye: [&hellip;]\" \/>\n<meta property=\"og:url\" content=\"https:\/\/travelingtimes.com.co\/en\/product\/5-islas-con-encanto-golden-explorer-historia-naturaleza-y-aventura-en-un-solo-dia\/\" \/>\n<meta property=\"og:site_name\" content=\"Traveling Times Agencia de viajes\" \/>\n<meta property=\"article:modified_time\" content=\"2025-11-10T21:13:54+00:00\" \/>\n<meta property=\"og:image\" content=\"https:\/\/travelingtimes.com.co\/wp-content\/uploads\/2025\/10\/5-Islas2.png\" \/>\n\t<meta property=\"og:image:width\" content=\"1924\" \/>\n\t<meta property=\"og:image:height\" content=\"1084\" \/>\n\t<meta property=\"og:image:type\" content=\"image\/png\" \/>\n<meta name=\"twitter:card\" content=\"summary_large_image\" \/>\n<meta name=\"twitter:label1\" content=\"Est. reading time\" \/>\n\t<meta name=\"twitter:data1\" content=\"1 minute\" \/>\n<script type=\"application\/ld+json\" class=\"yoast-schema-graph\">{\"@context\":\"https:\/\/schema.org\",\"@graph\":[{\"@type\":\"WebPage\",\"@id\":\"https:\/\/travelingtimes.com.co\/producto\/5-islas-con-encanto-golden-explorer-historia-naturaleza-y-aventura-en-un-solo-dia\/\",\"url\":\"https:\/\/travelingtimes.com.co\/producto\/5-islas-con-encanto-golden-explorer-historia-naturaleza-y-aventura-en-un-solo-dia\/\",\"name\":\"5 Islas con Encanto: Historia, Naturaleza y Aventura - Traveling Times Agencia de viajes\",\"isPartOf\":{\"@id\":\"https:\/\/travelingtimes.com.co\/en\/#website\"},\"primaryImageOfPage\":{\"@id\":\"https:\/\/travelingtimes.com.co\/producto\/5-islas-con-encanto-golden-explorer-historia-naturaleza-y-aventura-en-un-solo-dia\/#primaryimage\"},\"image\":{\"@id\":\"https:\/\/travelingtimes.com.co\/producto\/5-islas-con-encanto-golden-explorer-historia-naturaleza-y-aventura-en-un-solo-dia\/#primaryimage\"},\"thumbnailUrl\":\"https:\/\/travelingtimes.com.co\/wp-content\/uploads\/2025\/10\/5-Islas2.png\",\"datePublished\":\"2025-10-03T17:28:13+00:00\",\"dateModified\":\"2025-11-10T21:13:54+00:00\",\"breadcrumb\":{\"@id\":\"https:\/\/travelingtimes.com.co\/producto\/5-islas-con-encanto-golden-explorer-historia-naturaleza-y-aventura-en-un-solo-dia\/#breadcrumb\"},\"inLanguage\":\"en-US\",\"potentialAction\":[{\"@type\":\"ReadAction\",\"target\":[\"https:\/\/travelingtimes.com.co\/producto\/5-islas-con-encanto-golden-explorer-historia-naturaleza-y-aventura-en-un-solo-dia\/\"]}]},{\"@type\":\"ImageObject\",\"inLanguage\":\"en-US\",\"@id\":\"https:\/\/travelingtimes.com.co\/producto\/5-islas-con-encanto-golden-explorer-historia-naturaleza-y-aventura-en-un-solo-dia\/#primaryimage\",\"url\":\"https:\/\/travelingtimes.com.co\/wp-content\/uploads\/2025\/10\/5-Islas2.png\",\"contentUrl\":\"https:\/\/travelingtimes.com.co\/wp-content\/uploads\/2025\/10\/5-Islas2.png\",\"width\":1924,\"height\":1084},{\"@type\":\"BreadcrumbList\",\"@id\":\"https:\/\/travelingtimes.com.co\/producto\/5-islas-con-encanto-golden-explorer-historia-naturaleza-y-aventura-en-un-solo-dia\/#breadcrumb\",\"itemListElement\":[{\"@type\":\"ListItem\",\"position\":1,\"name\":\"Inicio\",\"item\":\"https:\/\/travelingtimes.com.co\/en\/\"},{\"@type\":\"ListItem\",\"position\":2,\"name\":\"Products\",\"item\":\"https:\/\/travelingtimes.com.co\/en\/shop\/\"},{\"@type\":\"ListItem\",\"position\":3,\"name\":\"5 Islas con Encanto: Historia, Naturaleza y Aventura\"}]},{\"@type\":\"WebSite\",\"@id\":\"https:\/\/travelingtimes.com.co\/en\/#website\",\"url\":\"https:\/\/travelingtimes.com.co\/en\/\",\"name\":\"Traveling Times Agencia de viajes\",\"description\":\"Agencia de viajes en C\u00facuta\",\"potentialAction\":[{\"@type\":\"SearchAction\",\"target\":{\"@type\":\"EntryPoint\",\"urlTemplate\":\"https:\/\/travelingtimes.com.co\/en\/?s={search_term_string}\"},\"query-input\":{\"@type\":\"PropertyValueSpecification\",\"valueRequired\":true,\"valueName\":\"search_term_string\"}}],\"inLanguage\":\"en-US\"}]}<\/script>\n<!-- \/ Yoast SEO plugin. -->","yoast_head_json":{"title":"5 Islas con Encanto: Historia, Naturaleza y Aventura - Traveling Times Agencia de viajes","robots":{"index":"index","follow":"follow","max-snippet":"max-snippet:-1","max-image-preview":"max-image-preview:large","max-video-preview":"max-video-preview:-1"},"canonical":"https:\/\/travelingtimes.com.co\/en\/product\/5-islas-con-encanto-golden-explorer-historia-naturaleza-y-aventura-en-un-solo-dia\/","og_locale":"en_US","og_type":"article","og_title":"5 Islas con Encanto: Historia, Naturaleza y Aventura - Traveling Times Agencia de viajes","og_description":"Emb\u00e1rcate en una aventura \u00fanica explorando cinco islas llenas de historia, naturaleza y paisajes impresionantes. Con Golden Explorer, disfruta de un d\u00eda completo descubriendo playas paradis\u00edacas, cultura local y emocionantes actividades que te conectar\u00e1n con la esencia del Caribe. Un tour ideal para quienes buscan combinar relax y exploraci\u00f3n en un solo recorrido. Plan incluye: [&hellip;]","og_url":"https:\/\/travelingtimes.com.co\/en\/product\/5-islas-con-encanto-golden-explorer-historia-naturaleza-y-aventura-en-un-solo-dia\/","og_site_name":"Traveling Times Agencia de viajes","article_modified_time":"2025-11-10T21:13:54+00:00","og_image":[{"width":1924,"height":1084,"url":"https:\/\/travelingtimes.com.co\/wp-content\/uploads\/2025\/10\/5-Islas2.png","type":"image\/png"}],"twitter_card":"summary_large_image","twitter_misc":{"Est. reading time":"1 minute"},"schema":{"@context":"https:\/\/schema.org","@graph":[{"@type":"WebPage","@id":"https:\/\/travelingtimes.com.co\/producto\/5-islas-con-encanto-golden-explorer-historia-naturaleza-y-aventura-en-un-solo-dia\/","url":"https:\/\/travelingtimes.com.co\/producto\/5-islas-con-encanto-golden-explorer-historia-naturaleza-y-aventura-en-un-solo-dia\/","name":"5 Islas con Encanto: Historia, Naturaleza y Aventura - Traveling Times Agencia de viajes","isPartOf":{"@id":"https:\/\/travelingtimes.com.co\/en\/#website"},"primaryImageOfPage":{"@id":"https:\/\/travelingtimes.com.co\/producto\/5-islas-con-encanto-golden-explorer-historia-naturaleza-y-aventura-en-un-solo-dia\/#primaryimage"},"image":{"@id":"https:\/\/travelingtimes.com.co\/producto\/5-islas-con-encanto-golden-explorer-historia-naturaleza-y-aventura-en-un-solo-dia\/#primaryimage"},"thumbnailUrl":"https:\/\/travelingtimes.com.co\/wp-content\/uploads\/2025\/10\/5-Islas2.png","datePublished":"2025-10-03T17:28:13+00:00","dateModified":"2025-11-10T21:13:54+00:00","breadcrumb":{"@id":"https:\/\/travelingtimes.com.co\/producto\/5-islas-con-encanto-golden-explorer-historia-naturaleza-y-aventura-en-un-solo-dia\/#breadcrumb"},"inLanguage":"en-US","potentialAction":[{"@type":"ReadAction","target":["https:\/\/travelingtimes.com.co\/producto\/5-islas-con-encanto-golden-explorer-historia-naturaleza-y-aventura-en-un-solo-dia\/"]}]},{"@type":"ImageObject","inLanguage":"en-US","@id":"https:\/\/travelingtimes.com.co\/producto\/5-islas-con-encanto-golden-explorer-historia-naturaleza-y-aventura-en-un-solo-dia\/#primaryimage","url":"https:\/\/travelingtimes.com.co\/wp-content\/uploads\/2025\/10\/5-Islas2.png","contentUrl":"https:\/\/travelingtimes.com.co\/wp-content\/uploads\/2025\/10\/5-Islas2.png","width":1924,"height":1084},{"@type":"BreadcrumbList","@id":"https:\/\/travelingtimes.com.co\/producto\/5-islas-con-encanto-golden-explorer-historia-naturaleza-y-aventura-en-un-solo-dia\/#breadcrumb","itemListElement":[{"@type":"ListItem","position":1,"name":"Inicio","item":"https:\/\/travelingtimes.com.co\/en\/"},{"@type":"ListItem","position":2,"name":"Products","item":"https:\/\/travelingtimes.com.co\/en\/shop\/"},{"@type":"ListItem","position":3,"name":"5 Islas con Encanto: Historia, Naturaleza y Aventura"}]},{"@type":"WebSite","@id":"https:\/\/travelingtimes.com.co\/en\/#website","url":"https:\/\/travelingtimes.com.co\/en\/","name":"Traveling Times Agencia de viajes","description":"Agencia de viajes en C\u00facuta","potentialAction":[{"@type":"SearchAction","target":{"@type":"EntryPoint","urlTemplate":"https:\/\/travelingtimes.com.co\/en\/?s={search_term_string}"},"query-input":{"@type":"PropertyValueSpecification","valueRequired":true,"valueName":"search_term_string"}}],"inLanguage":"en-US"}]}},"_links":{"self":[{"href":"https:\/\/travelingtimes.com.co\/en\/wp-json\/wp\/v2\/product\/13630","targetHints":{"allow":["GET"]}}],"collection":[{"href":"https:\/\/travelingtimes.com.co\/en\/wp-json\/wp\/v2\/product"}],"about":[{"href":"https:\/\/travelingtimes.com.co\/en\/wp-json\/wp\/v2\/types\/product"}],"replies":[{"embeddable":true,"href":"https:\/\/travelingtimes.com.co\/en\/wp-json\/wp\/v2\/comments?post=13630"}],"version-history":[{"count":3,"href":"https:\/\/travelingtimes.com.co\/en\/wp-json\/wp\/v2\/product\/13630\/revisions"}],"predecessor-version":[{"id":14596,"href":"https:\/\/travelingtimes.com.co\/en\/wp-json\/wp\/v2\/product\/13630\/revisions\/14596"}],"wp:featuredmedia":[{"embeddable":true,"href":"https:\/\/travelingtimes.com.co\/en\/wp-json\/wp\/v2\/media\/13700"}],"wp:attachment":[{"href":"https:\/\/travelingtimes.com.co\/en\/wp-json\/wp\/v2\/media?parent=13630"}],"wp:term":[{"taxonomy":"product_brand","embeddable":true,"href":"https:\/\/travelingtimes.com.co\/en\/wp-json\/wp\/v2\/product_brand?post=13630"},{"taxonomy":"product_cat","embeddable":true,"href":"https:\/\/travelingtimes.com.co\/en\/wp-json\/wp\/v2\/product_cat?post=13630"},{"taxonomy":"product_tag","embeddable":true,"href":"https:\/\/travelingtimes.com.co\/en\/wp-json\/wp\/v2\/product_tag?post=13630"}],"curies":[{"name":"wp","href":"https:\/\/api.w.org\/{rel}","templated":true}]}}