{"id":13733,"date":"2025-10-03T18:08:29","date_gmt":"2025-10-03T23:08:29","guid":{"rendered":"https:\/\/travelingtimes.com.co\/?post_type=product&#038;p=13733"},"modified":"2025-11-27T11:03:54","modified_gmt":"2025-11-27T16:03:54","slug":"parasail-en-san-andres-vive-la-isla-desde-el-cielo","status":"publish","type":"product","link":"https:\/\/travelingtimes.com.co\/en\/product\/parasail-en-san-andres-vive-la-isla-desde-el-cielo\/","title":{"rendered":"Parasail en San Andr\u00e9s \u2013 Vive la isla desde el cielo"},"content":{"rendered":"<p>Siente la adrenalina y la libertad mientras te elevas sobre el Mar de los 7 Colores. Disfruta una vista panor\u00e1mica \u00fanica de San Andr\u00e9s, flotando suavemente en el aire en una experiencia segura, emocionante y absolutamente inolvidable.<\/p>\n<p><strong>Incluye:<\/strong><br \/>\n\u2022Embarcaci\u00f3n con capacidad de 6 personas<br \/>\n\u2022Equipo de parasail para 2 personas<br \/>\n\u2022Experiencia inolvidable sobre el mar<\/p>\n<p><strong>No incluye:<\/strong><br \/>\n\u2022Traslado terrestre (los pasajeros deben llegar 15 min antes)<br \/>\n\u2022Una experiencia perfecta para aventureros y amantes de la naturaleza.<\/p>\n<p>Duraci\u00f3n total: 1 hora<br \/>\nVuelo en el aire: 20 minutos<br \/>\nHorarios: 9:00 AM \/ 11:00 AM \/ 2:00 PM \/ 4:00 PM<br \/>\nSalida: Marina de Toninos (con reserva previa)<\/p>","protected":false},"excerpt":{"rendered":"<p>Siente la adrenalina y la libertad mientras te elevas sobre el Mar de los 7 Colores. Disfruta una vista panor\u00e1mica \u00fanica de San Andr\u00e9s, flotando suavemente en el aire en una experiencia segura, emocionante y absolutamente inolvidable. Incluye: \u2022Embarcaci\u00f3n con capacidad de 6 personas \u2022Equipo de parasail para 2 personas \u2022Experiencia inolvidable sobre el mar [&hellip;]<\/p>","protected":false},"featured_media":13735,"comment_status":"open","ping_status":"closed","template":"","meta":{"_monsterinsights_skip_tracking":false,"_monsterinsights_sitenote_active":false,"_monsterinsights_sitenote_note":"","_monsterinsights_sitenote_category":0,"_joinchat":[]},"product_brand":[],"product_cat":[64,79,73],"product_tag":[],"class_list":{"0":"post-13733","1":"product","2":"type-product","3":"status-publish","4":"has-post-thumbnail","6":"product_cat-nacionales-colombia","7":"product_cat-playa-brisa-mar","8":"product_cat-todos","10":"first","11":"instock","12":"shipping-taxable","13":"purchasable","14":"product-type-ovabrw_car_rental"},"aioseo_notices":[],"yoast_head":"<!-- This site is optimized with the Yoast SEO plugin v26.0 - https:\/\/yoast.com\/wordpress\/plugins\/seo\/ -->\n<title>Parasail en San Andr\u00e9s \u2013 Vive la isla desde el cielo - Traveling Times Agencia de viajes<\/title>\n<meta name=\"robots\" content=\"index, follow, max-snippet:-1, max-image-preview:large, max-video-preview:-1\" \/>\n<link rel=\"canonical\" href=\"https:\/\/travelingtimes.com.co\/en\/product\/parasail-en-san-andres-vive-la-isla-desde-el-cielo\/\" \/>\n<meta property=\"og:locale\" content=\"en_US\" \/>\n<meta property=\"og:type\" content=\"article\" \/>\n<meta property=\"og:title\" content=\"Parasail en San Andr\u00e9s \u2013 Vive la isla desde el cielo - Traveling Times Agencia de viajes\" \/>\n<meta property=\"og:description\" content=\"Siente la adrenalina y la libertad mientras te elevas sobre el Mar de los 7 Colores. Disfruta una vista panor\u00e1mica \u00fanica de San Andr\u00e9s, flotando suavemente en el aire en una experiencia segura, emocionante y absolutamente inolvidable. Incluye: \u2022Embarcaci\u00f3n con capacidad de 6 personas \u2022Equipo de parasail para 2 personas \u2022Experiencia inolvidable sobre el mar [&hellip;]\" \/>\n<meta property=\"og:url\" content=\"https:\/\/travelingtimes.com.co\/en\/product\/parasail-en-san-andres-vive-la-isla-desde-el-cielo\/\" \/>\n<meta property=\"og:site_name\" content=\"Traveling Times Agencia de viajes\" \/>\n<meta property=\"article:modified_time\" content=\"2025-11-27T16:03:54+00:00\" \/>\n<meta property=\"og:image\" content=\"https:\/\/travelingtimes.com.co\/wp-content\/uploads\/2025\/10\/Parasail.png\" \/>\n\t<meta property=\"og:image:width\" content=\"1924\" \/>\n\t<meta property=\"og:image:height\" content=\"1084\" \/>\n\t<meta property=\"og:image:type\" content=\"image\/png\" \/>\n<meta name=\"twitter:card\" content=\"summary_large_image\" \/>\n<meta name=\"twitter:label1\" content=\"Est. reading time\" \/>\n\t<meta name=\"twitter:data1\" content=\"1 minute\" \/>\n<script type=\"application\/ld+json\" class=\"yoast-schema-graph\">{\"@context\":\"https:\/\/schema.org\",\"@graph\":[{\"@type\":\"WebPage\",\"@id\":\"https:\/\/travelingtimes.com.co\/en\/product\/parasail-en-san-andres-vive-la-isla-desde-el-cielo\/\",\"url\":\"https:\/\/travelingtimes.com.co\/en\/product\/parasail-en-san-andres-vive-la-isla-desde-el-cielo\/\",\"name\":\"Parasail en San Andr\u00e9s \u2013 Vive la isla desde el cielo - Traveling Times Agencia de viajes\",\"isPartOf\":{\"@id\":\"https:\/\/travelingtimes.com.co\/en\/#website\"},\"primaryImageOfPage\":{\"@id\":\"https:\/\/travelingtimes.com.co\/en\/product\/parasail-en-san-andres-vive-la-isla-desde-el-cielo\/#primaryimage\"},\"image\":{\"@id\":\"https:\/\/travelingtimes.com.co\/en\/product\/parasail-en-san-andres-vive-la-isla-desde-el-cielo\/#primaryimage\"},\"thumbnailUrl\":\"https:\/\/travelingtimes.com.co\/wp-content\/uploads\/2025\/10\/Parasail.png\",\"datePublished\":\"2025-10-03T23:08:29+00:00\",\"dateModified\":\"2025-11-27T16:03:54+00:00\",\"breadcrumb\":{\"@id\":\"https:\/\/travelingtimes.com.co\/en\/product\/parasail-en-san-andres-vive-la-isla-desde-el-cielo\/#breadcrumb\"},\"inLanguage\":\"en-US\",\"potentialAction\":[{\"@type\":\"ReadAction\",\"target\":[\"https:\/\/travelingtimes.com.co\/en\/product\/parasail-en-san-andres-vive-la-isla-desde-el-cielo\/\"]}]},{\"@type\":\"ImageObject\",\"inLanguage\":\"en-US\",\"@id\":\"https:\/\/travelingtimes.com.co\/en\/product\/parasail-en-san-andres-vive-la-isla-desde-el-cielo\/#primaryimage\",\"url\":\"https:\/\/travelingtimes.com.co\/wp-content\/uploads\/2025\/10\/Parasail.png\",\"contentUrl\":\"https:\/\/travelingtimes.com.co\/wp-content\/uploads\/2025\/10\/Parasail.png\",\"width\":1924,\"height\":1084},{\"@type\":\"BreadcrumbList\",\"@id\":\"https:\/\/travelingtimes.com.co\/en\/product\/parasail-en-san-andres-vive-la-isla-desde-el-cielo\/#breadcrumb\",\"itemListElement\":[{\"@type\":\"ListItem\",\"position\":1,\"name\":\"Inicio\",\"item\":\"https:\/\/travelingtimes.com.co\/en\/\"},{\"@type\":\"ListItem\",\"position\":2,\"name\":\"Products\",\"item\":\"https:\/\/travelingtimes.com.co\/en\/shop\/\"},{\"@type\":\"ListItem\",\"position\":3,\"name\":\"Parasail en San Andr\u00e9s \u2013 Vive la isla desde el cielo\"}]},{\"@type\":\"WebSite\",\"@id\":\"https:\/\/travelingtimes.com.co\/en\/#website\",\"url\":\"https:\/\/travelingtimes.com.co\/en\/\",\"name\":\"Traveling Times Agencia de viajes\",\"description\":\"Agencia de viajes en C\u00facuta\",\"potentialAction\":[{\"@type\":\"SearchAction\",\"target\":{\"@type\":\"EntryPoint\",\"urlTemplate\":\"https:\/\/travelingtimes.com.co\/en\/?s={search_term_string}\"},\"query-input\":{\"@type\":\"PropertyValueSpecification\",\"valueRequired\":true,\"valueName\":\"search_term_string\"}}],\"inLanguage\":\"en-US\"}]}<\/script>\n<!-- \/ Yoast SEO plugin. -->","yoast_head_json":{"title":"Parasail en San Andr\u00e9s \u2013 Vive la isla desde el cielo - Traveling Times Agencia de viajes","robots":{"index":"index","follow":"follow","max-snippet":"max-snippet:-1","max-image-preview":"max-image-preview:large","max-video-preview":"max-video-preview:-1"},"canonical":"https:\/\/travelingtimes.com.co\/en\/product\/parasail-en-san-andres-vive-la-isla-desde-el-cielo\/","og_locale":"en_US","og_type":"article","og_title":"Parasail en San Andr\u00e9s \u2013 Vive la isla desde el cielo - Traveling Times Agencia de viajes","og_description":"Siente la adrenalina y la libertad mientras te elevas sobre el Mar de los 7 Colores. Disfruta una vista panor\u00e1mica \u00fanica de San Andr\u00e9s, flotando suavemente en el aire en una experiencia segura, emocionante y absolutamente inolvidable. Incluye: \u2022Embarcaci\u00f3n con capacidad de 6 personas \u2022Equipo de parasail para 2 personas \u2022Experiencia inolvidable sobre el mar [&hellip;]","og_url":"https:\/\/travelingtimes.com.co\/en\/product\/parasail-en-san-andres-vive-la-isla-desde-el-cielo\/","og_site_name":"Traveling Times Agencia de viajes","article_modified_time":"2025-11-27T16:03:54+00:00","og_image":[{"width":1924,"height":1084,"url":"https:\/\/travelingtimes.com.co\/wp-content\/uploads\/2025\/10\/Parasail.png","type":"image\/png"}],"twitter_card":"summary_large_image","twitter_misc":{"Est. reading time":"1 minute"},"schema":{"@context":"https:\/\/schema.org","@graph":[{"@type":"WebPage","@id":"https:\/\/travelingtimes.com.co\/en\/product\/parasail-en-san-andres-vive-la-isla-desde-el-cielo\/","url":"https:\/\/travelingtimes.com.co\/en\/product\/parasail-en-san-andres-vive-la-isla-desde-el-cielo\/","name":"Parasail en San Andr\u00e9s \u2013 Vive la isla desde el cielo - Traveling Times Agencia de viajes","isPartOf":{"@id":"https:\/\/travelingtimes.com.co\/en\/#website"},"primaryImageOfPage":{"@id":"https:\/\/travelingtimes.com.co\/en\/product\/parasail-en-san-andres-vive-la-isla-desde-el-cielo\/#primaryimage"},"image":{"@id":"https:\/\/travelingtimes.com.co\/en\/product\/parasail-en-san-andres-vive-la-isla-desde-el-cielo\/#primaryimage"},"thumbnailUrl":"https:\/\/travelingtimes.com.co\/wp-content\/uploads\/2025\/10\/Parasail.png","datePublished":"2025-10-03T23:08:29+00:00","dateModified":"2025-11-27T16:03:54+00:00","breadcrumb":{"@id":"https:\/\/travelingtimes.com.co\/en\/product\/parasail-en-san-andres-vive-la-isla-desde-el-cielo\/#breadcrumb"},"inLanguage":"en-US","potentialAction":[{"@type":"ReadAction","target":["https:\/\/travelingtimes.com.co\/en\/product\/parasail-en-san-andres-vive-la-isla-desde-el-cielo\/"]}]},{"@type":"ImageObject","inLanguage":"en-US","@id":"https:\/\/travelingtimes.com.co\/en\/product\/parasail-en-san-andres-vive-la-isla-desde-el-cielo\/#primaryimage","url":"https:\/\/travelingtimes.com.co\/wp-content\/uploads\/2025\/10\/Parasail.png","contentUrl":"https:\/\/travelingtimes.com.co\/wp-content\/uploads\/2025\/10\/Parasail.png","width":1924,"height":1084},{"@type":"BreadcrumbList","@id":"https:\/\/travelingtimes.com.co\/en\/product\/parasail-en-san-andres-vive-la-isla-desde-el-cielo\/#breadcrumb","itemListElement":[{"@type":"ListItem","position":1,"name":"Inicio","item":"https:\/\/travelingtimes.com.co\/en\/"},{"@type":"ListItem","position":2,"name":"Products","item":"https:\/\/travelingtimes.com.co\/en\/shop\/"},{"@type":"ListItem","position":3,"name":"Parasail en San Andr\u00e9s \u2013 Vive la isla desde el cielo"}]},{"@type":"WebSite","@id":"https:\/\/travelingtimes.com.co\/en\/#website","url":"https:\/\/travelingtimes.com.co\/en\/","name":"Traveling Times Agencia de viajes","description":"Agencia de viajes en C\u00facuta","potentialAction":[{"@type":"SearchAction","target":{"@type":"EntryPoint","urlTemplate":"https:\/\/travelingtimes.com.co\/en\/?s={search_term_string}"},"query-input":{"@type":"PropertyValueSpecification","valueRequired":true,"valueName":"search_term_string"}}],"inLanguage":"en-US"}]}},"_links":{"self":[{"href":"https:\/\/travelingtimes.com.co\/en\/wp-json\/wp\/v2\/product\/13733","targetHints":{"allow":["GET"]}}],"collection":[{"href":"https:\/\/travelingtimes.com.co\/en\/wp-json\/wp\/v2\/product"}],"about":[{"href":"https:\/\/travelingtimes.com.co\/en\/wp-json\/wp\/v2\/types\/product"}],"replies":[{"embeddable":true,"href":"https:\/\/travelingtimes.com.co\/en\/wp-json\/wp\/v2\/comments?post=13733"}],"version-history":[{"count":3,"href":"https:\/\/travelingtimes.com.co\/en\/wp-json\/wp\/v2\/product\/13733\/revisions"}],"predecessor-version":[{"id":14610,"href":"https:\/\/travelingtimes.com.co\/en\/wp-json\/wp\/v2\/product\/13733\/revisions\/14610"}],"wp:featuredmedia":[{"embeddable":true,"href":"https:\/\/travelingtimes.com.co\/en\/wp-json\/wp\/v2\/media\/13735"}],"wp:attachment":[{"href":"https:\/\/travelingtimes.com.co\/en\/wp-json\/wp\/v2\/media?parent=13733"}],"wp:term":[{"taxonomy":"product_brand","embeddable":true,"href":"https:\/\/travelingtimes.com.co\/en\/wp-json\/wp\/v2\/product_brand?post=13733"},{"taxonomy":"product_cat","embeddable":true,"href":"https:\/\/travelingtimes.com.co\/en\/wp-json\/wp\/v2\/product_cat?post=13733"},{"taxonomy":"product_tag","embeddable":true,"href":"https:\/\/travelingtimes.com.co\/en\/wp-json\/wp\/v2\/product_tag?post=13733"}],"curies":[{"name":"wp","href":"https:\/\/api.w.org\/{rel}","templated":true}]}}