{"id":13745,"date":"2025-10-03T18:17:48","date_gmt":"2025-10-03T23:17:48","guid":{"rendered":"https:\/\/travelingtimes.com.co\/?post_type=product&#038;p=13745"},"modified":"2025-11-27T11:16:12","modified_gmt":"2025-11-27T16:16:12","slug":"vuelta-a-la-isla-en-bus-san-andres","status":"publish","type":"product","link":"https:\/\/travelingtimes.com.co\/en\/product\/vuelta-a-la-isla-en-bus-san-andres\/","title":{"rendered":"Vuelta a la Isla en Bus \u2013 San Andr\u00e9s: Recorre Cada Rinc\u00f3n del Para\u00edso"},"content":{"rendered":"<p data-start=\"178\" data-end=\"464\">Descubre los lugares m\u00e1s emblem\u00e1ticos de San Andr\u00e9s en un recorrido panor\u00e1mico lleno de historia, cultura y paisajes incre\u00edbles. Viaja c\u00f3modamente en bus mientras exploras playas, miradores y puntos ic\u00f3nicos de la isla en una experiencia perfecta para conocerlo todo en un solo d\u00eda.<\/p>\n<p><strong>Plan incluye:<\/strong><br \/>\n\u2022Transporte terrestre en bus<br \/>\n\u2022Paradas en los sitios m\u00e1s representativos de San Andr\u00e9s<br \/>\n\u2022Orientador local<\/p>\n<p>Duraci\u00f3n: 2 horas y 30 minutos<br \/>\nHorarios de salida: 9:00 AM y 2:30 PM (todos los d\u00edas)<br \/>\nPunto de encuentro asignado (presentarse 15 min antes)<br \/>\nRegreso: 11:30 AM \/ 5:00 PM (s\u00e1bados y domingos tambi\u00e9n 4:00 PM)<\/p>\n<p><strong>Valor por persona: $35.000 COP<\/strong><\/p>","protected":false},"excerpt":{"rendered":"<p>Descubre los lugares m\u00e1s emblem\u00e1ticos de San Andr\u00e9s en un recorrido panor\u00e1mico lleno de historia, cultura y paisajes incre\u00edbles. Viaja c\u00f3modamente en bus mientras exploras playas, miradores y puntos ic\u00f3nicos de la isla en una experiencia perfecta para conocerlo todo en un solo d\u00eda. Plan incluye: \u2022Transporte terrestre en bus \u2022Paradas en los sitios m\u00e1s [&hellip;]<\/p>","protected":false},"featured_media":13747,"comment_status":"open","ping_status":"closed","template":"","meta":{"_monsterinsights_skip_tracking":false,"_monsterinsights_sitenote_active":false,"_monsterinsights_sitenote_note":"","_monsterinsights_sitenote_category":0,"_joinchat":[]},"product_brand":[],"product_cat":[64,79,73],"product_tag":[],"class_list":{"0":"post-13745","1":"product","2":"type-product","3":"status-publish","4":"has-post-thumbnail","6":"product_cat-nacionales-colombia","7":"product_cat-playa-brisa-mar","8":"product_cat-todos","10":"first","11":"instock","12":"shipping-taxable","13":"purchasable","14":"product-type-ovabrw_car_rental"},"aioseo_notices":[],"yoast_head":"<!-- This site is optimized with the Yoast SEO plugin v26.0 - https:\/\/yoast.com\/wordpress\/plugins\/seo\/ -->\n<title>Vuelta a la Isla en Bus \u2013 San Andr\u00e9s: Recorre Cada Rinc\u00f3n del Para\u00edso - Traveling Times Agencia de viajes<\/title>\n<meta name=\"robots\" content=\"index, follow, max-snippet:-1, max-image-preview:large, max-video-preview:-1\" \/>\n<link rel=\"canonical\" href=\"https:\/\/travelingtimes.com.co\/en\/product\/vuelta-a-la-isla-en-bus-san-andres\/\" \/>\n<meta property=\"og:locale\" content=\"en_US\" \/>\n<meta property=\"og:type\" content=\"article\" \/>\n<meta property=\"og:title\" content=\"Vuelta a la Isla en Bus \u2013 San Andr\u00e9s: Recorre Cada Rinc\u00f3n del Para\u00edso - Traveling Times Agencia de viajes\" \/>\n<meta property=\"og:description\" content=\"Descubre los lugares m\u00e1s emblem\u00e1ticos de San Andr\u00e9s en un recorrido panor\u00e1mico lleno de historia, cultura y paisajes incre\u00edbles. Viaja c\u00f3modamente en bus mientras exploras playas, miradores y puntos ic\u00f3nicos de la isla en una experiencia perfecta para conocerlo todo en un solo d\u00eda. Plan incluye: \u2022Transporte terrestre en bus \u2022Paradas en los sitios m\u00e1s [&hellip;]\" \/>\n<meta property=\"og:url\" content=\"https:\/\/travelingtimes.com.co\/en\/product\/vuelta-a-la-isla-en-bus-san-andres\/\" \/>\n<meta property=\"og:site_name\" content=\"Traveling Times Agencia de viajes\" \/>\n<meta property=\"article:modified_time\" content=\"2025-11-27T16:16:12+00:00\" \/>\n<meta property=\"og:image\" content=\"https:\/\/travelingtimes.com.co\/wp-content\/uploads\/2025\/10\/Vuelta-a-la-Isla-1024x577.png\" \/>\n\t<meta property=\"og:image:width\" content=\"1024\" \/>\n\t<meta property=\"og:image:height\" content=\"577\" \/>\n\t<meta property=\"og:image:type\" content=\"image\/png\" \/>\n<meta name=\"twitter:card\" content=\"summary_large_image\" \/>\n<meta name=\"twitter:label1\" content=\"Est. reading time\" \/>\n\t<meta name=\"twitter:data1\" content=\"1 minute\" \/>\n<script type=\"application\/ld+json\" class=\"yoast-schema-graph\">{\"@context\":\"https:\/\/schema.org\",\"@graph\":[{\"@type\":\"WebPage\",\"@id\":\"https:\/\/travelingtimes.com.co\/producto\/vuelta-a-la-isla-en-bus-san-andres\/\",\"url\":\"https:\/\/travelingtimes.com.co\/producto\/vuelta-a-la-isla-en-bus-san-andres\/\",\"name\":\"Vuelta a la Isla en Bus \u2013 San Andr\u00e9s: Recorre Cada Rinc\u00f3n del Para\u00edso - Traveling Times Agencia de viajes\",\"isPartOf\":{\"@id\":\"https:\/\/travelingtimes.com.co\/en\/#website\"},\"primaryImageOfPage\":{\"@id\":\"https:\/\/travelingtimes.com.co\/producto\/vuelta-a-la-isla-en-bus-san-andres\/#primaryimage\"},\"image\":{\"@id\":\"https:\/\/travelingtimes.com.co\/producto\/vuelta-a-la-isla-en-bus-san-andres\/#primaryimage\"},\"thumbnailUrl\":\"https:\/\/travelingtimes.com.co\/wp-content\/uploads\/2025\/10\/Vuelta-a-la-Isla.png\",\"datePublished\":\"2025-10-03T23:17:48+00:00\",\"dateModified\":\"2025-11-27T16:16:12+00:00\",\"breadcrumb\":{\"@id\":\"https:\/\/travelingtimes.com.co\/producto\/vuelta-a-la-isla-en-bus-san-andres\/#breadcrumb\"},\"inLanguage\":\"en-US\",\"potentialAction\":[{\"@type\":\"ReadAction\",\"target\":[\"https:\/\/travelingtimes.com.co\/producto\/vuelta-a-la-isla-en-bus-san-andres\/\"]}]},{\"@type\":\"ImageObject\",\"inLanguage\":\"en-US\",\"@id\":\"https:\/\/travelingtimes.com.co\/producto\/vuelta-a-la-isla-en-bus-san-andres\/#primaryimage\",\"url\":\"https:\/\/travelingtimes.com.co\/wp-content\/uploads\/2025\/10\/Vuelta-a-la-Isla.png\",\"contentUrl\":\"https:\/\/travelingtimes.com.co\/wp-content\/uploads\/2025\/10\/Vuelta-a-la-Isla.png\",\"width\":1924,\"height\":1084},{\"@type\":\"BreadcrumbList\",\"@id\":\"https:\/\/travelingtimes.com.co\/producto\/vuelta-a-la-isla-en-bus-san-andres\/#breadcrumb\",\"itemListElement\":[{\"@type\":\"ListItem\",\"position\":1,\"name\":\"Inicio\",\"item\":\"https:\/\/travelingtimes.com.co\/en\/\"},{\"@type\":\"ListItem\",\"position\":2,\"name\":\"Products\",\"item\":\"https:\/\/travelingtimes.com.co\/en\/shop\/\"},{\"@type\":\"ListItem\",\"position\":3,\"name\":\"Vuelta a la Isla en Bus \u2013 San Andr\u00e9s: Recorre Cada Rinc\u00f3n del Para\u00edso\"}]},{\"@type\":\"WebSite\",\"@id\":\"https:\/\/travelingtimes.com.co\/en\/#website\",\"url\":\"https:\/\/travelingtimes.com.co\/en\/\",\"name\":\"Traveling Times Agencia de viajes\",\"description\":\"Agencia de viajes en C\u00facuta\",\"potentialAction\":[{\"@type\":\"SearchAction\",\"target\":{\"@type\":\"EntryPoint\",\"urlTemplate\":\"https:\/\/travelingtimes.com.co\/en\/?s={search_term_string}\"},\"query-input\":{\"@type\":\"PropertyValueSpecification\",\"valueRequired\":true,\"valueName\":\"search_term_string\"}}],\"inLanguage\":\"en-US\"}]}<\/script>\n<!-- \/ Yoast SEO plugin. -->","yoast_head_json":{"title":"Vuelta a la Isla en Bus \u2013 San Andr\u00e9s: Recorre Cada Rinc\u00f3n del Para\u00edso - Traveling Times Agencia de viajes","robots":{"index":"index","follow":"follow","max-snippet":"max-snippet:-1","max-image-preview":"max-image-preview:large","max-video-preview":"max-video-preview:-1"},"canonical":"https:\/\/travelingtimes.com.co\/en\/product\/vuelta-a-la-isla-en-bus-san-andres\/","og_locale":"en_US","og_type":"article","og_title":"Vuelta a la Isla en Bus \u2013 San Andr\u00e9s: Recorre Cada Rinc\u00f3n del Para\u00edso - Traveling Times Agencia de viajes","og_description":"Descubre los lugares m\u00e1s emblem\u00e1ticos de San Andr\u00e9s en un recorrido panor\u00e1mico lleno de historia, cultura y paisajes incre\u00edbles. Viaja c\u00f3modamente en bus mientras exploras playas, miradores y puntos ic\u00f3nicos de la isla en una experiencia perfecta para conocerlo todo en un solo d\u00eda. Plan incluye: \u2022Transporte terrestre en bus \u2022Paradas en los sitios m\u00e1s [&hellip;]","og_url":"https:\/\/travelingtimes.com.co\/en\/product\/vuelta-a-la-isla-en-bus-san-andres\/","og_site_name":"Traveling Times Agencia de viajes","article_modified_time":"2025-11-27T16:16:12+00:00","og_image":[{"width":1024,"height":577,"url":"https:\/\/travelingtimes.com.co\/wp-content\/uploads\/2025\/10\/Vuelta-a-la-Isla-1024x577.png","type":"image\/png"}],"twitter_card":"summary_large_image","twitter_misc":{"Est. reading time":"1 minute"},"schema":{"@context":"https:\/\/schema.org","@graph":[{"@type":"WebPage","@id":"https:\/\/travelingtimes.com.co\/producto\/vuelta-a-la-isla-en-bus-san-andres\/","url":"https:\/\/travelingtimes.com.co\/producto\/vuelta-a-la-isla-en-bus-san-andres\/","name":"Vuelta a la Isla en Bus \u2013 San Andr\u00e9s: Recorre Cada Rinc\u00f3n del Para\u00edso - Traveling Times Agencia de viajes","isPartOf":{"@id":"https:\/\/travelingtimes.com.co\/en\/#website"},"primaryImageOfPage":{"@id":"https:\/\/travelingtimes.com.co\/producto\/vuelta-a-la-isla-en-bus-san-andres\/#primaryimage"},"image":{"@id":"https:\/\/travelingtimes.com.co\/producto\/vuelta-a-la-isla-en-bus-san-andres\/#primaryimage"},"thumbnailUrl":"https:\/\/travelingtimes.com.co\/wp-content\/uploads\/2025\/10\/Vuelta-a-la-Isla.png","datePublished":"2025-10-03T23:17:48+00:00","dateModified":"2025-11-27T16:16:12+00:00","breadcrumb":{"@id":"https:\/\/travelingtimes.com.co\/producto\/vuelta-a-la-isla-en-bus-san-andres\/#breadcrumb"},"inLanguage":"en-US","potentialAction":[{"@type":"ReadAction","target":["https:\/\/travelingtimes.com.co\/producto\/vuelta-a-la-isla-en-bus-san-andres\/"]}]},{"@type":"ImageObject","inLanguage":"en-US","@id":"https:\/\/travelingtimes.com.co\/producto\/vuelta-a-la-isla-en-bus-san-andres\/#primaryimage","url":"https:\/\/travelingtimes.com.co\/wp-content\/uploads\/2025\/10\/Vuelta-a-la-Isla.png","contentUrl":"https:\/\/travelingtimes.com.co\/wp-content\/uploads\/2025\/10\/Vuelta-a-la-Isla.png","width":1924,"height":1084},{"@type":"BreadcrumbList","@id":"https:\/\/travelingtimes.com.co\/producto\/vuelta-a-la-isla-en-bus-san-andres\/#breadcrumb","itemListElement":[{"@type":"ListItem","position":1,"name":"Inicio","item":"https:\/\/travelingtimes.com.co\/en\/"},{"@type":"ListItem","position":2,"name":"Products","item":"https:\/\/travelingtimes.com.co\/en\/shop\/"},{"@type":"ListItem","position":3,"name":"Vuelta a la Isla en Bus \u2013 San Andr\u00e9s: Recorre Cada Rinc\u00f3n del Para\u00edso"}]},{"@type":"WebSite","@id":"https:\/\/travelingtimes.com.co\/en\/#website","url":"https:\/\/travelingtimes.com.co\/en\/","name":"Traveling Times Agencia de viajes","description":"Agencia de viajes en C\u00facuta","potentialAction":[{"@type":"SearchAction","target":{"@type":"EntryPoint","urlTemplate":"https:\/\/travelingtimes.com.co\/en\/?s={search_term_string}"},"query-input":{"@type":"PropertyValueSpecification","valueRequired":true,"valueName":"search_term_string"}}],"inLanguage":"en-US"}]}},"_links":{"self":[{"href":"https:\/\/travelingtimes.com.co\/en\/wp-json\/wp\/v2\/product\/13745","targetHints":{"allow":["GET"]}}],"collection":[{"href":"https:\/\/travelingtimes.com.co\/en\/wp-json\/wp\/v2\/product"}],"about":[{"href":"https:\/\/travelingtimes.com.co\/en\/wp-json\/wp\/v2\/types\/product"}],"replies":[{"embeddable":true,"href":"https:\/\/travelingtimes.com.co\/en\/wp-json\/wp\/v2\/comments?post=13745"}],"version-history":[{"count":3,"href":"https:\/\/travelingtimes.com.co\/en\/wp-json\/wp\/v2\/product\/13745\/revisions"}],"predecessor-version":[{"id":14613,"href":"https:\/\/travelingtimes.com.co\/en\/wp-json\/wp\/v2\/product\/13745\/revisions\/14613"}],"wp:featuredmedia":[{"embeddable":true,"href":"https:\/\/travelingtimes.com.co\/en\/wp-json\/wp\/v2\/media\/13747"}],"wp:attachment":[{"href":"https:\/\/travelingtimes.com.co\/en\/wp-json\/wp\/v2\/media?parent=13745"}],"wp:term":[{"taxonomy":"product_brand","embeddable":true,"href":"https:\/\/travelingtimes.com.co\/en\/wp-json\/wp\/v2\/product_brand?post=13745"},{"taxonomy":"product_cat","embeddable":true,"href":"https:\/\/travelingtimes.com.co\/en\/wp-json\/wp\/v2\/product_cat?post=13745"},{"taxonomy":"product_tag","embeddable":true,"href":"https:\/\/travelingtimes.com.co\/en\/wp-json\/wp\/v2\/product_tag?post=13745"}],"curies":[{"name":"wp","href":"https:\/\/api.w.org\/{rel}","templated":true}]}}