{"id":13942,"date":"2025-10-04T16:32:07","date_gmt":"2025-10-04T21:32:07","guid":{"rendered":"https:\/\/travelingtimes.com.co\/?post_type=product&#038;p=13942"},"modified":"2025-10-04T16:35:02","modified_gmt":"2025-10-04T21:35:02","slug":"tour-del-cafe-antioquia","status":"publish","type":"product","link":"https:\/\/travelingtimes.com.co\/en\/product\/tour-del-cafe-antioquia\/","title":{"rendered":"TOUR DEL CAF\u00c9 \u2013 ANTIOQUIA"},"content":{"rendered":"<p>Valor: $220.000 COP por persona<\/p>\n<p>Vive la experiencia completa del caf\u00e9 antioque\u00f1o, desde su cultivo hasta la<\/p>\n<p>degustaci\u00f3n de las mejores variedades:<\/p>\n<p>\u2022 Conoce el proceso del caf\u00e9 en la finca<\/p>\n<p>\u2022 Disfruta de una bebida refrescante, pl\u00e1tano calado con miel y quesito<\/p>\n<p>\u2022 Degustaci\u00f3n de caf\u00e9 especial de la finca<\/p>\n<p>\u2022 Kit de caf\u00e9 blanqueado y panela<\/p>\n<p>\u2022 Cataci\u00f3n de caf\u00e9s especiales tipo miel<\/p>\n<p>\u2022 Almuerzo tipo fiambre paisa<\/p>\n<p>Incluye: Transporte ida y regreso, almuerzo, gu\u00eda acompa\u00f1ante y seguro de viaje<\/p>\n<p>Puntos de encuentro: Parque del Poblado 8:40 \u2013 9:00 AM | Estaci\u00f3n Estadio 9:15<\/p>\n<p>\u2013 9:25 AM<\/p>\n<p>Ni\u00f1os: 0 a 3 a\u00f1os solo pagan seguro de viaje ($15.000 COP), deben ir cargados;<\/p>\n<p>ni\u00f1os desde 3 a\u00f1os pagan tarifa completa<\/p>\n<p>Observaciones: Salidas todos los d\u00edas; recogida en hotel sujeta a disponibilidad<\/p>\n<p>dentro de Medell\u00edn<\/p>\n<p>No incluye: Actividades fuera del itinerario<\/p>","protected":false},"excerpt":{"rendered":"<p>Valor: $220.000 COP por persona Vive la experiencia completa del caf\u00e9 antioque\u00f1o, desde su cultivo hasta la degustaci\u00f3n de las mejores variedades: \u2022 Conoce el proceso del caf\u00e9 en la finca \u2022 Disfruta de una bebida refrescante, pl\u00e1tano calado con miel y quesito \u2022 Degustaci\u00f3n de caf\u00e9 especial de la finca \u2022 Kit de caf\u00e9 [&hellip;]<\/p>","protected":false},"featured_media":13947,"comment_status":"open","ping_status":"closed","template":"","meta":{"_monsterinsights_skip_tracking":false,"_monsterinsights_sitenote_active":false,"_monsterinsights_sitenote_note":"","_monsterinsights_sitenote_category":0,"_joinchat":[]},"product_brand":[],"product_cat":[15,64,73],"product_tag":[],"class_list":{"0":"post-13942","1":"product","2":"type-product","3":"status-publish","4":"has-post-thumbnail","6":"product_cat-uncategorized","7":"product_cat-nacionales-colombia","8":"product_cat-todos","10":"first","11":"instock","12":"shipping-taxable","13":"purchasable","14":"product-type-ovabrw_car_rental"},"aioseo_notices":[],"yoast_head":"<!-- This site is optimized with the Yoast SEO plugin v26.0 - https:\/\/yoast.com\/wordpress\/plugins\/seo\/ -->\n<title>TOUR DEL CAF\u00c9 \u2013 ANTIOQUIA - Traveling Times Agencia de viajes<\/title>\n<meta name=\"robots\" content=\"index, follow, max-snippet:-1, max-image-preview:large, max-video-preview:-1\" \/>\n<link rel=\"canonical\" href=\"https:\/\/travelingtimes.com.co\/en\/product\/tour-del-cafe-antioquia\/\" \/>\n<meta property=\"og:locale\" content=\"en_US\" \/>\n<meta property=\"og:type\" content=\"article\" \/>\n<meta property=\"og:title\" content=\"TOUR DEL CAF\u00c9 \u2013 ANTIOQUIA - Traveling Times Agencia de viajes\" \/>\n<meta property=\"og:description\" content=\"Valor: $220.000 COP por persona Vive la experiencia completa del caf\u00e9 antioque\u00f1o, desde su cultivo hasta la degustaci\u00f3n de las mejores variedades: \u2022 Conoce el proceso del caf\u00e9 en la finca \u2022 Disfruta de una bebida refrescante, pl\u00e1tano calado con miel y quesito \u2022 Degustaci\u00f3n de caf\u00e9 especial de la finca \u2022 Kit de caf\u00e9 [&hellip;]\" \/>\n<meta property=\"og:url\" content=\"https:\/\/travelingtimes.com.co\/en\/product\/tour-del-cafe-antioquia\/\" \/>\n<meta property=\"og:site_name\" content=\"Traveling Times Agencia de viajes\" \/>\n<meta property=\"article:modified_time\" content=\"2025-10-04T21:35:02+00:00\" \/>\n<meta property=\"og:image\" content=\"https:\/\/travelingtimes.com.co\/wp-content\/uploads\/2025\/10\/TOUR-DEL-CAFE2-1024x577.png\" \/>\n\t<meta property=\"og:image:width\" content=\"1024\" \/>\n\t<meta property=\"og:image:height\" content=\"577\" \/>\n\t<meta property=\"og:image:type\" content=\"image\/png\" \/>\n<meta name=\"twitter:card\" content=\"summary_large_image\" \/>\n<meta name=\"twitter:label1\" content=\"Est. reading time\" \/>\n\t<meta name=\"twitter:data1\" content=\"1 minute\" \/>\n<script type=\"application\/ld+json\" class=\"yoast-schema-graph\">{\"@context\":\"https:\/\/schema.org\",\"@graph\":[{\"@type\":\"WebPage\",\"@id\":\"https:\/\/travelingtimes.com.co\/producto\/tour-del-cafe-antioquia\/\",\"url\":\"https:\/\/travelingtimes.com.co\/producto\/tour-del-cafe-antioquia\/\",\"name\":\"TOUR DEL CAF\u00c9 \u2013 ANTIOQUIA - Traveling Times Agencia de viajes\",\"isPartOf\":{\"@id\":\"https:\/\/travelingtimes.com.co\/en\/#website\"},\"primaryImageOfPage\":{\"@id\":\"https:\/\/travelingtimes.com.co\/producto\/tour-del-cafe-antioquia\/#primaryimage\"},\"image\":{\"@id\":\"https:\/\/travelingtimes.com.co\/producto\/tour-del-cafe-antioquia\/#primaryimage\"},\"thumbnailUrl\":\"https:\/\/travelingtimes.com.co\/wp-content\/uploads\/2025\/10\/TOUR-DEL-CAFE2.png\",\"datePublished\":\"2025-10-04T21:32:07+00:00\",\"dateModified\":\"2025-10-04T21:35:02+00:00\",\"breadcrumb\":{\"@id\":\"https:\/\/travelingtimes.com.co\/producto\/tour-del-cafe-antioquia\/#breadcrumb\"},\"inLanguage\":\"en-US\",\"potentialAction\":[{\"@type\":\"ReadAction\",\"target\":[\"https:\/\/travelingtimes.com.co\/producto\/tour-del-cafe-antioquia\/\"]}]},{\"@type\":\"ImageObject\",\"inLanguage\":\"en-US\",\"@id\":\"https:\/\/travelingtimes.com.co\/producto\/tour-del-cafe-antioquia\/#primaryimage\",\"url\":\"https:\/\/travelingtimes.com.co\/wp-content\/uploads\/2025\/10\/TOUR-DEL-CAFE2.png\",\"contentUrl\":\"https:\/\/travelingtimes.com.co\/wp-content\/uploads\/2025\/10\/TOUR-DEL-CAFE2.png\",\"width\":1924,\"height\":1084},{\"@type\":\"BreadcrumbList\",\"@id\":\"https:\/\/travelingtimes.com.co\/producto\/tour-del-cafe-antioquia\/#breadcrumb\",\"itemListElement\":[{\"@type\":\"ListItem\",\"position\":1,\"name\":\"Inicio\",\"item\":\"https:\/\/travelingtimes.com.co\/en\/\"},{\"@type\":\"ListItem\",\"position\":2,\"name\":\"Products\",\"item\":\"https:\/\/travelingtimes.com.co\/en\/shop\/\"},{\"@type\":\"ListItem\",\"position\":3,\"name\":\"TOUR DEL CAF\u00c9 \u2013 ANTIOQUIA\"}]},{\"@type\":\"WebSite\",\"@id\":\"https:\/\/travelingtimes.com.co\/en\/#website\",\"url\":\"https:\/\/travelingtimes.com.co\/en\/\",\"name\":\"Traveling Times Agencia de viajes\",\"description\":\"Agencia de viajes en C\u00facuta\",\"potentialAction\":[{\"@type\":\"SearchAction\",\"target\":{\"@type\":\"EntryPoint\",\"urlTemplate\":\"https:\/\/travelingtimes.com.co\/en\/?s={search_term_string}\"},\"query-input\":{\"@type\":\"PropertyValueSpecification\",\"valueRequired\":true,\"valueName\":\"search_term_string\"}}],\"inLanguage\":\"en-US\"}]}<\/script>\n<!-- \/ Yoast SEO plugin. -->","yoast_head_json":{"title":"TOUR DEL CAF\u00c9 \u2013 ANTIOQUIA - Traveling Times Agencia de viajes","robots":{"index":"index","follow":"follow","max-snippet":"max-snippet:-1","max-image-preview":"max-image-preview:large","max-video-preview":"max-video-preview:-1"},"canonical":"https:\/\/travelingtimes.com.co\/en\/product\/tour-del-cafe-antioquia\/","og_locale":"en_US","og_type":"article","og_title":"TOUR DEL CAF\u00c9 \u2013 ANTIOQUIA - Traveling Times Agencia de viajes","og_description":"Valor: $220.000 COP por persona Vive la experiencia completa del caf\u00e9 antioque\u00f1o, desde su cultivo hasta la degustaci\u00f3n de las mejores variedades: \u2022 Conoce el proceso del caf\u00e9 en la finca \u2022 Disfruta de una bebida refrescante, pl\u00e1tano calado con miel y quesito \u2022 Degustaci\u00f3n de caf\u00e9 especial de la finca \u2022 Kit de caf\u00e9 [&hellip;]","og_url":"https:\/\/travelingtimes.com.co\/en\/product\/tour-del-cafe-antioquia\/","og_site_name":"Traveling Times Agencia de viajes","article_modified_time":"2025-10-04T21:35:02+00:00","og_image":[{"width":1024,"height":577,"url":"https:\/\/travelingtimes.com.co\/wp-content\/uploads\/2025\/10\/TOUR-DEL-CAFE2-1024x577.png","type":"image\/png"}],"twitter_card":"summary_large_image","twitter_misc":{"Est. reading time":"1 minute"},"schema":{"@context":"https:\/\/schema.org","@graph":[{"@type":"WebPage","@id":"https:\/\/travelingtimes.com.co\/producto\/tour-del-cafe-antioquia\/","url":"https:\/\/travelingtimes.com.co\/producto\/tour-del-cafe-antioquia\/","name":"TOUR DEL CAF\u00c9 \u2013 ANTIOQUIA - Traveling Times Agencia de viajes","isPartOf":{"@id":"https:\/\/travelingtimes.com.co\/en\/#website"},"primaryImageOfPage":{"@id":"https:\/\/travelingtimes.com.co\/producto\/tour-del-cafe-antioquia\/#primaryimage"},"image":{"@id":"https:\/\/travelingtimes.com.co\/producto\/tour-del-cafe-antioquia\/#primaryimage"},"thumbnailUrl":"https:\/\/travelingtimes.com.co\/wp-content\/uploads\/2025\/10\/TOUR-DEL-CAFE2.png","datePublished":"2025-10-04T21:32:07+00:00","dateModified":"2025-10-04T21:35:02+00:00","breadcrumb":{"@id":"https:\/\/travelingtimes.com.co\/producto\/tour-del-cafe-antioquia\/#breadcrumb"},"inLanguage":"en-US","potentialAction":[{"@type":"ReadAction","target":["https:\/\/travelingtimes.com.co\/producto\/tour-del-cafe-antioquia\/"]}]},{"@type":"ImageObject","inLanguage":"en-US","@id":"https:\/\/travelingtimes.com.co\/producto\/tour-del-cafe-antioquia\/#primaryimage","url":"https:\/\/travelingtimes.com.co\/wp-content\/uploads\/2025\/10\/TOUR-DEL-CAFE2.png","contentUrl":"https:\/\/travelingtimes.com.co\/wp-content\/uploads\/2025\/10\/TOUR-DEL-CAFE2.png","width":1924,"height":1084},{"@type":"BreadcrumbList","@id":"https:\/\/travelingtimes.com.co\/producto\/tour-del-cafe-antioquia\/#breadcrumb","itemListElement":[{"@type":"ListItem","position":1,"name":"Inicio","item":"https:\/\/travelingtimes.com.co\/en\/"},{"@type":"ListItem","position":2,"name":"Products","item":"https:\/\/travelingtimes.com.co\/en\/shop\/"},{"@type":"ListItem","position":3,"name":"TOUR DEL CAF\u00c9 \u2013 ANTIOQUIA"}]},{"@type":"WebSite","@id":"https:\/\/travelingtimes.com.co\/en\/#website","url":"https:\/\/travelingtimes.com.co\/en\/","name":"Traveling Times Agencia de viajes","description":"Agencia de viajes en C\u00facuta","potentialAction":[{"@type":"SearchAction","target":{"@type":"EntryPoint","urlTemplate":"https:\/\/travelingtimes.com.co\/en\/?s={search_term_string}"},"query-input":{"@type":"PropertyValueSpecification","valueRequired":true,"valueName":"search_term_string"}}],"inLanguage":"en-US"}]}},"_links":{"self":[{"href":"https:\/\/travelingtimes.com.co\/en\/wp-json\/wp\/v2\/product\/13942","targetHints":{"allow":["GET"]}}],"collection":[{"href":"https:\/\/travelingtimes.com.co\/en\/wp-json\/wp\/v2\/product"}],"about":[{"href":"https:\/\/travelingtimes.com.co\/en\/wp-json\/wp\/v2\/types\/product"}],"replies":[{"embeddable":true,"href":"https:\/\/travelingtimes.com.co\/en\/wp-json\/wp\/v2\/comments?post=13942"}],"version-history":[{"count":1,"href":"https:\/\/travelingtimes.com.co\/en\/wp-json\/wp\/v2\/product\/13942\/revisions"}],"predecessor-version":[{"id":13948,"href":"https:\/\/travelingtimes.com.co\/en\/wp-json\/wp\/v2\/product\/13942\/revisions\/13948"}],"wp:featuredmedia":[{"embeddable":true,"href":"https:\/\/travelingtimes.com.co\/en\/wp-json\/wp\/v2\/media\/13947"}],"wp:attachment":[{"href":"https:\/\/travelingtimes.com.co\/en\/wp-json\/wp\/v2\/media?parent=13942"}],"wp:term":[{"taxonomy":"product_brand","embeddable":true,"href":"https:\/\/travelingtimes.com.co\/en\/wp-json\/wp\/v2\/product_brand?post=13942"},{"taxonomy":"product_cat","embeddable":true,"href":"https:\/\/travelingtimes.com.co\/en\/wp-json\/wp\/v2\/product_cat?post=13942"},{"taxonomy":"product_tag","embeddable":true,"href":"https:\/\/travelingtimes.com.co\/en\/wp-json\/wp\/v2\/product_tag?post=13942"}],"curies":[{"name":"wp","href":"https:\/\/api.w.org\/{rel}","templated":true}]}}