{"id":14022,"date":"2025-10-10T16:41:38","date_gmt":"2025-10-10T21:41:38","guid":{"rendered":"https:\/\/travelingtimes.com.co\/?post_type=product&#038;p=14022"},"modified":"2025-11-08T10:21:27","modified_gmt":"2025-11-08T15:21:27","slug":"tour-terrestre-narino-se-viste-de-carnaval-de-negros-y-blancos","status":"publish","type":"product","link":"https:\/\/travelingtimes.com.co\/en\/product\/tour-terrestre-narino-se-viste-de-carnaval-de-negros-y-blancos\/","title":{"rendered":"Porci\u00f3n Terrestre: Nari\u00f1o se viste de Carnaval de Negros y Blancos"},"content":{"rendered":"<p>\u00a1Vive la magia y el color del Carnaval de Negros y Blancos en Pasto!<br \/>\nDel 3 al 7 de enero de 2026, prep\u00e1rate para disfrutar de una de las celebraciones m\u00e1s<br \/>\naut\u00e9nticas y emocionantes de Colombia, declarada Patrimonio Cultural Inmaterial de<br \/>\nla Humanidad por la UNESCO.<br \/>\nSum\u00e9rgete en una experiencia \u00fanica llena de tradici\u00f3n, m\u00fasica, arte y alegr\u00eda, mientras<br \/>\nexploras la herencia ancestral y el talento de la gente nari\u00f1ense.<br \/>\n\u00a1Ven a Nari\u00f1o y celebra con nosotros la diversidad, la cultura y la energ\u00eda de este<br \/>\ncarnaval inolvidable!<\/p>\n<p><strong>Plan incluye: <\/strong><\/p>\n<p>Acompa\u00f1amiento log\u00edstico y guiado, gu\u00edas profesionales y anfitriones locales,<br \/>\ntransporte especial de turismo con transfer aeropuerto, hospedaje 4 noches con servicios<br \/>\nincluidos, alimentaci\u00f3n (desayunos, almuerzos y refrigerios tradicionales), paseo en<br \/>\nlancha por la Laguna de La Cocha, viaje en telef\u00e9rico en Las Lajas (opcional), seguro<br \/>\nde viaje durante todo el tour, kit carnavalero 2026 (poncho, carioca, talco, pinturas,<br \/>\nsouvenir, etc.), muestra cultural aut\u00f3ctona y taller de artesan\u00edas precolombinas.<br \/>\nNo incluye: tiquetes a\u00e9reos hasta el destino, alimentaci\u00f3n extra, servicios o actividades<br \/>\nno especificadas en el programa.<\/p>\n<p>Valor por persona:<br \/>\n\u2022 Tour completo: $1.550.000<br \/>\n\u2022 Solo tours (sin alojamiento): $998.000<br \/>\nDestino: Pasto, Nari\u00f1o<\/p>","protected":false},"excerpt":{"rendered":"<p>\u00a1Vive la magia y el color del Carnaval de Negros y Blancos en Pasto! Del 3 al 7 de enero de 2026, prep\u00e1rate para disfrutar de una de las celebraciones m\u00e1s aut\u00e9nticas y emocionantes de Colombia, declarada Patrimonio Cultural Inmaterial de la Humanidad por la UNESCO. Sum\u00e9rgete en una experiencia \u00fanica llena de tradici\u00f3n, m\u00fasica, [&hellip;]<\/p>","protected":false},"featured_media":14026,"comment_status":"open","ping_status":"closed","template":"","meta":{"_monsterinsights_skip_tracking":false,"_monsterinsights_sitenote_active":false,"_monsterinsights_sitenote_note":"","_monsterinsights_sitenote_category":0,"_joinchat":[]},"product_brand":[],"product_cat":[64,73],"product_tag":[],"class_list":{"0":"post-14022","1":"product","2":"type-product","3":"status-publish","4":"has-post-thumbnail","6":"product_cat-nacionales-colombia","7":"product_cat-todos","9":"first","10":"instock","11":"shipping-taxable","12":"purchasable","13":"product-type-ovabrw_car_rental"},"aioseo_notices":[],"yoast_head":"<!-- This site is optimized with the Yoast SEO plugin v26.0 - https:\/\/yoast.com\/wordpress\/plugins\/seo\/ -->\n<title>Porci\u00f3n Terrestre: Nari\u00f1o se viste de Carnaval de Negros y Blancos - Traveling Times Agencia de viajes<\/title>\n<meta name=\"robots\" content=\"index, follow, max-snippet:-1, max-image-preview:large, max-video-preview:-1\" \/>\n<link rel=\"canonical\" href=\"https:\/\/travelingtimes.com.co\/en\/product\/tour-terrestre-narino-se-viste-de-carnaval-de-negros-y-blancos\/\" \/>\n<meta property=\"og:locale\" content=\"en_US\" \/>\n<meta property=\"og:type\" content=\"article\" \/>\n<meta property=\"og:title\" content=\"Porci\u00f3n Terrestre: Nari\u00f1o se viste de Carnaval de Negros y Blancos - Traveling Times Agencia de viajes\" \/>\n<meta property=\"og:description\" content=\"\u00a1Vive la magia y el color del Carnaval de Negros y Blancos en Pasto! Del 3 al 7 de enero de 2026, prep\u00e1rate para disfrutar de una de las celebraciones m\u00e1s aut\u00e9nticas y emocionantes de Colombia, declarada Patrimonio Cultural Inmaterial de la Humanidad por la UNESCO. Sum\u00e9rgete en una experiencia \u00fanica llena de tradici\u00f3n, m\u00fasica, [&hellip;]\" \/>\n<meta property=\"og:url\" content=\"https:\/\/travelingtimes.com.co\/en\/product\/tour-terrestre-narino-se-viste-de-carnaval-de-negros-y-blancos\/\" \/>\n<meta property=\"og:site_name\" content=\"Traveling Times Agencia de viajes\" \/>\n<meta property=\"article:modified_time\" content=\"2025-11-08T15:21:27+00:00\" \/>\n<meta property=\"og:image\" content=\"https:\/\/travelingtimes.com.co\/wp-content\/uploads\/2025\/10\/Carnaval-de-Negros-y-Blancos-2-1024x577.png\" \/>\n\t<meta property=\"og:image:width\" content=\"1024\" \/>\n\t<meta property=\"og:image:height\" content=\"577\" \/>\n\t<meta property=\"og:image:type\" content=\"image\/png\" \/>\n<meta name=\"twitter:card\" content=\"summary_large_image\" \/>\n<meta name=\"twitter:label1\" content=\"Est. reading time\" \/>\n\t<meta name=\"twitter:data1\" content=\"2 minutes\" \/>\n<script type=\"application\/ld+json\" class=\"yoast-schema-graph\">{\"@context\":\"https:\/\/schema.org\",\"@graph\":[{\"@type\":\"WebPage\",\"@id\":\"https:\/\/travelingtimes.com.co\/en\/product\/tour-terrestre-narino-se-viste-de-carnaval-de-negros-y-blancos\/\",\"url\":\"https:\/\/travelingtimes.com.co\/en\/product\/tour-terrestre-narino-se-viste-de-carnaval-de-negros-y-blancos\/\",\"name\":\"Porci\u00f3n Terrestre: Nari\u00f1o se viste de Carnaval de Negros y Blancos - Traveling Times Agencia de viajes\",\"isPartOf\":{\"@id\":\"https:\/\/travelingtimes.com.co\/en\/#website\"},\"primaryImageOfPage\":{\"@id\":\"https:\/\/travelingtimes.com.co\/en\/product\/tour-terrestre-narino-se-viste-de-carnaval-de-negros-y-blancos\/#primaryimage\"},\"image\":{\"@id\":\"https:\/\/travelingtimes.com.co\/en\/product\/tour-terrestre-narino-se-viste-de-carnaval-de-negros-y-blancos\/#primaryimage\"},\"thumbnailUrl\":\"https:\/\/travelingtimes.com.co\/wp-content\/uploads\/2025\/10\/Carnaval-de-Negros-y-Blancos-2.png\",\"datePublished\":\"2025-10-10T21:41:38+00:00\",\"dateModified\":\"2025-11-08T15:21:27+00:00\",\"breadcrumb\":{\"@id\":\"https:\/\/travelingtimes.com.co\/en\/product\/tour-terrestre-narino-se-viste-de-carnaval-de-negros-y-blancos\/#breadcrumb\"},\"inLanguage\":\"en-US\",\"potentialAction\":[{\"@type\":\"ReadAction\",\"target\":[\"https:\/\/travelingtimes.com.co\/en\/product\/tour-terrestre-narino-se-viste-de-carnaval-de-negros-y-blancos\/\"]}]},{\"@type\":\"ImageObject\",\"inLanguage\":\"en-US\",\"@id\":\"https:\/\/travelingtimes.com.co\/en\/product\/tour-terrestre-narino-se-viste-de-carnaval-de-negros-y-blancos\/#primaryimage\",\"url\":\"https:\/\/travelingtimes.com.co\/wp-content\/uploads\/2025\/10\/Carnaval-de-Negros-y-Blancos-2.png\",\"contentUrl\":\"https:\/\/travelingtimes.com.co\/wp-content\/uploads\/2025\/10\/Carnaval-de-Negros-y-Blancos-2.png\",\"width\":1924,\"height\":1084},{\"@type\":\"BreadcrumbList\",\"@id\":\"https:\/\/travelingtimes.com.co\/en\/product\/tour-terrestre-narino-se-viste-de-carnaval-de-negros-y-blancos\/#breadcrumb\",\"itemListElement\":[{\"@type\":\"ListItem\",\"position\":1,\"name\":\"Inicio\",\"item\":\"https:\/\/travelingtimes.com.co\/en\/\"},{\"@type\":\"ListItem\",\"position\":2,\"name\":\"Products\",\"item\":\"https:\/\/travelingtimes.com.co\/en\/shop\/\"},{\"@type\":\"ListItem\",\"position\":3,\"name\":\"Porci\u00f3n Terrestre: Nari\u00f1o se viste de Carnaval de Negros y Blancos\"}]},{\"@type\":\"WebSite\",\"@id\":\"https:\/\/travelingtimes.com.co\/en\/#website\",\"url\":\"https:\/\/travelingtimes.com.co\/en\/\",\"name\":\"Traveling Times Agencia de viajes\",\"description\":\"Agencia de viajes en C\u00facuta\",\"potentialAction\":[{\"@type\":\"SearchAction\",\"target\":{\"@type\":\"EntryPoint\",\"urlTemplate\":\"https:\/\/travelingtimes.com.co\/en\/?s={search_term_string}\"},\"query-input\":{\"@type\":\"PropertyValueSpecification\",\"valueRequired\":true,\"valueName\":\"search_term_string\"}}],\"inLanguage\":\"en-US\"}]}<\/script>\n<!-- \/ Yoast SEO plugin. -->","yoast_head_json":{"title":"Porci\u00f3n Terrestre: Nari\u00f1o se viste de Carnaval de Negros y Blancos - Traveling Times Agencia de viajes","robots":{"index":"index","follow":"follow","max-snippet":"max-snippet:-1","max-image-preview":"max-image-preview:large","max-video-preview":"max-video-preview:-1"},"canonical":"https:\/\/travelingtimes.com.co\/en\/product\/tour-terrestre-narino-se-viste-de-carnaval-de-negros-y-blancos\/","og_locale":"en_US","og_type":"article","og_title":"Porci\u00f3n Terrestre: Nari\u00f1o se viste de Carnaval de Negros y Blancos - Traveling Times Agencia de viajes","og_description":"\u00a1Vive la magia y el color del Carnaval de Negros y Blancos en Pasto! Del 3 al 7 de enero de 2026, prep\u00e1rate para disfrutar de una de las celebraciones m\u00e1s aut\u00e9nticas y emocionantes de Colombia, declarada Patrimonio Cultural Inmaterial de la Humanidad por la UNESCO. Sum\u00e9rgete en una experiencia \u00fanica llena de tradici\u00f3n, m\u00fasica, [&hellip;]","og_url":"https:\/\/travelingtimes.com.co\/en\/product\/tour-terrestre-narino-se-viste-de-carnaval-de-negros-y-blancos\/","og_site_name":"Traveling Times Agencia de viajes","article_modified_time":"2025-11-08T15:21:27+00:00","og_image":[{"width":1024,"height":577,"url":"https:\/\/travelingtimes.com.co\/wp-content\/uploads\/2025\/10\/Carnaval-de-Negros-y-Blancos-2-1024x577.png","type":"image\/png"}],"twitter_card":"summary_large_image","twitter_misc":{"Est. reading time":"2 minutes"},"schema":{"@context":"https:\/\/schema.org","@graph":[{"@type":"WebPage","@id":"https:\/\/travelingtimes.com.co\/en\/product\/tour-terrestre-narino-se-viste-de-carnaval-de-negros-y-blancos\/","url":"https:\/\/travelingtimes.com.co\/en\/product\/tour-terrestre-narino-se-viste-de-carnaval-de-negros-y-blancos\/","name":"Porci\u00f3n Terrestre: Nari\u00f1o se viste de Carnaval de Negros y Blancos - Traveling Times Agencia de viajes","isPartOf":{"@id":"https:\/\/travelingtimes.com.co\/en\/#website"},"primaryImageOfPage":{"@id":"https:\/\/travelingtimes.com.co\/en\/product\/tour-terrestre-narino-se-viste-de-carnaval-de-negros-y-blancos\/#primaryimage"},"image":{"@id":"https:\/\/travelingtimes.com.co\/en\/product\/tour-terrestre-narino-se-viste-de-carnaval-de-negros-y-blancos\/#primaryimage"},"thumbnailUrl":"https:\/\/travelingtimes.com.co\/wp-content\/uploads\/2025\/10\/Carnaval-de-Negros-y-Blancos-2.png","datePublished":"2025-10-10T21:41:38+00:00","dateModified":"2025-11-08T15:21:27+00:00","breadcrumb":{"@id":"https:\/\/travelingtimes.com.co\/en\/product\/tour-terrestre-narino-se-viste-de-carnaval-de-negros-y-blancos\/#breadcrumb"},"inLanguage":"en-US","potentialAction":[{"@type":"ReadAction","target":["https:\/\/travelingtimes.com.co\/en\/product\/tour-terrestre-narino-se-viste-de-carnaval-de-negros-y-blancos\/"]}]},{"@type":"ImageObject","inLanguage":"en-US","@id":"https:\/\/travelingtimes.com.co\/en\/product\/tour-terrestre-narino-se-viste-de-carnaval-de-negros-y-blancos\/#primaryimage","url":"https:\/\/travelingtimes.com.co\/wp-content\/uploads\/2025\/10\/Carnaval-de-Negros-y-Blancos-2.png","contentUrl":"https:\/\/travelingtimes.com.co\/wp-content\/uploads\/2025\/10\/Carnaval-de-Negros-y-Blancos-2.png","width":1924,"height":1084},{"@type":"BreadcrumbList","@id":"https:\/\/travelingtimes.com.co\/en\/product\/tour-terrestre-narino-se-viste-de-carnaval-de-negros-y-blancos\/#breadcrumb","itemListElement":[{"@type":"ListItem","position":1,"name":"Inicio","item":"https:\/\/travelingtimes.com.co\/en\/"},{"@type":"ListItem","position":2,"name":"Products","item":"https:\/\/travelingtimes.com.co\/en\/shop\/"},{"@type":"ListItem","position":3,"name":"Porci\u00f3n Terrestre: Nari\u00f1o se viste de Carnaval de Negros y Blancos"}]},{"@type":"WebSite","@id":"https:\/\/travelingtimes.com.co\/en\/#website","url":"https:\/\/travelingtimes.com.co\/en\/","name":"Traveling Times Agencia de viajes","description":"Agencia de viajes en C\u00facuta","potentialAction":[{"@type":"SearchAction","target":{"@type":"EntryPoint","urlTemplate":"https:\/\/travelingtimes.com.co\/en\/?s={search_term_string}"},"query-input":{"@type":"PropertyValueSpecification","valueRequired":true,"valueName":"search_term_string"}}],"inLanguage":"en-US"}]}},"_links":{"self":[{"href":"https:\/\/travelingtimes.com.co\/en\/wp-json\/wp\/v2\/product\/14022","targetHints":{"allow":["GET"]}}],"collection":[{"href":"https:\/\/travelingtimes.com.co\/en\/wp-json\/wp\/v2\/product"}],"about":[{"href":"https:\/\/travelingtimes.com.co\/en\/wp-json\/wp\/v2\/types\/product"}],"replies":[{"embeddable":true,"href":"https:\/\/travelingtimes.com.co\/en\/wp-json\/wp\/v2\/comments?post=14022"}],"version-history":[{"count":3,"href":"https:\/\/travelingtimes.com.co\/en\/wp-json\/wp\/v2\/product\/14022\/revisions"}],"predecessor-version":[{"id":14537,"href":"https:\/\/travelingtimes.com.co\/en\/wp-json\/wp\/v2\/product\/14022\/revisions\/14537"}],"wp:featuredmedia":[{"embeddable":true,"href":"https:\/\/travelingtimes.com.co\/en\/wp-json\/wp\/v2\/media\/14026"}],"wp:attachment":[{"href":"https:\/\/travelingtimes.com.co\/en\/wp-json\/wp\/v2\/media?parent=14022"}],"wp:term":[{"taxonomy":"product_brand","embeddable":true,"href":"https:\/\/travelingtimes.com.co\/en\/wp-json\/wp\/v2\/product_brand?post=14022"},{"taxonomy":"product_cat","embeddable":true,"href":"https:\/\/travelingtimes.com.co\/en\/wp-json\/wp\/v2\/product_cat?post=14022"},{"taxonomy":"product_tag","embeddable":true,"href":"https:\/\/travelingtimes.com.co\/en\/wp-json\/wp\/v2\/product_tag?post=14022"}],"curies":[{"name":"wp","href":"https:\/\/api.w.org\/{rel}","templated":true}]}}