{"id":14161,"date":"2025-10-10T19:36:46","date_gmt":"2025-10-11T00:36:46","guid":{"rendered":"https:\/\/travelingtimes.com.co\/?post_type=product&#038;p=14161"},"modified":"2025-10-11T17:23:03","modified_gmt":"2025-10-11T22:23:03","slug":"europa-semana-santa-2026-grem","status":"publish","type":"product","link":"https:\/\/travelingtimes.com.co\/en\/product\/europa-semana-santa-2026-grem\/","title":{"rendered":"EUROPA SEMANA SANTA 2026 (GREM)"},"content":{"rendered":"<p>Salida: 28 marzo \u2013 11 abril 2026<br \/>\nValor: COP 11.499.000 por persona (habitaci\u00f3n doble)<br \/>\nDuraci\u00f3n: 15 d\u00edas \/ 13 noches<br \/>\nVive una Semana Santa inolvidable recorriendo los destinos m\u00e1s<br \/>\nemblem\u00e1ticos de Europa con Gremtur .<br \/>\nInicia en Madrid, conoce su historia y energ\u00eda vibrante antes de adentrarte<br \/>\nen los paisajes del Pa\u00eds Vasco y los vinos de Burdeos . En Par\u00eds,<br \/>\nmarav\u00edllate con la Torre Eiffel y pasea por los Campos El\u00edseos. Cruza a<br \/>\nSuiza para descubrir Z\u00farich y Lucerna, contin\u00faa hacia la rom\u00e1ntica<br \/>\nVenecia, la art\u00edstica Florencia y la majestuosa Roma y Vaticano \ud83c\uddee .<br \/>\nFinaliza tu traves\u00eda en Pisa, la Costa Azul, Niza, Barcelona y Zaragoza<br \/>\n.<br \/>\nIncluye:<br \/>\nAlojamiento en hoteles categor\u00eda T\/P, desayuno diario, gu\u00eda acompa\u00f1ante,<br \/>\ntransporte en autocar tur\u00edstico, traslados aeropuerto\u2013hotel\u2013aeropuerto,<br \/>\nVaporetto en Venecia, visitas guiadas en Madrid, Par\u00eds, Venecia, Florencia,<br \/>\nRoma y Barcelona, tiquetes a\u00e9reos BOG\u2013MAD\u2013BOG (con parada t\u00e9cnica<br \/>\nen Cartagena), una maleta de 23 kg, art\u00edculo personal y asistencia m\u00e9dica<br \/>\ninternacional hasta los 69 a\u00f1os.<br \/>\nNo incluye:<br \/>\nGastos personales, alimentaci\u00f3n no especificada, excursiones opcionales,<br \/>\nimpuestos tur\u00edsticos, early check-in o late check-out, ni servicios no<br \/>\ndetallados.<br \/>\nEuropa te espera para vivir una experiencia llena de historia, arte<br \/>\ny cultura.<\/p>","protected":false},"excerpt":{"rendered":"<p>Salida: 28 marzo \u2013 11 abril 2026 Valor: COP 11.499.000 por persona (habitaci\u00f3n doble) Duraci\u00f3n: 15 d\u00edas \/ 13 noches Vive una Semana Santa inolvidable recorriendo los destinos m\u00e1s emblem\u00e1ticos de Europa con Gremtur . Inicia en Madrid, conoce su historia y energ\u00eda vibrante antes de adentrarte en los paisajes del Pa\u00eds Vasco y los [&hellip;]<\/p>","protected":false},"featured_media":14162,"comment_status":"open","ping_status":"closed","template":"","meta":{"_monsterinsights_skip_tracking":false,"_monsterinsights_sitenote_active":false,"_monsterinsights_sitenote_note":"","_monsterinsights_sitenote_category":0,"_joinchat":[]},"product_brand":[],"product_cat":[15,80,73],"product_tag":[],"class_list":{"0":"post-14161","1":"product","2":"type-product","3":"status-publish","4":"has-post-thumbnail","6":"product_cat-uncategorized","7":"product_cat-internacionales","8":"product_cat-todos","10":"first","11":"instock","12":"shipping-taxable","13":"purchasable","14":"product-type-ovabrw_car_rental"},"aioseo_notices":[],"yoast_head":"<!-- This site is optimized with the Yoast SEO plugin v26.0 - https:\/\/yoast.com\/wordpress\/plugins\/seo\/ -->\n<title>EUROPA SEMANA SANTA 2026 (GREM) - Traveling Times Agencia de viajes<\/title>\n<meta name=\"robots\" content=\"index, follow, max-snippet:-1, max-image-preview:large, max-video-preview:-1\" \/>\n<link rel=\"canonical\" href=\"https:\/\/travelingtimes.com.co\/en\/product\/europa-semana-santa-2026-grem\/\" \/>\n<meta property=\"og:locale\" content=\"en_US\" \/>\n<meta property=\"og:type\" content=\"article\" \/>\n<meta property=\"og:title\" content=\"EUROPA SEMANA SANTA 2026 (GREM) - Traveling Times Agencia de viajes\" \/>\n<meta property=\"og:description\" content=\"Salida: 28 marzo \u2013 11 abril 2026 Valor: COP 11.499.000 por persona (habitaci\u00f3n doble) Duraci\u00f3n: 15 d\u00edas \/ 13 noches Vive una Semana Santa inolvidable recorriendo los destinos m\u00e1s emblem\u00e1ticos de Europa con Gremtur . Inicia en Madrid, conoce su historia y energ\u00eda vibrante antes de adentrarte en los paisajes del Pa\u00eds Vasco y los [&hellip;]\" \/>\n<meta property=\"og:url\" content=\"https:\/\/travelingtimes.com.co\/en\/product\/europa-semana-santa-2026-grem\/\" \/>\n<meta property=\"og:site_name\" content=\"Traveling Times Agencia de viajes\" \/>\n<meta property=\"article:modified_time\" content=\"2025-10-11T22:23:03+00:00\" \/>\n<meta property=\"og:image\" content=\"https:\/\/travelingtimes.com.co\/wp-content\/uploads\/2025\/10\/Euroespecial-5-1024x577.png\" \/>\n\t<meta property=\"og:image:width\" content=\"1024\" \/>\n\t<meta property=\"og:image:height\" content=\"577\" \/>\n\t<meta property=\"og:image:type\" content=\"image\/png\" \/>\n<meta name=\"twitter:card\" content=\"summary_large_image\" \/>\n<meta name=\"twitter:label1\" content=\"Est. reading time\" \/>\n\t<meta name=\"twitter:data1\" content=\"2 minutes\" \/>\n<script type=\"application\/ld+json\" class=\"yoast-schema-graph\">{\"@context\":\"https:\/\/schema.org\",\"@graph\":[{\"@type\":\"WebPage\",\"@id\":\"https:\/\/travelingtimes.com.co\/en\/product\/europa-semana-santa-2026-grem\/\",\"url\":\"https:\/\/travelingtimes.com.co\/en\/product\/europa-semana-santa-2026-grem\/\",\"name\":\"EUROPA SEMANA SANTA 2026 (GREM) - Traveling Times Agencia de viajes\",\"isPartOf\":{\"@id\":\"https:\/\/travelingtimes.com.co\/en\/#website\"},\"primaryImageOfPage\":{\"@id\":\"https:\/\/travelingtimes.com.co\/en\/product\/europa-semana-santa-2026-grem\/#primaryimage\"},\"image\":{\"@id\":\"https:\/\/travelingtimes.com.co\/en\/product\/europa-semana-santa-2026-grem\/#primaryimage\"},\"thumbnailUrl\":\"https:\/\/travelingtimes.com.co\/wp-content\/uploads\/2025\/10\/Euroespecial-5.png\",\"datePublished\":\"2025-10-11T00:36:46+00:00\",\"dateModified\":\"2025-10-11T22:23:03+00:00\",\"breadcrumb\":{\"@id\":\"https:\/\/travelingtimes.com.co\/en\/product\/europa-semana-santa-2026-grem\/#breadcrumb\"},\"inLanguage\":\"en-US\",\"potentialAction\":[{\"@type\":\"ReadAction\",\"target\":[\"https:\/\/travelingtimes.com.co\/en\/product\/europa-semana-santa-2026-grem\/\"]}]},{\"@type\":\"ImageObject\",\"inLanguage\":\"en-US\",\"@id\":\"https:\/\/travelingtimes.com.co\/en\/product\/europa-semana-santa-2026-grem\/#primaryimage\",\"url\":\"https:\/\/travelingtimes.com.co\/wp-content\/uploads\/2025\/10\/Euroespecial-5.png\",\"contentUrl\":\"https:\/\/travelingtimes.com.co\/wp-content\/uploads\/2025\/10\/Euroespecial-5.png\",\"width\":1924,\"height\":1084},{\"@type\":\"BreadcrumbList\",\"@id\":\"https:\/\/travelingtimes.com.co\/en\/product\/europa-semana-santa-2026-grem\/#breadcrumb\",\"itemListElement\":[{\"@type\":\"ListItem\",\"position\":1,\"name\":\"Inicio\",\"item\":\"https:\/\/travelingtimes.com.co\/en\/\"},{\"@type\":\"ListItem\",\"position\":2,\"name\":\"Products\",\"item\":\"https:\/\/travelingtimes.com.co\/en\/shop\/\"},{\"@type\":\"ListItem\",\"position\":3,\"name\":\"EUROPA SEMANA SANTA 2026 (GREM)\"}]},{\"@type\":\"WebSite\",\"@id\":\"https:\/\/travelingtimes.com.co\/en\/#website\",\"url\":\"https:\/\/travelingtimes.com.co\/en\/\",\"name\":\"Traveling Times Agencia de viajes\",\"description\":\"Agencia de viajes en C\u00facuta\",\"potentialAction\":[{\"@type\":\"SearchAction\",\"target\":{\"@type\":\"EntryPoint\",\"urlTemplate\":\"https:\/\/travelingtimes.com.co\/en\/?s={search_term_string}\"},\"query-input\":{\"@type\":\"PropertyValueSpecification\",\"valueRequired\":true,\"valueName\":\"search_term_string\"}}],\"inLanguage\":\"en-US\"}]}<\/script>\n<!-- \/ Yoast SEO plugin. -->","yoast_head_json":{"title":"EUROPA SEMANA SANTA 2026 (GREM) - Traveling Times Agencia de viajes","robots":{"index":"index","follow":"follow","max-snippet":"max-snippet:-1","max-image-preview":"max-image-preview:large","max-video-preview":"max-video-preview:-1"},"canonical":"https:\/\/travelingtimes.com.co\/en\/product\/europa-semana-santa-2026-grem\/","og_locale":"en_US","og_type":"article","og_title":"EUROPA SEMANA SANTA 2026 (GREM) - Traveling Times Agencia de viajes","og_description":"Salida: 28 marzo \u2013 11 abril 2026 Valor: COP 11.499.000 por persona (habitaci\u00f3n doble) Duraci\u00f3n: 15 d\u00edas \/ 13 noches Vive una Semana Santa inolvidable recorriendo los destinos m\u00e1s emblem\u00e1ticos de Europa con Gremtur . Inicia en Madrid, conoce su historia y energ\u00eda vibrante antes de adentrarte en los paisajes del Pa\u00eds Vasco y los [&hellip;]","og_url":"https:\/\/travelingtimes.com.co\/en\/product\/europa-semana-santa-2026-grem\/","og_site_name":"Traveling Times Agencia de viajes","article_modified_time":"2025-10-11T22:23:03+00:00","og_image":[{"width":1024,"height":577,"url":"https:\/\/travelingtimes.com.co\/wp-content\/uploads\/2025\/10\/Euroespecial-5-1024x577.png","type":"image\/png"}],"twitter_card":"summary_large_image","twitter_misc":{"Est. reading time":"2 minutes"},"schema":{"@context":"https:\/\/schema.org","@graph":[{"@type":"WebPage","@id":"https:\/\/travelingtimes.com.co\/en\/product\/europa-semana-santa-2026-grem\/","url":"https:\/\/travelingtimes.com.co\/en\/product\/europa-semana-santa-2026-grem\/","name":"EUROPA SEMANA SANTA 2026 (GREM) - Traveling Times Agencia de viajes","isPartOf":{"@id":"https:\/\/travelingtimes.com.co\/en\/#website"},"primaryImageOfPage":{"@id":"https:\/\/travelingtimes.com.co\/en\/product\/europa-semana-santa-2026-grem\/#primaryimage"},"image":{"@id":"https:\/\/travelingtimes.com.co\/en\/product\/europa-semana-santa-2026-grem\/#primaryimage"},"thumbnailUrl":"https:\/\/travelingtimes.com.co\/wp-content\/uploads\/2025\/10\/Euroespecial-5.png","datePublished":"2025-10-11T00:36:46+00:00","dateModified":"2025-10-11T22:23:03+00:00","breadcrumb":{"@id":"https:\/\/travelingtimes.com.co\/en\/product\/europa-semana-santa-2026-grem\/#breadcrumb"},"inLanguage":"en-US","potentialAction":[{"@type":"ReadAction","target":["https:\/\/travelingtimes.com.co\/en\/product\/europa-semana-santa-2026-grem\/"]}]},{"@type":"ImageObject","inLanguage":"en-US","@id":"https:\/\/travelingtimes.com.co\/en\/product\/europa-semana-santa-2026-grem\/#primaryimage","url":"https:\/\/travelingtimes.com.co\/wp-content\/uploads\/2025\/10\/Euroespecial-5.png","contentUrl":"https:\/\/travelingtimes.com.co\/wp-content\/uploads\/2025\/10\/Euroespecial-5.png","width":1924,"height":1084},{"@type":"BreadcrumbList","@id":"https:\/\/travelingtimes.com.co\/en\/product\/europa-semana-santa-2026-grem\/#breadcrumb","itemListElement":[{"@type":"ListItem","position":1,"name":"Inicio","item":"https:\/\/travelingtimes.com.co\/en\/"},{"@type":"ListItem","position":2,"name":"Products","item":"https:\/\/travelingtimes.com.co\/en\/shop\/"},{"@type":"ListItem","position":3,"name":"EUROPA SEMANA SANTA 2026 (GREM)"}]},{"@type":"WebSite","@id":"https:\/\/travelingtimes.com.co\/en\/#website","url":"https:\/\/travelingtimes.com.co\/en\/","name":"Traveling Times Agencia de viajes","description":"Agencia de viajes en C\u00facuta","potentialAction":[{"@type":"SearchAction","target":{"@type":"EntryPoint","urlTemplate":"https:\/\/travelingtimes.com.co\/en\/?s={search_term_string}"},"query-input":{"@type":"PropertyValueSpecification","valueRequired":true,"valueName":"search_term_string"}}],"inLanguage":"en-US"}]}},"_links":{"self":[{"href":"https:\/\/travelingtimes.com.co\/en\/wp-json\/wp\/v2\/product\/14161","targetHints":{"allow":["GET"]}}],"collection":[{"href":"https:\/\/travelingtimes.com.co\/en\/wp-json\/wp\/v2\/product"}],"about":[{"href":"https:\/\/travelingtimes.com.co\/en\/wp-json\/wp\/v2\/types\/product"}],"replies":[{"embeddable":true,"href":"https:\/\/travelingtimes.com.co\/en\/wp-json\/wp\/v2\/comments?post=14161"}],"version-history":[{"count":1,"href":"https:\/\/travelingtimes.com.co\/en\/wp-json\/wp\/v2\/product\/14161\/revisions"}],"predecessor-version":[{"id":14163,"href":"https:\/\/travelingtimes.com.co\/en\/wp-json\/wp\/v2\/product\/14161\/revisions\/14163"}],"wp:featuredmedia":[{"embeddable":true,"href":"https:\/\/travelingtimes.com.co\/en\/wp-json\/wp\/v2\/media\/14162"}],"wp:attachment":[{"href":"https:\/\/travelingtimes.com.co\/en\/wp-json\/wp\/v2\/media?parent=14161"}],"wp:term":[{"taxonomy":"product_brand","embeddable":true,"href":"https:\/\/travelingtimes.com.co\/en\/wp-json\/wp\/v2\/product_brand?post=14161"},{"taxonomy":"product_cat","embeddable":true,"href":"https:\/\/travelingtimes.com.co\/en\/wp-json\/wp\/v2\/product_cat?post=14161"},{"taxonomy":"product_tag","embeddable":true,"href":"https:\/\/travelingtimes.com.co\/en\/wp-json\/wp\/v2\/product_tag?post=14161"}],"curies":[{"name":"wp","href":"https:\/\/api.w.org\/{rel}","templated":true}]}}